{"id":1305,"date":"2015-03-16T11:41:15","date_gmt":"2015-03-16T10:41:15","guid":{"rendered":"http:\/\/www.ntf.uni-lj.si\/igt\/?page_id=1305"},"modified":"2021-01-22T08:02:42","modified_gmt":"2021-01-22T07:02:42","slug":"predstavitev","status":"publish","type":"page","link":"https:\/\/www.ntf.uni-lj.si\/igt\/o-nas\/katedra-igt\/predstavitev\/","title":{"rendered":"Predstavitev"},"content":{"rendered":"<p>Katedra za informacijsko in grafi\u010dno tehnologijo deluje v okviru <strong>Oddelka za tekstilstvo, grafiko in oblikovanje <a href=\"http:\/\/www.ntf.uni-lj.si\/ntf\/\">Naravoslovnotehni\u0161ke fakultete<\/a> <a href=\"http:\/\/www.uni-lj.si\/\">Univerze v Ljubljani<\/a><\/strong>. Prostore imamo na Sne\u017eni\u0161ki ulici 5 v Ljubljani. <strong><a href=\"http:\/\/www.ntf.uni-lj.si\/igt\/zaposleni\/\">Visoko\u0161olski u\u010ditelji, asistenti in tehni\u010dni sodelavci<\/a><\/strong> katedre delujemo na razli\u010dnih raziskovalnih in pedago\u0161kih podro\u010djih; pomembnej\u0161a med njimi so: grafi\u010dna priprava, tisk, dodelava, grafi\u010dni materiali, tiskana elektronika, embala\u017ea, slikovno procesiranje, informacijsko-komunikacijska tehnologija, fotografija, 3D-modeliranje, merjenje barve, tipografija, grafi\u010dno oblikovanje in ekologija.<\/p>\n<p>Sodelavci katedre smo nosilci in izvajalci temeljnih in izbirnih predmetov pri naslednjih bolonjskih \u0161tudijskih programih:<\/p>\n<ul>\n<li><strong><a href=\"http:\/\/www.ntf.uni-lj.si\/igt\/studij\/1-stopnja\/graficne-in-interaktivne-komunikacije\/\">Grafi\u010dne in interaktivne komunikacije<\/a><\/strong> (1. stopnja; univerzitetni program),<\/li>\n<li><strong><a href=\"http:\/\/www.ntf.uni-lj.si\/igt\/studij\/1-stopnja\/graficna-in-medijska-tehnika\/\">Grafi\u010dna in medijska tehnika<\/a><\/strong> (1. stopnja; visoko\u0161olski strokovni program),<\/li>\n<li><strong><a href=\"http:\/\/www.ntf.uni-lj.si\/igt\/studij\/2-stopnja\/graficne-in-interaktivne-komunikacije\/\">Grafi\u010dne in interaktivne komunikacije<\/a><\/strong> (2. stopnja; magistrski program),<\/li>\n<li><strong><a href=\"http:\/\/www.ntf.uni-lj.si\/igt\/studij\/3-stopnja\/\">Tekstilstvo, grafika in tekstilno oblikovanje<\/a> <\/strong>(3. stopnja; doktorski program).<\/li>\n<\/ul>\n<p>V okviru pedago\u0161kega dela skupaj s \u0161tudenti pripravljamo <a href=\"https:\/\/www.ntf.uni-lj.si\/igt\/galerija\/\"><strong>razstave in druge dogodke<\/strong><\/a>, izvajamo <strong><a href=\"http:\/\/www.ntf.uni-lj.si\/igt\/o-katedri\/raziskovalno-delo\/\">raziskovalno delo<\/a><\/strong> in prirejamo <strong>doma\u010de in mednarodne konference in simpozije<\/strong>.<br \/>\nAktivnosti, ki so bile izvedene v letu 2014, so navedene <strong>v letnem poro\u010dilu Katedre za informacijsko in grafi\u010dno tehnologijo<\/strong>.<\/p>\n<p>&nbsp;<\/p>\n<h2>Prostori in oprema<\/h2>\n<p>Pedago\u0161ka in raziskovalna dejavnost katedre KIGT poteka v ve\u010d laboratorijih. Poleg petih <strong>ra\u010dunalni\u0161kih u\u010dilnic<\/strong> imamo laboratorij za barvno upravljanje, grafi\u010dni tiskarski laboratorij, kemijski laboratorij, laboratorij za interaktivne sisteme in fotografski studio. <a href=\"https:\/\/www.ntf.uni-lj.si\/igt\/o-nas\/prostori\/\">Prostore si lahko ogledate na povezavi<\/a>. Na\u0161 cilj je zagotavljati kakovostno raziskovalno delo in izobra\u017eevanje na podro\u010dju grafi\u010dnih in interaktivnih komunikacij in sorodnih vsebin, ki bo diplomantom dalo potrebno temeljno teoreti\u010dno in prakti\u010dno znanje za zaposlitev v grafi\u010dni, embala\u017eni in papirni industriji, oblikovalskih in ogla\u0161evalskih agencijah, medijskih hi\u0161ah ter izobra\u017eevalnih in raziskovalnih organizacijah.<\/p>\n<p>&nbsp;<\/p>\n<h2>Zgodovina<\/h2>\n<p>Kratka kronologija na\u0161e katedre:<\/p>\n<ul>\n<li>1996: Za\u010detek \u0161tudija Grafi\u010dna tehnika, prvega visoko\u0161olskega programa za podro\u010dje grafi\u010dne tehnologije v Sloveniji<\/li>\n<li>2000\/2001: Prvo \u0161tudijsko leto s podiplomskim \u0161tudijem grafike<\/li>\n<li>2002\/2003: Vpis prve generacije \u0161tudentov univerzitetnega programa Grafi\u010dna tehnologija<\/li>\n<li>2006\/2007: Za\u010detek \u0161tudija v skladu z Bolonjsko deklaracijo<\/li>\n<\/ul>\n","protected":false},"excerpt":{"rendered":"Katedra za informacijsko in grafi\u010dno tehnologijo deluje v okviru Oddelka za tekstilstvo, grafiko in oblikovanje Naravoslovnotehni\u0161ke fakultete Univerze v Ljubljani. Prostore imamo na Sne\u017eni\u0161ki ulici 5 v Ljubljani. Visoko\u0161olski u\u010ditelji, asistenti in tehni\u010dni sodelavci katedre delujemo na razli\u010dnih raziskovalnih in pedago\u0161kih podro\u010djih; pomembnej\u0161a med njimi so: grafi\u010dna priprava, tisk, dodelava, grafi\u010dni materiali, tiskana elektronika, embala\u017ea, &#8230; <a class=\"view-article\" href=\"https:\/\/www.ntf.uni-lj.si\/igt\/o-nas\/katedra-igt\/predstavitev\/\">Read more<\/a>","protected":false},"author":22,"featured_media":0,"parent":1299,"menu_order":10,"comment_status":"closed","ping_status":"closed","template":"","meta":[],"acf":[],"yoast_head":"<!-- This site is optimized with the Yoast SEO plugin v17.0 - https:\/\/yoast.com\/wordpress\/plugins\/seo\/ -->\n<meta name=\"description\" content=\"Katedra za informacijsko in grafi\u010dno tehnologijo deluje v okviru Oddelka za tekstilstvo, grafiko in oblikovanje Naravoslovnotehni\u0161ke fakultete Univerze v\" \/>\n<meta name=\"robots\" content=\"index, follow, max-snippet:-1, max-image-preview:large, max-video-preview:-1\" \/>\n<link rel=\"canonical\" href=\"https:\/\/www.ntf.uni-lj.si\/igt\/o-nas\/katedra-igt\/predstavitev\/\" \/>\n<meta property=\"og:locale\" content=\"en_US\" \/>\n<meta property=\"og:type\" content=\"article\" \/>\n<meta property=\"og:title\" content=\"Predstavitev - IGT\" \/>\n<meta property=\"og:description\" content=\"Katedra za informacijsko in grafi\u010dno tehnologijo deluje v okviru Oddelka za tekstilstvo, grafiko in oblikovanje Naravoslovnotehni\u0161ke fakultete Univerze v\" \/>\n<meta property=\"og:url\" content=\"https:\/\/www.ntf.uni-lj.si\/igt\/o-nas\/katedra-igt\/predstavitev\/\" \/>\n<meta property=\"og:site_name\" content=\"IGT\" \/>\n<meta property=\"article:modified_time\" content=\"2021-01-22T07:02:42+00:00\" \/>\n<meta name=\"twitter:label1\" content=\"Est. reading time\" \/>\n\t<meta name=\"twitter:data1\" content=\"2 minutes\" \/>\n<script type=\"application\/ld+json\" class=\"yoast-schema-graph\">{\"@context\":\"https:\/\/schema.org\",\"@graph\":[{\"@type\":\"WebSite\",\"@id\":\"https:\/\/www.ntf.uni-lj.si\/igt\/#website\",\"url\":\"https:\/\/www.ntf.uni-lj.si\/igt\/\",\"name\":\"IGT\",\"description\":\"Katedra za informacijsko in grafi\\u010dno tehnologijo\",\"potentialAction\":[{\"@type\":\"SearchAction\",\"target\":{\"@type\":\"EntryPoint\",\"urlTemplate\":\"https:\/\/www.ntf.uni-lj.si\/igt\/?s={search_term_string}\"},\"query-input\":\"required name=search_term_string\"}],\"inLanguage\":\"en-US\"},{\"@type\":\"WebPage\",\"@id\":\"https:\/\/www.ntf.uni-lj.si\/igt\/o-nas\/katedra-igt\/predstavitev\/#webpage\",\"url\":\"https:\/\/www.ntf.uni-lj.si\/igt\/o-nas\/katedra-igt\/predstavitev\/\",\"name\":\"Predstavitev - IGT\",\"isPartOf\":{\"@id\":\"https:\/\/www.ntf.uni-lj.si\/igt\/#website\"},\"datePublished\":\"2015-03-16T10:41:15+00:00\",\"dateModified\":\"2021-01-22T07:02:42+00:00\",\"description\":\"Katedra za informacijsko in grafi\\u010dno tehnologijo deluje v okviru Oddelka za tekstilstvo, grafiko in oblikovanje Naravoslovnotehni\\u0161ke fakultete Univerze v\",\"breadcrumb\":{\"@id\":\"https:\/\/www.ntf.uni-lj.si\/igt\/o-nas\/katedra-igt\/predstavitev\/#breadcrumb\"},\"inLanguage\":\"en-US\",\"potentialAction\":[{\"@type\":\"ReadAction\",\"target\":[\"https:\/\/www.ntf.uni-lj.si\/igt\/o-nas\/katedra-igt\/predstavitev\/\"]}]},{\"@type\":\"BreadcrumbList\",\"@id\":\"https:\/\/www.ntf.uni-lj.si\/igt\/o-nas\/katedra-igt\/predstavitev\/#breadcrumb\",\"itemListElement\":[{\"@type\":\"ListItem\",\"position\":1,\"name\":\"Home\",\"item\":\"https:\/\/www.ntf.uni-lj.si\/igt\/\"},{\"@type\":\"ListItem\",\"position\":2,\"name\":\"O nas\",\"item\":\"https:\/\/www.ntf.uni-lj.si\/igt\/o-nas\/\"},{\"@type\":\"ListItem\",\"position\":3,\"name\":\"Katedra IGT\",\"item\":\"https:\/\/www.ntf.uni-lj.si\/igt\/o-nas\/katedra-igt\/\"},{\"@type\":\"ListItem\",\"position\":4,\"name\":\"Predstavitev\"}]}]}<\/script>\n<!-- \/ Yoast SEO plugin. -->","yoast_head_json":{"description":"Katedra za informacijsko in grafi\u010dno tehnologijo deluje v okviru Oddelka za tekstilstvo, grafiko in oblikovanje Naravoslovnotehni\u0161ke fakultete Univerze v","robots":{"index":"index","follow":"follow","max-snippet":"max-snippet:-1","max-image-preview":"max-image-preview:large","max-video-preview":"max-video-preview:-1"},"canonical":"https:\/\/www.ntf.uni-lj.si\/igt\/o-nas\/katedra-igt\/predstavitev\/","og_locale":"en_US","og_type":"article","og_title":"Predstavitev - IGT","og_description":"Katedra za informacijsko in grafi\u010dno tehnologijo deluje v okviru Oddelka za tekstilstvo, grafiko in oblikovanje Naravoslovnotehni\u0161ke fakultete Univerze v","og_url":"https:\/\/www.ntf.uni-lj.si\/igt\/o-nas\/katedra-igt\/predstavitev\/","og_site_name":"IGT","article_modified_time":"2021-01-22T07:02:42+00:00","twitter_misc":{"Est. reading time":"2 minutes"},"schema":{"@context":"https:\/\/schema.org","@graph":[{"@type":"WebSite","@id":"https:\/\/www.ntf.uni-lj.si\/igt\/#website","url":"https:\/\/www.ntf.uni-lj.si\/igt\/","name":"IGT","description":"Katedra za informacijsko in grafi\u010dno tehnologijo","potentialAction":[{"@type":"SearchAction","target":{"@type":"EntryPoint","urlTemplate":"https:\/\/www.ntf.uni-lj.si\/igt\/?s={search_term_string}"},"query-input":"required name=search_term_string"}],"inLanguage":"en-US"},{"@type":"WebPage","@id":"https:\/\/www.ntf.uni-lj.si\/igt\/o-nas\/katedra-igt\/predstavitev\/#webpage","url":"https:\/\/www.ntf.uni-lj.si\/igt\/o-nas\/katedra-igt\/predstavitev\/","name":"Predstavitev - IGT","isPartOf":{"@id":"https:\/\/www.ntf.uni-lj.si\/igt\/#website"},"datePublished":"2015-03-16T10:41:15+00:00","dateModified":"2021-01-22T07:02:42+00:00","description":"Katedra za informacijsko in grafi\u010dno tehnologijo deluje v okviru Oddelka za tekstilstvo, grafiko in oblikovanje Naravoslovnotehni\u0161ke fakultete Univerze v","breadcrumb":{"@id":"https:\/\/www.ntf.uni-lj.si\/igt\/o-nas\/katedra-igt\/predstavitev\/#breadcrumb"},"inLanguage":"en-US","potentialAction":[{"@type":"ReadAction","target":["https:\/\/www.ntf.uni-lj.si\/igt\/o-nas\/katedra-igt\/predstavitev\/"]}]},{"@type":"BreadcrumbList","@id":"https:\/\/www.ntf.uni-lj.si\/igt\/o-nas\/katedra-igt\/predstavitev\/#breadcrumb","itemListElement":[{"@type":"ListItem","position":1,"name":"Home","item":"https:\/\/www.ntf.uni-lj.si\/igt\/"},{"@type":"ListItem","position":2,"name":"O nas","item":"https:\/\/www.ntf.uni-lj.si\/igt\/o-nas\/"},{"@type":"ListItem","position":3,"name":"Katedra IGT","item":"https:\/\/www.ntf.uni-lj.si\/igt\/o-nas\/katedra-igt\/"},{"@type":"ListItem","position":4,"name":"Predstavitev"}]}]}},"_links":{"self":[{"href":"https:\/\/www.ntf.uni-lj.si\/igt\/wp-json\/wp\/v2\/pages\/1305"}],"collection":[{"href":"https:\/\/www.ntf.uni-lj.si\/igt\/wp-json\/wp\/v2\/pages"}],"about":[{"href":"https:\/\/www.ntf.uni-lj.si\/igt\/wp-json\/wp\/v2\/types\/page"}],"author":[{"embeddable":true,"href":"https:\/\/www.ntf.uni-lj.si\/igt\/wp-json\/wp\/v2\/users\/22"}],"replies":[{"embeddable":true,"href":"https:\/\/www.ntf.uni-lj.si\/igt\/wp-json\/wp\/v2\/comments?post=1305"}],"version-history":[{"count":10,"href":"https:\/\/www.ntf.uni-lj.si\/igt\/wp-json\/wp\/v2\/pages\/1305\/revisions"}],"predecessor-version":[{"id":26057,"href":"https:\/\/www.ntf.uni-lj.si\/igt\/wp-json\/wp\/v2\/pages\/1305\/revisions\/26057"}],"up":[{"embeddable":true,"href":"https:\/\/www.ntf.uni-lj.si\/igt\/wp-json\/wp\/v2\/pages\/1299"}],"wp:attachment":[{"href":"https:\/\/www.ntf.uni-lj.si\/igt\/wp-json\/wp\/v2\/media?parent=1305"}],"curies":[{"name":"wp","href":"https:\/\/api.w.org\/{rel}","templated":true}]}}