{"id":1314,"date":"2015-03-16T11:46:55","date_gmt":"2015-03-16T10:46:55","guid":{"rendered":"http:\/\/www.ntf.uni-lj.si\/igt\/?page_id=1314"},"modified":"2015-08-03T12:16:27","modified_gmt":"2015-08-03T10:16:27","slug":"kontakt","status":"publish","type":"page","link":"https:\/\/www.ntf.uni-lj.si\/igt\/o-nas\/katedra-igt\/kontakt\/","title":{"rendered":"Kontakt"},"content":{"rendered":"<div class=\"col-sm-8 no-padding right-small-padding\"><strong>Katedra za informacijsko in grafi\u010dno tehnologijo<\/strong><br \/>\n<strong> Oddelek za tekstilstvo, grafiko in oblikovanje<\/strong><br \/>\nSne\u017eni\u0161ka 5, 1000 Ljubljana<br \/>\nTelefon: 01 200 32 00<br \/>\nFaks: 01 200 32 70<br \/>\nSplet: <a href=\"http:\/\/www.ntf.uni-lj.si\/igt\/\" target=\"_blank\">www.ntf.uni-lj.si\/igt\/<\/a><br \/>\nE-po\u0161ta: <a href=\"mailto:info@ntf.uni-lj.si\" target=\"_blank\">info@ntf.uni-lj.si<\/a><\/p>\n<p><strong>Naravoslovnotehni\u0161ka fakulteta<\/strong><br \/>\n<span style=\"line-height: 1.5;\">A\u0161ker\u010deva cesta 12, 1000 Ljubljana<\/span><\/p>\n<p>Dav\u010dna \u0161tevilka: SI24405388<br \/>\nMati\u010dna \u0161tevilka: 1627074<br \/>\n\u0160ifra dejavnosti: 80.303<br \/>\nPodra\u010dun pri UJP: 01100-6030708186<\/p>\n<\/div>\n<div class=\"col-sm-12 no-padding\"><iframe src=\"https:\/\/www.google.com\/maps\/embed\/v1\/place?q=Sne%C5%BEni%C5%A1ka%20ulica%205&amp;key=AIzaSyD0Sf_heX7-sxq_knfBHyq78wo1N0VvdVE&amp;language=sl\" border=\"0\" width=\"100%\" height=\"350px\" name=\"timetableiframe\" id=\"timetableiframe\" style=\"width:100%; height:350px;border:none\"><\/iframe><\/div>\n","protected":false},"excerpt":{"rendered":"Katedra za informacijsko in grafi\u010dno tehnologijo Oddelek za tekstilstvo, grafiko in oblikovanje Sne\u017eni\u0161ka 5, 1000 Ljubljana Telefon: 01 200 32 00 Faks: 01 200 32 70 Splet: www.ntf.uni-lj.si\/igt\/ E-po\u0161ta: info@ntf.uni-lj.si Naravoslovnotehni\u0161ka fakulteta A\u0161ker\u010deva cesta 12, 1000 Ljubljana Dav\u010dna \u0161tevilka: SI24405388 Mati\u010dna \u0161tevilka: 1627074 \u0160ifra dejavnosti: 80.303 Podra\u010dun pri UJP: 01100-6030708186","protected":false},"author":22,"featured_media":0,"parent":1299,"menu_order":30,"comment_status":"closed","ping_status":"closed","template":"","meta":[],"acf":[],"yoast_head":"<!-- This site is optimized with the Yoast SEO plugin v17.0 - https:\/\/yoast.com\/wordpress\/plugins\/seo\/ -->\n<meta name=\"description\" content=\"Katedra za informacijsko in grafi\u010dno tehnologijo Oddelek za tekstilstvo, grafiko in oblikovanje Sne\u017eni\u0161ka 5, 1000 Ljubljana Telefon: 01 200 32 00 Faks: 01\" \/>\n<meta name=\"robots\" content=\"index, follow, max-snippet:-1, max-image-preview:large, max-video-preview:-1\" \/>\n<link rel=\"canonical\" href=\"https:\/\/www.ntf.uni-lj.si\/igt\/o-nas\/katedra-igt\/kontakt\/\" \/>\n<meta property=\"og:locale\" content=\"en_US\" \/>\n<meta property=\"og:type\" content=\"article\" \/>\n<meta property=\"og:title\" content=\"Kontakt - IGT\" \/>\n<meta property=\"og:description\" content=\"Katedra za informacijsko in grafi\u010dno tehnologijo Oddelek za tekstilstvo, grafiko in oblikovanje Sne\u017eni\u0161ka 5, 1000 Ljubljana Telefon: 01 200 32 00 Faks: 01\" \/>\n<meta property=\"og:url\" content=\"https:\/\/www.ntf.uni-lj.si\/igt\/o-nas\/katedra-igt\/kontakt\/\" \/>\n<meta property=\"og:site_name\" content=\"IGT\" \/>\n<meta property=\"article:modified_time\" content=\"2015-08-03T10:16:27+00:00\" \/>\n<script type=\"application\/ld+json\" class=\"yoast-schema-graph\">{\"@context\":\"https:\/\/schema.org\",\"@graph\":[{\"@type\":\"WebSite\",\"@id\":\"https:\/\/www.ntf.uni-lj.si\/igt\/#website\",\"url\":\"https:\/\/www.ntf.uni-lj.si\/igt\/\",\"name\":\"IGT\",\"description\":\"Katedra za informacijsko in grafi\\u010dno tehnologijo\",\"potentialAction\":[{\"@type\":\"SearchAction\",\"target\":{\"@type\":\"EntryPoint\",\"urlTemplate\":\"https:\/\/www.ntf.uni-lj.si\/igt\/?s={search_term_string}\"},\"query-input\":\"required name=search_term_string\"}],\"inLanguage\":\"en-US\"},{\"@type\":\"WebPage\",\"@id\":\"https:\/\/www.ntf.uni-lj.si\/igt\/o-nas\/katedra-igt\/kontakt\/#webpage\",\"url\":\"https:\/\/www.ntf.uni-lj.si\/igt\/o-nas\/katedra-igt\/kontakt\/\",\"name\":\"Kontakt - IGT\",\"isPartOf\":{\"@id\":\"https:\/\/www.ntf.uni-lj.si\/igt\/#website\"},\"datePublished\":\"2015-03-16T10:46:55+00:00\",\"dateModified\":\"2015-08-03T10:16:27+00:00\",\"description\":\"Katedra za informacijsko in grafi\\u010dno tehnologijo Oddelek za tekstilstvo, grafiko in oblikovanje Sne\\u017eni\\u0161ka 5, 1000 Ljubljana Telefon: 01 200 32 00 Faks: 01\",\"breadcrumb\":{\"@id\":\"https:\/\/www.ntf.uni-lj.si\/igt\/o-nas\/katedra-igt\/kontakt\/#breadcrumb\"},\"inLanguage\":\"en-US\",\"potentialAction\":[{\"@type\":\"ReadAction\",\"target\":[\"https:\/\/www.ntf.uni-lj.si\/igt\/o-nas\/katedra-igt\/kontakt\/\"]}]},{\"@type\":\"BreadcrumbList\",\"@id\":\"https:\/\/www.ntf.uni-lj.si\/igt\/o-nas\/katedra-igt\/kontakt\/#breadcrumb\",\"itemListElement\":[{\"@type\":\"ListItem\",\"position\":1,\"name\":\"Home\",\"item\":\"https:\/\/www.ntf.uni-lj.si\/igt\/\"},{\"@type\":\"ListItem\",\"position\":2,\"name\":\"O nas\",\"item\":\"https:\/\/www.ntf.uni-lj.si\/igt\/o-nas\/\"},{\"@type\":\"ListItem\",\"position\":3,\"name\":\"Katedra IGT\",\"item\":\"https:\/\/www.ntf.uni-lj.si\/igt\/o-nas\/katedra-igt\/\"},{\"@type\":\"ListItem\",\"position\":4,\"name\":\"Kontakt\"}]}]}<\/script>\n<!-- \/ Yoast SEO plugin. -->","yoast_head_json":{"description":"Katedra za informacijsko in grafi\u010dno tehnologijo Oddelek za tekstilstvo, grafiko in oblikovanje Sne\u017eni\u0161ka 5, 1000 Ljubljana Telefon: 01 200 32 00 Faks: 01","robots":{"index":"index","follow":"follow","max-snippet":"max-snippet:-1","max-image-preview":"max-image-preview:large","max-video-preview":"max-video-preview:-1"},"canonical":"https:\/\/www.ntf.uni-lj.si\/igt\/o-nas\/katedra-igt\/kontakt\/","og_locale":"en_US","og_type":"article","og_title":"Kontakt - IGT","og_description":"Katedra za informacijsko in grafi\u010dno tehnologijo Oddelek za tekstilstvo, grafiko in oblikovanje Sne\u017eni\u0161ka 5, 1000 Ljubljana Telefon: 01 200 32 00 Faks: 01","og_url":"https:\/\/www.ntf.uni-lj.si\/igt\/o-nas\/katedra-igt\/kontakt\/","og_site_name":"IGT","article_modified_time":"2015-08-03T10:16:27+00:00","schema":{"@context":"https:\/\/schema.org","@graph":[{"@type":"WebSite","@id":"https:\/\/www.ntf.uni-lj.si\/igt\/#website","url":"https:\/\/www.ntf.uni-lj.si\/igt\/","name":"IGT","description":"Katedra za informacijsko in grafi\u010dno tehnologijo","potentialAction":[{"@type":"SearchAction","target":{"@type":"EntryPoint","urlTemplate":"https:\/\/www.ntf.uni-lj.si\/igt\/?s={search_term_string}"},"query-input":"required name=search_term_string"}],"inLanguage":"en-US"},{"@type":"WebPage","@id":"https:\/\/www.ntf.uni-lj.si\/igt\/o-nas\/katedra-igt\/kontakt\/#webpage","url":"https:\/\/www.ntf.uni-lj.si\/igt\/o-nas\/katedra-igt\/kontakt\/","name":"Kontakt - IGT","isPartOf":{"@id":"https:\/\/www.ntf.uni-lj.si\/igt\/#website"},"datePublished":"2015-03-16T10:46:55+00:00","dateModified":"2015-08-03T10:16:27+00:00","description":"Katedra za informacijsko in grafi\u010dno tehnologijo Oddelek za tekstilstvo, grafiko in oblikovanje Sne\u017eni\u0161ka 5, 1000 Ljubljana Telefon: 01 200 32 00 Faks: 01","breadcrumb":{"@id":"https:\/\/www.ntf.uni-lj.si\/igt\/o-nas\/katedra-igt\/kontakt\/#breadcrumb"},"inLanguage":"en-US","potentialAction":[{"@type":"ReadAction","target":["https:\/\/www.ntf.uni-lj.si\/igt\/o-nas\/katedra-igt\/kontakt\/"]}]},{"@type":"BreadcrumbList","@id":"https:\/\/www.ntf.uni-lj.si\/igt\/o-nas\/katedra-igt\/kontakt\/#breadcrumb","itemListElement":[{"@type":"ListItem","position":1,"name":"Home","item":"https:\/\/www.ntf.uni-lj.si\/igt\/"},{"@type":"ListItem","position":2,"name":"O nas","item":"https:\/\/www.ntf.uni-lj.si\/igt\/o-nas\/"},{"@type":"ListItem","position":3,"name":"Katedra IGT","item":"https:\/\/www.ntf.uni-lj.si\/igt\/o-nas\/katedra-igt\/"},{"@type":"ListItem","position":4,"name":"Kontakt"}]}]}},"_links":{"self":[{"href":"https:\/\/www.ntf.uni-lj.si\/igt\/wp-json\/wp\/v2\/pages\/1314"}],"collection":[{"href":"https:\/\/www.ntf.uni-lj.si\/igt\/wp-json\/wp\/v2\/pages"}],"about":[{"href":"https:\/\/www.ntf.uni-lj.si\/igt\/wp-json\/wp\/v2\/types\/page"}],"author":[{"embeddable":true,"href":"https:\/\/www.ntf.uni-lj.si\/igt\/wp-json\/wp\/v2\/users\/22"}],"replies":[{"embeddable":true,"href":"https:\/\/www.ntf.uni-lj.si\/igt\/wp-json\/wp\/v2\/comments?post=1314"}],"version-history":[{"count":17,"href":"https:\/\/www.ntf.uni-lj.si\/igt\/wp-json\/wp\/v2\/pages\/1314\/revisions"}],"predecessor-version":[{"id":6243,"href":"https:\/\/www.ntf.uni-lj.si\/igt\/wp-json\/wp\/v2\/pages\/1314\/revisions\/6243"}],"up":[{"embeddable":true,"href":"https:\/\/www.ntf.uni-lj.si\/igt\/wp-json\/wp\/v2\/pages\/1299"}],"wp:attachment":[{"href":"https:\/\/www.ntf.uni-lj.si\/igt\/wp-json\/wp\/v2\/media?parent=1314"}],"curies":[{"name":"wp","href":"https:\/\/api.w.org\/{rel}","templated":true}]}}