{"id":1363,"date":"2015-03-16T12:21:03","date_gmt":"2015-03-16T11:21:03","guid":{"rendered":"http:\/\/www.ntf.uni-lj.si\/igt\/?page_id=1363"},"modified":"2015-07-01T13:47:28","modified_gmt":"2015-07-01T11:47:28","slug":"o-institutu","status":"publish","type":"page","link":"https:\/\/www.ntf.uni-lj.si\/igt\/o-nas\/institut\/o-institutu\/","title":{"rendered":"O in\u0161titutu"},"content":{"rendered":"<h2>ZGODOVINA<\/h2>\n<p>ITGTO na Oddelku za tekstilstvo v Ljubljani ima bogato preteklost in pomembno vlogo na podro\u010dju znanstvenoraziskovalnega in strokovnega dela.<\/p>\n<p>Na in\u0161titutu so bila izdelana prva jugoslovanska regenerirana celulozna vlakna iz doma\u010dih surovin, razvita in patentirana je bila vrsta drugih postopkov za izdelavo linizirane konoplje, kotonina iz konopljenih odpadkov in semenskega lanu, rezultati raziskav na in\u0161titutu pa so bili podlaga za uvajanje doma\u010de proizvodnje kemi\u010dnih vlaken. Poleg tega so raziskovalci in\u0161tituta razvijali analitske metode in preiskovalne aparate. V osemdesetih letih prej\u0161njega stoletja je bilo raziskovalno delo in\u0161tituta enako zagnano in uspe\u0161no. Uvajanje ve\u010dje hitrosti pri predenju PA 6,6 POY-filamentnih prej, tehni\u010dne izbolj\u0161ave barvanja poliestrnih vlaken ter nova tehnologija recikliranja bomba\u017enih odpadkov in njihova ponovna uporaba v predilni\u0161ke namene so le nekateri od \u0161tevilnih dose\u017ekov, pomembnih za prenos v proizvodno prakso. Rezultati raziskovalnega dela so \u0161tevilne objave doma in v tujini, predstavitve na simpozijih, kongresih, konferencah itd.<\/p>\n<p>Kljub \u0161tevilnim uspehom je raziskovalno delo in\u0161tituta v obdobju med letoma 1990 in 1997 nekoliko zamrlo. To pa seveda ne pomeni, da smo se temu odrekli. Nasprotno. Raziskave so v tem obdobju potekale pod okriljem Oddelka za tekstilstvo, grafiko in oblikovanje, v okviru in\u0161tituta pa smo se omejili na analize s podro\u010dja tekstilij. \u00bbPreve\u010d je bilo naporov, da bi se lahko odrekli,\u00ab je dejal starosta slovenske tekstilne tehnologije dr. Franjo Ko\u010devar. In imel je prav. Tako smo na Oddelku za tekstilstvo in\u0161titut ponovno o\u017eivili pod nekoliko spremenjenim imenom. Preimenovan v In\u0161titut za tekstilno in grafi\u010dno tehnologijo ter oblikovanje (ITGTO) dana\u0161nji in\u0161titut ponuja vse tisto, kar je ponujal neko\u010d, in \u0161e mnogo ve\u010d. Poleg osnovnih, \u017ee omenjenih dejavnosti (analize s podro\u010dja tekstilij, raziskave in svetovanje) zdaj\u0161nji in\u0161titut ponuja \u0161e dodaten izobra\u017eevalni program.<\/p>\n<p>Danes in\u0161titut aktivno sodeluje pri razli\u010dnih razvojnih projektih, z vladnimi in nevladnimi organizacijami sodeluje pri projektih EU in harmonizaciji direktiv s podro\u010dja ozna\u010devanja tekstilnih in usnjenih izdelkov, izdaja najrazli\u010dnej\u0161e publikacije za podjetja in potro\u0161nike itd. Pomembno je tudi medlaboratorijsko povezovanje, zaradi katerega je danes na\u0161 program precej \u0161ir\u0161i, med drugim obsega tudi podro\u010dje osebne varovalne opreme, igra\u010d, tekstilnih talnih oblog ipd. Ker in\u0161titut podpirajo vsi zaposleni na oddelku in poleg tega sodeluje tudi z zunanjimi sodelavci, strokovnost izvedenega dela ni vpra\u0161ljiva.<\/p>\n<p>&nbsp;<\/p>\n<h2>SPLO\u0160NI OPIS<\/h2>\n<p><strong>1) RAZISKOVALNA IN RAZVOJNA DEJAVNOST<\/strong><br \/>\nMed osnovnimi dejavnostmi in\u0161tituta so izvajanje analiz, re\u0161evanje reklamacij, podajanje strokovnih mnenj in ocen. Raziskovalno in razvojno delo poteka v opremljenih laboratorijih na Oddelku za tekstilstvo in vklju\u010duje podro\u010dja tekstilstva (predvsem analize vlaken, prej, sukancev, ploskih tekstilij in igra\u010d), grafi\u010dne tehnologije in oblikovanja.<\/p>\n<p><strong>2) SODELOVANJE Z GOSPODARSTVOM<\/strong><br \/>\nIn\u0161titut sodeluje s slovenskim gospodarstvom v okviru razvojno-raziskovalnih projektov, s pripravo elaboratov in izdelavo analiz s strokovnimi mnenji.<\/p>\n<p><strong>3) IZOBRA\u017dEVANJE<\/strong><br \/>\nIzobra\u017eevanje poteka v okviru seminarjev, ki jih organiziramo na na\u0161em oddelku ali pri naro\u010dniku. Program se izvaja glede na zahteve naro\u010dnika.<\/p>\n","protected":false},"excerpt":{"rendered":"ZGODOVINA ITGTO na Oddelku za tekstilstvo v Ljubljani ima bogato preteklost in pomembno vlogo na podro\u010dju znanstvenoraziskovalnega in strokovnega dela. Na in\u0161titutu so bila izdelana prva jugoslovanska regenerirana celulozna vlakna iz doma\u010dih surovin, razvita in patentirana je bila vrsta drugih postopkov za izdelavo linizirane konoplje, kotonina iz konopljenih odpadkov in semenskega lanu, rezultati raziskav na &#8230; <a class=\"view-article\" href=\"https:\/\/www.ntf.uni-lj.si\/igt\/o-nas\/institut\/o-institutu\/\">Read more<\/a>","protected":false},"author":22,"featured_media":0,"parent":1357,"menu_order":10,"comment_status":"closed","ping_status":"closed","template":"","meta":[],"acf":[],"yoast_head":"<!-- This site is optimized with the Yoast SEO plugin v17.0 - https:\/\/yoast.com\/wordpress\/plugins\/seo\/ -->\n<meta name=\"description\" content=\"ZGODOVINA ITGTO na Oddelku za tekstilstvo v Ljubljani ima bogato preteklost in pomembno vlogo na podro\u010dju znanstvenoraziskovalnega in strokovnega dela. Na\" \/>\n<meta name=\"robots\" content=\"index, follow, max-snippet:-1, max-image-preview:large, max-video-preview:-1\" \/>\n<link rel=\"canonical\" href=\"https:\/\/www.ntf.uni-lj.si\/igt\/o-nas\/institut\/o-institutu\/\" \/>\n<meta property=\"og:locale\" content=\"en_US\" \/>\n<meta property=\"og:type\" content=\"article\" \/>\n<meta property=\"og:title\" content=\"O in\u0161titutu - IGT\" \/>\n<meta property=\"og:description\" content=\"ZGODOVINA ITGTO na Oddelku za tekstilstvo v Ljubljani ima bogato preteklost in pomembno vlogo na podro\u010dju znanstvenoraziskovalnega in strokovnega dela. Na\" \/>\n<meta property=\"og:url\" content=\"https:\/\/www.ntf.uni-lj.si\/igt\/o-nas\/institut\/o-institutu\/\" \/>\n<meta property=\"og:site_name\" content=\"IGT\" \/>\n<meta property=\"article:modified_time\" content=\"2015-07-01T11:47:28+00:00\" \/>\n<meta name=\"twitter:label1\" content=\"Est. reading time\" \/>\n\t<meta name=\"twitter:data1\" content=\"3 minutes\" \/>\n<script type=\"application\/ld+json\" class=\"yoast-schema-graph\">{\"@context\":\"https:\/\/schema.org\",\"@graph\":[{\"@type\":\"WebSite\",\"@id\":\"https:\/\/www.ntf.uni-lj.si\/igt\/#website\",\"url\":\"https:\/\/www.ntf.uni-lj.si\/igt\/\",\"name\":\"IGT\",\"description\":\"Katedra za informacijsko in grafi\\u010dno tehnologijo\",\"potentialAction\":[{\"@type\":\"SearchAction\",\"target\":{\"@type\":\"EntryPoint\",\"urlTemplate\":\"https:\/\/www.ntf.uni-lj.si\/igt\/?s={search_term_string}\"},\"query-input\":\"required name=search_term_string\"}],\"inLanguage\":\"en-US\"},{\"@type\":\"WebPage\",\"@id\":\"https:\/\/www.ntf.uni-lj.si\/igt\/o-nas\/institut\/o-institutu\/#webpage\",\"url\":\"https:\/\/www.ntf.uni-lj.si\/igt\/o-nas\/institut\/o-institutu\/\",\"name\":\"O in\\u0161titutu - IGT\",\"isPartOf\":{\"@id\":\"https:\/\/www.ntf.uni-lj.si\/igt\/#website\"},\"datePublished\":\"2015-03-16T11:21:03+00:00\",\"dateModified\":\"2015-07-01T11:47:28+00:00\",\"description\":\"ZGODOVINA ITGTO na Oddelku za tekstilstvo v Ljubljani ima bogato preteklost in pomembno vlogo na podro\\u010dju znanstvenoraziskovalnega in strokovnega dela. Na\",\"breadcrumb\":{\"@id\":\"https:\/\/www.ntf.uni-lj.si\/igt\/o-nas\/institut\/o-institutu\/#breadcrumb\"},\"inLanguage\":\"en-US\",\"potentialAction\":[{\"@type\":\"ReadAction\",\"target\":[\"https:\/\/www.ntf.uni-lj.si\/igt\/o-nas\/institut\/o-institutu\/\"]}]},{\"@type\":\"BreadcrumbList\",\"@id\":\"https:\/\/www.ntf.uni-lj.si\/igt\/o-nas\/institut\/o-institutu\/#breadcrumb\",\"itemListElement\":[{\"@type\":\"ListItem\",\"position\":1,\"name\":\"Home\",\"item\":\"https:\/\/www.ntf.uni-lj.si\/igt\/\"},{\"@type\":\"ListItem\",\"position\":2,\"name\":\"O nas\",\"item\":\"https:\/\/www.ntf.uni-lj.si\/igt\/o-nas\/\"},{\"@type\":\"ListItem\",\"position\":3,\"name\":\"In\\u0161titut (ITGTO)\",\"item\":\"https:\/\/www.ntf.uni-lj.si\/igt\/o-nas\/institut\/\"},{\"@type\":\"ListItem\",\"position\":4,\"name\":\"O in\\u0161titutu\"}]}]}<\/script>\n<!-- \/ Yoast SEO plugin. -->","yoast_head_json":{"description":"ZGODOVINA ITGTO na Oddelku za tekstilstvo v Ljubljani ima bogato preteklost in pomembno vlogo na podro\u010dju znanstvenoraziskovalnega in strokovnega dela. Na","robots":{"index":"index","follow":"follow","max-snippet":"max-snippet:-1","max-image-preview":"max-image-preview:large","max-video-preview":"max-video-preview:-1"},"canonical":"https:\/\/www.ntf.uni-lj.si\/igt\/o-nas\/institut\/o-institutu\/","og_locale":"en_US","og_type":"article","og_title":"O in\u0161titutu - IGT","og_description":"ZGODOVINA ITGTO na Oddelku za tekstilstvo v Ljubljani ima bogato preteklost in pomembno vlogo na podro\u010dju znanstvenoraziskovalnega in strokovnega dela. Na","og_url":"https:\/\/www.ntf.uni-lj.si\/igt\/o-nas\/institut\/o-institutu\/","og_site_name":"IGT","article_modified_time":"2015-07-01T11:47:28+00:00","twitter_misc":{"Est. reading time":"3 minutes"},"schema":{"@context":"https:\/\/schema.org","@graph":[{"@type":"WebSite","@id":"https:\/\/www.ntf.uni-lj.si\/igt\/#website","url":"https:\/\/www.ntf.uni-lj.si\/igt\/","name":"IGT","description":"Katedra za informacijsko in grafi\u010dno tehnologijo","potentialAction":[{"@type":"SearchAction","target":{"@type":"EntryPoint","urlTemplate":"https:\/\/www.ntf.uni-lj.si\/igt\/?s={search_term_string}"},"query-input":"required name=search_term_string"}],"inLanguage":"en-US"},{"@type":"WebPage","@id":"https:\/\/www.ntf.uni-lj.si\/igt\/o-nas\/institut\/o-institutu\/#webpage","url":"https:\/\/www.ntf.uni-lj.si\/igt\/o-nas\/institut\/o-institutu\/","name":"O in\u0161titutu - IGT","isPartOf":{"@id":"https:\/\/www.ntf.uni-lj.si\/igt\/#website"},"datePublished":"2015-03-16T11:21:03+00:00","dateModified":"2015-07-01T11:47:28+00:00","description":"ZGODOVINA ITGTO na Oddelku za tekstilstvo v Ljubljani ima bogato preteklost in pomembno vlogo na podro\u010dju znanstvenoraziskovalnega in strokovnega dela. Na","breadcrumb":{"@id":"https:\/\/www.ntf.uni-lj.si\/igt\/o-nas\/institut\/o-institutu\/#breadcrumb"},"inLanguage":"en-US","potentialAction":[{"@type":"ReadAction","target":["https:\/\/www.ntf.uni-lj.si\/igt\/o-nas\/institut\/o-institutu\/"]}]},{"@type":"BreadcrumbList","@id":"https:\/\/www.ntf.uni-lj.si\/igt\/o-nas\/institut\/o-institutu\/#breadcrumb","itemListElement":[{"@type":"ListItem","position":1,"name":"Home","item":"https:\/\/www.ntf.uni-lj.si\/igt\/"},{"@type":"ListItem","position":2,"name":"O nas","item":"https:\/\/www.ntf.uni-lj.si\/igt\/o-nas\/"},{"@type":"ListItem","position":3,"name":"In\u0161titut (ITGTO)","item":"https:\/\/www.ntf.uni-lj.si\/igt\/o-nas\/institut\/"},{"@type":"ListItem","position":4,"name":"O in\u0161titutu"}]}]}},"_links":{"self":[{"href":"https:\/\/www.ntf.uni-lj.si\/igt\/wp-json\/wp\/v2\/pages\/1363"}],"collection":[{"href":"https:\/\/www.ntf.uni-lj.si\/igt\/wp-json\/wp\/v2\/pages"}],"about":[{"href":"https:\/\/www.ntf.uni-lj.si\/igt\/wp-json\/wp\/v2\/types\/page"}],"author":[{"embeddable":true,"href":"https:\/\/www.ntf.uni-lj.si\/igt\/wp-json\/wp\/v2\/users\/22"}],"replies":[{"embeddable":true,"href":"https:\/\/www.ntf.uni-lj.si\/igt\/wp-json\/wp\/v2\/comments?post=1363"}],"version-history":[{"count":6,"href":"https:\/\/www.ntf.uni-lj.si\/igt\/wp-json\/wp\/v2\/pages\/1363\/revisions"}],"predecessor-version":[{"id":4472,"href":"https:\/\/www.ntf.uni-lj.si\/igt\/wp-json\/wp\/v2\/pages\/1363\/revisions\/4472"}],"up":[{"embeddable":true,"href":"https:\/\/www.ntf.uni-lj.si\/igt\/wp-json\/wp\/v2\/pages\/1357"}],"wp:attachment":[{"href":"https:\/\/www.ntf.uni-lj.si\/igt\/wp-json\/wp\/v2\/media?parent=1363"}],"curies":[{"name":"wp","href":"https:\/\/api.w.org\/{rel}","templated":true}]}}