{"id":1369,"date":"2015-03-16T12:25:19","date_gmt":"2015-03-16T11:25:19","guid":{"rendered":"http:\/\/www.ntf.uni-lj.si\/igt\/?page_id=1369"},"modified":"2016-02-24T09:43:30","modified_gmt":"2016-02-24T08:43:30","slug":"analize","status":"publish","type":"page","link":"https:\/\/www.ntf.uni-lj.si\/igt\/o-nas\/institut\/analize\/","title":{"rendered":"Analize"},"content":{"rendered":"<table class=\"table\" style=\"height: 560px\" border=\"0\" width=\"752\" cellspacing=\"0\" cellpadding=\"0\">\n<tbody>\n<tr class=\"bg1\">\n<th><\/th>\n<th><b>ANALIZA<\/b><\/th>\n<th><b>STANDARD<\/b><\/th>\n<\/tr>\n<tr>\n<td>1.<\/td>\n<td>Slikovna analiza<\/td>\n<td>Programska oprema ImageJ<\/td>\n<\/tr>\n<tr>\n<td>2.<\/td>\n<td>Dolo\u010ditev rastrskih tonskih vrednosti<\/td>\n<td>SIST ISO 12647<\/td>\n<\/tr>\n<tr>\n<td>3.<\/td>\n<td>Dolo\u010ditev gramature<\/td>\n<td>SIST EN ISO 536<\/td>\n<\/tr>\n<tr>\n<td>4.<\/td>\n<td>Dolo\u010ditev debeline<\/td>\n<td>SIST EN 20534<\/td>\n<\/tr>\n<tr>\n<td>5.<\/td>\n<td>Dolo\u010ditev vsebnosti vlage v papirju in polimernih folijah<\/td>\n<td>SIST EN ISO 20287<\/td>\n<\/tr>\n<tr>\n<td>6.<\/td>\n<td>Dolo\u010ditev ISO beline<\/td>\n<td>ISO 2470<\/td>\n<\/tr>\n<tr>\n<td>7.<\/td>\n<td>Dolo\u010ditev sijaja<\/td>\n<td>ISO 8254<\/td>\n<\/tr>\n<tr>\n<td>8.<\/td>\n<td>Dolo\u010ditev nastanka lepil pen na vodni osnovi<\/td>\n<td>SIST EN 12704:2000<\/td>\n<\/tr>\n<tr>\n<td>9.<\/td>\n<td>Raz\u0161irljivost lepila pod pritiskom<\/td>\n<td>TAPPI T 480 om-05<\/td>\n<\/tr>\n<tr>\n<td>10.<\/td>\n<td>Barvna obstojnost \u2013 umetna svetloba<\/td>\n<td>SIST EN 20105-B02<\/td>\n<\/tr>\n<tr>\n<td>11.<\/td>\n<td>Absorpcija tiskarske barve<\/td>\n<td>K&amp;N test<\/td>\n<\/tr>\n<tr>\n<td>12.<\/td>\n<td>Dolo\u010danje tiskarske penetracije<\/td>\n<td>&#8211;<\/td>\n<\/tr>\n<tr>\n<td>13.<\/td>\n<td>Dolo\u010ditev stabilizacije tiskarske paste<\/td>\n<td>&#8211;<\/td>\n<\/tr>\n<tr>\n<td>14.<\/td>\n<td>Viskoznost kapljevin<\/td>\n<td>SIST EN ISO 2431<\/td>\n<\/tr>\n<tr>\n<td>15.<\/td>\n<td>Dolo\u010ditev morfolo\u0161kih zna\u010dilnosti papirjev<\/td>\n<td>&#8211;<\/td>\n<\/tr>\n<tr>\n<td>16.<\/td>\n<td>Analiza SEM ali OM (analiza z elektronskim ali opti\u010dnim mikroskopom)<\/td>\n<td>&#8211;<\/td>\n<\/tr>\n<tr>\n<td>17.<\/td>\n<td>Analiza FTIR<\/td>\n<td>&#8211;<\/td>\n<\/tr>\n<tr>\n<td>18.<\/td>\n<td>Fotografiranje in digitalna obdelava fotografij<\/td>\n<td>&#8211;<\/td>\n<\/tr>\n<tr>\n<td>19.<\/td>\n<td>Odpornost odtisov proti abraziji<\/td>\n<td>&#8211;<\/td>\n<\/tr>\n<tr>\n<td>20.<\/td>\n<td>Testiranje\u00a0uporabni\u0161ke izku\u0161nje (spletna mesta, \u010ditljivost)<\/td>\n<td>&#8211;<\/td>\n<\/tr>\n<tr>\n<td>21.<\/td>\n<td>Merjenje barv<\/td>\n<td>ISO 13655:2009<\/td>\n<\/tr>\n<\/tbody>\n<\/table>\n<p>&nbsp;<\/p>\n<p>&nbsp;<\/p>\n","protected":false},"excerpt":{"rendered":"ANALIZA STANDARD 1. Slikovna analiza Programska oprema ImageJ 2. Dolo\u010ditev rastrskih tonskih vrednosti SIST ISO 12647 3. Dolo\u010ditev gramature SIST EN ISO 536 4. Dolo\u010ditev debeline SIST EN 20534 5. Dolo\u010ditev vsebnosti vlage v papirju in polimernih folijah SIST EN ISO 20287 6. Dolo\u010ditev ISO beline ISO 2470 7. Dolo\u010ditev sijaja ISO 8254 8. Dolo\u010ditev &#8230; <a class=\"view-article\" href=\"https:\/\/www.ntf.uni-lj.si\/igt\/o-nas\/institut\/analize\/\">Read more<\/a>","protected":false},"author":22,"featured_media":0,"parent":1357,"menu_order":20,"comment_status":"closed","ping_status":"closed","template":"","meta":[],"acf":[],"yoast_head":"<!-- This site is optimized with the Yoast SEO plugin v17.0 - https:\/\/yoast.com\/wordpress\/plugins\/seo\/ -->\n<meta name=\"description\" content=\"ANALIZA STANDARD 1. Slikovna analiza Programska oprema ImageJ 2. Dolo\u010ditev rastrskih tonskih vrednosti SIST ISO 12647 3. Dolo\u010ditev gramature SIST EN ISO\" \/>\n<meta name=\"robots\" content=\"index, follow, max-snippet:-1, max-image-preview:large, max-video-preview:-1\" \/>\n<link rel=\"canonical\" href=\"https:\/\/www.ntf.uni-lj.si\/igt\/o-nas\/institut\/analize\/\" \/>\n<meta property=\"og:locale\" content=\"en_US\" \/>\n<meta property=\"og:type\" content=\"article\" \/>\n<meta property=\"og:title\" content=\"Analize - IGT\" \/>\n<meta property=\"og:description\" content=\"ANALIZA STANDARD 1. Slikovna analiza Programska oprema ImageJ 2. Dolo\u010ditev rastrskih tonskih vrednosti SIST ISO 12647 3. Dolo\u010ditev gramature SIST EN ISO\" \/>\n<meta property=\"og:url\" content=\"https:\/\/www.ntf.uni-lj.si\/igt\/o-nas\/institut\/analize\/\" \/>\n<meta property=\"og:site_name\" content=\"IGT\" \/>\n<meta property=\"article:modified_time\" content=\"2016-02-24T08:43:30+00:00\" \/>\n<meta name=\"twitter:label1\" content=\"Est. reading time\" \/>\n\t<meta name=\"twitter:data1\" content=\"1 minute\" \/>\n<script type=\"application\/ld+json\" class=\"yoast-schema-graph\">{\"@context\":\"https:\/\/schema.org\",\"@graph\":[{\"@type\":\"WebSite\",\"@id\":\"https:\/\/www.ntf.uni-lj.si\/igt\/#website\",\"url\":\"https:\/\/www.ntf.uni-lj.si\/igt\/\",\"name\":\"IGT\",\"description\":\"Katedra za informacijsko in grafi\\u010dno tehnologijo\",\"potentialAction\":[{\"@type\":\"SearchAction\",\"target\":{\"@type\":\"EntryPoint\",\"urlTemplate\":\"https:\/\/www.ntf.uni-lj.si\/igt\/?s={search_term_string}\"},\"query-input\":\"required name=search_term_string\"}],\"inLanguage\":\"en-US\"},{\"@type\":\"WebPage\",\"@id\":\"https:\/\/www.ntf.uni-lj.si\/igt\/o-nas\/institut\/analize\/#webpage\",\"url\":\"https:\/\/www.ntf.uni-lj.si\/igt\/o-nas\/institut\/analize\/\",\"name\":\"Analize - IGT\",\"isPartOf\":{\"@id\":\"https:\/\/www.ntf.uni-lj.si\/igt\/#website\"},\"datePublished\":\"2015-03-16T11:25:19+00:00\",\"dateModified\":\"2016-02-24T08:43:30+00:00\",\"description\":\"ANALIZA STANDARD 1. Slikovna analiza Programska oprema ImageJ 2. Dolo\\u010ditev rastrskih tonskih vrednosti SIST ISO 12647 3. Dolo\\u010ditev gramature SIST EN ISO\",\"breadcrumb\":{\"@id\":\"https:\/\/www.ntf.uni-lj.si\/igt\/o-nas\/institut\/analize\/#breadcrumb\"},\"inLanguage\":\"en-US\",\"potentialAction\":[{\"@type\":\"ReadAction\",\"target\":[\"https:\/\/www.ntf.uni-lj.si\/igt\/o-nas\/institut\/analize\/\"]}]},{\"@type\":\"BreadcrumbList\",\"@id\":\"https:\/\/www.ntf.uni-lj.si\/igt\/o-nas\/institut\/analize\/#breadcrumb\",\"itemListElement\":[{\"@type\":\"ListItem\",\"position\":1,\"name\":\"Home\",\"item\":\"https:\/\/www.ntf.uni-lj.si\/igt\/\"},{\"@type\":\"ListItem\",\"position\":2,\"name\":\"O nas\",\"item\":\"https:\/\/www.ntf.uni-lj.si\/igt\/o-nas\/\"},{\"@type\":\"ListItem\",\"position\":3,\"name\":\"In\\u0161titut (ITGTO)\",\"item\":\"https:\/\/www.ntf.uni-lj.si\/igt\/o-nas\/institut\/\"},{\"@type\":\"ListItem\",\"position\":4,\"name\":\"Analize\"}]}]}<\/script>\n<!-- \/ Yoast SEO plugin. -->","yoast_head_json":{"description":"ANALIZA STANDARD 1. Slikovna analiza Programska oprema ImageJ 2. Dolo\u010ditev rastrskih tonskih vrednosti SIST ISO 12647 3. Dolo\u010ditev gramature SIST EN ISO","robots":{"index":"index","follow":"follow","max-snippet":"max-snippet:-1","max-image-preview":"max-image-preview:large","max-video-preview":"max-video-preview:-1"},"canonical":"https:\/\/www.ntf.uni-lj.si\/igt\/o-nas\/institut\/analize\/","og_locale":"en_US","og_type":"article","og_title":"Analize - IGT","og_description":"ANALIZA STANDARD 1. Slikovna analiza Programska oprema ImageJ 2. Dolo\u010ditev rastrskih tonskih vrednosti SIST ISO 12647 3. Dolo\u010ditev gramature SIST EN ISO","og_url":"https:\/\/www.ntf.uni-lj.si\/igt\/o-nas\/institut\/analize\/","og_site_name":"IGT","article_modified_time":"2016-02-24T08:43:30+00:00","twitter_misc":{"Est. reading time":"1 minute"},"schema":{"@context":"https:\/\/schema.org","@graph":[{"@type":"WebSite","@id":"https:\/\/www.ntf.uni-lj.si\/igt\/#website","url":"https:\/\/www.ntf.uni-lj.si\/igt\/","name":"IGT","description":"Katedra za informacijsko in grafi\u010dno tehnologijo","potentialAction":[{"@type":"SearchAction","target":{"@type":"EntryPoint","urlTemplate":"https:\/\/www.ntf.uni-lj.si\/igt\/?s={search_term_string}"},"query-input":"required name=search_term_string"}],"inLanguage":"en-US"},{"@type":"WebPage","@id":"https:\/\/www.ntf.uni-lj.si\/igt\/o-nas\/institut\/analize\/#webpage","url":"https:\/\/www.ntf.uni-lj.si\/igt\/o-nas\/institut\/analize\/","name":"Analize - IGT","isPartOf":{"@id":"https:\/\/www.ntf.uni-lj.si\/igt\/#website"},"datePublished":"2015-03-16T11:25:19+00:00","dateModified":"2016-02-24T08:43:30+00:00","description":"ANALIZA STANDARD 1. Slikovna analiza Programska oprema ImageJ 2. Dolo\u010ditev rastrskih tonskih vrednosti SIST ISO 12647 3. Dolo\u010ditev gramature SIST EN ISO","breadcrumb":{"@id":"https:\/\/www.ntf.uni-lj.si\/igt\/o-nas\/institut\/analize\/#breadcrumb"},"inLanguage":"en-US","potentialAction":[{"@type":"ReadAction","target":["https:\/\/www.ntf.uni-lj.si\/igt\/o-nas\/institut\/analize\/"]}]},{"@type":"BreadcrumbList","@id":"https:\/\/www.ntf.uni-lj.si\/igt\/o-nas\/institut\/analize\/#breadcrumb","itemListElement":[{"@type":"ListItem","position":1,"name":"Home","item":"https:\/\/www.ntf.uni-lj.si\/igt\/"},{"@type":"ListItem","position":2,"name":"O nas","item":"https:\/\/www.ntf.uni-lj.si\/igt\/o-nas\/"},{"@type":"ListItem","position":3,"name":"In\u0161titut (ITGTO)","item":"https:\/\/www.ntf.uni-lj.si\/igt\/o-nas\/institut\/"},{"@type":"ListItem","position":4,"name":"Analize"}]}]}},"_links":{"self":[{"href":"https:\/\/www.ntf.uni-lj.si\/igt\/wp-json\/wp\/v2\/pages\/1369"}],"collection":[{"href":"https:\/\/www.ntf.uni-lj.si\/igt\/wp-json\/wp\/v2\/pages"}],"about":[{"href":"https:\/\/www.ntf.uni-lj.si\/igt\/wp-json\/wp\/v2\/types\/page"}],"author":[{"embeddable":true,"href":"https:\/\/www.ntf.uni-lj.si\/igt\/wp-json\/wp\/v2\/users\/22"}],"replies":[{"embeddable":true,"href":"https:\/\/www.ntf.uni-lj.si\/igt\/wp-json\/wp\/v2\/comments?post=1369"}],"version-history":[{"count":11,"href":"https:\/\/www.ntf.uni-lj.si\/igt\/wp-json\/wp\/v2\/pages\/1369\/revisions"}],"predecessor-version":[{"id":9516,"href":"https:\/\/www.ntf.uni-lj.si\/igt\/wp-json\/wp\/v2\/pages\/1369\/revisions\/9516"}],"up":[{"embeddable":true,"href":"https:\/\/www.ntf.uni-lj.si\/igt\/wp-json\/wp\/v2\/pages\/1357"}],"wp:attachment":[{"href":"https:\/\/www.ntf.uni-lj.si\/igt\/wp-json\/wp\/v2\/media?parent=1369"}],"curies":[{"name":"wp","href":"https:\/\/api.w.org\/{rel}","templated":true}]}}