{"id":1396,"date":"2015-03-16T12:50:58","date_gmt":"2015-03-16T11:50:58","guid":{"rendered":"http:\/\/www.ntf.uni-lj.si\/igt\/?page_id=1396"},"modified":"2025-12-11T11:06:29","modified_gmt":"2025-12-11T10:06:29","slug":"kontakt","status":"publish","type":"page","link":"https:\/\/www.ntf.uni-lj.si\/igt\/o-nas\/institut\/kontakt\/","title":{"rendered":"Kontakt"},"content":{"rendered":"<div class=\"col-sm-8 no-padding right-small-padding\">\n<h2>OSEBNA IZKAZNICA<\/h2>\n<p><strong>ITGTO \u2013 In\u0161titut za tekstilno in grafi\u010dno tehnologijo ter oblikovanje<\/strong><br \/>\nUniverza v Ljubljani<br \/>\nNaravoslovnotehni\u0161ka fakulteta<br \/>\nOddelek za tekstilstvo, grafiko in oblikovanje<br \/>\nSne\u017eni\u0161ka 5, SI-1000 Ljubljana<\/p>\n<p>ID za DDV: SI24405388<br \/>\nMati\u010dna \u0161tevilka: 1627074<\/p>\n<\/div>\n<div class=\"col-sm-12 no-padding\"><iframe src=\"https:\/\/www.google.com\/maps\/embed\/v1\/place?q=Sne%C5%BEni%C5%A1ka%20ulica%205&amp;key=AIzaSyD0Sf_heX7-sxq_knfBHyq78wo1N0VvdVE&amp;language=sl\" border=\"0\" width=\"100%\" height=\"350px\" name=\"timetableiframe\" id=\"timetableiframe\" style=\"width:100%; height:350px;border:none\"><\/iframe><\/div>\n<p>&nbsp;<\/p>\n<h3>PODRO\u010cJE TEKSTILSTVA<\/h3>\n<div class=\"col-sm-10 no-padding no-padding\">\n<strong>dr. Dunja \u0160ajn Gorjanc<\/strong><br \/>\n<em>predstojnica ITGTO<\/em><br \/>\nTel: 01\/20 03 220<br \/>\nE-po\u0161ta: <a href=\"mailto:dunja.sajn@ntf.uni-lj.si\">dunja.sajn@ntf.uni-lj.si<\/a>\n<\/div>\n<div class=\"col-sm-10 no-padding no-padding\">\n<strong>dr. Barbara Golja<\/strong><br \/>\n<em>kontaktna oseba<\/em><br \/>\nTel: 01\/20 03 230<br \/>\nE-po\u0161ta:\u00a0<a href=\"mailto:barbara.golja@ntf.uni-lj.si\" target=\"_blank\" rel=\"noopener noreferrer\">barbara.golja@ntf.uni-lj.si<\/a>\n<\/div>\n<h3 class=\"col-sm-20 no-padding\" style=\"margin-top: 30px;\">PODRO\u010cJE GRAFIKE<\/h3>\n<div class=\"col-sm-10 no-padding no-padding\">\n<strong>dr. Matej Pivar<\/strong><br \/>\n<em>namestnik predstojnice ITGTO<\/em><br \/>\nTel: 01\/20 03 273<br \/>\nE-po\u0161ta: <a href=\"mailto:matej.pivar@ntf.uni-lj.si\">matej.pivar@ntf.uni-lj.si<\/a>\n<\/div>\n<div class=\"col-sm-10 no-padding no-padding\">\n<strong>dr. Deja Muck<\/strong><br \/>\n<em>kontaktna oseba<\/em><br \/>\nTel: 01\/20 03 284<br \/>\nE-po\u0161ta: <a href=\"mailto:deja.muck@ntf.uni-lj.si\">deja.muck@ntf.uni-lj.si<\/a><\/div>\n<div class=\"col-sm-10 no-padding no-padding\"><\/div>\n<\/div>\n","protected":false},"excerpt":{"rendered":"OSEBNA IZKAZNICA ITGTO \u2013 In\u0161titut za tekstilno in grafi\u010dno tehnologijo ter oblikovanje Univerza v Ljubljani Naravoslovnotehni\u0161ka fakulteta Oddelek za tekstilstvo, grafiko in oblikovanje Sne\u017eni\u0161ka 5, SI-1000 Ljubljana ID za DDV: SI24405388 Mati\u010dna \u0161tevilka: 1627074 &nbsp; PODRO\u010cJE TEKSTILSTVA PODRO\u010cJE GRAFIKE","protected":false},"author":22,"featured_media":0,"parent":1357,"menu_order":50,"comment_status":"closed","ping_status":"closed","template":"","meta":[],"acf":[],"yoast_head":"<!-- This site is optimized with the Yoast SEO plugin v17.0 - https:\/\/yoast.com\/wordpress\/plugins\/seo\/ -->\n<meta name=\"description\" content=\"OSEBNA IZKAZNICA ITGTO \u2013 In\u0161titut za tekstilno in grafi\u010dno tehnologijo ter oblikovanje Univerza v Ljubljani Naravoslovnotehni\u0161ka fakulteta Oddelek za\" \/>\n<meta name=\"robots\" content=\"index, follow, max-snippet:-1, max-image-preview:large, max-video-preview:-1\" \/>\n<link rel=\"canonical\" href=\"https:\/\/www.ntf.uni-lj.si\/igt\/o-nas\/institut\/kontakt\/\" \/>\n<meta property=\"og:locale\" content=\"en_US\" \/>\n<meta property=\"og:type\" content=\"article\" \/>\n<meta property=\"og:title\" content=\"Kontakt - IGT\" \/>\n<meta property=\"og:description\" content=\"OSEBNA IZKAZNICA ITGTO \u2013 In\u0161titut za tekstilno in grafi\u010dno tehnologijo ter oblikovanje Univerza v Ljubljani Naravoslovnotehni\u0161ka fakulteta Oddelek za\" \/>\n<meta property=\"og:url\" content=\"https:\/\/www.ntf.uni-lj.si\/igt\/o-nas\/institut\/kontakt\/\" \/>\n<meta property=\"og:site_name\" content=\"IGT\" \/>\n<meta property=\"article:modified_time\" content=\"2025-12-11T10:06:29+00:00\" \/>\n<meta name=\"twitter:label1\" content=\"Est. reading time\" \/>\n\t<meta name=\"twitter:data1\" content=\"1 minute\" \/>\n<script type=\"application\/ld+json\" class=\"yoast-schema-graph\">{\"@context\":\"https:\/\/schema.org\",\"@graph\":[{\"@type\":\"WebSite\",\"@id\":\"https:\/\/www.ntf.uni-lj.si\/igt\/#website\",\"url\":\"https:\/\/www.ntf.uni-lj.si\/igt\/\",\"name\":\"IGT\",\"description\":\"Katedra za informacijsko in grafi\\u010dno tehnologijo\",\"potentialAction\":[{\"@type\":\"SearchAction\",\"target\":{\"@type\":\"EntryPoint\",\"urlTemplate\":\"https:\/\/www.ntf.uni-lj.si\/igt\/?s={search_term_string}\"},\"query-input\":\"required name=search_term_string\"}],\"inLanguage\":\"en-US\"},{\"@type\":\"WebPage\",\"@id\":\"https:\/\/www.ntf.uni-lj.si\/igt\/o-nas\/institut\/kontakt\/#webpage\",\"url\":\"https:\/\/www.ntf.uni-lj.si\/igt\/o-nas\/institut\/kontakt\/\",\"name\":\"Kontakt - IGT\",\"isPartOf\":{\"@id\":\"https:\/\/www.ntf.uni-lj.si\/igt\/#website\"},\"datePublished\":\"2015-03-16T11:50:58+00:00\",\"dateModified\":\"2025-12-11T10:06:29+00:00\",\"description\":\"OSEBNA IZKAZNICA ITGTO \\u2013 In\\u0161titut za tekstilno in grafi\\u010dno tehnologijo ter oblikovanje Univerza v Ljubljani Naravoslovnotehni\\u0161ka fakulteta Oddelek za\",\"breadcrumb\":{\"@id\":\"https:\/\/www.ntf.uni-lj.si\/igt\/o-nas\/institut\/kontakt\/#breadcrumb\"},\"inLanguage\":\"en-US\",\"potentialAction\":[{\"@type\":\"ReadAction\",\"target\":[\"https:\/\/www.ntf.uni-lj.si\/igt\/o-nas\/institut\/kontakt\/\"]}]},{\"@type\":\"BreadcrumbList\",\"@id\":\"https:\/\/www.ntf.uni-lj.si\/igt\/o-nas\/institut\/kontakt\/#breadcrumb\",\"itemListElement\":[{\"@type\":\"ListItem\",\"position\":1,\"name\":\"Home\",\"item\":\"https:\/\/www.ntf.uni-lj.si\/igt\/\"},{\"@type\":\"ListItem\",\"position\":2,\"name\":\"O nas\",\"item\":\"https:\/\/www.ntf.uni-lj.si\/igt\/o-nas\/\"},{\"@type\":\"ListItem\",\"position\":3,\"name\":\"In\\u0161titut (ITGTO)\",\"item\":\"https:\/\/www.ntf.uni-lj.si\/igt\/o-nas\/institut\/\"},{\"@type\":\"ListItem\",\"position\":4,\"name\":\"Kontakt\"}]}]}<\/script>\n<!-- \/ Yoast SEO plugin. -->","yoast_head_json":{"description":"OSEBNA IZKAZNICA ITGTO \u2013 In\u0161titut za tekstilno in grafi\u010dno tehnologijo ter oblikovanje Univerza v Ljubljani Naravoslovnotehni\u0161ka fakulteta Oddelek za","robots":{"index":"index","follow":"follow","max-snippet":"max-snippet:-1","max-image-preview":"max-image-preview:large","max-video-preview":"max-video-preview:-1"},"canonical":"https:\/\/www.ntf.uni-lj.si\/igt\/o-nas\/institut\/kontakt\/","og_locale":"en_US","og_type":"article","og_title":"Kontakt - IGT","og_description":"OSEBNA IZKAZNICA ITGTO \u2013 In\u0161titut za tekstilno in grafi\u010dno tehnologijo ter oblikovanje Univerza v Ljubljani Naravoslovnotehni\u0161ka fakulteta Oddelek za","og_url":"https:\/\/www.ntf.uni-lj.si\/igt\/o-nas\/institut\/kontakt\/","og_site_name":"IGT","article_modified_time":"2025-12-11T10:06:29+00:00","twitter_misc":{"Est. reading time":"1 minute"},"schema":{"@context":"https:\/\/schema.org","@graph":[{"@type":"WebSite","@id":"https:\/\/www.ntf.uni-lj.si\/igt\/#website","url":"https:\/\/www.ntf.uni-lj.si\/igt\/","name":"IGT","description":"Katedra za informacijsko in grafi\u010dno tehnologijo","potentialAction":[{"@type":"SearchAction","target":{"@type":"EntryPoint","urlTemplate":"https:\/\/www.ntf.uni-lj.si\/igt\/?s={search_term_string}"},"query-input":"required name=search_term_string"}],"inLanguage":"en-US"},{"@type":"WebPage","@id":"https:\/\/www.ntf.uni-lj.si\/igt\/o-nas\/institut\/kontakt\/#webpage","url":"https:\/\/www.ntf.uni-lj.si\/igt\/o-nas\/institut\/kontakt\/","name":"Kontakt - IGT","isPartOf":{"@id":"https:\/\/www.ntf.uni-lj.si\/igt\/#website"},"datePublished":"2015-03-16T11:50:58+00:00","dateModified":"2025-12-11T10:06:29+00:00","description":"OSEBNA IZKAZNICA ITGTO \u2013 In\u0161titut za tekstilno in grafi\u010dno tehnologijo ter oblikovanje Univerza v Ljubljani Naravoslovnotehni\u0161ka fakulteta Oddelek za","breadcrumb":{"@id":"https:\/\/www.ntf.uni-lj.si\/igt\/o-nas\/institut\/kontakt\/#breadcrumb"},"inLanguage":"en-US","potentialAction":[{"@type":"ReadAction","target":["https:\/\/www.ntf.uni-lj.si\/igt\/o-nas\/institut\/kontakt\/"]}]},{"@type":"BreadcrumbList","@id":"https:\/\/www.ntf.uni-lj.si\/igt\/o-nas\/institut\/kontakt\/#breadcrumb","itemListElement":[{"@type":"ListItem","position":1,"name":"Home","item":"https:\/\/www.ntf.uni-lj.si\/igt\/"},{"@type":"ListItem","position":2,"name":"O nas","item":"https:\/\/www.ntf.uni-lj.si\/igt\/o-nas\/"},{"@type":"ListItem","position":3,"name":"In\u0161titut (ITGTO)","item":"https:\/\/www.ntf.uni-lj.si\/igt\/o-nas\/institut\/"},{"@type":"ListItem","position":4,"name":"Kontakt"}]}]}},"_links":{"self":[{"href":"https:\/\/www.ntf.uni-lj.si\/igt\/wp-json\/wp\/v2\/pages\/1396"}],"collection":[{"href":"https:\/\/www.ntf.uni-lj.si\/igt\/wp-json\/wp\/v2\/pages"}],"about":[{"href":"https:\/\/www.ntf.uni-lj.si\/igt\/wp-json\/wp\/v2\/types\/page"}],"author":[{"embeddable":true,"href":"https:\/\/www.ntf.uni-lj.si\/igt\/wp-json\/wp\/v2\/users\/22"}],"replies":[{"embeddable":true,"href":"https:\/\/www.ntf.uni-lj.si\/igt\/wp-json\/wp\/v2\/comments?post=1396"}],"version-history":[{"count":57,"href":"https:\/\/www.ntf.uni-lj.si\/igt\/wp-json\/wp\/v2\/pages\/1396\/revisions"}],"predecessor-version":[{"id":38287,"href":"https:\/\/www.ntf.uni-lj.si\/igt\/wp-json\/wp\/v2\/pages\/1396\/revisions\/38287"}],"up":[{"embeddable":true,"href":"https:\/\/www.ntf.uni-lj.si\/igt\/wp-json\/wp\/v2\/pages\/1357"}],"wp:attachment":[{"href":"https:\/\/www.ntf.uni-lj.si\/igt\/wp-json\/wp\/v2\/media?parent=1396"}],"curies":[{"name":"wp","href":"https:\/\/api.w.org\/{rel}","templated":true}]}}