{"id":1406,"date":"2015-03-16T12:52:51","date_gmt":"2015-03-16T11:52:51","guid":{"rendered":"http:\/\/www.ntf.uni-lj.si\/igt\/?page_id=1406"},"modified":"2021-12-13T13:07:30","modified_gmt":"2021-12-13T12:07:30","slug":"alumni","status":"publish","type":"page","link":"https:\/\/www.ntf.uni-lj.si\/igt\/o-nas\/alumni\/","title":{"rendered":"Alumni"},"content":{"rendered":"<p><strong>Alumni klub Naravoslovnotehni\u0161ke fakultete Katedre za informacijsko in grafi\u010dno tehnologijo Oddelka za tekstilstvo, grafiko in oblikovanje<\/strong> zdru\u017euje diplomante vseh generacij, ki so kadar koli diplomirali na tej fakulteti. Na brezpla\u010dnih strokovnih, dru\u017eabnih in \u0161portnih dogodkih ter dru\u017eenjih boste sre\u010dali uspe\u0161ne posameznike, pridobili novo znanje in nova poznanstva, preko katerih boste lahko \u0161irili svoje socialne mre\u017ee ter ustvarjali nove prilo\u017enosti za razvoj va\u0161e kariere. Vabimo vas, da ostanete v stiku s fakulteto tudi po \u0161tudiju in se nam pridru\u017eite v Alumni klubu NTF-OTGO-KIGT.<\/p>\n<p>&nbsp;<\/p>\n<p><strong>Spo\u0161tovana kolegica, spo\u0161tovani kolega,<\/strong><\/p>\n<p>Naravoslovnotehni\u0161ka fakulteta kot del Univerze v Ljubljani \u017eeli okrepiti odnose in sodelovanje s svojimi diplomanti, zato vas vabimo, da si ogledate krovni spletni portal Univerze v Ljubljani Alumni UL.<\/p>\n<p>Na spletnem portalu Alumni UL, ki zdru\u017euje vse klube alumnov Univerze v Ljubljani in njihove \u010dlane, lahko poi\u0161\u010dete nekdanje so\u0161olce, predate svoje znanje naslednjim generacijam, prebrskate po objavljenih prostih delovnih mestih, poi\u0161\u010dete nove poslovne prilo\u017enosti ali preverite katero od ugodnosti, ki jih lahko kot alumen Univerze v Ljubljani koristite pri na\u0161ih partnerskih organizacijah.<\/p>\n<p>Raz\u0161irite si krog poznanstev in se pridru\u017eite kolegom na novem spletnemv portalu Alumni UL:<\/p>\n<p><a href=\"https:\/\/alumniul.online\/\">PRIJAVA za v\u010dlanitev v Alumni klub NTF-OTGO-KIGT Univerze v Ljubljani na spletnem portalu Alumni UL<\/a><\/p>\n<p>&nbsp;<\/p>\n<p>Skupaj bomo \u0161e mo\u010dnej\u0161i.<\/p>\n<p>Lep pozdrav!<\/p>\n","protected":false},"excerpt":{"rendered":"Alumni klub Naravoslovnotehni\u0161ke fakultete Katedre za informacijsko in grafi\u010dno tehnologijo Oddelka za tekstilstvo, grafiko in oblikovanje zdru\u017euje diplomante vseh generacij, ki so kadar koli diplomirali na tej fakulteti. Na brezpla\u010dnih strokovnih, dru\u017eabnih in \u0161portnih dogodkih ter dru\u017eenjih boste sre\u010dali uspe\u0161ne posameznike, pridobili novo znanje in nova poznanstva, preko katerih boste lahko \u0161irili svoje socialne mre\u017ee &#8230; <a class=\"view-article\" href=\"https:\/\/www.ntf.uni-lj.si\/igt\/o-nas\/alumni\/\">Read more<\/a>","protected":false},"author":22,"featured_media":0,"parent":1290,"menu_order":60,"comment_status":"closed","ping_status":"closed","template":"","meta":[],"acf":[],"yoast_head":"<!-- This site is optimized with the Yoast SEO plugin v17.0 - https:\/\/yoast.com\/wordpress\/plugins\/seo\/ -->\n<meta name=\"description\" content=\"Alumni klub Naravoslovnotehni\u0161ke fakultete Katedre za informacijsko in grafi\u010dno tehnologijo Oddelka za tekstilstvo, grafiko in oblikovanje zdru\u017euje\" \/>\n<meta name=\"robots\" content=\"index, follow, max-snippet:-1, max-image-preview:large, max-video-preview:-1\" \/>\n<link rel=\"canonical\" href=\"https:\/\/www.ntf.uni-lj.si\/igt\/o-nas\/alumni\/\" \/>\n<meta property=\"og:locale\" content=\"en_US\" \/>\n<meta property=\"og:type\" content=\"article\" \/>\n<meta property=\"og:title\" content=\"Alumni - IGT\" \/>\n<meta property=\"og:description\" content=\"Alumni klub Naravoslovnotehni\u0161ke fakultete Katedre za informacijsko in grafi\u010dno tehnologijo Oddelka za tekstilstvo, grafiko in oblikovanje zdru\u017euje\" \/>\n<meta property=\"og:url\" content=\"https:\/\/www.ntf.uni-lj.si\/igt\/o-nas\/alumni\/\" \/>\n<meta property=\"og:site_name\" content=\"IGT\" \/>\n<meta property=\"article:modified_time\" content=\"2021-12-13T12:07:30+00:00\" \/>\n<meta name=\"twitter:label1\" content=\"Est. reading time\" \/>\n\t<meta name=\"twitter:data1\" content=\"1 minute\" \/>\n<script type=\"application\/ld+json\" class=\"yoast-schema-graph\">{\"@context\":\"https:\/\/schema.org\",\"@graph\":[{\"@type\":\"WebSite\",\"@id\":\"https:\/\/www.ntf.uni-lj.si\/igt\/#website\",\"url\":\"https:\/\/www.ntf.uni-lj.si\/igt\/\",\"name\":\"IGT\",\"description\":\"Katedra za informacijsko in grafi\\u010dno tehnologijo\",\"potentialAction\":[{\"@type\":\"SearchAction\",\"target\":{\"@type\":\"EntryPoint\",\"urlTemplate\":\"https:\/\/www.ntf.uni-lj.si\/igt\/?s={search_term_string}\"},\"query-input\":\"required name=search_term_string\"}],\"inLanguage\":\"en-US\"},{\"@type\":\"WebPage\",\"@id\":\"https:\/\/www.ntf.uni-lj.si\/igt\/o-nas\/alumni\/#webpage\",\"url\":\"https:\/\/www.ntf.uni-lj.si\/igt\/o-nas\/alumni\/\",\"name\":\"Alumni - IGT\",\"isPartOf\":{\"@id\":\"https:\/\/www.ntf.uni-lj.si\/igt\/#website\"},\"datePublished\":\"2015-03-16T11:52:51+00:00\",\"dateModified\":\"2021-12-13T12:07:30+00:00\",\"description\":\"Alumni klub Naravoslovnotehni\\u0161ke fakultete Katedre za informacijsko in grafi\\u010dno tehnologijo Oddelka za tekstilstvo, grafiko in oblikovanje zdru\\u017euje\",\"breadcrumb\":{\"@id\":\"https:\/\/www.ntf.uni-lj.si\/igt\/o-nas\/alumni\/#breadcrumb\"},\"inLanguage\":\"en-US\",\"potentialAction\":[{\"@type\":\"ReadAction\",\"target\":[\"https:\/\/www.ntf.uni-lj.si\/igt\/o-nas\/alumni\/\"]}]},{\"@type\":\"BreadcrumbList\",\"@id\":\"https:\/\/www.ntf.uni-lj.si\/igt\/o-nas\/alumni\/#breadcrumb\",\"itemListElement\":[{\"@type\":\"ListItem\",\"position\":1,\"name\":\"Home\",\"item\":\"https:\/\/www.ntf.uni-lj.si\/igt\/\"},{\"@type\":\"ListItem\",\"position\":2,\"name\":\"O nas\",\"item\":\"https:\/\/www.ntf.uni-lj.si\/igt\/o-nas\/\"},{\"@type\":\"ListItem\",\"position\":3,\"name\":\"Alumni\"}]}]}<\/script>\n<!-- \/ Yoast SEO plugin. -->","yoast_head_json":{"description":"Alumni klub Naravoslovnotehni\u0161ke fakultete Katedre za informacijsko in grafi\u010dno tehnologijo Oddelka za tekstilstvo, grafiko in oblikovanje zdru\u017euje","robots":{"index":"index","follow":"follow","max-snippet":"max-snippet:-1","max-image-preview":"max-image-preview:large","max-video-preview":"max-video-preview:-1"},"canonical":"https:\/\/www.ntf.uni-lj.si\/igt\/o-nas\/alumni\/","og_locale":"en_US","og_type":"article","og_title":"Alumni - IGT","og_description":"Alumni klub Naravoslovnotehni\u0161ke fakultete Katedre za informacijsko in grafi\u010dno tehnologijo Oddelka za tekstilstvo, grafiko in oblikovanje zdru\u017euje","og_url":"https:\/\/www.ntf.uni-lj.si\/igt\/o-nas\/alumni\/","og_site_name":"IGT","article_modified_time":"2021-12-13T12:07:30+00:00","twitter_misc":{"Est. reading time":"1 minute"},"schema":{"@context":"https:\/\/schema.org","@graph":[{"@type":"WebSite","@id":"https:\/\/www.ntf.uni-lj.si\/igt\/#website","url":"https:\/\/www.ntf.uni-lj.si\/igt\/","name":"IGT","description":"Katedra za informacijsko in grafi\u010dno tehnologijo","potentialAction":[{"@type":"SearchAction","target":{"@type":"EntryPoint","urlTemplate":"https:\/\/www.ntf.uni-lj.si\/igt\/?s={search_term_string}"},"query-input":"required name=search_term_string"}],"inLanguage":"en-US"},{"@type":"WebPage","@id":"https:\/\/www.ntf.uni-lj.si\/igt\/o-nas\/alumni\/#webpage","url":"https:\/\/www.ntf.uni-lj.si\/igt\/o-nas\/alumni\/","name":"Alumni - IGT","isPartOf":{"@id":"https:\/\/www.ntf.uni-lj.si\/igt\/#website"},"datePublished":"2015-03-16T11:52:51+00:00","dateModified":"2021-12-13T12:07:30+00:00","description":"Alumni klub Naravoslovnotehni\u0161ke fakultete Katedre za informacijsko in grafi\u010dno tehnologijo Oddelka za tekstilstvo, grafiko in oblikovanje zdru\u017euje","breadcrumb":{"@id":"https:\/\/www.ntf.uni-lj.si\/igt\/o-nas\/alumni\/#breadcrumb"},"inLanguage":"en-US","potentialAction":[{"@type":"ReadAction","target":["https:\/\/www.ntf.uni-lj.si\/igt\/o-nas\/alumni\/"]}]},{"@type":"BreadcrumbList","@id":"https:\/\/www.ntf.uni-lj.si\/igt\/o-nas\/alumni\/#breadcrumb","itemListElement":[{"@type":"ListItem","position":1,"name":"Home","item":"https:\/\/www.ntf.uni-lj.si\/igt\/"},{"@type":"ListItem","position":2,"name":"O nas","item":"https:\/\/www.ntf.uni-lj.si\/igt\/o-nas\/"},{"@type":"ListItem","position":3,"name":"Alumni"}]}]}},"_links":{"self":[{"href":"https:\/\/www.ntf.uni-lj.si\/igt\/wp-json\/wp\/v2\/pages\/1406"}],"collection":[{"href":"https:\/\/www.ntf.uni-lj.si\/igt\/wp-json\/wp\/v2\/pages"}],"about":[{"href":"https:\/\/www.ntf.uni-lj.si\/igt\/wp-json\/wp\/v2\/types\/page"}],"author":[{"embeddable":true,"href":"https:\/\/www.ntf.uni-lj.si\/igt\/wp-json\/wp\/v2\/users\/22"}],"replies":[{"embeddable":true,"href":"https:\/\/www.ntf.uni-lj.si\/igt\/wp-json\/wp\/v2\/comments?post=1406"}],"version-history":[{"count":11,"href":"https:\/\/www.ntf.uni-lj.si\/igt\/wp-json\/wp\/v2\/pages\/1406\/revisions"}],"predecessor-version":[{"id":29619,"href":"https:\/\/www.ntf.uni-lj.si\/igt\/wp-json\/wp\/v2\/pages\/1406\/revisions\/29619"}],"up":[{"embeddable":true,"href":"https:\/\/www.ntf.uni-lj.si\/igt\/wp-json\/wp\/v2\/pages\/1290"}],"wp:attachment":[{"href":"https:\/\/www.ntf.uni-lj.si\/igt\/wp-json\/wp\/v2\/media?parent=1406"}],"curies":[{"name":"wp","href":"https:\/\/api.w.org\/{rel}","templated":true}]}}