{"id":14712,"date":"2017-10-19T14:22:03","date_gmt":"2017-10-19T12:22:03","guid":{"rendered":"http:\/\/www.ntf.uni-lj.si\/igt\/?page_id=14712"},"modified":"2017-10-19T14:22:03","modified_gmt":"2017-10-19T12:22:03","slug":"storitve-s-podrocja-tekstilstva","status":"publish","type":"page","link":"https:\/\/www.ntf.uni-lj.si\/igt\/o-nas\/institut\/storitve\/storitve-s-podrocja-tekstilstva\/","title":{"rendered":"Storitve s podro\u010dja tekstilstva"},"content":{"rendered":"<ul>\n<li>na\u010drtovanje in simulacije tekstilij<\/li>\n<li>    pletenje na ploskem votkovnem pletilniku<\/li>\n<li>vzor\u010dno tkanje na elektronskem \u017eakarskem stroju<\/li>\n<li> plemenitenje tekstilij\t\t<\/li>\n<li>    nega tekstilij<\/li>\n<li> analiza igra\u010d<\/li>\n<\/ul>\n","protected":false},"excerpt":{"rendered":"na\u010drtovanje in simulacije tekstilij pletenje na ploskem votkovnem pletilniku vzor\u010dno tkanje na elektronskem \u017eakarskem stroju plemenitenje tekstilij nega tekstilij analiza igra\u010d","protected":false},"author":51,"featured_media":0,"parent":9585,"menu_order":0,"comment_status":"closed","ping_status":"closed","template":"","meta":[],"acf":[],"yoast_head":"<!-- This site is optimized with the Yoast SEO plugin v17.0 - https:\/\/yoast.com\/wordpress\/plugins\/seo\/ -->\n<meta name=\"description\" content=\"na\u010drtovanje in simulacije tekstilij pletenje na ploskem votkovnem pletilniku vzor\u010dno tkanje na elektronskem \u017eakarskem stroju plemenitenje tekstilij nega\" \/>\n<meta name=\"robots\" content=\"index, follow, max-snippet:-1, max-image-preview:large, max-video-preview:-1\" \/>\n<link rel=\"canonical\" href=\"https:\/\/www.ntf.uni-lj.si\/igt\/o-nas\/institut\/storitve\/storitve-s-podrocja-tekstilstva\/\" \/>\n<meta property=\"og:locale\" content=\"en_US\" \/>\n<meta property=\"og:type\" content=\"article\" \/>\n<meta property=\"og:title\" content=\"Storitve s podro\u010dja tekstilstva - IGT\" \/>\n<meta property=\"og:description\" content=\"na\u010drtovanje in simulacije tekstilij pletenje na ploskem votkovnem pletilniku vzor\u010dno tkanje na elektronskem \u017eakarskem stroju plemenitenje tekstilij nega\" \/>\n<meta property=\"og:url\" content=\"https:\/\/www.ntf.uni-lj.si\/igt\/o-nas\/institut\/storitve\/storitve-s-podrocja-tekstilstva\/\" \/>\n<meta property=\"og:site_name\" content=\"IGT\" \/>\n<script type=\"application\/ld+json\" class=\"yoast-schema-graph\">{\"@context\":\"https:\/\/schema.org\",\"@graph\":[{\"@type\":\"WebSite\",\"@id\":\"https:\/\/www.ntf.uni-lj.si\/igt\/#website\",\"url\":\"https:\/\/www.ntf.uni-lj.si\/igt\/\",\"name\":\"IGT\",\"description\":\"Katedra za informacijsko in grafi\\u010dno tehnologijo\",\"potentialAction\":[{\"@type\":\"SearchAction\",\"target\":{\"@type\":\"EntryPoint\",\"urlTemplate\":\"https:\/\/www.ntf.uni-lj.si\/igt\/?s={search_term_string}\"},\"query-input\":\"required name=search_term_string\"}],\"inLanguage\":\"en-US\"},{\"@type\":\"WebPage\",\"@id\":\"https:\/\/www.ntf.uni-lj.si\/igt\/o-nas\/institut\/storitve\/storitve-s-podrocja-tekstilstva\/#webpage\",\"url\":\"https:\/\/www.ntf.uni-lj.si\/igt\/o-nas\/institut\/storitve\/storitve-s-podrocja-tekstilstva\/\",\"name\":\"Storitve s podro\\u010dja tekstilstva - IGT\",\"isPartOf\":{\"@id\":\"https:\/\/www.ntf.uni-lj.si\/igt\/#website\"},\"datePublished\":\"2017-10-19T12:22:03+00:00\",\"dateModified\":\"2017-10-19T12:22:03+00:00\",\"description\":\"na\\u010drtovanje in simulacije tekstilij pletenje na ploskem votkovnem pletilniku vzor\\u010dno tkanje na elektronskem \\u017eakarskem stroju plemenitenje tekstilij nega\",\"breadcrumb\":{\"@id\":\"https:\/\/www.ntf.uni-lj.si\/igt\/o-nas\/institut\/storitve\/storitve-s-podrocja-tekstilstva\/#breadcrumb\"},\"inLanguage\":\"en-US\",\"potentialAction\":[{\"@type\":\"ReadAction\",\"target\":[\"https:\/\/www.ntf.uni-lj.si\/igt\/o-nas\/institut\/storitve\/storitve-s-podrocja-tekstilstva\/\"]}]},{\"@type\":\"BreadcrumbList\",\"@id\":\"https:\/\/www.ntf.uni-lj.si\/igt\/o-nas\/institut\/storitve\/storitve-s-podrocja-tekstilstva\/#breadcrumb\",\"itemListElement\":[{\"@type\":\"ListItem\",\"position\":1,\"name\":\"Home\",\"item\":\"https:\/\/www.ntf.uni-lj.si\/igt\/\"},{\"@type\":\"ListItem\",\"position\":2,\"name\":\"O nas\",\"item\":\"https:\/\/www.ntf.uni-lj.si\/igt\/o-nas\/\"},{\"@type\":\"ListItem\",\"position\":3,\"name\":\"In\\u0161titut (ITGTO)\",\"item\":\"https:\/\/www.ntf.uni-lj.si\/igt\/o-nas\/institut\/\"},{\"@type\":\"ListItem\",\"position\":4,\"name\":\"Storitve\",\"item\":\"https:\/\/www.ntf.uni-lj.si\/igt\/o-nas\/institut\/storitve\/\"},{\"@type\":\"ListItem\",\"position\":5,\"name\":\"Storitve s podro\\u010dja tekstilstva\"}]}]}<\/script>\n<!-- \/ Yoast SEO plugin. -->","yoast_head_json":{"description":"na\u010drtovanje in simulacije tekstilij pletenje na ploskem votkovnem pletilniku vzor\u010dno tkanje na elektronskem \u017eakarskem stroju plemenitenje tekstilij nega","robots":{"index":"index","follow":"follow","max-snippet":"max-snippet:-1","max-image-preview":"max-image-preview:large","max-video-preview":"max-video-preview:-1"},"canonical":"https:\/\/www.ntf.uni-lj.si\/igt\/o-nas\/institut\/storitve\/storitve-s-podrocja-tekstilstva\/","og_locale":"en_US","og_type":"article","og_title":"Storitve s podro\u010dja tekstilstva - IGT","og_description":"na\u010drtovanje in simulacije tekstilij pletenje na ploskem votkovnem pletilniku vzor\u010dno tkanje na elektronskem \u017eakarskem stroju plemenitenje tekstilij nega","og_url":"https:\/\/www.ntf.uni-lj.si\/igt\/o-nas\/institut\/storitve\/storitve-s-podrocja-tekstilstva\/","og_site_name":"IGT","schema":{"@context":"https:\/\/schema.org","@graph":[{"@type":"WebSite","@id":"https:\/\/www.ntf.uni-lj.si\/igt\/#website","url":"https:\/\/www.ntf.uni-lj.si\/igt\/","name":"IGT","description":"Katedra za informacijsko in grafi\u010dno tehnologijo","potentialAction":[{"@type":"SearchAction","target":{"@type":"EntryPoint","urlTemplate":"https:\/\/www.ntf.uni-lj.si\/igt\/?s={search_term_string}"},"query-input":"required name=search_term_string"}],"inLanguage":"en-US"},{"@type":"WebPage","@id":"https:\/\/www.ntf.uni-lj.si\/igt\/o-nas\/institut\/storitve\/storitve-s-podrocja-tekstilstva\/#webpage","url":"https:\/\/www.ntf.uni-lj.si\/igt\/o-nas\/institut\/storitve\/storitve-s-podrocja-tekstilstva\/","name":"Storitve s podro\u010dja tekstilstva - IGT","isPartOf":{"@id":"https:\/\/www.ntf.uni-lj.si\/igt\/#website"},"datePublished":"2017-10-19T12:22:03+00:00","dateModified":"2017-10-19T12:22:03+00:00","description":"na\u010drtovanje in simulacije tekstilij pletenje na ploskem votkovnem pletilniku vzor\u010dno tkanje na elektronskem \u017eakarskem stroju plemenitenje tekstilij nega","breadcrumb":{"@id":"https:\/\/www.ntf.uni-lj.si\/igt\/o-nas\/institut\/storitve\/storitve-s-podrocja-tekstilstva\/#breadcrumb"},"inLanguage":"en-US","potentialAction":[{"@type":"ReadAction","target":["https:\/\/www.ntf.uni-lj.si\/igt\/o-nas\/institut\/storitve\/storitve-s-podrocja-tekstilstva\/"]}]},{"@type":"BreadcrumbList","@id":"https:\/\/www.ntf.uni-lj.si\/igt\/o-nas\/institut\/storitve\/storitve-s-podrocja-tekstilstva\/#breadcrumb","itemListElement":[{"@type":"ListItem","position":1,"name":"Home","item":"https:\/\/www.ntf.uni-lj.si\/igt\/"},{"@type":"ListItem","position":2,"name":"O nas","item":"https:\/\/www.ntf.uni-lj.si\/igt\/o-nas\/"},{"@type":"ListItem","position":3,"name":"In\u0161titut (ITGTO)","item":"https:\/\/www.ntf.uni-lj.si\/igt\/o-nas\/institut\/"},{"@type":"ListItem","position":4,"name":"Storitve","item":"https:\/\/www.ntf.uni-lj.si\/igt\/o-nas\/institut\/storitve\/"},{"@type":"ListItem","position":5,"name":"Storitve s podro\u010dja tekstilstva"}]}]}},"_links":{"self":[{"href":"https:\/\/www.ntf.uni-lj.si\/igt\/wp-json\/wp\/v2\/pages\/14712"}],"collection":[{"href":"https:\/\/www.ntf.uni-lj.si\/igt\/wp-json\/wp\/v2\/pages"}],"about":[{"href":"https:\/\/www.ntf.uni-lj.si\/igt\/wp-json\/wp\/v2\/types\/page"}],"author":[{"embeddable":true,"href":"https:\/\/www.ntf.uni-lj.si\/igt\/wp-json\/wp\/v2\/users\/51"}],"replies":[{"embeddable":true,"href":"https:\/\/www.ntf.uni-lj.si\/igt\/wp-json\/wp\/v2\/comments?post=14712"}],"version-history":[{"count":1,"href":"https:\/\/www.ntf.uni-lj.si\/igt\/wp-json\/wp\/v2\/pages\/14712\/revisions"}],"predecessor-version":[{"id":14713,"href":"https:\/\/www.ntf.uni-lj.si\/igt\/wp-json\/wp\/v2\/pages\/14712\/revisions\/14713"}],"up":[{"embeddable":true,"href":"https:\/\/www.ntf.uni-lj.si\/igt\/wp-json\/wp\/v2\/pages\/9585"}],"wp:attachment":[{"href":"https:\/\/www.ntf.uni-lj.si\/igt\/wp-json\/wp\/v2\/media?parent=14712"}],"curies":[{"name":"wp","href":"https:\/\/api.w.org\/{rel}","templated":true}]}}