{"id":14714,"date":"2017-10-19T14:22:51","date_gmt":"2017-10-19T12:22:51","guid":{"rendered":"http:\/\/www.ntf.uni-lj.si\/igt\/?page_id=14714"},"modified":"2017-10-19T14:22:51","modified_gmt":"2017-10-19T12:22:51","slug":"storitve-s-podrocja-grafike","status":"publish","type":"page","link":"https:\/\/www.ntf.uni-lj.si\/igt\/o-nas\/institut\/storitve\/storitve-s-podrocja-grafike\/","title":{"rendered":"Storitve s podro\u010dja grafike"},"content":{"rendered":"<ul>\n<li>izdelava spletnih strani<\/li>\n<li>testiranje uporabni\u0161ke izku\u0161nje<\/li>\n<li>izdelava navadnih in termokromnih bro\u0161k<\/li>\n<li>tisk plakatov na razli\u010dnih materialih<\/li>\n<li>kalibracija in profiliranje zaslona in tiskalnika<\/li>\n<li>ogla\u0161evanje na LCD zaslonih<\/li>\n<li>3D skeniranje<\/li>\n<li>3D modeliranje<\/li>\n<li>3D tisk<\/li>\n<li>sitotisk na papir<\/li>\n<li>tampotisk<\/li>\n<li>grafi\u010dno oblikovanje<\/li>\n<li>fotografiranje<\/li>\n<li>najem fotografskega studia<\/li>\n<li>snemanje promocijskega videa<\/li>\n<li>video, produkcija in postprodukcija<\/li>\n<li>snemanje videa iz zraka<\/li>\n<\/ul>\n","protected":false},"excerpt":{"rendered":"izdelava spletnih strani testiranje uporabni\u0161ke izku\u0161nje izdelava navadnih in termokromnih bro\u0161k tisk plakatov na razli\u010dnih materialih kalibracija in profiliranje zaslona in tiskalnika ogla\u0161evanje na LCD zaslonih 3D skeniranje 3D modeliranje 3D tisk sitotisk na papir tampotisk grafi\u010dno oblikovanje fotografiranje najem fotografskega studia snemanje promocijskega videa video, produkcija in postprodukcija snemanje videa iz zraka","protected":false},"author":51,"featured_media":0,"parent":9585,"menu_order":0,"comment_status":"closed","ping_status":"closed","template":"","meta":[],"acf":[],"yoast_head":"<!-- This site is optimized with the Yoast SEO plugin v17.0 - https:\/\/yoast.com\/wordpress\/plugins\/seo\/ -->\n<meta name=\"description\" content=\"izdelava spletnih strani testiranje uporabni\u0161ke izku\u0161nje izdelava navadnih in termokromnih bro\u0161k tisk plakatov na razli\u010dnih materialih kalibracija in\" \/>\n<meta name=\"robots\" content=\"index, follow, max-snippet:-1, max-image-preview:large, max-video-preview:-1\" \/>\n<link rel=\"canonical\" href=\"https:\/\/www.ntf.uni-lj.si\/igt\/o-nas\/institut\/storitve\/storitve-s-podrocja-grafike\/\" \/>\n<meta property=\"og:locale\" content=\"en_US\" \/>\n<meta property=\"og:type\" content=\"article\" \/>\n<meta property=\"og:title\" content=\"Storitve s podro\u010dja grafike - IGT\" \/>\n<meta property=\"og:description\" content=\"izdelava spletnih strani testiranje uporabni\u0161ke izku\u0161nje izdelava navadnih in termokromnih bro\u0161k tisk plakatov na razli\u010dnih materialih kalibracija in\" \/>\n<meta property=\"og:url\" content=\"https:\/\/www.ntf.uni-lj.si\/igt\/o-nas\/institut\/storitve\/storitve-s-podrocja-grafike\/\" \/>\n<meta property=\"og:site_name\" content=\"IGT\" \/>\n<script type=\"application\/ld+json\" class=\"yoast-schema-graph\">{\"@context\":\"https:\/\/schema.org\",\"@graph\":[{\"@type\":\"WebSite\",\"@id\":\"https:\/\/www.ntf.uni-lj.si\/igt\/#website\",\"url\":\"https:\/\/www.ntf.uni-lj.si\/igt\/\",\"name\":\"IGT\",\"description\":\"Katedra za informacijsko in grafi\\u010dno tehnologijo\",\"potentialAction\":[{\"@type\":\"SearchAction\",\"target\":{\"@type\":\"EntryPoint\",\"urlTemplate\":\"https:\/\/www.ntf.uni-lj.si\/igt\/?s={search_term_string}\"},\"query-input\":\"required name=search_term_string\"}],\"inLanguage\":\"en-US\"},{\"@type\":\"WebPage\",\"@id\":\"https:\/\/www.ntf.uni-lj.si\/igt\/o-nas\/institut\/storitve\/storitve-s-podrocja-grafike\/#webpage\",\"url\":\"https:\/\/www.ntf.uni-lj.si\/igt\/o-nas\/institut\/storitve\/storitve-s-podrocja-grafike\/\",\"name\":\"Storitve s podro\\u010dja grafike - IGT\",\"isPartOf\":{\"@id\":\"https:\/\/www.ntf.uni-lj.si\/igt\/#website\"},\"datePublished\":\"2017-10-19T12:22:51+00:00\",\"dateModified\":\"2017-10-19T12:22:51+00:00\",\"description\":\"izdelava spletnih strani testiranje uporabni\\u0161ke izku\\u0161nje izdelava navadnih in termokromnih bro\\u0161k tisk plakatov na razli\\u010dnih materialih kalibracija in\",\"breadcrumb\":{\"@id\":\"https:\/\/www.ntf.uni-lj.si\/igt\/o-nas\/institut\/storitve\/storitve-s-podrocja-grafike\/#breadcrumb\"},\"inLanguage\":\"en-US\",\"potentialAction\":[{\"@type\":\"ReadAction\",\"target\":[\"https:\/\/www.ntf.uni-lj.si\/igt\/o-nas\/institut\/storitve\/storitve-s-podrocja-grafike\/\"]}]},{\"@type\":\"BreadcrumbList\",\"@id\":\"https:\/\/www.ntf.uni-lj.si\/igt\/o-nas\/institut\/storitve\/storitve-s-podrocja-grafike\/#breadcrumb\",\"itemListElement\":[{\"@type\":\"ListItem\",\"position\":1,\"name\":\"Home\",\"item\":\"https:\/\/www.ntf.uni-lj.si\/igt\/\"},{\"@type\":\"ListItem\",\"position\":2,\"name\":\"O nas\",\"item\":\"https:\/\/www.ntf.uni-lj.si\/igt\/o-nas\/\"},{\"@type\":\"ListItem\",\"position\":3,\"name\":\"In\\u0161titut (ITGTO)\",\"item\":\"https:\/\/www.ntf.uni-lj.si\/igt\/o-nas\/institut\/\"},{\"@type\":\"ListItem\",\"position\":4,\"name\":\"Storitve\",\"item\":\"https:\/\/www.ntf.uni-lj.si\/igt\/o-nas\/institut\/storitve\/\"},{\"@type\":\"ListItem\",\"position\":5,\"name\":\"Storitve s podro\\u010dja grafike\"}]}]}<\/script>\n<!-- \/ Yoast SEO plugin. -->","yoast_head_json":{"description":"izdelava spletnih strani testiranje uporabni\u0161ke izku\u0161nje izdelava navadnih in termokromnih bro\u0161k tisk plakatov na razli\u010dnih materialih kalibracija in","robots":{"index":"index","follow":"follow","max-snippet":"max-snippet:-1","max-image-preview":"max-image-preview:large","max-video-preview":"max-video-preview:-1"},"canonical":"https:\/\/www.ntf.uni-lj.si\/igt\/o-nas\/institut\/storitve\/storitve-s-podrocja-grafike\/","og_locale":"en_US","og_type":"article","og_title":"Storitve s podro\u010dja grafike - IGT","og_description":"izdelava spletnih strani testiranje uporabni\u0161ke izku\u0161nje izdelava navadnih in termokromnih bro\u0161k tisk plakatov na razli\u010dnih materialih kalibracija in","og_url":"https:\/\/www.ntf.uni-lj.si\/igt\/o-nas\/institut\/storitve\/storitve-s-podrocja-grafike\/","og_site_name":"IGT","schema":{"@context":"https:\/\/schema.org","@graph":[{"@type":"WebSite","@id":"https:\/\/www.ntf.uni-lj.si\/igt\/#website","url":"https:\/\/www.ntf.uni-lj.si\/igt\/","name":"IGT","description":"Katedra za informacijsko in grafi\u010dno tehnologijo","potentialAction":[{"@type":"SearchAction","target":{"@type":"EntryPoint","urlTemplate":"https:\/\/www.ntf.uni-lj.si\/igt\/?s={search_term_string}"},"query-input":"required name=search_term_string"}],"inLanguage":"en-US"},{"@type":"WebPage","@id":"https:\/\/www.ntf.uni-lj.si\/igt\/o-nas\/institut\/storitve\/storitve-s-podrocja-grafike\/#webpage","url":"https:\/\/www.ntf.uni-lj.si\/igt\/o-nas\/institut\/storitve\/storitve-s-podrocja-grafike\/","name":"Storitve s podro\u010dja grafike - IGT","isPartOf":{"@id":"https:\/\/www.ntf.uni-lj.si\/igt\/#website"},"datePublished":"2017-10-19T12:22:51+00:00","dateModified":"2017-10-19T12:22:51+00:00","description":"izdelava spletnih strani testiranje uporabni\u0161ke izku\u0161nje izdelava navadnih in termokromnih bro\u0161k tisk plakatov na razli\u010dnih materialih kalibracija in","breadcrumb":{"@id":"https:\/\/www.ntf.uni-lj.si\/igt\/o-nas\/institut\/storitve\/storitve-s-podrocja-grafike\/#breadcrumb"},"inLanguage":"en-US","potentialAction":[{"@type":"ReadAction","target":["https:\/\/www.ntf.uni-lj.si\/igt\/o-nas\/institut\/storitve\/storitve-s-podrocja-grafike\/"]}]},{"@type":"BreadcrumbList","@id":"https:\/\/www.ntf.uni-lj.si\/igt\/o-nas\/institut\/storitve\/storitve-s-podrocja-grafike\/#breadcrumb","itemListElement":[{"@type":"ListItem","position":1,"name":"Home","item":"https:\/\/www.ntf.uni-lj.si\/igt\/"},{"@type":"ListItem","position":2,"name":"O nas","item":"https:\/\/www.ntf.uni-lj.si\/igt\/o-nas\/"},{"@type":"ListItem","position":3,"name":"In\u0161titut (ITGTO)","item":"https:\/\/www.ntf.uni-lj.si\/igt\/o-nas\/institut\/"},{"@type":"ListItem","position":4,"name":"Storitve","item":"https:\/\/www.ntf.uni-lj.si\/igt\/o-nas\/institut\/storitve\/"},{"@type":"ListItem","position":5,"name":"Storitve s podro\u010dja grafike"}]}]}},"_links":{"self":[{"href":"https:\/\/www.ntf.uni-lj.si\/igt\/wp-json\/wp\/v2\/pages\/14714"}],"collection":[{"href":"https:\/\/www.ntf.uni-lj.si\/igt\/wp-json\/wp\/v2\/pages"}],"about":[{"href":"https:\/\/www.ntf.uni-lj.si\/igt\/wp-json\/wp\/v2\/types\/page"}],"author":[{"embeddable":true,"href":"https:\/\/www.ntf.uni-lj.si\/igt\/wp-json\/wp\/v2\/users\/51"}],"replies":[{"embeddable":true,"href":"https:\/\/www.ntf.uni-lj.si\/igt\/wp-json\/wp\/v2\/comments?post=14714"}],"version-history":[{"count":1,"href":"https:\/\/www.ntf.uni-lj.si\/igt\/wp-json\/wp\/v2\/pages\/14714\/revisions"}],"predecessor-version":[{"id":14715,"href":"https:\/\/www.ntf.uni-lj.si\/igt\/wp-json\/wp\/v2\/pages\/14714\/revisions\/14715"}],"up":[{"embeddable":true,"href":"https:\/\/www.ntf.uni-lj.si\/igt\/wp-json\/wp\/v2\/pages\/9585"}],"wp:attachment":[{"href":"https:\/\/www.ntf.uni-lj.si\/igt\/wp-json\/wp\/v2\/media?parent=14714"}],"curies":[{"name":"wp","href":"https:\/\/api.w.org\/{rel}","templated":true}]}}