{"id":1498,"date":"2015-03-16T13:24:38","date_gmt":"2015-03-16T12:24:38","guid":{"rendered":"http:\/\/www.ntf.uni-lj.si\/igt\/?page_id=1498"},"modified":"2026-04-21T11:29:20","modified_gmt":"2026-04-21T09:29:20","slug":"gmt","status":"publish","type":"page","link":"https:\/\/www.ntf.uni-lj.si\/igt\/referat\/prakticno-usposabljanje\/gmt\/","title":{"rendered":"Prakti\u010dno usposabljanje &#8211; GMT"},"content":{"rendered":"<p>Prakti\u010dno usposabljanje \u0161tudentov <strong>Grafi\u010dne in medijske tehnike<\/strong> se izvaja v <strong>5. semestru \u0161tudija<\/strong> v obsegu <strong>15 delovnih tednov (600 delovnih ur)<\/strong>.<\/p>\n<p>\u0160tudenti se lahko usposabljajo v manj\u0161ih in ve\u010djih podjetjih: oblikovalski studiji, ogla\u0161evalske agencije, medijske in televizijske hi\u0161e, podjetja z oblikovalsko usmerjenimi oddelki, grafi\u010dna tehnolo\u0161ka podjetja, papirno-pridelovalna industrija, embala\u017ena podjetja, tiskarstvo, projektantska in arhitekturna podjetja, podjetja s podro\u010dja 3D tehnologij kot tudi v izobra\u017eevalnih ustanovah, raziskovalnih in\u0161titutih s podro\u010dja grafi\u010dne dejavnosti in dr\u017eavni upravi.<\/p>\n<p>V primeru <strong>redno zaposlenih \u0161tudentov izrednega \u0161tudija <\/strong>so navodila za izvedbo predmeta predstavljena<strong><a href=\"https:\/\/www.ntf.uni-lj.si\/igt\/wp-content\/uploads\/sites\/8\/2026\/04\/Navodila-za-izvajanje-prakse-_GMT-I-zaposleni-2026-27.pdf\"> tukaj<\/a>.<\/strong><\/p>\n","protected":false},"excerpt":{"rendered":"Prakti\u010dno usposabljanje \u0161tudentov Grafi\u010dne in medijske tehnike se izvaja v 5. semestru \u0161tudija v obsegu 15 delovnih tednov (600 delovnih ur). \u0160tudenti se lahko usposabljajo v manj\u0161ih in ve\u010djih podjetjih: oblikovalski studiji, ogla\u0161evalske agencije, medijske in televizijske hi\u0161e, podjetja z oblikovalsko usmerjenimi oddelki, grafi\u010dna tehnolo\u0161ka podjetja, papirno-pridelovalna industrija, embala\u017ena podjetja, tiskarstvo, projektantska in arhitekturna podjetja, &#8230; <a class=\"view-article\" href=\"https:\/\/www.ntf.uni-lj.si\/igt\/referat\/prakticno-usposabljanje\/gmt\/\">Read more<\/a>","protected":false},"author":22,"featured_media":0,"parent":345,"menu_order":70,"comment_status":"closed","ping_status":"closed","template":"","meta":[],"acf":[],"yoast_head":"<!-- This site is optimized with the Yoast SEO plugin v17.0 - https:\/\/yoast.com\/wordpress\/plugins\/seo\/ -->\n<meta name=\"description\" content=\"Prakti\u010dno usposabljanje \u0161tudentov Grafi\u010dne in medijske tehnike se izvaja v 5. semestru \u0161tudija v obsegu 15 delovnih tednov (600 delovnih ur). \u0160tudenti se\" \/>\n<meta name=\"robots\" content=\"index, follow, max-snippet:-1, max-image-preview:large, max-video-preview:-1\" \/>\n<link rel=\"canonical\" href=\"https:\/\/www.ntf.uni-lj.si\/igt\/referat\/prakticno-usposabljanje\/gmt\/\" \/>\n<meta property=\"og:locale\" content=\"en_US\" \/>\n<meta property=\"og:type\" content=\"article\" \/>\n<meta property=\"og:title\" content=\"Prakti\u010dno usposabljanje - GMT - IGT\" \/>\n<meta property=\"og:description\" content=\"Prakti\u010dno usposabljanje \u0161tudentov Grafi\u010dne in medijske tehnike se izvaja v 5. semestru \u0161tudija v obsegu 15 delovnih tednov (600 delovnih ur). \u0160tudenti se\" \/>\n<meta property=\"og:url\" content=\"https:\/\/www.ntf.uni-lj.si\/igt\/referat\/prakticno-usposabljanje\/gmt\/\" \/>\n<meta property=\"og:site_name\" content=\"IGT\" \/>\n<meta property=\"article:modified_time\" content=\"2026-04-21T09:29:20+00:00\" \/>\n<meta name=\"twitter:label1\" content=\"Est. reading time\" \/>\n\t<meta name=\"twitter:data1\" content=\"1 minute\" \/>\n<script type=\"application\/ld+json\" class=\"yoast-schema-graph\">{\"@context\":\"https:\/\/schema.org\",\"@graph\":[{\"@type\":\"WebSite\",\"@id\":\"https:\/\/www.ntf.uni-lj.si\/igt\/#website\",\"url\":\"https:\/\/www.ntf.uni-lj.si\/igt\/\",\"name\":\"IGT\",\"description\":\"Katedra za informacijsko in grafi\\u010dno tehnologijo\",\"potentialAction\":[{\"@type\":\"SearchAction\",\"target\":{\"@type\":\"EntryPoint\",\"urlTemplate\":\"https:\/\/www.ntf.uni-lj.si\/igt\/?s={search_term_string}\"},\"query-input\":\"required name=search_term_string\"}],\"inLanguage\":\"en-US\"},{\"@type\":\"WebPage\",\"@id\":\"https:\/\/www.ntf.uni-lj.si\/igt\/referat\/prakticno-usposabljanje\/gmt\/#webpage\",\"url\":\"https:\/\/www.ntf.uni-lj.si\/igt\/referat\/prakticno-usposabljanje\/gmt\/\",\"name\":\"Prakti\\u010dno usposabljanje - GMT - IGT\",\"isPartOf\":{\"@id\":\"https:\/\/www.ntf.uni-lj.si\/igt\/#website\"},\"datePublished\":\"2015-03-16T12:24:38+00:00\",\"dateModified\":\"2026-04-21T09:29:20+00:00\",\"description\":\"Prakti\\u010dno usposabljanje \\u0161tudentov Grafi\\u010dne in medijske tehnike se izvaja v 5. semestru \\u0161tudija v obsegu 15 delovnih tednov (600 delovnih ur). \\u0160tudenti se\",\"breadcrumb\":{\"@id\":\"https:\/\/www.ntf.uni-lj.si\/igt\/referat\/prakticno-usposabljanje\/gmt\/#breadcrumb\"},\"inLanguage\":\"en-US\",\"potentialAction\":[{\"@type\":\"ReadAction\",\"target\":[\"https:\/\/www.ntf.uni-lj.si\/igt\/referat\/prakticno-usposabljanje\/gmt\/\"]}]},{\"@type\":\"BreadcrumbList\",\"@id\":\"https:\/\/www.ntf.uni-lj.si\/igt\/referat\/prakticno-usposabljanje\/gmt\/#breadcrumb\",\"itemListElement\":[{\"@type\":\"ListItem\",\"position\":1,\"name\":\"Home\",\"item\":\"https:\/\/www.ntf.uni-lj.si\/igt\/\"},{\"@type\":\"ListItem\",\"position\":2,\"name\":\"Referat\",\"item\":\"https:\/\/www.ntf.uni-lj.si\/igt\/referat\/\"},{\"@type\":\"ListItem\",\"position\":3,\"name\":\"Prakti\\u010dno usposabljanje\",\"item\":\"https:\/\/www.ntf.uni-lj.si\/igt\/referat\/prakticno-usposabljanje\/\"},{\"@type\":\"ListItem\",\"position\":4,\"name\":\"Prakti\\u010dno usposabljanje - GMT\"}]}]}<\/script>\n<!-- \/ Yoast SEO plugin. -->","yoast_head_json":{"description":"Prakti\u010dno usposabljanje \u0161tudentov Grafi\u010dne in medijske tehnike se izvaja v 5. semestru \u0161tudija v obsegu 15 delovnih tednov (600 delovnih ur). \u0160tudenti se","robots":{"index":"index","follow":"follow","max-snippet":"max-snippet:-1","max-image-preview":"max-image-preview:large","max-video-preview":"max-video-preview:-1"},"canonical":"https:\/\/www.ntf.uni-lj.si\/igt\/referat\/prakticno-usposabljanje\/gmt\/","og_locale":"en_US","og_type":"article","og_title":"Prakti\u010dno usposabljanje - GMT - IGT","og_description":"Prakti\u010dno usposabljanje \u0161tudentov Grafi\u010dne in medijske tehnike se izvaja v 5. semestru \u0161tudija v obsegu 15 delovnih tednov (600 delovnih ur). \u0160tudenti se","og_url":"https:\/\/www.ntf.uni-lj.si\/igt\/referat\/prakticno-usposabljanje\/gmt\/","og_site_name":"IGT","article_modified_time":"2026-04-21T09:29:20+00:00","twitter_misc":{"Est. reading time":"1 minute"},"schema":{"@context":"https:\/\/schema.org","@graph":[{"@type":"WebSite","@id":"https:\/\/www.ntf.uni-lj.si\/igt\/#website","url":"https:\/\/www.ntf.uni-lj.si\/igt\/","name":"IGT","description":"Katedra za informacijsko in grafi\u010dno tehnologijo","potentialAction":[{"@type":"SearchAction","target":{"@type":"EntryPoint","urlTemplate":"https:\/\/www.ntf.uni-lj.si\/igt\/?s={search_term_string}"},"query-input":"required name=search_term_string"}],"inLanguage":"en-US"},{"@type":"WebPage","@id":"https:\/\/www.ntf.uni-lj.si\/igt\/referat\/prakticno-usposabljanje\/gmt\/#webpage","url":"https:\/\/www.ntf.uni-lj.si\/igt\/referat\/prakticno-usposabljanje\/gmt\/","name":"Prakti\u010dno usposabljanje - GMT - IGT","isPartOf":{"@id":"https:\/\/www.ntf.uni-lj.si\/igt\/#website"},"datePublished":"2015-03-16T12:24:38+00:00","dateModified":"2026-04-21T09:29:20+00:00","description":"Prakti\u010dno usposabljanje \u0161tudentov Grafi\u010dne in medijske tehnike se izvaja v 5. semestru \u0161tudija v obsegu 15 delovnih tednov (600 delovnih ur). \u0160tudenti se","breadcrumb":{"@id":"https:\/\/www.ntf.uni-lj.si\/igt\/referat\/prakticno-usposabljanje\/gmt\/#breadcrumb"},"inLanguage":"en-US","potentialAction":[{"@type":"ReadAction","target":["https:\/\/www.ntf.uni-lj.si\/igt\/referat\/prakticno-usposabljanje\/gmt\/"]}]},{"@type":"BreadcrumbList","@id":"https:\/\/www.ntf.uni-lj.si\/igt\/referat\/prakticno-usposabljanje\/gmt\/#breadcrumb","itemListElement":[{"@type":"ListItem","position":1,"name":"Home","item":"https:\/\/www.ntf.uni-lj.si\/igt\/"},{"@type":"ListItem","position":2,"name":"Referat","item":"https:\/\/www.ntf.uni-lj.si\/igt\/referat\/"},{"@type":"ListItem","position":3,"name":"Prakti\u010dno usposabljanje","item":"https:\/\/www.ntf.uni-lj.si\/igt\/referat\/prakticno-usposabljanje\/"},{"@type":"ListItem","position":4,"name":"Prakti\u010dno usposabljanje - GMT"}]}]}},"_links":{"self":[{"href":"https:\/\/www.ntf.uni-lj.si\/igt\/wp-json\/wp\/v2\/pages\/1498"}],"collection":[{"href":"https:\/\/www.ntf.uni-lj.si\/igt\/wp-json\/wp\/v2\/pages"}],"about":[{"href":"https:\/\/www.ntf.uni-lj.si\/igt\/wp-json\/wp\/v2\/types\/page"}],"author":[{"embeddable":true,"href":"https:\/\/www.ntf.uni-lj.si\/igt\/wp-json\/wp\/v2\/users\/22"}],"replies":[{"embeddable":true,"href":"https:\/\/www.ntf.uni-lj.si\/igt\/wp-json\/wp\/v2\/comments?post=1498"}],"version-history":[{"count":97,"href":"https:\/\/www.ntf.uni-lj.si\/igt\/wp-json\/wp\/v2\/pages\/1498\/revisions"}],"predecessor-version":[{"id":38492,"href":"https:\/\/www.ntf.uni-lj.si\/igt\/wp-json\/wp\/v2\/pages\/1498\/revisions\/38492"}],"up":[{"embeddable":true,"href":"https:\/\/www.ntf.uni-lj.si\/igt\/wp-json\/wp\/v2\/pages\/345"}],"wp:attachment":[{"href":"https:\/\/www.ntf.uni-lj.si\/igt\/wp-json\/wp\/v2\/media?parent=1498"}],"curies":[{"name":"wp","href":"https:\/\/api.w.org\/{rel}","templated":true}]}}