{"id":1555,"date":"2015-03-16T14:13:29","date_gmt":"2015-03-16T13:13:29","guid":{"rendered":"http:\/\/www.ntf.uni-lj.si\/igt\/?page_id=1555"},"modified":"2023-02-23T10:51:51","modified_gmt":"2023-02-23T09:51:51","slug":"splosne-informacije","status":"publish","type":"page","link":"https:\/\/www.ntf.uni-lj.si\/igt\/studij\/1-stopnja\/graficne-in-interaktivne-komunikacije\/splosne-informacije\/","title":{"rendered":"Splo\u0161ne informacije"},"content":{"rendered":"<h2>GRAFI\u010cNE IN INTERAKTIVNE KOMUNIKACIJE<\/h2>\n<p><strong>Stopnja in vrsta \u0161tudijskega programa:<\/strong> Dodiplomski \u2013 univerzitetni<br \/>\n<strong>Trajanje:<\/strong> 3 leta (6 semestrov), skupaj 180 kreditnih to\u010dk po sistemu ECTS<br \/>\n<strong>Naziv:<\/strong> Diplomant grafi\u010dnih komunikacij (UN) (dipl. graf. kom. (UN))<br \/>\n<strong>\u0160tudijsko podro\u010dje po Iscedovi klasifikaciji:<\/strong> (21) Umetnost<br \/>\n<strong>Razvrstitev \u0161tudijskega programa po KLASIUS-P<\/strong>: (2130) Avdiovizualne tehnike in (multi)medijska proizvodnja (podrobneje neopredeljeno)<br \/>\n<strong>Razvrstitev \u0161tudijskega programa po KLASIUS-SRV:<\/strong> (16204) Visoko\u0161olsko univerzitetno izobra\u017eevanje (prva bolonjska stopnja)<br \/>\n<strong>Znanstvene raziskovalne discipline po Frascatijevi klasifikaciji:<\/strong> Tehni\u0161ke vede<\/p>\n<div style=\"height:10px; width:100%;\"><\/div>\n<h2>Temeljni cilji in kompetence<\/h2>\n<p><em>Kompetence predstavljajo izkazan sklop znanja, ve\u0161\u010din, sposobnosti in tudi osebnostnih lastnosti, vrednot, motivacije, samopodobe, \u010dustev, vzorcev razmi\u0161ljanja ipd. Pomenijo, da imate znanje in razumevanje, zmo\u017enosti in ve\u0161\u010dine za izvedbo, obenem ste motivirani , da nekaj dejansko naredite. Kompetence se ka\u017eejo v uspe\u0161no opravljenem delu glede na postavljene zahteve oziroma celo omogo\u010dajo nadpovpre\u010dno delovanje. Opaziti jih je mogo\u010de \u0161ele pri va\u0161em ravnanju v razli\u010dnih delovnih in tudi \u017eivljenjskih situacijah. (Vir in ve\u010d o tem, kaj kompetence so, najdete na <a href=\"https:\/\/esvetovanje.ess.gov.si\/KajZnam\/KajSoKompetence\/\">povezavi<\/a>.)<\/em><\/p>\n<p>Temeljni cilj univerzitetnega \u0161tudijskega programa Grafi\u010dne in interaktivne komunikacije je usposobiti strokovnjaka, ki bo sposoben voditi tehnolo\u0161ko najzahtevnej\u0161e procese v grafi\u010dni in medijski dejavnosti ter na podro\u010dju interaktivnih komunikacij in mu hkrati dati ustrezno temeljno naravoslovno in strokovno znanje za nadaljevanje izobra\u017eevanja na drugi stopnji. Poleg znanja s podro\u010dja grafi\u010dnih, medijskih in interaktivnih komunikacij diplomant z izbranim znanjem iz matematike, fizike in kemije razvije sposobnost naravoslovnega mi\u0161ljenja.<\/p>\n<p>Diplomant programa Grafi\u010dne in interaktivne komunikacije pozna lastnosti grafi\u010dnih in drugih materialov, ki se uporabljajo pri na\u010drtovanju in izdelavi grafi\u010dnih izdelkov. Obvlada osnove likovnega jezika, tehnike likovnega izra\u017eanja ter na\u010dine interpretacije in oblikovanja likovne zasnove izdelkov. Pozna mo\u017enosti tehnolo\u0161ke realizacije grafi\u010dno oblikovanih idej. Zna re\u0161evati ekolo\u0161ke probleme v grafi\u010dni industriji in je sposoben ustvarjanja novih idej. Uporablja tehnike medosebne komunikacije, pogajanja, timskega dela, vodenja in ustvarjalnega mi\u0161ljenja.<\/p>\n<div style=\"height:10px; width:100%;\"><\/div>\n<h2>Kompeten\u010dni profil diplomanta<\/h2>\n","protected":false},"excerpt":{"rendered":"GRAFI\u010cNE IN INTERAKTIVNE KOMUNIKACIJE Stopnja in vrsta \u0161tudijskega programa: Dodiplomski \u2013 univerzitetni Trajanje: 3 leta (6 semestrov), skupaj 180 kreditnih to\u010dk po sistemu ECTS Naziv: Diplomant grafi\u010dnih komunikacij (UN) (dipl. graf. kom. (UN)) \u0160tudijsko podro\u010dje po Iscedovi klasifikaciji: (21) Umetnost Razvrstitev \u0161tudijskega programa po KLASIUS-P: (2130) Avdiovizualne tehnike in (multi)medijska proizvodnja (podrobneje neopredeljeno) Razvrstitev \u0161tudijskega &#8230; <a class=\"view-article\" href=\"https:\/\/www.ntf.uni-lj.si\/igt\/studij\/1-stopnja\/graficne-in-interaktivne-komunikacije\/splosne-informacije\/\">Read more<\/a>","protected":false},"author":22,"featured_media":0,"parent":1527,"menu_order":10,"comment_status":"closed","ping_status":"closed","template":"","meta":[],"acf":[],"yoast_head":"<!-- This site is optimized with the Yoast SEO plugin v17.0 - https:\/\/yoast.com\/wordpress\/plugins\/seo\/ -->\n<meta name=\"description\" content=\"GRAFI\u010cNE IN INTERAKTIVNE KOMUNIKACIJE Stopnja in vrsta \u0161tudijskega programa: Dodiplomski \u2013 univerzitetni Trajanje: 3 leta (6 semestrov), skupaj 180\" \/>\n<meta name=\"robots\" content=\"index, follow, max-snippet:-1, max-image-preview:large, max-video-preview:-1\" \/>\n<link rel=\"canonical\" href=\"https:\/\/www.ntf.uni-lj.si\/igt\/studij\/1-stopnja\/graficne-in-interaktivne-komunikacije\/splosne-informacije\/\" \/>\n<meta property=\"og:locale\" content=\"en_US\" \/>\n<meta property=\"og:type\" content=\"article\" \/>\n<meta property=\"og:title\" content=\"Splo\u0161ne informacije - IGT\" \/>\n<meta property=\"og:description\" content=\"GRAFI\u010cNE IN INTERAKTIVNE KOMUNIKACIJE Stopnja in vrsta \u0161tudijskega programa: Dodiplomski \u2013 univerzitetni Trajanje: 3 leta (6 semestrov), skupaj 180\" \/>\n<meta property=\"og:url\" content=\"https:\/\/www.ntf.uni-lj.si\/igt\/studij\/1-stopnja\/graficne-in-interaktivne-komunikacije\/splosne-informacije\/\" \/>\n<meta property=\"og:site_name\" content=\"IGT\" \/>\n<meta property=\"article:modified_time\" content=\"2023-02-23T09:51:51+00:00\" \/>\n<meta name=\"twitter:label1\" content=\"Est. reading time\" \/>\n\t<meta name=\"twitter:data1\" content=\"2 minutes\" \/>\n<script type=\"application\/ld+json\" class=\"yoast-schema-graph\">{\"@context\":\"https:\/\/schema.org\",\"@graph\":[{\"@type\":\"WebSite\",\"@id\":\"https:\/\/www.ntf.uni-lj.si\/igt\/#website\",\"url\":\"https:\/\/www.ntf.uni-lj.si\/igt\/\",\"name\":\"IGT\",\"description\":\"Katedra za informacijsko in grafi\\u010dno tehnologijo\",\"potentialAction\":[{\"@type\":\"SearchAction\",\"target\":{\"@type\":\"EntryPoint\",\"urlTemplate\":\"https:\/\/www.ntf.uni-lj.si\/igt\/?s={search_term_string}\"},\"query-input\":\"required name=search_term_string\"}],\"inLanguage\":\"en-US\"},{\"@type\":\"WebPage\",\"@id\":\"https:\/\/www.ntf.uni-lj.si\/igt\/studij\/1-stopnja\/graficne-in-interaktivne-komunikacije\/splosne-informacije\/#webpage\",\"url\":\"https:\/\/www.ntf.uni-lj.si\/igt\/studij\/1-stopnja\/graficne-in-interaktivne-komunikacije\/splosne-informacije\/\",\"name\":\"Splo\\u0161ne informacije - IGT\",\"isPartOf\":{\"@id\":\"https:\/\/www.ntf.uni-lj.si\/igt\/#website\"},\"datePublished\":\"2015-03-16T13:13:29+00:00\",\"dateModified\":\"2023-02-23T09:51:51+00:00\",\"description\":\"GRAFI\\u010cNE IN INTERAKTIVNE KOMUNIKACIJE Stopnja in vrsta \\u0161tudijskega programa: Dodiplomski \\u2013 univerzitetni Trajanje: 3 leta (6 semestrov), skupaj 180\",\"breadcrumb\":{\"@id\":\"https:\/\/www.ntf.uni-lj.si\/igt\/studij\/1-stopnja\/graficne-in-interaktivne-komunikacije\/splosne-informacije\/#breadcrumb\"},\"inLanguage\":\"en-US\",\"potentialAction\":[{\"@type\":\"ReadAction\",\"target\":[\"https:\/\/www.ntf.uni-lj.si\/igt\/studij\/1-stopnja\/graficne-in-interaktivne-komunikacije\/splosne-informacije\/\"]}]},{\"@type\":\"BreadcrumbList\",\"@id\":\"https:\/\/www.ntf.uni-lj.si\/igt\/studij\/1-stopnja\/graficne-in-interaktivne-komunikacije\/splosne-informacije\/#breadcrumb\",\"itemListElement\":[{\"@type\":\"ListItem\",\"position\":1,\"name\":\"Home\",\"item\":\"https:\/\/www.ntf.uni-lj.si\/igt\/\"},{\"@type\":\"ListItem\",\"position\":2,\"name\":\"\\u0160tudij\",\"item\":\"https:\/\/www.ntf.uni-lj.si\/igt\/studij\/\"},{\"@type\":\"ListItem\",\"position\":3,\"name\":\"1. stopnja\",\"item\":\"https:\/\/www.ntf.uni-lj.si\/igt\/studij\/1-stopnja\/\"},{\"@type\":\"ListItem\",\"position\":4,\"name\":\"Grafi\\u010dne in interaktivne komunikacije (UN)\",\"item\":\"https:\/\/www.ntf.uni-lj.si\/igt\/studij\/1-stopnja\/graficne-in-interaktivne-komunikacije\/\"},{\"@type\":\"ListItem\",\"position\":5,\"name\":\"Splo\\u0161ne informacije\"}]}]}<\/script>\n<!-- \/ Yoast SEO plugin. -->","yoast_head_json":{"description":"GRAFI\u010cNE IN INTERAKTIVNE KOMUNIKACIJE Stopnja in vrsta \u0161tudijskega programa: Dodiplomski \u2013 univerzitetni Trajanje: 3 leta (6 semestrov), skupaj 180","robots":{"index":"index","follow":"follow","max-snippet":"max-snippet:-1","max-image-preview":"max-image-preview:large","max-video-preview":"max-video-preview:-1"},"canonical":"https:\/\/www.ntf.uni-lj.si\/igt\/studij\/1-stopnja\/graficne-in-interaktivne-komunikacije\/splosne-informacije\/","og_locale":"en_US","og_type":"article","og_title":"Splo\u0161ne informacije - IGT","og_description":"GRAFI\u010cNE IN INTERAKTIVNE KOMUNIKACIJE Stopnja in vrsta \u0161tudijskega programa: Dodiplomski \u2013 univerzitetni Trajanje: 3 leta (6 semestrov), skupaj 180","og_url":"https:\/\/www.ntf.uni-lj.si\/igt\/studij\/1-stopnja\/graficne-in-interaktivne-komunikacije\/splosne-informacije\/","og_site_name":"IGT","article_modified_time":"2023-02-23T09:51:51+00:00","twitter_misc":{"Est. reading time":"2 minutes"},"schema":{"@context":"https:\/\/schema.org","@graph":[{"@type":"WebSite","@id":"https:\/\/www.ntf.uni-lj.si\/igt\/#website","url":"https:\/\/www.ntf.uni-lj.si\/igt\/","name":"IGT","description":"Katedra za informacijsko in grafi\u010dno tehnologijo","potentialAction":[{"@type":"SearchAction","target":{"@type":"EntryPoint","urlTemplate":"https:\/\/www.ntf.uni-lj.si\/igt\/?s={search_term_string}"},"query-input":"required name=search_term_string"}],"inLanguage":"en-US"},{"@type":"WebPage","@id":"https:\/\/www.ntf.uni-lj.si\/igt\/studij\/1-stopnja\/graficne-in-interaktivne-komunikacije\/splosne-informacije\/#webpage","url":"https:\/\/www.ntf.uni-lj.si\/igt\/studij\/1-stopnja\/graficne-in-interaktivne-komunikacije\/splosne-informacije\/","name":"Splo\u0161ne informacije - IGT","isPartOf":{"@id":"https:\/\/www.ntf.uni-lj.si\/igt\/#website"},"datePublished":"2015-03-16T13:13:29+00:00","dateModified":"2023-02-23T09:51:51+00:00","description":"GRAFI\u010cNE IN INTERAKTIVNE KOMUNIKACIJE Stopnja in vrsta \u0161tudijskega programa: Dodiplomski \u2013 univerzitetni Trajanje: 3 leta (6 semestrov), skupaj 180","breadcrumb":{"@id":"https:\/\/www.ntf.uni-lj.si\/igt\/studij\/1-stopnja\/graficne-in-interaktivne-komunikacije\/splosne-informacije\/#breadcrumb"},"inLanguage":"en-US","potentialAction":[{"@type":"ReadAction","target":["https:\/\/www.ntf.uni-lj.si\/igt\/studij\/1-stopnja\/graficne-in-interaktivne-komunikacije\/splosne-informacije\/"]}]},{"@type":"BreadcrumbList","@id":"https:\/\/www.ntf.uni-lj.si\/igt\/studij\/1-stopnja\/graficne-in-interaktivne-komunikacije\/splosne-informacije\/#breadcrumb","itemListElement":[{"@type":"ListItem","position":1,"name":"Home","item":"https:\/\/www.ntf.uni-lj.si\/igt\/"},{"@type":"ListItem","position":2,"name":"\u0160tudij","item":"https:\/\/www.ntf.uni-lj.si\/igt\/studij\/"},{"@type":"ListItem","position":3,"name":"1. stopnja","item":"https:\/\/www.ntf.uni-lj.si\/igt\/studij\/1-stopnja\/"},{"@type":"ListItem","position":4,"name":"Grafi\u010dne in interaktivne komunikacije (UN)","item":"https:\/\/www.ntf.uni-lj.si\/igt\/studij\/1-stopnja\/graficne-in-interaktivne-komunikacije\/"},{"@type":"ListItem","position":5,"name":"Splo\u0161ne informacije"}]}]}},"_links":{"self":[{"href":"https:\/\/www.ntf.uni-lj.si\/igt\/wp-json\/wp\/v2\/pages\/1555"}],"collection":[{"href":"https:\/\/www.ntf.uni-lj.si\/igt\/wp-json\/wp\/v2\/pages"}],"about":[{"href":"https:\/\/www.ntf.uni-lj.si\/igt\/wp-json\/wp\/v2\/types\/page"}],"author":[{"embeddable":true,"href":"https:\/\/www.ntf.uni-lj.si\/igt\/wp-json\/wp\/v2\/users\/22"}],"replies":[{"embeddable":true,"href":"https:\/\/www.ntf.uni-lj.si\/igt\/wp-json\/wp\/v2\/comments?post=1555"}],"version-history":[{"count":28,"href":"https:\/\/www.ntf.uni-lj.si\/igt\/wp-json\/wp\/v2\/pages\/1555\/revisions"}],"predecessor-version":[{"id":33545,"href":"https:\/\/www.ntf.uni-lj.si\/igt\/wp-json\/wp\/v2\/pages\/1555\/revisions\/33545"}],"up":[{"embeddable":true,"href":"https:\/\/www.ntf.uni-lj.si\/igt\/wp-json\/wp\/v2\/pages\/1527"}],"wp:attachment":[{"href":"https:\/\/www.ntf.uni-lj.si\/igt\/wp-json\/wp\/v2\/media?parent=1555"}],"curies":[{"name":"wp","href":"https:\/\/api.w.org\/{rel}","templated":true}]}}