{"id":1599,"date":"2015-03-16T14:30:01","date_gmt":"2015-03-16T13:30:01","guid":{"rendered":"http:\/\/www.ntf.uni-lj.si\/igt\/?page_id=1599"},"modified":"2025-05-08T09:37:12","modified_gmt":"2025-05-08T07:37:12","slug":"predmetnik","status":"publish","type":"page","link":"https:\/\/www.ntf.uni-lj.si\/igt\/studij\/1-stopnja\/graficne-in-interaktivne-komunikacije\/predmetnik\/","title":{"rendered":"Predmetnik"},"content":{"rendered":"<h4><strong>Izbira izbirnih predmetov je omejena ter tako nekaterih kombinacij ni mo\u017eno izbrati. Seznam odvisnih izbirnih predmetov je objavljen pod predmetnikom.<\/strong><\/h4>\n<h4><strong>Omejitve vpisa pri posameznih predmetih:<\/strong><\/h4>\n<ul>\n<li>Medijske vizualizacije: sprejemna naloga in omejitev na 20 vpisanih \u0161tudentov<\/li>\n<li>Osnove 3D animacij in simulacij: izbran in vpisan predmet Osnove 3D modeliranje v ni\u017ejem letniku \u0161tudijskega programa<\/li>\n<li>Trendi pri razvoju embala\u017ee: pogoj za vpis je opravljen predmet Embala\u017eni materiali in tehnologija<\/li>\n<\/ul>\n<hr \/>\n<h5>Objavljen predmetnik velja za \u0161tudijsko leto 2025\/2026. Predmetniki prej\u0161njih let so dostopni <a href=\"https:\/\/www.ntf.uni-lj.si\/igt\/studij\/1-stopnja\/graficne-in-interaktivne-komunikacije\/zbornik-studijskega-programa-gik-un\/\">na povezavi<\/a>.<\/h5>\n","protected":false},"excerpt":{"rendered":"Izbira izbirnih predmetov je omejena ter tako nekaterih kombinacij ni mo\u017eno izbrati. Seznam odvisnih izbirnih predmetov je objavljen pod predmetnikom. Omejitve vpisa pri posameznih predmetih: Medijske vizualizacije: sprejemna naloga in omejitev na 20 vpisanih \u0161tudentov Osnove 3D animacij in simulacij: izbran in vpisan predmet Osnove 3D modeliranje v ni\u017ejem letniku \u0161tudijskega programa Trendi pri razvoju &#8230; <a class=\"view-article\" href=\"https:\/\/www.ntf.uni-lj.si\/igt\/studij\/1-stopnja\/graficne-in-interaktivne-komunikacije\/predmetnik\/\">Read more<\/a>","protected":false},"author":22,"featured_media":0,"parent":1527,"menu_order":30,"comment_status":"closed","ping_status":"closed","template":"","meta":[],"acf":[],"yoast_head":"<!-- This site is optimized with the Yoast SEO plugin v17.0 - https:\/\/yoast.com\/wordpress\/plugins\/seo\/ -->\n<meta name=\"description\" content=\"Izbira izbirnih predmetov je omejena ter tako nekaterih kombinacij ni mo\u017eno izbrati. Seznam odvisnih izbirnih predmetov je objavljen pod predmetnikom.\" \/>\n<meta name=\"robots\" content=\"index, follow, max-snippet:-1, max-image-preview:large, max-video-preview:-1\" \/>\n<link rel=\"canonical\" href=\"https:\/\/www.ntf.uni-lj.si\/igt\/studij\/1-stopnja\/graficne-in-interaktivne-komunikacije\/predmetnik\/\" \/>\n<meta property=\"og:locale\" content=\"en_US\" \/>\n<meta property=\"og:type\" content=\"article\" \/>\n<meta property=\"og:title\" content=\"Predmetnik - IGT\" \/>\n<meta property=\"og:description\" content=\"Izbira izbirnih predmetov je omejena ter tako nekaterih kombinacij ni mo\u017eno izbrati. Seznam odvisnih izbirnih predmetov je objavljen pod predmetnikom.\" \/>\n<meta property=\"og:url\" content=\"https:\/\/www.ntf.uni-lj.si\/igt\/studij\/1-stopnja\/graficne-in-interaktivne-komunikacije\/predmetnik\/\" \/>\n<meta property=\"og:site_name\" content=\"IGT\" \/>\n<meta property=\"article:modified_time\" content=\"2025-05-08T07:37:12+00:00\" \/>\n<meta name=\"twitter:label1\" content=\"Est. reading time\" \/>\n\t<meta name=\"twitter:data1\" content=\"1 minute\" \/>\n<script type=\"application\/ld+json\" class=\"yoast-schema-graph\">{\"@context\":\"https:\/\/schema.org\",\"@graph\":[{\"@type\":\"WebSite\",\"@id\":\"https:\/\/www.ntf.uni-lj.si\/igt\/#website\",\"url\":\"https:\/\/www.ntf.uni-lj.si\/igt\/\",\"name\":\"IGT\",\"description\":\"Katedra za informacijsko in grafi\\u010dno tehnologijo\",\"potentialAction\":[{\"@type\":\"SearchAction\",\"target\":{\"@type\":\"EntryPoint\",\"urlTemplate\":\"https:\/\/www.ntf.uni-lj.si\/igt\/?s={search_term_string}\"},\"query-input\":\"required name=search_term_string\"}],\"inLanguage\":\"en-US\"},{\"@type\":\"WebPage\",\"@id\":\"https:\/\/www.ntf.uni-lj.si\/igt\/studij\/1-stopnja\/graficne-in-interaktivne-komunikacije\/predmetnik\/#webpage\",\"url\":\"https:\/\/www.ntf.uni-lj.si\/igt\/studij\/1-stopnja\/graficne-in-interaktivne-komunikacije\/predmetnik\/\",\"name\":\"Predmetnik - IGT\",\"isPartOf\":{\"@id\":\"https:\/\/www.ntf.uni-lj.si\/igt\/#website\"},\"datePublished\":\"2015-03-16T13:30:01+00:00\",\"dateModified\":\"2025-05-08T07:37:12+00:00\",\"description\":\"Izbira izbirnih predmetov je omejena ter tako nekaterih kombinacij ni mo\\u017eno izbrati. Seznam odvisnih izbirnih predmetov je objavljen pod predmetnikom.\",\"breadcrumb\":{\"@id\":\"https:\/\/www.ntf.uni-lj.si\/igt\/studij\/1-stopnja\/graficne-in-interaktivne-komunikacije\/predmetnik\/#breadcrumb\"},\"inLanguage\":\"en-US\",\"potentialAction\":[{\"@type\":\"ReadAction\",\"target\":[\"https:\/\/www.ntf.uni-lj.si\/igt\/studij\/1-stopnja\/graficne-in-interaktivne-komunikacije\/predmetnik\/\"]}]},{\"@type\":\"BreadcrumbList\",\"@id\":\"https:\/\/www.ntf.uni-lj.si\/igt\/studij\/1-stopnja\/graficne-in-interaktivne-komunikacije\/predmetnik\/#breadcrumb\",\"itemListElement\":[{\"@type\":\"ListItem\",\"position\":1,\"name\":\"Home\",\"item\":\"https:\/\/www.ntf.uni-lj.si\/igt\/\"},{\"@type\":\"ListItem\",\"position\":2,\"name\":\"\\u0160tudij\",\"item\":\"https:\/\/www.ntf.uni-lj.si\/igt\/studij\/\"},{\"@type\":\"ListItem\",\"position\":3,\"name\":\"1. stopnja\",\"item\":\"https:\/\/www.ntf.uni-lj.si\/igt\/studij\/1-stopnja\/\"},{\"@type\":\"ListItem\",\"position\":4,\"name\":\"Grafi\\u010dne in interaktivne komunikacije (UN)\",\"item\":\"https:\/\/www.ntf.uni-lj.si\/igt\/studij\/1-stopnja\/graficne-in-interaktivne-komunikacije\/\"},{\"@type\":\"ListItem\",\"position\":5,\"name\":\"Predmetnik\"}]}]}<\/script>\n<!-- \/ Yoast SEO plugin. -->","yoast_head_json":{"description":"Izbira izbirnih predmetov je omejena ter tako nekaterih kombinacij ni mo\u017eno izbrati. Seznam odvisnih izbirnih predmetov je objavljen pod predmetnikom.","robots":{"index":"index","follow":"follow","max-snippet":"max-snippet:-1","max-image-preview":"max-image-preview:large","max-video-preview":"max-video-preview:-1"},"canonical":"https:\/\/www.ntf.uni-lj.si\/igt\/studij\/1-stopnja\/graficne-in-interaktivne-komunikacije\/predmetnik\/","og_locale":"en_US","og_type":"article","og_title":"Predmetnik - IGT","og_description":"Izbira izbirnih predmetov je omejena ter tako nekaterih kombinacij ni mo\u017eno izbrati. Seznam odvisnih izbirnih predmetov je objavljen pod predmetnikom.","og_url":"https:\/\/www.ntf.uni-lj.si\/igt\/studij\/1-stopnja\/graficne-in-interaktivne-komunikacije\/predmetnik\/","og_site_name":"IGT","article_modified_time":"2025-05-08T07:37:12+00:00","twitter_misc":{"Est. reading time":"1 minute"},"schema":{"@context":"https:\/\/schema.org","@graph":[{"@type":"WebSite","@id":"https:\/\/www.ntf.uni-lj.si\/igt\/#website","url":"https:\/\/www.ntf.uni-lj.si\/igt\/","name":"IGT","description":"Katedra za informacijsko in grafi\u010dno tehnologijo","potentialAction":[{"@type":"SearchAction","target":{"@type":"EntryPoint","urlTemplate":"https:\/\/www.ntf.uni-lj.si\/igt\/?s={search_term_string}"},"query-input":"required name=search_term_string"}],"inLanguage":"en-US"},{"@type":"WebPage","@id":"https:\/\/www.ntf.uni-lj.si\/igt\/studij\/1-stopnja\/graficne-in-interaktivne-komunikacije\/predmetnik\/#webpage","url":"https:\/\/www.ntf.uni-lj.si\/igt\/studij\/1-stopnja\/graficne-in-interaktivne-komunikacije\/predmetnik\/","name":"Predmetnik - IGT","isPartOf":{"@id":"https:\/\/www.ntf.uni-lj.si\/igt\/#website"},"datePublished":"2015-03-16T13:30:01+00:00","dateModified":"2025-05-08T07:37:12+00:00","description":"Izbira izbirnih predmetov je omejena ter tako nekaterih kombinacij ni mo\u017eno izbrati. Seznam odvisnih izbirnih predmetov je objavljen pod predmetnikom.","breadcrumb":{"@id":"https:\/\/www.ntf.uni-lj.si\/igt\/studij\/1-stopnja\/graficne-in-interaktivne-komunikacije\/predmetnik\/#breadcrumb"},"inLanguage":"en-US","potentialAction":[{"@type":"ReadAction","target":["https:\/\/www.ntf.uni-lj.si\/igt\/studij\/1-stopnja\/graficne-in-interaktivne-komunikacije\/predmetnik\/"]}]},{"@type":"BreadcrumbList","@id":"https:\/\/www.ntf.uni-lj.si\/igt\/studij\/1-stopnja\/graficne-in-interaktivne-komunikacije\/predmetnik\/#breadcrumb","itemListElement":[{"@type":"ListItem","position":1,"name":"Home","item":"https:\/\/www.ntf.uni-lj.si\/igt\/"},{"@type":"ListItem","position":2,"name":"\u0160tudij","item":"https:\/\/www.ntf.uni-lj.si\/igt\/studij\/"},{"@type":"ListItem","position":3,"name":"1. stopnja","item":"https:\/\/www.ntf.uni-lj.si\/igt\/studij\/1-stopnja\/"},{"@type":"ListItem","position":4,"name":"Grafi\u010dne in interaktivne komunikacije (UN)","item":"https:\/\/www.ntf.uni-lj.si\/igt\/studij\/1-stopnja\/graficne-in-interaktivne-komunikacije\/"},{"@type":"ListItem","position":5,"name":"Predmetnik"}]}]}},"_links":{"self":[{"href":"https:\/\/www.ntf.uni-lj.si\/igt\/wp-json\/wp\/v2\/pages\/1599"}],"collection":[{"href":"https:\/\/www.ntf.uni-lj.si\/igt\/wp-json\/wp\/v2\/pages"}],"about":[{"href":"https:\/\/www.ntf.uni-lj.si\/igt\/wp-json\/wp\/v2\/types\/page"}],"author":[{"embeddable":true,"href":"https:\/\/www.ntf.uni-lj.si\/igt\/wp-json\/wp\/v2\/users\/22"}],"replies":[{"embeddable":true,"href":"https:\/\/www.ntf.uni-lj.si\/igt\/wp-json\/wp\/v2\/comments?post=1599"}],"version-history":[{"count":41,"href":"https:\/\/www.ntf.uni-lj.si\/igt\/wp-json\/wp\/v2\/pages\/1599\/revisions"}],"predecessor-version":[{"id":37635,"href":"https:\/\/www.ntf.uni-lj.si\/igt\/wp-json\/wp\/v2\/pages\/1599\/revisions\/37635"}],"up":[{"embeddable":true,"href":"https:\/\/www.ntf.uni-lj.si\/igt\/wp-json\/wp\/v2\/pages\/1527"}],"wp:attachment":[{"href":"https:\/\/www.ntf.uni-lj.si\/igt\/wp-json\/wp\/v2\/media?parent=1599"}],"curies":[{"name":"wp","href":"https:\/\/api.w.org\/{rel}","templated":true}]}}