{"id":1656,"date":"2015-03-16T14:53:04","date_gmt":"2015-03-16T13:53:04","guid":{"rendered":"http:\/\/www.ntf.uni-lj.si\/igt\/?page_id=1656"},"modified":"2015-07-01T13:47:33","modified_gmt":"2015-07-01T11:47:33","slug":"pogoji-za-napredovanje","status":"publish","type":"page","link":"https:\/\/www.ntf.uni-lj.si\/igt\/studij\/1-stopnja\/graficna-in-medijska-tehnika\/ostale-informacije\/pogoji-za-napredovanje\/","title":{"rendered":"Pogoji za napredovanje"},"content":{"rendered":"<p><strong>Pogoji za napredovanje v programu<\/strong><br \/>\n\u0160tudenti morajo imeti za vpis v vi\u0161ji letnik potrjen predhodni letnik s frekvencami iz vseh predmetov, opravljene vse vaje in za vpis v posamezni letnik naslednje \u0161tevilo kreditnih to\u010dk po ECTS:<\/p>\n<ul>\n<li>za vpis v 2. letnik: dose\u017eenih najmanj 54 kreditnih to\u010dk po ECTS,<\/li>\n<li>za vpis v 3. letnik: dose\u017eenih 60 kreditnih to\u010dk iz prvega letnika in najmanj 54 kreditnih to\u010dk po ECTS iz drugega letnika.<\/li>\n<\/ul>\n<p>\u0160tudijska komisija NTF lahko izjemoma odobri napredovanje v vi\u0161ji letnik \u0161tudentu, ki je v predhodnem letniku dosegel najmanj 42 kreditnih to\u010dk po ECTS, \u010de ima za to opravi\u010dljive razloge. Za opravi\u010dljive razloge \u0161tejejo razlogi, navedeni v Statutu Univerze v Ljubljani.<\/p>\n<p><strong>\u0160tudenti morajo imeti za ponavljanje:<\/strong><\/p>\n<ul>\n<li>1. letnika: opravljene vse vaje in dose\u017eenih najmanj 28 kreditnih to\u010dk po ECTS,<\/li>\n<li>2. letnika: opravljene vse vaje in dose\u017eenih najmanj 28 kreditnih to\u010dk po ECTS.<\/li>\n<\/ul>\n<p>\u0160tudent lahko v \u010dasu \u0161tudija enkrat ponavlja letnik ali enkrat spremeni \u0161tudijski program zaradi neizpolnitve obveznosti v prej\u0161njem \u0161tudijskem programu.<\/p>\n","protected":false},"excerpt":{"rendered":"Pogoji za napredovanje v programu \u0160tudenti morajo imeti za vpis v vi\u0161ji letnik potrjen predhodni letnik s frekvencami iz vseh predmetov, opravljene vse vaje in za vpis v posamezni letnik naslednje \u0161tevilo kreditnih to\u010dk po ECTS: za vpis v 2. letnik: dose\u017eenih najmanj 54 kreditnih to\u010dk po ECTS, za vpis v 3. letnik: dose\u017eenih 60 &#8230; <a class=\"view-article\" href=\"https:\/\/www.ntf.uni-lj.si\/igt\/studij\/1-stopnja\/graficna-in-medijska-tehnika\/ostale-informacije\/pogoji-za-napredovanje\/\">Read more<\/a>","protected":false},"author":22,"featured_media":0,"parent":1644,"menu_order":20,"comment_status":"closed","ping_status":"closed","template":"","meta":[],"acf":[],"yoast_head":"<!-- This site is optimized with the Yoast SEO plugin v17.0 - https:\/\/yoast.com\/wordpress\/plugins\/seo\/ -->\n<meta name=\"description\" content=\"Pogoji za napredovanje v programu \u0160tudenti morajo imeti za vpis v vi\u0161ji letnik potrjen predhodni letnik s frekvencami iz vseh predmetov, opravljene vse\" \/>\n<meta name=\"robots\" content=\"index, follow, max-snippet:-1, max-image-preview:large, max-video-preview:-1\" \/>\n<link rel=\"canonical\" href=\"https:\/\/www.ntf.uni-lj.si\/igt\/studij\/1-stopnja\/graficna-in-medijska-tehnika\/ostale-informacije\/pogoji-za-napredovanje\/\" \/>\n<meta property=\"og:locale\" content=\"en_US\" \/>\n<meta property=\"og:type\" content=\"article\" \/>\n<meta property=\"og:title\" content=\"Pogoji za napredovanje - IGT\" \/>\n<meta property=\"og:description\" content=\"Pogoji za napredovanje v programu \u0160tudenti morajo imeti za vpis v vi\u0161ji letnik potrjen predhodni letnik s frekvencami iz vseh predmetov, opravljene vse\" \/>\n<meta property=\"og:url\" content=\"https:\/\/www.ntf.uni-lj.si\/igt\/studij\/1-stopnja\/graficna-in-medijska-tehnika\/ostale-informacije\/pogoji-za-napredovanje\/\" \/>\n<meta property=\"og:site_name\" content=\"IGT\" \/>\n<meta property=\"article:modified_time\" content=\"2015-07-01T11:47:33+00:00\" \/>\n<meta name=\"twitter:label1\" content=\"Est. reading time\" \/>\n\t<meta name=\"twitter:data1\" content=\"1 minute\" \/>\n<script type=\"application\/ld+json\" class=\"yoast-schema-graph\">{\"@context\":\"https:\/\/schema.org\",\"@graph\":[{\"@type\":\"WebSite\",\"@id\":\"https:\/\/www.ntf.uni-lj.si\/igt\/#website\",\"url\":\"https:\/\/www.ntf.uni-lj.si\/igt\/\",\"name\":\"IGT\",\"description\":\"Katedra za informacijsko in grafi\\u010dno tehnologijo\",\"potentialAction\":[{\"@type\":\"SearchAction\",\"target\":{\"@type\":\"EntryPoint\",\"urlTemplate\":\"https:\/\/www.ntf.uni-lj.si\/igt\/?s={search_term_string}\"},\"query-input\":\"required name=search_term_string\"}],\"inLanguage\":\"en-US\"},{\"@type\":\"WebPage\",\"@id\":\"https:\/\/www.ntf.uni-lj.si\/igt\/studij\/1-stopnja\/graficna-in-medijska-tehnika\/ostale-informacije\/pogoji-za-napredovanje\/#webpage\",\"url\":\"https:\/\/www.ntf.uni-lj.si\/igt\/studij\/1-stopnja\/graficna-in-medijska-tehnika\/ostale-informacije\/pogoji-za-napredovanje\/\",\"name\":\"Pogoji za napredovanje - IGT\",\"isPartOf\":{\"@id\":\"https:\/\/www.ntf.uni-lj.si\/igt\/#website\"},\"datePublished\":\"2015-03-16T13:53:04+00:00\",\"dateModified\":\"2015-07-01T11:47:33+00:00\",\"description\":\"Pogoji za napredovanje v programu \\u0160tudenti morajo imeti za vpis v vi\\u0161ji letnik potrjen predhodni letnik s frekvencami iz vseh predmetov, opravljene vse\",\"breadcrumb\":{\"@id\":\"https:\/\/www.ntf.uni-lj.si\/igt\/studij\/1-stopnja\/graficna-in-medijska-tehnika\/ostale-informacije\/pogoji-za-napredovanje\/#breadcrumb\"},\"inLanguage\":\"en-US\",\"potentialAction\":[{\"@type\":\"ReadAction\",\"target\":[\"https:\/\/www.ntf.uni-lj.si\/igt\/studij\/1-stopnja\/graficna-in-medijska-tehnika\/ostale-informacije\/pogoji-za-napredovanje\/\"]}]},{\"@type\":\"BreadcrumbList\",\"@id\":\"https:\/\/www.ntf.uni-lj.si\/igt\/studij\/1-stopnja\/graficna-in-medijska-tehnika\/ostale-informacije\/pogoji-za-napredovanje\/#breadcrumb\",\"itemListElement\":[{\"@type\":\"ListItem\",\"position\":1,\"name\":\"Home\",\"item\":\"https:\/\/www.ntf.uni-lj.si\/igt\/\"},{\"@type\":\"ListItem\",\"position\":2,\"name\":\"\\u0160tudij\",\"item\":\"https:\/\/www.ntf.uni-lj.si\/igt\/studij\/\"},{\"@type\":\"ListItem\",\"position\":3,\"name\":\"1. stopnja\",\"item\":\"https:\/\/www.ntf.uni-lj.si\/igt\/studij\/1-stopnja\/\"},{\"@type\":\"ListItem\",\"position\":4,\"name\":\"Grafi\\u010dna in medijska tehnika (VS)\",\"item\":\"https:\/\/www.ntf.uni-lj.si\/igt\/studij\/1-stopnja\/graficna-in-medijska-tehnika\/\"},{\"@type\":\"ListItem\",\"position\":5,\"name\":\"Ostale informacije\",\"item\":\"https:\/\/www.ntf.uni-lj.si\/igt\/studij\/1-stopnja\/graficna-in-medijska-tehnika\/ostale-informacije\/\"},{\"@type\":\"ListItem\",\"position\":6,\"name\":\"Pogoji za napredovanje\"}]}]}<\/script>\n<!-- \/ Yoast SEO plugin. -->","yoast_head_json":{"description":"Pogoji za napredovanje v programu \u0160tudenti morajo imeti za vpis v vi\u0161ji letnik potrjen predhodni letnik s frekvencami iz vseh predmetov, opravljene vse","robots":{"index":"index","follow":"follow","max-snippet":"max-snippet:-1","max-image-preview":"max-image-preview:large","max-video-preview":"max-video-preview:-1"},"canonical":"https:\/\/www.ntf.uni-lj.si\/igt\/studij\/1-stopnja\/graficna-in-medijska-tehnika\/ostale-informacije\/pogoji-za-napredovanje\/","og_locale":"en_US","og_type":"article","og_title":"Pogoji za napredovanje - IGT","og_description":"Pogoji za napredovanje v programu \u0160tudenti morajo imeti za vpis v vi\u0161ji letnik potrjen predhodni letnik s frekvencami iz vseh predmetov, opravljene vse","og_url":"https:\/\/www.ntf.uni-lj.si\/igt\/studij\/1-stopnja\/graficna-in-medijska-tehnika\/ostale-informacije\/pogoji-za-napredovanje\/","og_site_name":"IGT","article_modified_time":"2015-07-01T11:47:33+00:00","twitter_misc":{"Est. reading time":"1 minute"},"schema":{"@context":"https:\/\/schema.org","@graph":[{"@type":"WebSite","@id":"https:\/\/www.ntf.uni-lj.si\/igt\/#website","url":"https:\/\/www.ntf.uni-lj.si\/igt\/","name":"IGT","description":"Katedra za informacijsko in grafi\u010dno tehnologijo","potentialAction":[{"@type":"SearchAction","target":{"@type":"EntryPoint","urlTemplate":"https:\/\/www.ntf.uni-lj.si\/igt\/?s={search_term_string}"},"query-input":"required name=search_term_string"}],"inLanguage":"en-US"},{"@type":"WebPage","@id":"https:\/\/www.ntf.uni-lj.si\/igt\/studij\/1-stopnja\/graficna-in-medijska-tehnika\/ostale-informacije\/pogoji-za-napredovanje\/#webpage","url":"https:\/\/www.ntf.uni-lj.si\/igt\/studij\/1-stopnja\/graficna-in-medijska-tehnika\/ostale-informacije\/pogoji-za-napredovanje\/","name":"Pogoji za napredovanje - IGT","isPartOf":{"@id":"https:\/\/www.ntf.uni-lj.si\/igt\/#website"},"datePublished":"2015-03-16T13:53:04+00:00","dateModified":"2015-07-01T11:47:33+00:00","description":"Pogoji za napredovanje v programu \u0160tudenti morajo imeti za vpis v vi\u0161ji letnik potrjen predhodni letnik s frekvencami iz vseh predmetov, opravljene vse","breadcrumb":{"@id":"https:\/\/www.ntf.uni-lj.si\/igt\/studij\/1-stopnja\/graficna-in-medijska-tehnika\/ostale-informacije\/pogoji-za-napredovanje\/#breadcrumb"},"inLanguage":"en-US","potentialAction":[{"@type":"ReadAction","target":["https:\/\/www.ntf.uni-lj.si\/igt\/studij\/1-stopnja\/graficna-in-medijska-tehnika\/ostale-informacije\/pogoji-za-napredovanje\/"]}]},{"@type":"BreadcrumbList","@id":"https:\/\/www.ntf.uni-lj.si\/igt\/studij\/1-stopnja\/graficna-in-medijska-tehnika\/ostale-informacije\/pogoji-za-napredovanje\/#breadcrumb","itemListElement":[{"@type":"ListItem","position":1,"name":"Home","item":"https:\/\/www.ntf.uni-lj.si\/igt\/"},{"@type":"ListItem","position":2,"name":"\u0160tudij","item":"https:\/\/www.ntf.uni-lj.si\/igt\/studij\/"},{"@type":"ListItem","position":3,"name":"1. stopnja","item":"https:\/\/www.ntf.uni-lj.si\/igt\/studij\/1-stopnja\/"},{"@type":"ListItem","position":4,"name":"Grafi\u010dna in medijska tehnika (VS)","item":"https:\/\/www.ntf.uni-lj.si\/igt\/studij\/1-stopnja\/graficna-in-medijska-tehnika\/"},{"@type":"ListItem","position":5,"name":"Ostale informacije","item":"https:\/\/www.ntf.uni-lj.si\/igt\/studij\/1-stopnja\/graficna-in-medijska-tehnika\/ostale-informacije\/"},{"@type":"ListItem","position":6,"name":"Pogoji za napredovanje"}]}]}},"_links":{"self":[{"href":"https:\/\/www.ntf.uni-lj.si\/igt\/wp-json\/wp\/v2\/pages\/1656"}],"collection":[{"href":"https:\/\/www.ntf.uni-lj.si\/igt\/wp-json\/wp\/v2\/pages"}],"about":[{"href":"https:\/\/www.ntf.uni-lj.si\/igt\/wp-json\/wp\/v2\/types\/page"}],"author":[{"embeddable":true,"href":"https:\/\/www.ntf.uni-lj.si\/igt\/wp-json\/wp\/v2\/users\/22"}],"replies":[{"embeddable":true,"href":"https:\/\/www.ntf.uni-lj.si\/igt\/wp-json\/wp\/v2\/comments?post=1656"}],"version-history":[{"count":3,"href":"https:\/\/www.ntf.uni-lj.si\/igt\/wp-json\/wp\/v2\/pages\/1656\/revisions"}],"predecessor-version":[{"id":2289,"href":"https:\/\/www.ntf.uni-lj.si\/igt\/wp-json\/wp\/v2\/pages\/1656\/revisions\/2289"}],"up":[{"embeddable":true,"href":"https:\/\/www.ntf.uni-lj.si\/igt\/wp-json\/wp\/v2\/pages\/1644"}],"wp:attachment":[{"href":"https:\/\/www.ntf.uni-lj.si\/igt\/wp-json\/wp\/v2\/media?parent=1656"}],"curies":[{"name":"wp","href":"https:\/\/api.w.org\/{rel}","templated":true}]}}