{"id":1668,"date":"2015-03-16T14:54:19","date_gmt":"2015-03-16T13:54:19","guid":{"rendered":"http:\/\/www.ntf.uni-lj.si\/igt\/?page_id=1668"},"modified":"2015-07-01T13:47:33","modified_gmt":"2015-07-01T11:47:33","slug":"zunanja-izbirnost-in-mobilnost","status":"publish","type":"page","link":"https:\/\/www.ntf.uni-lj.si\/igt\/studij\/1-stopnja\/graficna-in-medijska-tehnika\/ostale-informacije\/zunanja-izbirnost-in-mobilnost\/","title":{"rendered":"Zunanja izbirnost in mobilnost"},"content":{"rendered":"<p><strong>Zunanja izbirnost<\/strong><br \/>\n\u0160tudent lahko 10 kreditnih to\u010dk izbirnega dela programa dose\u017ee z izbiro predmetov v drugih programih na Oddelku za tekstilstvo ali z izbiro predmetov na drugih \u010dlanicah Univerze v Ljubljani, za kar mora pridobiti soglasje mati\u010dne fakultete.<\/p>\n<p><strong>Mobilnost<\/strong><br \/>\n\u0160tudent lahko 30 kreditnih to\u010dk programa (semester \u0161tudija, ne glede na obvezne ali izbirne enote) prenese iz katerega koli programa s podro\u010dja grafi\u010dne ali medijske dejavnosti, ki se izvaja na univerzah in visokih \u0161olah, vklju\u010denih v mre\u017eo IARIGAI.<\/p>\n","protected":false},"excerpt":{"rendered":"Zunanja izbirnost \u0160tudent lahko 10 kreditnih to\u010dk izbirnega dela programa dose\u017ee z izbiro predmetov v drugih programih na Oddelku za tekstilstvo ali z izbiro predmetov na drugih \u010dlanicah Univerze v Ljubljani, za kar mora pridobiti soglasje mati\u010dne fakultete. Mobilnost \u0160tudent lahko 30 kreditnih to\u010dk programa (semester \u0161tudija, ne glede na obvezne ali izbirne enote) prenese &#8230; <a class=\"view-article\" href=\"https:\/\/www.ntf.uni-lj.si\/igt\/studij\/1-stopnja\/graficna-in-medijska-tehnika\/ostale-informacije\/zunanja-izbirnost-in-mobilnost\/\">Read more<\/a>","protected":false},"author":22,"featured_media":0,"parent":1644,"menu_order":40,"comment_status":"closed","ping_status":"closed","template":"","meta":[],"acf":[],"yoast_head":"<!-- This site is optimized with the Yoast SEO plugin v17.0 - https:\/\/yoast.com\/wordpress\/plugins\/seo\/ -->\n<meta name=\"description\" content=\"Zunanja izbirnost \u0160tudent lahko 10 kreditnih to\u010dk izbirnega dela programa dose\u017ee z izbiro predmetov v drugih programih na Oddelku za tekstilstvo ali z\" \/>\n<meta name=\"robots\" content=\"index, follow, max-snippet:-1, max-image-preview:large, max-video-preview:-1\" \/>\n<link rel=\"canonical\" href=\"https:\/\/www.ntf.uni-lj.si\/igt\/studij\/1-stopnja\/graficna-in-medijska-tehnika\/ostale-informacije\/zunanja-izbirnost-in-mobilnost\/\" \/>\n<meta property=\"og:locale\" content=\"en_US\" \/>\n<meta property=\"og:type\" content=\"article\" \/>\n<meta property=\"og:title\" content=\"Zunanja izbirnost in mobilnost - IGT\" \/>\n<meta property=\"og:description\" content=\"Zunanja izbirnost \u0160tudent lahko 10 kreditnih to\u010dk izbirnega dela programa dose\u017ee z izbiro predmetov v drugih programih na Oddelku za tekstilstvo ali z\" \/>\n<meta property=\"og:url\" content=\"https:\/\/www.ntf.uni-lj.si\/igt\/studij\/1-stopnja\/graficna-in-medijska-tehnika\/ostale-informacije\/zunanja-izbirnost-in-mobilnost\/\" \/>\n<meta property=\"og:site_name\" content=\"IGT\" \/>\n<meta property=\"article:modified_time\" content=\"2015-07-01T11:47:33+00:00\" \/>\n<script type=\"application\/ld+json\" class=\"yoast-schema-graph\">{\"@context\":\"https:\/\/schema.org\",\"@graph\":[{\"@type\":\"WebSite\",\"@id\":\"https:\/\/www.ntf.uni-lj.si\/igt\/#website\",\"url\":\"https:\/\/www.ntf.uni-lj.si\/igt\/\",\"name\":\"IGT\",\"description\":\"Katedra za informacijsko in grafi\\u010dno tehnologijo\",\"potentialAction\":[{\"@type\":\"SearchAction\",\"target\":{\"@type\":\"EntryPoint\",\"urlTemplate\":\"https:\/\/www.ntf.uni-lj.si\/igt\/?s={search_term_string}\"},\"query-input\":\"required name=search_term_string\"}],\"inLanguage\":\"en-US\"},{\"@type\":\"WebPage\",\"@id\":\"https:\/\/www.ntf.uni-lj.si\/igt\/studij\/1-stopnja\/graficna-in-medijska-tehnika\/ostale-informacije\/zunanja-izbirnost-in-mobilnost\/#webpage\",\"url\":\"https:\/\/www.ntf.uni-lj.si\/igt\/studij\/1-stopnja\/graficna-in-medijska-tehnika\/ostale-informacije\/zunanja-izbirnost-in-mobilnost\/\",\"name\":\"Zunanja izbirnost in mobilnost - IGT\",\"isPartOf\":{\"@id\":\"https:\/\/www.ntf.uni-lj.si\/igt\/#website\"},\"datePublished\":\"2015-03-16T13:54:19+00:00\",\"dateModified\":\"2015-07-01T11:47:33+00:00\",\"description\":\"Zunanja izbirnost \\u0160tudent lahko 10 kreditnih to\\u010dk izbirnega dela programa dose\\u017ee z izbiro predmetov v drugih programih na Oddelku za tekstilstvo ali z\",\"breadcrumb\":{\"@id\":\"https:\/\/www.ntf.uni-lj.si\/igt\/studij\/1-stopnja\/graficna-in-medijska-tehnika\/ostale-informacije\/zunanja-izbirnost-in-mobilnost\/#breadcrumb\"},\"inLanguage\":\"en-US\",\"potentialAction\":[{\"@type\":\"ReadAction\",\"target\":[\"https:\/\/www.ntf.uni-lj.si\/igt\/studij\/1-stopnja\/graficna-in-medijska-tehnika\/ostale-informacije\/zunanja-izbirnost-in-mobilnost\/\"]}]},{\"@type\":\"BreadcrumbList\",\"@id\":\"https:\/\/www.ntf.uni-lj.si\/igt\/studij\/1-stopnja\/graficna-in-medijska-tehnika\/ostale-informacije\/zunanja-izbirnost-in-mobilnost\/#breadcrumb\",\"itemListElement\":[{\"@type\":\"ListItem\",\"position\":1,\"name\":\"Home\",\"item\":\"https:\/\/www.ntf.uni-lj.si\/igt\/\"},{\"@type\":\"ListItem\",\"position\":2,\"name\":\"\\u0160tudij\",\"item\":\"https:\/\/www.ntf.uni-lj.si\/igt\/studij\/\"},{\"@type\":\"ListItem\",\"position\":3,\"name\":\"1. stopnja\",\"item\":\"https:\/\/www.ntf.uni-lj.si\/igt\/studij\/1-stopnja\/\"},{\"@type\":\"ListItem\",\"position\":4,\"name\":\"Grafi\\u010dna in medijska tehnika (VS)\",\"item\":\"https:\/\/www.ntf.uni-lj.si\/igt\/studij\/1-stopnja\/graficna-in-medijska-tehnika\/\"},{\"@type\":\"ListItem\",\"position\":5,\"name\":\"Ostale informacije\",\"item\":\"https:\/\/www.ntf.uni-lj.si\/igt\/studij\/1-stopnja\/graficna-in-medijska-tehnika\/ostale-informacije\/\"},{\"@type\":\"ListItem\",\"position\":6,\"name\":\"Zunanja izbirnost in mobilnost\"}]}]}<\/script>\n<!-- \/ Yoast SEO plugin. -->","yoast_head_json":{"description":"Zunanja izbirnost \u0160tudent lahko 10 kreditnih to\u010dk izbirnega dela programa dose\u017ee z izbiro predmetov v drugih programih na Oddelku za tekstilstvo ali z","robots":{"index":"index","follow":"follow","max-snippet":"max-snippet:-1","max-image-preview":"max-image-preview:large","max-video-preview":"max-video-preview:-1"},"canonical":"https:\/\/www.ntf.uni-lj.si\/igt\/studij\/1-stopnja\/graficna-in-medijska-tehnika\/ostale-informacije\/zunanja-izbirnost-in-mobilnost\/","og_locale":"en_US","og_type":"article","og_title":"Zunanja izbirnost in mobilnost - IGT","og_description":"Zunanja izbirnost \u0160tudent lahko 10 kreditnih to\u010dk izbirnega dela programa dose\u017ee z izbiro predmetov v drugih programih na Oddelku za tekstilstvo ali z","og_url":"https:\/\/www.ntf.uni-lj.si\/igt\/studij\/1-stopnja\/graficna-in-medijska-tehnika\/ostale-informacije\/zunanja-izbirnost-in-mobilnost\/","og_site_name":"IGT","article_modified_time":"2015-07-01T11:47:33+00:00","schema":{"@context":"https:\/\/schema.org","@graph":[{"@type":"WebSite","@id":"https:\/\/www.ntf.uni-lj.si\/igt\/#website","url":"https:\/\/www.ntf.uni-lj.si\/igt\/","name":"IGT","description":"Katedra za informacijsko in grafi\u010dno tehnologijo","potentialAction":[{"@type":"SearchAction","target":{"@type":"EntryPoint","urlTemplate":"https:\/\/www.ntf.uni-lj.si\/igt\/?s={search_term_string}"},"query-input":"required name=search_term_string"}],"inLanguage":"en-US"},{"@type":"WebPage","@id":"https:\/\/www.ntf.uni-lj.si\/igt\/studij\/1-stopnja\/graficna-in-medijska-tehnika\/ostale-informacije\/zunanja-izbirnost-in-mobilnost\/#webpage","url":"https:\/\/www.ntf.uni-lj.si\/igt\/studij\/1-stopnja\/graficna-in-medijska-tehnika\/ostale-informacije\/zunanja-izbirnost-in-mobilnost\/","name":"Zunanja izbirnost in mobilnost - IGT","isPartOf":{"@id":"https:\/\/www.ntf.uni-lj.si\/igt\/#website"},"datePublished":"2015-03-16T13:54:19+00:00","dateModified":"2015-07-01T11:47:33+00:00","description":"Zunanja izbirnost \u0160tudent lahko 10 kreditnih to\u010dk izbirnega dela programa dose\u017ee z izbiro predmetov v drugih programih na Oddelku za tekstilstvo ali z","breadcrumb":{"@id":"https:\/\/www.ntf.uni-lj.si\/igt\/studij\/1-stopnja\/graficna-in-medijska-tehnika\/ostale-informacije\/zunanja-izbirnost-in-mobilnost\/#breadcrumb"},"inLanguage":"en-US","potentialAction":[{"@type":"ReadAction","target":["https:\/\/www.ntf.uni-lj.si\/igt\/studij\/1-stopnja\/graficna-in-medijska-tehnika\/ostale-informacije\/zunanja-izbirnost-in-mobilnost\/"]}]},{"@type":"BreadcrumbList","@id":"https:\/\/www.ntf.uni-lj.si\/igt\/studij\/1-stopnja\/graficna-in-medijska-tehnika\/ostale-informacije\/zunanja-izbirnost-in-mobilnost\/#breadcrumb","itemListElement":[{"@type":"ListItem","position":1,"name":"Home","item":"https:\/\/www.ntf.uni-lj.si\/igt\/"},{"@type":"ListItem","position":2,"name":"\u0160tudij","item":"https:\/\/www.ntf.uni-lj.si\/igt\/studij\/"},{"@type":"ListItem","position":3,"name":"1. stopnja","item":"https:\/\/www.ntf.uni-lj.si\/igt\/studij\/1-stopnja\/"},{"@type":"ListItem","position":4,"name":"Grafi\u010dna in medijska tehnika (VS)","item":"https:\/\/www.ntf.uni-lj.si\/igt\/studij\/1-stopnja\/graficna-in-medijska-tehnika\/"},{"@type":"ListItem","position":5,"name":"Ostale informacije","item":"https:\/\/www.ntf.uni-lj.si\/igt\/studij\/1-stopnja\/graficna-in-medijska-tehnika\/ostale-informacije\/"},{"@type":"ListItem","position":6,"name":"Zunanja izbirnost in mobilnost"}]}]}},"_links":{"self":[{"href":"https:\/\/www.ntf.uni-lj.si\/igt\/wp-json\/wp\/v2\/pages\/1668"}],"collection":[{"href":"https:\/\/www.ntf.uni-lj.si\/igt\/wp-json\/wp\/v2\/pages"}],"about":[{"href":"https:\/\/www.ntf.uni-lj.si\/igt\/wp-json\/wp\/v2\/types\/page"}],"author":[{"embeddable":true,"href":"https:\/\/www.ntf.uni-lj.si\/igt\/wp-json\/wp\/v2\/users\/22"}],"replies":[{"embeddable":true,"href":"https:\/\/www.ntf.uni-lj.si\/igt\/wp-json\/wp\/v2\/comments?post=1668"}],"version-history":[{"count":4,"href":"https:\/\/www.ntf.uni-lj.si\/igt\/wp-json\/wp\/v2\/pages\/1668\/revisions"}],"predecessor-version":[{"id":2300,"href":"https:\/\/www.ntf.uni-lj.si\/igt\/wp-json\/wp\/v2\/pages\/1668\/revisions\/2300"}],"up":[{"embeddable":true,"href":"https:\/\/www.ntf.uni-lj.si\/igt\/wp-json\/wp\/v2\/pages\/1644"}],"wp:attachment":[{"href":"https:\/\/www.ntf.uni-lj.si\/igt\/wp-json\/wp\/v2\/media?parent=1668"}],"curies":[{"name":"wp","href":"https:\/\/api.w.org\/{rel}","templated":true}]}}