{"id":1718,"date":"2015-03-16T15:03:06","date_gmt":"2015-03-16T14:03:06","guid":{"rendered":"http:\/\/www.ntf.uni-lj.si\/igt\/?page_id=1718"},"modified":"2024-11-08T17:39:37","modified_gmt":"2024-11-08T16:39:37","slug":"splosne-informacije","status":"publish","type":"page","link":"https:\/\/www.ntf.uni-lj.si\/igt\/studij\/2-stopnja\/graficne-in-interaktivne-komunikacije\/splosne-informacije\/","title":{"rendered":"Splo\u0161ne informacije"},"content":{"rendered":"<h2>GRAFI\u010cNE IN INTERAKTIVNE KOMUNIKACIJE<\/h2>\n<p><strong>Stopnja in vrsta \u0161tudijskega programa:<\/strong> Podiplomski \u2013 magistrski<br \/>\n<strong>Trajanje:<\/strong> 2 leti (4 semestre), skupaj 120 kreditnih to\u010dk po sistemu ECTS<br \/>\n<strong>Naziv:<\/strong> Magister grafi\u010dni in\u017eenir (mag. graf. in\u017e.)<br \/>\n<strong>\u0160tudijsko podro\u010dje po Iscedovi klasifikaciji:<\/strong> (21) Umetnost<br \/>\n<strong>Razvrstitev \u0161tudijskega programa po KLASIUS-P:<\/strong> (2130) Avdiovizualne tehnike in (multi)medijska proizvodnja (podrobneje neopredeljeno)<br \/>\n<strong>Razvrstitev \u0161tudijskega programa po KLASIUS-P-16:\u00a0<\/strong>(0211) Avdiovizualno ustvarjanje, tehnike in multimedijska proizvodnja<br \/>\n<strong>Razvrstitev \u0161tudijskega programa po KLASIUS-SRV:<\/strong> (16003) Magistrsko izobra\u017eevanje (druga bolonjska stopnja)<br \/>\n<strong>Znanstvene raziskovalne discipline po Frascatijevi klasifikaciji:<\/strong> Tehni\u0161ke vede<\/p>\n<div style=\"height:10px; width:100%;\"><\/div>\n<h2>Temeljni cilji in kompetence<\/h2>\n<p><em>Kompetence predstavljajo izkazan sklop znanja, ve\u0161\u010din, sposobnosti in tudi osebnostnih lastnosti, vrednot, motivacije, samopodobe, \u010dustev, vzorcev razmi\u0161ljanja ipd. Pomenijo, da imate znanje in razumevanje, zmo\u017enosti in ve\u0161\u010dine za izvedbo, obenem ste motivirani , da nekaj dejansko naredite. Kompetence se ka\u017eejo v uspe\u0161no opravljenem delu glede na postavljene zahteve oziroma celo omogo\u010dajo nadpovpre\u010dno delovanje. Opaziti jih je mogo\u010de \u0161ele pri va\u0161em ravnanju v razli\u010dnih delovnih in tudi \u017eivljenjskih situacijah. (Vir in ve\u010d o tem, kaj kompetence so, najdete na <a href=\"https:\/\/esvetovanje.ess.gov.si\/KajZnam\/KajSoKompetence\/\">povezavi<\/a>.)<\/em><\/p>\n<p>Temeljni cilj magistrskega \u0161tudijskega programa Grafi\u010dne in interaktivne komunikacije je poglabljanje znanja diplomantov prvostopenjskih \u0161tudijskih programov na podro\u010dju grafi\u010dnih in interaktivnih komunikacij. \u0160tudenti pridobijo teoreti\u010dno in prakti\u010dno znanje ter kompetence za uspe\u0161no delo v grafi\u010dni in medijski dejavnosti ter na podro\u010dju interaktivnih komunikacij. Temeljno naravoslovno znanje, ki je podpora tehnolo\u0161kemu, omogo\u010da samostojno ustvarjalno in raziskovalno delo na podro\u010dju oblikovanja tiskovin, embala\u017ee in interaktivnih medijev ter usposobljenost za na\u010drtovanje, izvedbo in integracijo zahtevnih aplikacij in re\u0161itev na podro\u010dju ra\u010dunalni\u0161ke grafike in interaktivnih aplikacij. Zahtevno konceptualno razmi\u0161ljanje na podro\u010dju oblikovanja in poglobljene temeljne likovne ve\u0161\u010dine se s tehnolo\u0161kim znanjem zdru\u017eijo v izvedbeno projektno delo.<\/p>\n<div style=\"height:10px; width:100%;\"><\/div>\n<h2>Kompeten\u010dni profil diplomanta<\/h2>\n","protected":false},"excerpt":{"rendered":"GRAFI\u010cNE IN INTERAKTIVNE KOMUNIKACIJE Stopnja in vrsta \u0161tudijskega programa: Podiplomski \u2013 magistrski Trajanje: 2 leti (4 semestre), skupaj 120 kreditnih to\u010dk po sistemu ECTS Naziv: Magister grafi\u010dni in\u017eenir (mag. graf. in\u017e.) \u0160tudijsko podro\u010dje po Iscedovi klasifikaciji: (21) Umetnost Razvrstitev \u0161tudijskega programa po KLASIUS-P: (2130) Avdiovizualne tehnike in (multi)medijska proizvodnja (podrobneje neopredeljeno) Razvrstitev \u0161tudijskega programa po &#8230; <a class=\"view-article\" href=\"https:\/\/www.ntf.uni-lj.si\/igt\/studij\/2-stopnja\/graficne-in-interaktivne-komunikacije\/splosne-informacije\/\">Read more<\/a>","protected":false},"author":22,"featured_media":0,"parent":1549,"menu_order":10,"comment_status":"closed","ping_status":"closed","template":"","meta":[],"acf":[],"yoast_head":"<!-- This site is optimized with the Yoast SEO plugin v17.0 - https:\/\/yoast.com\/wordpress\/plugins\/seo\/ -->\n<meta name=\"description\" content=\"GRAFI\u010cNE IN INTERAKTIVNE KOMUNIKACIJE Stopnja in vrsta \u0161tudijskega programa: Podiplomski \u2013 magistrski Trajanje: 2 leti (4 semestre), skupaj 120 kreditnih\" \/>\n<meta name=\"robots\" content=\"index, follow, max-snippet:-1, max-image-preview:large, max-video-preview:-1\" \/>\n<link rel=\"canonical\" href=\"https:\/\/www.ntf.uni-lj.si\/igt\/studij\/2-stopnja\/graficne-in-interaktivne-komunikacije\/splosne-informacije\/\" \/>\n<meta property=\"og:locale\" content=\"en_US\" \/>\n<meta property=\"og:type\" content=\"article\" \/>\n<meta property=\"og:title\" content=\"Splo\u0161ne informacije - IGT\" \/>\n<meta property=\"og:description\" content=\"GRAFI\u010cNE IN INTERAKTIVNE KOMUNIKACIJE Stopnja in vrsta \u0161tudijskega programa: Podiplomski \u2013 magistrski Trajanje: 2 leti (4 semestre), skupaj 120 kreditnih\" \/>\n<meta property=\"og:url\" content=\"https:\/\/www.ntf.uni-lj.si\/igt\/studij\/2-stopnja\/graficne-in-interaktivne-komunikacije\/splosne-informacije\/\" \/>\n<meta property=\"og:site_name\" content=\"IGT\" \/>\n<meta property=\"article:modified_time\" content=\"2024-11-08T16:39:37+00:00\" \/>\n<meta name=\"twitter:label1\" content=\"Est. reading time\" \/>\n\t<meta name=\"twitter:data1\" content=\"2 minutes\" \/>\n<script type=\"application\/ld+json\" class=\"yoast-schema-graph\">{\"@context\":\"https:\/\/schema.org\",\"@graph\":[{\"@type\":\"WebSite\",\"@id\":\"https:\/\/www.ntf.uni-lj.si\/igt\/#website\",\"url\":\"https:\/\/www.ntf.uni-lj.si\/igt\/\",\"name\":\"IGT\",\"description\":\"Katedra za informacijsko in grafi\\u010dno tehnologijo\",\"potentialAction\":[{\"@type\":\"SearchAction\",\"target\":{\"@type\":\"EntryPoint\",\"urlTemplate\":\"https:\/\/www.ntf.uni-lj.si\/igt\/?s={search_term_string}\"},\"query-input\":\"required name=search_term_string\"}],\"inLanguage\":\"en-US\"},{\"@type\":\"WebPage\",\"@id\":\"https:\/\/www.ntf.uni-lj.si\/igt\/studij\/2-stopnja\/graficne-in-interaktivne-komunikacije\/splosne-informacije\/#webpage\",\"url\":\"https:\/\/www.ntf.uni-lj.si\/igt\/studij\/2-stopnja\/graficne-in-interaktivne-komunikacije\/splosne-informacije\/\",\"name\":\"Splo\\u0161ne informacije - IGT\",\"isPartOf\":{\"@id\":\"https:\/\/www.ntf.uni-lj.si\/igt\/#website\"},\"datePublished\":\"2015-03-16T14:03:06+00:00\",\"dateModified\":\"2024-11-08T16:39:37+00:00\",\"description\":\"GRAFI\\u010cNE IN INTERAKTIVNE KOMUNIKACIJE Stopnja in vrsta \\u0161tudijskega programa: Podiplomski \\u2013 magistrski Trajanje: 2 leti (4 semestre), skupaj 120 kreditnih\",\"breadcrumb\":{\"@id\":\"https:\/\/www.ntf.uni-lj.si\/igt\/studij\/2-stopnja\/graficne-in-interaktivne-komunikacije\/splosne-informacije\/#breadcrumb\"},\"inLanguage\":\"en-US\",\"potentialAction\":[{\"@type\":\"ReadAction\",\"target\":[\"https:\/\/www.ntf.uni-lj.si\/igt\/studij\/2-stopnja\/graficne-in-interaktivne-komunikacije\/splosne-informacije\/\"]}]},{\"@type\":\"BreadcrumbList\",\"@id\":\"https:\/\/www.ntf.uni-lj.si\/igt\/studij\/2-stopnja\/graficne-in-interaktivne-komunikacije\/splosne-informacije\/#breadcrumb\",\"itemListElement\":[{\"@type\":\"ListItem\",\"position\":1,\"name\":\"Home\",\"item\":\"https:\/\/www.ntf.uni-lj.si\/igt\/\"},{\"@type\":\"ListItem\",\"position\":2,\"name\":\"\\u0160tudij\",\"item\":\"https:\/\/www.ntf.uni-lj.si\/igt\/studij\/\"},{\"@type\":\"ListItem\",\"position\":3,\"name\":\"2. stopnja\",\"item\":\"https:\/\/www.ntf.uni-lj.si\/igt\/studij\/2-stopnja\/\"},{\"@type\":\"ListItem\",\"position\":4,\"name\":\"Grafi\\u010dne in interaktivne komunikacije (MAG)\",\"item\":\"https:\/\/www.ntf.uni-lj.si\/igt\/studij\/2-stopnja\/graficne-in-interaktivne-komunikacije\/\"},{\"@type\":\"ListItem\",\"position\":5,\"name\":\"Splo\\u0161ne informacije\"}]}]}<\/script>\n<!-- \/ Yoast SEO plugin. -->","yoast_head_json":{"description":"GRAFI\u010cNE IN INTERAKTIVNE KOMUNIKACIJE Stopnja in vrsta \u0161tudijskega programa: Podiplomski \u2013 magistrski Trajanje: 2 leti (4 semestre), skupaj 120 kreditnih","robots":{"index":"index","follow":"follow","max-snippet":"max-snippet:-1","max-image-preview":"max-image-preview:large","max-video-preview":"max-video-preview:-1"},"canonical":"https:\/\/www.ntf.uni-lj.si\/igt\/studij\/2-stopnja\/graficne-in-interaktivne-komunikacije\/splosne-informacije\/","og_locale":"en_US","og_type":"article","og_title":"Splo\u0161ne informacije - IGT","og_description":"GRAFI\u010cNE IN INTERAKTIVNE KOMUNIKACIJE Stopnja in vrsta \u0161tudijskega programa: Podiplomski \u2013 magistrski Trajanje: 2 leti (4 semestre), skupaj 120 kreditnih","og_url":"https:\/\/www.ntf.uni-lj.si\/igt\/studij\/2-stopnja\/graficne-in-interaktivne-komunikacije\/splosne-informacije\/","og_site_name":"IGT","article_modified_time":"2024-11-08T16:39:37+00:00","twitter_misc":{"Est. reading time":"2 minutes"},"schema":{"@context":"https:\/\/schema.org","@graph":[{"@type":"WebSite","@id":"https:\/\/www.ntf.uni-lj.si\/igt\/#website","url":"https:\/\/www.ntf.uni-lj.si\/igt\/","name":"IGT","description":"Katedra za informacijsko in grafi\u010dno tehnologijo","potentialAction":[{"@type":"SearchAction","target":{"@type":"EntryPoint","urlTemplate":"https:\/\/www.ntf.uni-lj.si\/igt\/?s={search_term_string}"},"query-input":"required name=search_term_string"}],"inLanguage":"en-US"},{"@type":"WebPage","@id":"https:\/\/www.ntf.uni-lj.si\/igt\/studij\/2-stopnja\/graficne-in-interaktivne-komunikacije\/splosne-informacije\/#webpage","url":"https:\/\/www.ntf.uni-lj.si\/igt\/studij\/2-stopnja\/graficne-in-interaktivne-komunikacije\/splosne-informacije\/","name":"Splo\u0161ne informacije - IGT","isPartOf":{"@id":"https:\/\/www.ntf.uni-lj.si\/igt\/#website"},"datePublished":"2015-03-16T14:03:06+00:00","dateModified":"2024-11-08T16:39:37+00:00","description":"GRAFI\u010cNE IN INTERAKTIVNE KOMUNIKACIJE Stopnja in vrsta \u0161tudijskega programa: Podiplomski \u2013 magistrski Trajanje: 2 leti (4 semestre), skupaj 120 kreditnih","breadcrumb":{"@id":"https:\/\/www.ntf.uni-lj.si\/igt\/studij\/2-stopnja\/graficne-in-interaktivne-komunikacije\/splosne-informacije\/#breadcrumb"},"inLanguage":"en-US","potentialAction":[{"@type":"ReadAction","target":["https:\/\/www.ntf.uni-lj.si\/igt\/studij\/2-stopnja\/graficne-in-interaktivne-komunikacije\/splosne-informacije\/"]}]},{"@type":"BreadcrumbList","@id":"https:\/\/www.ntf.uni-lj.si\/igt\/studij\/2-stopnja\/graficne-in-interaktivne-komunikacije\/splosne-informacije\/#breadcrumb","itemListElement":[{"@type":"ListItem","position":1,"name":"Home","item":"https:\/\/www.ntf.uni-lj.si\/igt\/"},{"@type":"ListItem","position":2,"name":"\u0160tudij","item":"https:\/\/www.ntf.uni-lj.si\/igt\/studij\/"},{"@type":"ListItem","position":3,"name":"2. stopnja","item":"https:\/\/www.ntf.uni-lj.si\/igt\/studij\/2-stopnja\/"},{"@type":"ListItem","position":4,"name":"Grafi\u010dne in interaktivne komunikacije (MAG)","item":"https:\/\/www.ntf.uni-lj.si\/igt\/studij\/2-stopnja\/graficne-in-interaktivne-komunikacije\/"},{"@type":"ListItem","position":5,"name":"Splo\u0161ne informacije"}]}]}},"_links":{"self":[{"href":"https:\/\/www.ntf.uni-lj.si\/igt\/wp-json\/wp\/v2\/pages\/1718"}],"collection":[{"href":"https:\/\/www.ntf.uni-lj.si\/igt\/wp-json\/wp\/v2\/pages"}],"about":[{"href":"https:\/\/www.ntf.uni-lj.si\/igt\/wp-json\/wp\/v2\/types\/page"}],"author":[{"embeddable":true,"href":"https:\/\/www.ntf.uni-lj.si\/igt\/wp-json\/wp\/v2\/users\/22"}],"replies":[{"embeddable":true,"href":"https:\/\/www.ntf.uni-lj.si\/igt\/wp-json\/wp\/v2\/comments?post=1718"}],"version-history":[{"count":20,"href":"https:\/\/www.ntf.uni-lj.si\/igt\/wp-json\/wp\/v2\/pages\/1718\/revisions"}],"predecessor-version":[{"id":36756,"href":"https:\/\/www.ntf.uni-lj.si\/igt\/wp-json\/wp\/v2\/pages\/1718\/revisions\/36756"}],"up":[{"embeddable":true,"href":"https:\/\/www.ntf.uni-lj.si\/igt\/wp-json\/wp\/v2\/pages\/1549"}],"wp:attachment":[{"href":"https:\/\/www.ntf.uni-lj.si\/igt\/wp-json\/wp\/v2\/media?parent=1718"}],"curies":[{"name":"wp","href":"https:\/\/api.w.org\/{rel}","templated":true}]}}