{"id":24000,"date":"2020-06-02T08:45:09","date_gmt":"2020-06-02T06:45:09","guid":{"rendered":"http:\/\/www.ntf.uni-lj.si\/igt\/?page_id=24000"},"modified":"2025-03-03T15:53:36","modified_gmt":"2025-03-03T14:53:36","slug":"laboratorij-za-vizualno-zaznavo","status":"publish","type":"page","link":"https:\/\/www.ntf.uni-lj.si\/igt\/o-nas\/prostori\/laboratorij-za-vizualno-zaznavo\/","title":{"rendered":"Laboratorij za vizualno zaznavo"},"content":{"rendered":"<div class='my-vrview' id='vrview1'><\/div>\n<p><script type='text\/javascript'>\twindow.addEventListener('load', onVrViewLoad1);function onVrViewLoad1() {var vrView = new VRView.Player('#vrview1', {image: 'https:\/\/www.ntf.uni-lj.si\/igt\/wp-content\/uploads\/sites\/8\/2021\/01\/2020_360prostori_tobii.jpg',is_stereo: false,width: '100%',height: '400' });}\n\t\t<\/script><\/p>\n<ul>\n<li>osvetljevalna kabina Judge QC (X-Rite)<\/li>\n<li>Farnsworth-Munsell 100 HueColor\u00a0Vision Test<\/li>\n<li>EEG Epoc+ (Emotiv, USA)<\/li>\n<li>naprava za sledenje o\u010desnim premikom Tobii Pro Fusion<\/li>\n<li>naprava za sledenje o\u010desnim premikom Tobii Glasses<\/li>\n<\/ul>\n<p>Ve\u010d informacij o raziskovalni opremi je dostopnih na <a href=\"https:\/\/www.ntf.uni-lj.si\/ntf\/raziskovanje\/ric-ul-ntf\/oprema\/oddelek-za-tekstilstvo-grafiko-in-oblikovanje-oto-toi-igt\/\">povezavi<\/a>.<\/p>\n","protected":false},"excerpt":{"rendered":"osvetljevalna kabina Judge QC (X-Rite) Farnsworth-Munsell 100 HueColor\u00a0Vision Test EEG Epoc+ (Emotiv, USA) naprava za sledenje o\u010desnim premikom Tobii Pro Fusion naprava za sledenje o\u010desnim premikom Tobii Glasses Ve\u010d informacij o raziskovalni opremi je dostopnih na povezavi.","protected":false},"author":221,"featured_media":0,"parent":7540,"menu_order":140,"comment_status":"closed","ping_status":"closed","template":"","meta":[],"acf":[],"yoast_head":"<!-- This site is optimized with the Yoast SEO plugin v17.0 - https:\/\/yoast.com\/wordpress\/plugins\/seo\/ -->\n<meta name=\"description\" content=\"osvetljevalna kabina Judge QC (X-Rite) Farnsworth-Munsell 100 HueColor\u00a0Vision Test EEG Epoc+ (Emotiv, USA) naprava za sledenje o\u010desnim premikom Tobii Pro\" \/>\n<meta name=\"robots\" content=\"index, follow, max-snippet:-1, max-image-preview:large, max-video-preview:-1\" \/>\n<link rel=\"canonical\" href=\"https:\/\/www.ntf.uni-lj.si\/igt\/o-nas\/prostori\/laboratorij-za-vizualno-zaznavo\/\" \/>\n<meta property=\"og:locale\" content=\"en_US\" \/>\n<meta property=\"og:type\" content=\"article\" \/>\n<meta property=\"og:title\" content=\"Laboratorij za vizualno zaznavo - IGT\" \/>\n<meta property=\"og:description\" content=\"osvetljevalna kabina Judge QC (X-Rite) Farnsworth-Munsell 100 HueColor\u00a0Vision Test EEG Epoc+ (Emotiv, USA) naprava za sledenje o\u010desnim premikom Tobii Pro\" \/>\n<meta property=\"og:url\" content=\"https:\/\/www.ntf.uni-lj.si\/igt\/o-nas\/prostori\/laboratorij-za-vizualno-zaznavo\/\" \/>\n<meta property=\"og:site_name\" content=\"IGT\" \/>\n<meta property=\"article:modified_time\" content=\"2025-03-03T14:53:36+00:00\" \/>\n<script type=\"application\/ld+json\" class=\"yoast-schema-graph\">{\"@context\":\"https:\/\/schema.org\",\"@graph\":[{\"@type\":\"WebSite\",\"@id\":\"https:\/\/www.ntf.uni-lj.si\/igt\/#website\",\"url\":\"https:\/\/www.ntf.uni-lj.si\/igt\/\",\"name\":\"IGT\",\"description\":\"Katedra za informacijsko in grafi\\u010dno tehnologijo\",\"potentialAction\":[{\"@type\":\"SearchAction\",\"target\":{\"@type\":\"EntryPoint\",\"urlTemplate\":\"https:\/\/www.ntf.uni-lj.si\/igt\/?s={search_term_string}\"},\"query-input\":\"required name=search_term_string\"}],\"inLanguage\":\"en-US\"},{\"@type\":\"WebPage\",\"@id\":\"https:\/\/www.ntf.uni-lj.si\/igt\/o-nas\/prostori\/laboratorij-za-vizualno-zaznavo\/#webpage\",\"url\":\"https:\/\/www.ntf.uni-lj.si\/igt\/o-nas\/prostori\/laboratorij-za-vizualno-zaznavo\/\",\"name\":\"Laboratorij za vizualno zaznavo - IGT\",\"isPartOf\":{\"@id\":\"https:\/\/www.ntf.uni-lj.si\/igt\/#website\"},\"datePublished\":\"2020-06-02T06:45:09+00:00\",\"dateModified\":\"2025-03-03T14:53:36+00:00\",\"description\":\"osvetljevalna kabina Judge QC (X-Rite) Farnsworth-Munsell 100 HueColor\\u00a0Vision Test EEG Epoc+ (Emotiv, USA) naprava za sledenje o\\u010desnim premikom Tobii Pro\",\"breadcrumb\":{\"@id\":\"https:\/\/www.ntf.uni-lj.si\/igt\/o-nas\/prostori\/laboratorij-za-vizualno-zaznavo\/#breadcrumb\"},\"inLanguage\":\"en-US\",\"potentialAction\":[{\"@type\":\"ReadAction\",\"target\":[\"https:\/\/www.ntf.uni-lj.si\/igt\/o-nas\/prostori\/laboratorij-za-vizualno-zaznavo\/\"]}]},{\"@type\":\"BreadcrumbList\",\"@id\":\"https:\/\/www.ntf.uni-lj.si\/igt\/o-nas\/prostori\/laboratorij-za-vizualno-zaznavo\/#breadcrumb\",\"itemListElement\":[{\"@type\":\"ListItem\",\"position\":1,\"name\":\"Home\",\"item\":\"https:\/\/www.ntf.uni-lj.si\/igt\/\"},{\"@type\":\"ListItem\",\"position\":2,\"name\":\"O nas\",\"item\":\"https:\/\/www.ntf.uni-lj.si\/igt\/o-nas\/\"},{\"@type\":\"ListItem\",\"position\":3,\"name\":\"Prostori\",\"item\":\"https:\/\/www.ntf.uni-lj.si\/igt\/o-nas\/prostori\/\"},{\"@type\":\"ListItem\",\"position\":4,\"name\":\"Laboratorij za vizualno zaznavo\"}]}]}<\/script>\n<!-- \/ Yoast SEO plugin. -->","yoast_head_json":{"description":"osvetljevalna kabina Judge QC (X-Rite) Farnsworth-Munsell 100 HueColor\u00a0Vision Test EEG Epoc+ (Emotiv, USA) naprava za sledenje o\u010desnim premikom Tobii Pro","robots":{"index":"index","follow":"follow","max-snippet":"max-snippet:-1","max-image-preview":"max-image-preview:large","max-video-preview":"max-video-preview:-1"},"canonical":"https:\/\/www.ntf.uni-lj.si\/igt\/o-nas\/prostori\/laboratorij-za-vizualno-zaznavo\/","og_locale":"en_US","og_type":"article","og_title":"Laboratorij za vizualno zaznavo - IGT","og_description":"osvetljevalna kabina Judge QC (X-Rite) Farnsworth-Munsell 100 HueColor\u00a0Vision Test EEG Epoc+ (Emotiv, USA) naprava za sledenje o\u010desnim premikom Tobii Pro","og_url":"https:\/\/www.ntf.uni-lj.si\/igt\/o-nas\/prostori\/laboratorij-za-vizualno-zaznavo\/","og_site_name":"IGT","article_modified_time":"2025-03-03T14:53:36+00:00","schema":{"@context":"https:\/\/schema.org","@graph":[{"@type":"WebSite","@id":"https:\/\/www.ntf.uni-lj.si\/igt\/#website","url":"https:\/\/www.ntf.uni-lj.si\/igt\/","name":"IGT","description":"Katedra za informacijsko in grafi\u010dno tehnologijo","potentialAction":[{"@type":"SearchAction","target":{"@type":"EntryPoint","urlTemplate":"https:\/\/www.ntf.uni-lj.si\/igt\/?s={search_term_string}"},"query-input":"required name=search_term_string"}],"inLanguage":"en-US"},{"@type":"WebPage","@id":"https:\/\/www.ntf.uni-lj.si\/igt\/o-nas\/prostori\/laboratorij-za-vizualno-zaznavo\/#webpage","url":"https:\/\/www.ntf.uni-lj.si\/igt\/o-nas\/prostori\/laboratorij-za-vizualno-zaznavo\/","name":"Laboratorij za vizualno zaznavo - IGT","isPartOf":{"@id":"https:\/\/www.ntf.uni-lj.si\/igt\/#website"},"datePublished":"2020-06-02T06:45:09+00:00","dateModified":"2025-03-03T14:53:36+00:00","description":"osvetljevalna kabina Judge QC (X-Rite) Farnsworth-Munsell 100 HueColor\u00a0Vision Test EEG Epoc+ (Emotiv, USA) naprava za sledenje o\u010desnim premikom Tobii Pro","breadcrumb":{"@id":"https:\/\/www.ntf.uni-lj.si\/igt\/o-nas\/prostori\/laboratorij-za-vizualno-zaznavo\/#breadcrumb"},"inLanguage":"en-US","potentialAction":[{"@type":"ReadAction","target":["https:\/\/www.ntf.uni-lj.si\/igt\/o-nas\/prostori\/laboratorij-za-vizualno-zaznavo\/"]}]},{"@type":"BreadcrumbList","@id":"https:\/\/www.ntf.uni-lj.si\/igt\/o-nas\/prostori\/laboratorij-za-vizualno-zaznavo\/#breadcrumb","itemListElement":[{"@type":"ListItem","position":1,"name":"Home","item":"https:\/\/www.ntf.uni-lj.si\/igt\/"},{"@type":"ListItem","position":2,"name":"O nas","item":"https:\/\/www.ntf.uni-lj.si\/igt\/o-nas\/"},{"@type":"ListItem","position":3,"name":"Prostori","item":"https:\/\/www.ntf.uni-lj.si\/igt\/o-nas\/prostori\/"},{"@type":"ListItem","position":4,"name":"Laboratorij za vizualno zaznavo"}]}]}},"_links":{"self":[{"href":"https:\/\/www.ntf.uni-lj.si\/igt\/wp-json\/wp\/v2\/pages\/24000"}],"collection":[{"href":"https:\/\/www.ntf.uni-lj.si\/igt\/wp-json\/wp\/v2\/pages"}],"about":[{"href":"https:\/\/www.ntf.uni-lj.si\/igt\/wp-json\/wp\/v2\/types\/page"}],"author":[{"embeddable":true,"href":"https:\/\/www.ntf.uni-lj.si\/igt\/wp-json\/wp\/v2\/users\/221"}],"replies":[{"embeddable":true,"href":"https:\/\/www.ntf.uni-lj.si\/igt\/wp-json\/wp\/v2\/comments?post=24000"}],"version-history":[{"count":9,"href":"https:\/\/www.ntf.uni-lj.si\/igt\/wp-json\/wp\/v2\/pages\/24000\/revisions"}],"predecessor-version":[{"id":37207,"href":"https:\/\/www.ntf.uni-lj.si\/igt\/wp-json\/wp\/v2\/pages\/24000\/revisions\/37207"}],"up":[{"embeddable":true,"href":"https:\/\/www.ntf.uni-lj.si\/igt\/wp-json\/wp\/v2\/pages\/7540"}],"wp:attachment":[{"href":"https:\/\/www.ntf.uni-lj.si\/igt\/wp-json\/wp\/v2\/media?parent=24000"}],"curies":[{"name":"wp","href":"https:\/\/api.w.org\/{rel}","templated":true}]}}