{"id":24012,"date":"2020-06-02T08:53:43","date_gmt":"2020-06-02T06:53:43","guid":{"rendered":"http:\/\/www.ntf.uni-lj.si\/igt\/?page_id=24012"},"modified":"2021-03-04T10:08:28","modified_gmt":"2021-03-04T09:08:28","slug":"ucilnica-r-002","status":"publish","type":"page","link":"https:\/\/www.ntf.uni-lj.si\/igt\/o-nas\/prostori\/ucilnica-r-002\/","title":{"rendered":"U\u010dilnica R-002"},"content":{"rendered":"<div class='my-vrview' id='vrview1'><\/div>\n<p><script type='text\/javascript'>\twindow.addEventListener('load', onVrViewLoad1);function onVrViewLoad1() {var vrView = new VRView.Player('#vrview1', {image: 'https:\/\/www.ntf.uni-lj.si\/igt\/wp-content\/uploads\/sites\/8\/2021\/01\/2020_360prostori_R002.jpg',is_stereo: false,width: '100%',height: '400' });}\n\t\t<\/script><\/p>\n<p>U\u010dilnica R-002 je ena na\u0161ih prvih ra\u010dunalni\u0161kih u\u010dilnic. Opremljena je s PC ra\u010dunalniki na Windows platformi. Glavna programska oprema je Adobe Creative Cloud in program Blender za 3D modeliranje, 3D animacije in 3D tisk. Uporaba te u\u010dilnice je v tesni povezavi s 3D laboratorijem, saj v njej poteka ra\u010dunalni\u0161ka priprava modelov. Poleg tega potekajo v tej u\u010dilnici tudi vaje iz grafi\u010dnih medijev in grafi\u010dne priprave.<\/p>\n","protected":false},"excerpt":{"rendered":"U\u010dilnica R-002 je ena na\u0161ih prvih ra\u010dunalni\u0161kih u\u010dilnic. Opremljena je s PC ra\u010dunalniki na Windows platformi. Glavna programska oprema je Adobe Creative Cloud in program Blender za 3D modeliranje, 3D animacije in 3D tisk. Uporaba te u\u010dilnice je v tesni povezavi s 3D laboratorijem, saj v njej poteka ra\u010dunalni\u0161ka priprava modelov. Poleg tega potekajo v &#8230; <a class=\"view-article\" href=\"https:\/\/www.ntf.uni-lj.si\/igt\/o-nas\/prostori\/ucilnica-r-002\/\">Read more<\/a>","protected":false},"author":221,"featured_media":0,"parent":7540,"menu_order":50,"comment_status":"closed","ping_status":"closed","template":"","meta":[],"acf":[],"yoast_head":"<!-- This site is optimized with the Yoast SEO plugin v17.0 - https:\/\/yoast.com\/wordpress\/plugins\/seo\/ -->\n<meta name=\"description\" content=\"U\u010dilnica R-002 je ena na\u0161ih prvih ra\u010dunalni\u0161kih u\u010dilnic. Opremljena je s PC ra\u010dunalniki na Windows platformi. Glavna programska oprema je Adobe Creative\" \/>\n<meta name=\"robots\" content=\"index, follow, max-snippet:-1, max-image-preview:large, max-video-preview:-1\" \/>\n<link rel=\"canonical\" href=\"https:\/\/www.ntf.uni-lj.si\/igt\/o-nas\/prostori\/ucilnica-r-002\/\" \/>\n<meta property=\"og:locale\" content=\"en_US\" \/>\n<meta property=\"og:type\" content=\"article\" \/>\n<meta property=\"og:title\" content=\"U\u010dilnica R-002 - IGT\" \/>\n<meta property=\"og:description\" content=\"U\u010dilnica R-002 je ena na\u0161ih prvih ra\u010dunalni\u0161kih u\u010dilnic. Opremljena je s PC ra\u010dunalniki na Windows platformi. Glavna programska oprema je Adobe Creative\" \/>\n<meta property=\"og:url\" content=\"https:\/\/www.ntf.uni-lj.si\/igt\/o-nas\/prostori\/ucilnica-r-002\/\" \/>\n<meta property=\"og:site_name\" content=\"IGT\" \/>\n<meta property=\"article:modified_time\" content=\"2021-03-04T09:08:28+00:00\" \/>\n<script type=\"application\/ld+json\" class=\"yoast-schema-graph\">{\"@context\":\"https:\/\/schema.org\",\"@graph\":[{\"@type\":\"WebSite\",\"@id\":\"https:\/\/www.ntf.uni-lj.si\/igt\/#website\",\"url\":\"https:\/\/www.ntf.uni-lj.si\/igt\/\",\"name\":\"IGT\",\"description\":\"Katedra za informacijsko in grafi\\u010dno tehnologijo\",\"potentialAction\":[{\"@type\":\"SearchAction\",\"target\":{\"@type\":\"EntryPoint\",\"urlTemplate\":\"https:\/\/www.ntf.uni-lj.si\/igt\/?s={search_term_string}\"},\"query-input\":\"required name=search_term_string\"}],\"inLanguage\":\"en-US\"},{\"@type\":\"WebPage\",\"@id\":\"https:\/\/www.ntf.uni-lj.si\/igt\/o-nas\/prostori\/ucilnica-r-002\/#webpage\",\"url\":\"https:\/\/www.ntf.uni-lj.si\/igt\/o-nas\/prostori\/ucilnica-r-002\/\",\"name\":\"U\\u010dilnica R-002 - IGT\",\"isPartOf\":{\"@id\":\"https:\/\/www.ntf.uni-lj.si\/igt\/#website\"},\"datePublished\":\"2020-06-02T06:53:43+00:00\",\"dateModified\":\"2021-03-04T09:08:28+00:00\",\"description\":\"U\\u010dilnica R-002 je ena na\\u0161ih prvih ra\\u010dunalni\\u0161kih u\\u010dilnic. Opremljena je s PC ra\\u010dunalniki na Windows platformi. Glavna programska oprema je Adobe Creative\",\"breadcrumb\":{\"@id\":\"https:\/\/www.ntf.uni-lj.si\/igt\/o-nas\/prostori\/ucilnica-r-002\/#breadcrumb\"},\"inLanguage\":\"en-US\",\"potentialAction\":[{\"@type\":\"ReadAction\",\"target\":[\"https:\/\/www.ntf.uni-lj.si\/igt\/o-nas\/prostori\/ucilnica-r-002\/\"]}]},{\"@type\":\"BreadcrumbList\",\"@id\":\"https:\/\/www.ntf.uni-lj.si\/igt\/o-nas\/prostori\/ucilnica-r-002\/#breadcrumb\",\"itemListElement\":[{\"@type\":\"ListItem\",\"position\":1,\"name\":\"Home\",\"item\":\"https:\/\/www.ntf.uni-lj.si\/igt\/\"},{\"@type\":\"ListItem\",\"position\":2,\"name\":\"O nas\",\"item\":\"https:\/\/www.ntf.uni-lj.si\/igt\/o-nas\/\"},{\"@type\":\"ListItem\",\"position\":3,\"name\":\"Prostori\",\"item\":\"https:\/\/www.ntf.uni-lj.si\/igt\/o-nas\/prostori\/\"},{\"@type\":\"ListItem\",\"position\":4,\"name\":\"U\\u010dilnica R-002\"}]}]}<\/script>\n<!-- \/ Yoast SEO plugin. -->","yoast_head_json":{"description":"U\u010dilnica R-002 je ena na\u0161ih prvih ra\u010dunalni\u0161kih u\u010dilnic. Opremljena je s PC ra\u010dunalniki na Windows platformi. Glavna programska oprema je Adobe Creative","robots":{"index":"index","follow":"follow","max-snippet":"max-snippet:-1","max-image-preview":"max-image-preview:large","max-video-preview":"max-video-preview:-1"},"canonical":"https:\/\/www.ntf.uni-lj.si\/igt\/o-nas\/prostori\/ucilnica-r-002\/","og_locale":"en_US","og_type":"article","og_title":"U\u010dilnica R-002 - IGT","og_description":"U\u010dilnica R-002 je ena na\u0161ih prvih ra\u010dunalni\u0161kih u\u010dilnic. Opremljena je s PC ra\u010dunalniki na Windows platformi. Glavna programska oprema je Adobe Creative","og_url":"https:\/\/www.ntf.uni-lj.si\/igt\/o-nas\/prostori\/ucilnica-r-002\/","og_site_name":"IGT","article_modified_time":"2021-03-04T09:08:28+00:00","schema":{"@context":"https:\/\/schema.org","@graph":[{"@type":"WebSite","@id":"https:\/\/www.ntf.uni-lj.si\/igt\/#website","url":"https:\/\/www.ntf.uni-lj.si\/igt\/","name":"IGT","description":"Katedra za informacijsko in grafi\u010dno tehnologijo","potentialAction":[{"@type":"SearchAction","target":{"@type":"EntryPoint","urlTemplate":"https:\/\/www.ntf.uni-lj.si\/igt\/?s={search_term_string}"},"query-input":"required name=search_term_string"}],"inLanguage":"en-US"},{"@type":"WebPage","@id":"https:\/\/www.ntf.uni-lj.si\/igt\/o-nas\/prostori\/ucilnica-r-002\/#webpage","url":"https:\/\/www.ntf.uni-lj.si\/igt\/o-nas\/prostori\/ucilnica-r-002\/","name":"U\u010dilnica R-002 - IGT","isPartOf":{"@id":"https:\/\/www.ntf.uni-lj.si\/igt\/#website"},"datePublished":"2020-06-02T06:53:43+00:00","dateModified":"2021-03-04T09:08:28+00:00","description":"U\u010dilnica R-002 je ena na\u0161ih prvih ra\u010dunalni\u0161kih u\u010dilnic. Opremljena je s PC ra\u010dunalniki na Windows platformi. Glavna programska oprema je Adobe Creative","breadcrumb":{"@id":"https:\/\/www.ntf.uni-lj.si\/igt\/o-nas\/prostori\/ucilnica-r-002\/#breadcrumb"},"inLanguage":"en-US","potentialAction":[{"@type":"ReadAction","target":["https:\/\/www.ntf.uni-lj.si\/igt\/o-nas\/prostori\/ucilnica-r-002\/"]}]},{"@type":"BreadcrumbList","@id":"https:\/\/www.ntf.uni-lj.si\/igt\/o-nas\/prostori\/ucilnica-r-002\/#breadcrumb","itemListElement":[{"@type":"ListItem","position":1,"name":"Home","item":"https:\/\/www.ntf.uni-lj.si\/igt\/"},{"@type":"ListItem","position":2,"name":"O nas","item":"https:\/\/www.ntf.uni-lj.si\/igt\/o-nas\/"},{"@type":"ListItem","position":3,"name":"Prostori","item":"https:\/\/www.ntf.uni-lj.si\/igt\/o-nas\/prostori\/"},{"@type":"ListItem","position":4,"name":"U\u010dilnica R-002"}]}]}},"_links":{"self":[{"href":"https:\/\/www.ntf.uni-lj.si\/igt\/wp-json\/wp\/v2\/pages\/24012"}],"collection":[{"href":"https:\/\/www.ntf.uni-lj.si\/igt\/wp-json\/wp\/v2\/pages"}],"about":[{"href":"https:\/\/www.ntf.uni-lj.si\/igt\/wp-json\/wp\/v2\/types\/page"}],"author":[{"embeddable":true,"href":"https:\/\/www.ntf.uni-lj.si\/igt\/wp-json\/wp\/v2\/users\/221"}],"replies":[{"embeddable":true,"href":"https:\/\/www.ntf.uni-lj.si\/igt\/wp-json\/wp\/v2\/comments?post=24012"}],"version-history":[{"count":4,"href":"https:\/\/www.ntf.uni-lj.si\/igt\/wp-json\/wp\/v2\/pages\/24012\/revisions"}],"predecessor-version":[{"id":26317,"href":"https:\/\/www.ntf.uni-lj.si\/igt\/wp-json\/wp\/v2\/pages\/24012\/revisions\/26317"}],"up":[{"embeddable":true,"href":"https:\/\/www.ntf.uni-lj.si\/igt\/wp-json\/wp\/v2\/pages\/7540"}],"wp:attachment":[{"href":"https:\/\/www.ntf.uni-lj.si\/igt\/wp-json\/wp\/v2\/media?parent=24012"}],"curies":[{"name":"wp","href":"https:\/\/api.w.org\/{rel}","templated":true}]}}