{"id":24015,"date":"2020-06-02T08:54:19","date_gmt":"2020-06-02T06:54:19","guid":{"rendered":"http:\/\/www.ntf.uni-lj.si\/igt\/?page_id=24015"},"modified":"2021-05-03T11:11:52","modified_gmt":"2021-05-03T09:11:52","slug":"preskusevalisce","status":"publish","type":"page","link":"https:\/\/www.ntf.uni-lj.si\/igt\/o-nas\/prostori\/preskusevalisce\/","title":{"rendered":"Presku\u0161evali\u0161\u010de"},"content":{"rendered":"<div class='my-vrview' id='vrview1'><\/div>\n<p><script type='text\/javascript'>\twindow.addEventListener('load', onVrViewLoad1);function onVrViewLoad1() {var vrView = new VRView.Player('#vrview1', {image: 'https:\/\/www.ntf.uni-lj.si\/igt\/wp-content\/uploads\/sites\/8\/2021\/01\/2020_360prostori_preskusevalisce.jpg',is_stereo: false,width: '100%',height: '400' });}\n\t\t<\/script><\/p>\n<p>Metode in nekatera oprema:<\/p>\n<ul>\n<li>hrapavost\/poroznost \u2013 Bendtsen,<\/li>\n<li>merilec zrcalnega sijaja,<\/li>\n<li>prepogibna odpornost \u2013 MIT,<\/li>\n<li>su\u0161ilnik Binder,<\/li>\n<li>formatni rezalniki papirja,<\/li>\n<li>elektronska tehtnica \u2013 Mettler Toledo,<\/li>\n<li>kontaktni profilometer TR200,<\/li>\n<li>rotacijski viskozimeter \u2013 Brookfield,<\/li>\n<li>kapilarna vpojnost \u2013 Klemm,<\/li>\n<li>stopnja klejenosti \u2013 Cobb,<\/li>\n<li>anizotropija \u2013 Pulse Propagation Meter PPM-5R,<\/li>\n<li>opti\u010dni mikroskopi \u2013 Olympus CX21,<\/li>\n<li>\u017elebirni\/perforirni stroj \u2013 Morgana DigiCreaser.<\/li>\n<\/ul>\n<p>Ve\u010d informacij o raziskovalni opremi je dostopnih na <a href=\"https:\/\/www.ntf.uni-lj.si\/ntf\/raziskovanje\/ric-ul-ntf\/oprema\/oddelek-za-tekstilstvo-grafiko-in-oblikovanje-oto-toi-igt\/\">povezavi<\/a>.<\/p>\n<p>&nbsp;<\/p>\n","protected":false},"excerpt":{"rendered":"Metode in nekatera oprema: hrapavost\/poroznost \u2013 Bendtsen, merilec zrcalnega sijaja, prepogibna odpornost \u2013 MIT, su\u0161ilnik Binder, formatni rezalniki papirja, elektronska tehtnica \u2013 Mettler Toledo, kontaktni profilometer TR200, rotacijski viskozimeter \u2013 Brookfield, kapilarna vpojnost \u2013 Klemm, stopnja klejenosti \u2013 Cobb, anizotropija \u2013 Pulse Propagation Meter PPM-5R, opti\u010dni mikroskopi \u2013 Olympus CX21, \u017elebirni\/perforirni stroj \u2013 Morgana DigiCreaser. &#8230; <a class=\"view-article\" href=\"https:\/\/www.ntf.uni-lj.si\/igt\/o-nas\/prostori\/preskusevalisce\/\">Read more<\/a>","protected":false},"author":221,"featured_media":0,"parent":7540,"menu_order":100,"comment_status":"closed","ping_status":"closed","template":"","meta":[],"acf":[],"yoast_head":"<!-- This site is optimized with the Yoast SEO plugin v17.0 - https:\/\/yoast.com\/wordpress\/plugins\/seo\/ -->\n<meta name=\"description\" content=\"Metode in nekatera oprema: hrapavost\/poroznost \u2013 Bendtsen, merilec zrcalnega sijaja, prepogibna odpornost \u2013 MIT, su\u0161ilnik Binder, formatni rezalniki\" \/>\n<meta name=\"robots\" content=\"index, follow, max-snippet:-1, max-image-preview:large, max-video-preview:-1\" \/>\n<link rel=\"canonical\" href=\"https:\/\/www.ntf.uni-lj.si\/igt\/o-nas\/prostori\/preskusevalisce\/\" \/>\n<meta property=\"og:locale\" content=\"en_US\" \/>\n<meta property=\"og:type\" content=\"article\" \/>\n<meta property=\"og:title\" content=\"Presku\u0161evali\u0161\u010de - IGT\" \/>\n<meta property=\"og:description\" content=\"Metode in nekatera oprema: hrapavost\/poroznost \u2013 Bendtsen, merilec zrcalnega sijaja, prepogibna odpornost \u2013 MIT, su\u0161ilnik Binder, formatni rezalniki\" \/>\n<meta property=\"og:url\" content=\"https:\/\/www.ntf.uni-lj.si\/igt\/o-nas\/prostori\/preskusevalisce\/\" \/>\n<meta property=\"og:site_name\" content=\"IGT\" \/>\n<meta property=\"article:modified_time\" content=\"2021-05-03T09:11:52+00:00\" \/>\n<script type=\"application\/ld+json\" class=\"yoast-schema-graph\">{\"@context\":\"https:\/\/schema.org\",\"@graph\":[{\"@type\":\"WebSite\",\"@id\":\"https:\/\/www.ntf.uni-lj.si\/igt\/#website\",\"url\":\"https:\/\/www.ntf.uni-lj.si\/igt\/\",\"name\":\"IGT\",\"description\":\"Katedra za informacijsko in grafi\\u010dno tehnologijo\",\"potentialAction\":[{\"@type\":\"SearchAction\",\"target\":{\"@type\":\"EntryPoint\",\"urlTemplate\":\"https:\/\/www.ntf.uni-lj.si\/igt\/?s={search_term_string}\"},\"query-input\":\"required name=search_term_string\"}],\"inLanguage\":\"en-US\"},{\"@type\":\"WebPage\",\"@id\":\"https:\/\/www.ntf.uni-lj.si\/igt\/o-nas\/prostori\/preskusevalisce\/#webpage\",\"url\":\"https:\/\/www.ntf.uni-lj.si\/igt\/o-nas\/prostori\/preskusevalisce\/\",\"name\":\"Presku\\u0161evali\\u0161\\u010de - IGT\",\"isPartOf\":{\"@id\":\"https:\/\/www.ntf.uni-lj.si\/igt\/#website\"},\"datePublished\":\"2020-06-02T06:54:19+00:00\",\"dateModified\":\"2021-05-03T09:11:52+00:00\",\"description\":\"Metode in nekatera oprema: hrapavost\/poroznost \\u2013 Bendtsen, merilec zrcalnega sijaja, prepogibna odpornost \\u2013 MIT, su\\u0161ilnik Binder, formatni rezalniki\",\"breadcrumb\":{\"@id\":\"https:\/\/www.ntf.uni-lj.si\/igt\/o-nas\/prostori\/preskusevalisce\/#breadcrumb\"},\"inLanguage\":\"en-US\",\"potentialAction\":[{\"@type\":\"ReadAction\",\"target\":[\"https:\/\/www.ntf.uni-lj.si\/igt\/o-nas\/prostori\/preskusevalisce\/\"]}]},{\"@type\":\"BreadcrumbList\",\"@id\":\"https:\/\/www.ntf.uni-lj.si\/igt\/o-nas\/prostori\/preskusevalisce\/#breadcrumb\",\"itemListElement\":[{\"@type\":\"ListItem\",\"position\":1,\"name\":\"Home\",\"item\":\"https:\/\/www.ntf.uni-lj.si\/igt\/\"},{\"@type\":\"ListItem\",\"position\":2,\"name\":\"O nas\",\"item\":\"https:\/\/www.ntf.uni-lj.si\/igt\/o-nas\/\"},{\"@type\":\"ListItem\",\"position\":3,\"name\":\"Prostori\",\"item\":\"https:\/\/www.ntf.uni-lj.si\/igt\/o-nas\/prostori\/\"},{\"@type\":\"ListItem\",\"position\":4,\"name\":\"Presku\\u0161evali\\u0161\\u010de\"}]}]}<\/script>\n<!-- \/ Yoast SEO plugin. -->","yoast_head_json":{"description":"Metode in nekatera oprema: hrapavost\/poroznost \u2013 Bendtsen, merilec zrcalnega sijaja, prepogibna odpornost \u2013 MIT, su\u0161ilnik Binder, formatni rezalniki","robots":{"index":"index","follow":"follow","max-snippet":"max-snippet:-1","max-image-preview":"max-image-preview:large","max-video-preview":"max-video-preview:-1"},"canonical":"https:\/\/www.ntf.uni-lj.si\/igt\/o-nas\/prostori\/preskusevalisce\/","og_locale":"en_US","og_type":"article","og_title":"Presku\u0161evali\u0161\u010de - IGT","og_description":"Metode in nekatera oprema: hrapavost\/poroznost \u2013 Bendtsen, merilec zrcalnega sijaja, prepogibna odpornost \u2013 MIT, su\u0161ilnik Binder, formatni rezalniki","og_url":"https:\/\/www.ntf.uni-lj.si\/igt\/o-nas\/prostori\/preskusevalisce\/","og_site_name":"IGT","article_modified_time":"2021-05-03T09:11:52+00:00","schema":{"@context":"https:\/\/schema.org","@graph":[{"@type":"WebSite","@id":"https:\/\/www.ntf.uni-lj.si\/igt\/#website","url":"https:\/\/www.ntf.uni-lj.si\/igt\/","name":"IGT","description":"Katedra za informacijsko in grafi\u010dno tehnologijo","potentialAction":[{"@type":"SearchAction","target":{"@type":"EntryPoint","urlTemplate":"https:\/\/www.ntf.uni-lj.si\/igt\/?s={search_term_string}"},"query-input":"required name=search_term_string"}],"inLanguage":"en-US"},{"@type":"WebPage","@id":"https:\/\/www.ntf.uni-lj.si\/igt\/o-nas\/prostori\/preskusevalisce\/#webpage","url":"https:\/\/www.ntf.uni-lj.si\/igt\/o-nas\/prostori\/preskusevalisce\/","name":"Presku\u0161evali\u0161\u010de - IGT","isPartOf":{"@id":"https:\/\/www.ntf.uni-lj.si\/igt\/#website"},"datePublished":"2020-06-02T06:54:19+00:00","dateModified":"2021-05-03T09:11:52+00:00","description":"Metode in nekatera oprema: hrapavost\/poroznost \u2013 Bendtsen, merilec zrcalnega sijaja, prepogibna odpornost \u2013 MIT, su\u0161ilnik Binder, formatni rezalniki","breadcrumb":{"@id":"https:\/\/www.ntf.uni-lj.si\/igt\/o-nas\/prostori\/preskusevalisce\/#breadcrumb"},"inLanguage":"en-US","potentialAction":[{"@type":"ReadAction","target":["https:\/\/www.ntf.uni-lj.si\/igt\/o-nas\/prostori\/preskusevalisce\/"]}]},{"@type":"BreadcrumbList","@id":"https:\/\/www.ntf.uni-lj.si\/igt\/o-nas\/prostori\/preskusevalisce\/#breadcrumb","itemListElement":[{"@type":"ListItem","position":1,"name":"Home","item":"https:\/\/www.ntf.uni-lj.si\/igt\/"},{"@type":"ListItem","position":2,"name":"O nas","item":"https:\/\/www.ntf.uni-lj.si\/igt\/o-nas\/"},{"@type":"ListItem","position":3,"name":"Prostori","item":"https:\/\/www.ntf.uni-lj.si\/igt\/o-nas\/prostori\/"},{"@type":"ListItem","position":4,"name":"Presku\u0161evali\u0161\u010de"}]}]}},"_links":{"self":[{"href":"https:\/\/www.ntf.uni-lj.si\/igt\/wp-json\/wp\/v2\/pages\/24015"}],"collection":[{"href":"https:\/\/www.ntf.uni-lj.si\/igt\/wp-json\/wp\/v2\/pages"}],"about":[{"href":"https:\/\/www.ntf.uni-lj.si\/igt\/wp-json\/wp\/v2\/types\/page"}],"author":[{"embeddable":true,"href":"https:\/\/www.ntf.uni-lj.si\/igt\/wp-json\/wp\/v2\/users\/221"}],"replies":[{"embeddable":true,"href":"https:\/\/www.ntf.uni-lj.si\/igt\/wp-json\/wp\/v2\/comments?post=24015"}],"version-history":[{"count":9,"href":"https:\/\/www.ntf.uni-lj.si\/igt\/wp-json\/wp\/v2\/pages\/24015\/revisions"}],"predecessor-version":[{"id":27735,"href":"https:\/\/www.ntf.uni-lj.si\/igt\/wp-json\/wp\/v2\/pages\/24015\/revisions\/27735"}],"up":[{"embeddable":true,"href":"https:\/\/www.ntf.uni-lj.si\/igt\/wp-json\/wp\/v2\/pages\/7540"}],"wp:attachment":[{"href":"https:\/\/www.ntf.uni-lj.si\/igt\/wp-json\/wp\/v2\/media?parent=24015"}],"curies":[{"name":"wp","href":"https:\/\/api.w.org\/{rel}","templated":true}]}}