{"id":24017,"date":"2020-06-02T08:54:50","date_gmt":"2020-06-02T06:54:50","guid":{"rendered":"http:\/\/www.ntf.uni-lj.si\/igt\/?page_id=24017"},"modified":"2021-05-04T12:49:41","modified_gmt":"2021-05-04T10:49:41","slug":"kemijski-laboratorij","status":"publish","type":"page","link":"https:\/\/www.ntf.uni-lj.si\/igt\/o-nas\/prostori\/kemijski-laboratorij\/","title":{"rendered":"Kemijski laboratorij"},"content":{"rendered":"<div class='my-vrview' id='vrview1'><\/div>\n<p><script type='text\/javascript'>\twindow.addEventListener('load', onVrViewLoad1);function onVrViewLoad1() {var vrView = new VRView.Player('#vrview1', {image: 'https:\/\/www.ntf.uni-lj.si\/igt\/wp-content\/uploads\/sites\/8\/2021\/01\/2020_360prostori_lab3.jpg',is_stereo: false,width: '100%',height: '400' });}\n\t\t<\/script><\/p>\n<p>Kemijski laboratorij je prostor, v katerem se \u0161tudentje Katedre za informacijsko in grafi\u010dno tehnologijo sre\u010dajo z delom v laboratoriju. Laboratorijske vaje potekajo v sklopu ve\u010d predmetov.<\/p>\n<p>V sklopu Grafi\u010dnih materialov \u0161tudenti z opti\u010dnim mikroskopom dolo\u010dijo surovinsko sestavo papirja. Nau\u010dijo se med seboj lo\u010diti razli\u010dne morfolo\u0161ke lastnosti rastlinskih in sinteti\u010dnih vlaken. Pri ekologiji v grafiki se \u0161tudentje sre\u010dajo z razli\u010dnimi parametri dolo\u010danja onesna\u017eenosti odpadnih vod ter razli\u010dnimi postopki \u010di\u0161\u010denja odpadnih vod. Pri teoriji grafi\u010dnih procesov \u0161tudenti spoznajo fizikalno kemijske osnove grafi\u010dnih materialov ter uporabo fizikalno kemijskih postopkov v tehnolo\u0161kem procesu grafi\u010dne industrije.<\/p>\n<p>Seznam nekatere opreme:<\/p>\n<ul>\n<li>UV\/VIS spektrofotometer,<\/li>\n<li>tehtnica,<\/li>\n<li>su\u0161ilnik,<\/li>\n<li>\u017earilna pe\u010d,<\/li>\n<li>ultrazvo\u010dna kopel,<\/li>\n<li>magnetna me\u0161ala,<\/li>\n<li>pH metri,<\/li>\n<li>konduktometri,<\/li>\n<li>mikroskopi,<\/li>\n<li>bireta ter<\/li>\n<li>ostala steklena laboratorijska oprema.<\/li>\n<\/ul>\n<p>&nbsp;<\/p>\n","protected":false},"excerpt":{"rendered":"Kemijski laboratorij je prostor, v katerem se \u0161tudentje Katedre za informacijsko in grafi\u010dno tehnologijo sre\u010dajo z delom v laboratoriju. Laboratorijske vaje potekajo v sklopu ve\u010d predmetov. V sklopu Grafi\u010dnih materialov \u0161tudenti z opti\u010dnim mikroskopom dolo\u010dijo surovinsko sestavo papirja. Nau\u010dijo se med seboj lo\u010diti razli\u010dne morfolo\u0161ke lastnosti rastlinskih in sinteti\u010dnih vlaken. Pri ekologiji v grafiki se &#8230; <a class=\"view-article\" href=\"https:\/\/www.ntf.uni-lj.si\/igt\/o-nas\/prostori\/kemijski-laboratorij\/\">Read more<\/a>","protected":false},"author":221,"featured_media":0,"parent":7540,"menu_order":90,"comment_status":"closed","ping_status":"closed","template":"","meta":[],"acf":[],"yoast_head":"<!-- This site is optimized with the Yoast SEO plugin v17.0 - https:\/\/yoast.com\/wordpress\/plugins\/seo\/ -->\n<meta name=\"description\" content=\"Kemijski laboratorij je prostor, v katerem se \u0161tudentje Katedre za informacijsko in grafi\u010dno tehnologijo sre\u010dajo z delom v laboratoriju. Laboratorijske\" \/>\n<meta name=\"robots\" content=\"index, follow, max-snippet:-1, max-image-preview:large, max-video-preview:-1\" \/>\n<link rel=\"canonical\" href=\"https:\/\/www.ntf.uni-lj.si\/igt\/o-nas\/prostori\/kemijski-laboratorij\/\" \/>\n<meta property=\"og:locale\" content=\"en_US\" \/>\n<meta property=\"og:type\" content=\"article\" \/>\n<meta property=\"og:title\" content=\"Kemijski laboratorij - IGT\" \/>\n<meta property=\"og:description\" content=\"Kemijski laboratorij je prostor, v katerem se \u0161tudentje Katedre za informacijsko in grafi\u010dno tehnologijo sre\u010dajo z delom v laboratoriju. Laboratorijske\" \/>\n<meta property=\"og:url\" content=\"https:\/\/www.ntf.uni-lj.si\/igt\/o-nas\/prostori\/kemijski-laboratorij\/\" \/>\n<meta property=\"og:site_name\" content=\"IGT\" \/>\n<meta property=\"article:modified_time\" content=\"2021-05-04T10:49:41+00:00\" \/>\n<meta name=\"twitter:label1\" content=\"Est. reading time\" \/>\n\t<meta name=\"twitter:data1\" content=\"1 minute\" \/>\n<script type=\"application\/ld+json\" class=\"yoast-schema-graph\">{\"@context\":\"https:\/\/schema.org\",\"@graph\":[{\"@type\":\"WebSite\",\"@id\":\"https:\/\/www.ntf.uni-lj.si\/igt\/#website\",\"url\":\"https:\/\/www.ntf.uni-lj.si\/igt\/\",\"name\":\"IGT\",\"description\":\"Katedra za informacijsko in grafi\\u010dno tehnologijo\",\"potentialAction\":[{\"@type\":\"SearchAction\",\"target\":{\"@type\":\"EntryPoint\",\"urlTemplate\":\"https:\/\/www.ntf.uni-lj.si\/igt\/?s={search_term_string}\"},\"query-input\":\"required name=search_term_string\"}],\"inLanguage\":\"en-US\"},{\"@type\":\"WebPage\",\"@id\":\"https:\/\/www.ntf.uni-lj.si\/igt\/o-nas\/prostori\/kemijski-laboratorij\/#webpage\",\"url\":\"https:\/\/www.ntf.uni-lj.si\/igt\/o-nas\/prostori\/kemijski-laboratorij\/\",\"name\":\"Kemijski laboratorij - IGT\",\"isPartOf\":{\"@id\":\"https:\/\/www.ntf.uni-lj.si\/igt\/#website\"},\"datePublished\":\"2020-06-02T06:54:50+00:00\",\"dateModified\":\"2021-05-04T10:49:41+00:00\",\"description\":\"Kemijski laboratorij je prostor, v katerem se \\u0161tudentje Katedre za informacijsko in grafi\\u010dno tehnologijo sre\\u010dajo z delom v laboratoriju. Laboratorijske\",\"breadcrumb\":{\"@id\":\"https:\/\/www.ntf.uni-lj.si\/igt\/o-nas\/prostori\/kemijski-laboratorij\/#breadcrumb\"},\"inLanguage\":\"en-US\",\"potentialAction\":[{\"@type\":\"ReadAction\",\"target\":[\"https:\/\/www.ntf.uni-lj.si\/igt\/o-nas\/prostori\/kemijski-laboratorij\/\"]}]},{\"@type\":\"BreadcrumbList\",\"@id\":\"https:\/\/www.ntf.uni-lj.si\/igt\/o-nas\/prostori\/kemijski-laboratorij\/#breadcrumb\",\"itemListElement\":[{\"@type\":\"ListItem\",\"position\":1,\"name\":\"Home\",\"item\":\"https:\/\/www.ntf.uni-lj.si\/igt\/\"},{\"@type\":\"ListItem\",\"position\":2,\"name\":\"O nas\",\"item\":\"https:\/\/www.ntf.uni-lj.si\/igt\/o-nas\/\"},{\"@type\":\"ListItem\",\"position\":3,\"name\":\"Prostori\",\"item\":\"https:\/\/www.ntf.uni-lj.si\/igt\/o-nas\/prostori\/\"},{\"@type\":\"ListItem\",\"position\":4,\"name\":\"Kemijski laboratorij\"}]}]}<\/script>\n<!-- \/ Yoast SEO plugin. -->","yoast_head_json":{"description":"Kemijski laboratorij je prostor, v katerem se \u0161tudentje Katedre za informacijsko in grafi\u010dno tehnologijo sre\u010dajo z delom v laboratoriju. Laboratorijske","robots":{"index":"index","follow":"follow","max-snippet":"max-snippet:-1","max-image-preview":"max-image-preview:large","max-video-preview":"max-video-preview:-1"},"canonical":"https:\/\/www.ntf.uni-lj.si\/igt\/o-nas\/prostori\/kemijski-laboratorij\/","og_locale":"en_US","og_type":"article","og_title":"Kemijski laboratorij - IGT","og_description":"Kemijski laboratorij je prostor, v katerem se \u0161tudentje Katedre za informacijsko in grafi\u010dno tehnologijo sre\u010dajo z delom v laboratoriju. Laboratorijske","og_url":"https:\/\/www.ntf.uni-lj.si\/igt\/o-nas\/prostori\/kemijski-laboratorij\/","og_site_name":"IGT","article_modified_time":"2021-05-04T10:49:41+00:00","twitter_misc":{"Est. reading time":"1 minute"},"schema":{"@context":"https:\/\/schema.org","@graph":[{"@type":"WebSite","@id":"https:\/\/www.ntf.uni-lj.si\/igt\/#website","url":"https:\/\/www.ntf.uni-lj.si\/igt\/","name":"IGT","description":"Katedra za informacijsko in grafi\u010dno tehnologijo","potentialAction":[{"@type":"SearchAction","target":{"@type":"EntryPoint","urlTemplate":"https:\/\/www.ntf.uni-lj.si\/igt\/?s={search_term_string}"},"query-input":"required name=search_term_string"}],"inLanguage":"en-US"},{"@type":"WebPage","@id":"https:\/\/www.ntf.uni-lj.si\/igt\/o-nas\/prostori\/kemijski-laboratorij\/#webpage","url":"https:\/\/www.ntf.uni-lj.si\/igt\/o-nas\/prostori\/kemijski-laboratorij\/","name":"Kemijski laboratorij - IGT","isPartOf":{"@id":"https:\/\/www.ntf.uni-lj.si\/igt\/#website"},"datePublished":"2020-06-02T06:54:50+00:00","dateModified":"2021-05-04T10:49:41+00:00","description":"Kemijski laboratorij je prostor, v katerem se \u0161tudentje Katedre za informacijsko in grafi\u010dno tehnologijo sre\u010dajo z delom v laboratoriju. Laboratorijske","breadcrumb":{"@id":"https:\/\/www.ntf.uni-lj.si\/igt\/o-nas\/prostori\/kemijski-laboratorij\/#breadcrumb"},"inLanguage":"en-US","potentialAction":[{"@type":"ReadAction","target":["https:\/\/www.ntf.uni-lj.si\/igt\/o-nas\/prostori\/kemijski-laboratorij\/"]}]},{"@type":"BreadcrumbList","@id":"https:\/\/www.ntf.uni-lj.si\/igt\/o-nas\/prostori\/kemijski-laboratorij\/#breadcrumb","itemListElement":[{"@type":"ListItem","position":1,"name":"Home","item":"https:\/\/www.ntf.uni-lj.si\/igt\/"},{"@type":"ListItem","position":2,"name":"O nas","item":"https:\/\/www.ntf.uni-lj.si\/igt\/o-nas\/"},{"@type":"ListItem","position":3,"name":"Prostori","item":"https:\/\/www.ntf.uni-lj.si\/igt\/o-nas\/prostori\/"},{"@type":"ListItem","position":4,"name":"Kemijski laboratorij"}]}]}},"_links":{"self":[{"href":"https:\/\/www.ntf.uni-lj.si\/igt\/wp-json\/wp\/v2\/pages\/24017"}],"collection":[{"href":"https:\/\/www.ntf.uni-lj.si\/igt\/wp-json\/wp\/v2\/pages"}],"about":[{"href":"https:\/\/www.ntf.uni-lj.si\/igt\/wp-json\/wp\/v2\/types\/page"}],"author":[{"embeddable":true,"href":"https:\/\/www.ntf.uni-lj.si\/igt\/wp-json\/wp\/v2\/users\/221"}],"replies":[{"embeddable":true,"href":"https:\/\/www.ntf.uni-lj.si\/igt\/wp-json\/wp\/v2\/comments?post=24017"}],"version-history":[{"count":6,"href":"https:\/\/www.ntf.uni-lj.si\/igt\/wp-json\/wp\/v2\/pages\/24017\/revisions"}],"predecessor-version":[{"id":27759,"href":"https:\/\/www.ntf.uni-lj.si\/igt\/wp-json\/wp\/v2\/pages\/24017\/revisions\/27759"}],"up":[{"embeddable":true,"href":"https:\/\/www.ntf.uni-lj.si\/igt\/wp-json\/wp\/v2\/pages\/7540"}],"wp:attachment":[{"href":"https:\/\/www.ntf.uni-lj.si\/igt\/wp-json\/wp\/v2\/media?parent=24017"}],"curies":[{"name":"wp","href":"https:\/\/api.w.org\/{rel}","templated":true}]}}