{"id":25449,"date":"2021-01-19T17:02:16","date_gmt":"2021-01-19T16:02:16","guid":{"rendered":"http:\/\/www.ntf.uni-lj.si\/igt\/?page_id=25449"},"modified":"2025-08-04T09:27:12","modified_gmt":"2025-08-04T07:27:12","slug":"tipografija","status":"publish","type":"page","link":"https:\/\/www.ntf.uni-lj.si\/igt\/galerija\/tipografija\/","title":{"rendered":"Tipografija"},"content":{"rendered":"<p>Vabljeni k ogledu samostojnih\u00a0razstav \u0161tudentskih projektov:<\/p>\n<ul>\n<li><a href=\"https:\/\/www.ntf.uni-lj.si\/igt\/employee\/ana-mendizza\/razstave-studentskih-izdelkov\/3d-imena-2024-2025\/\">3D IME<\/a> &#8211; tipografska 3D imena (2024\/2025),<\/li>\n<li><a href=\"https:\/\/www.ntf.uni-lj.si\/igt\/employee\/tanja-medved\/razstave\/codellijeva-tipografija\/\">Codellijeva tipografija<\/a> &#8211; tipografski vzor\u010dniki,<\/li>\n<li><a href=\"https:\/\/www.ntf.uni-lj.si\/igt\/employee\/tanja-medved\/razstave\/nukotip\/\">NUKOTIP<\/a> &#8211; tipografski vzor\u010dniki,<\/li>\n<li><a href=\"https:\/\/www.ntf.uni-lj.si\/igt\/employee\/tanja-medved\/razstave\/3d-ime-2022-2023\/\">3D IME<\/a> &#8211; tipografska 3D imena (2022\/2023),<\/li>\n<li><a href=\"https:\/\/www.ntf.uni-lj.si\/igt\/employee\/tanja-medved\/razstave\/tipomatika\/\">TIPO+MATIKA<\/a> &#8211; tipografski vzor\u010dniki,<\/li>\n<li><a href=\"https:\/\/www.ntf.uni-lj.si\/igt\/news\/tipogralnica-2\/\">Tipogralnica<\/a> &#8211; tipografske namizne igre,<\/li>\n<li><a href=\"https:\/\/www.ntf.uni-lj.si\/igt\/notification\/studentska-razstava-bozicno-novoletnih-voscilnic-2023\/\">Bo\u017ei\u010dno-novoletne vo\u0161\u010dilnice 2023<\/a> &#8211; tipografske vo\u0161\u010dilnice,<\/li>\n<li><a href=\"https:\/\/www.ntf.uni-lj.si\/igt\/employee\/tanja-medved\/razstave\/3d-ime-2021-2022\/\">3D IME<\/a> &#8211; 3D tipografska imena (2021\/2022),<\/li>\n<li><a href=\"https:\/\/www.ntf.uni-lj.si\/igt\/employee\/tanja-medved\/razstave\/tipopirh-21-22\/\">TIPOPIRH 21\/22<\/a> &#8211; tipografski pirhi,<\/li>\n<li><a href=\"https:\/\/www.ntf.uni-lj.si\/igt\/employee\/tanja-medved\/razstave\/tipresionizem-2021-2022\/\">Tipresionizem<\/a> &#8211; tipografska razstava,<\/li>\n<li><a href=\"https:\/\/www.ntf.uni-lj.si\/igt\/ntf-za-mizo\/\">NTF za mizo<\/a> &#8211; \u00a0fotografsko-tipografski plakati,<\/li>\n<li><a href=\"https:\/\/www.ntf.uni-lj.si\/igt\/employee\/nace-pusnik\/projekti\/2021-2022\/tipografski-zemljevid-sveta\/\">Tipografski zemljevid sveta<\/a> &#8211; tipografske re\u0161itve,<\/li>\n<li><a href=\"https:\/\/www.ntf.uni-lj.si\/igt\/notification\/studentska-razstava-bozicno-novoletnih-voscilnic-2022\/\">Vo\u0161\u010dilnice<\/a> &#8211; tipografska razstava,<\/li>\n<li><a href=\"https:\/\/www.ntf.uni-lj.si\/igt\/employee\/tanja-urbanc\/razstave\/3d-ime\/\">3D IME<\/a> &#8211; 3D tipografska imena,<\/li>\n<li><a href=\"https:\/\/www.ntf.uni-lj.si\/igt\/employee\/tanja-urbanc\/razstave\/tipopirh-2021\/\">TIPOPIRH 20\/21<\/a> &#8211; tipografski pirhi,<\/li>\n<li><a href=\"https:\/\/www.ntf.uni-lj.si\/igt\/employee\/nace-pusnik\/projekti\/20202021-2\/ustvarjanje-1115\/\">Ustvarjanje 11\/15<\/a> &#8211; tipografske re\u0161itve,<\/li>\n<li><a href=\"https:\/\/www.ntf.uni-lj.si\/igt\/employee\/tanja-urbanc\/razstave\/tipojedina-20202021\/\">Tipojedina<\/a>\u00a0&#8211; vzor\u010dniki pisav na temo hrane,<\/li>\n<li><a href=\"https:\/\/www.ntf.uni-lj.si\/igt\/notification\/studentska-razstava-bozicno-novoletnih-voscilnic\/\">Bo\u017ei\u010dno-novoletne vo\u0161\u010dilnice<\/a>\u00a0&#8211; tipografske vo\u0161\u010dilnice,<\/li>\n<li><a href=\"https:\/\/www.ntf.uni-lj.si\/igt\/employee\/nace-pusnik\/projekti\/20192020-2\/typecooker\/\">TypeCooker<\/a>\u00a0&#8211; vzor\u010dniki pisav,<\/li>\n<li><a href=\"https:\/\/www.ntf.uni-lj.si\/igt\/employee\/tanja-urbanc\/razstave\/3d-tipo\/\">3D TIPO<\/a>\u00a0&#8211; 3D tipografska imena,<\/li>\n<li><a href=\"https:\/\/www.ntf.uni-lj.si\/igt\/employee\/tanja-urbanc\/razstave\/olimptipo\/\">olimpTipo<\/a>\u00a0&#8211; tipografski vzor\u010dniki na temo olimpijskih iger 2020,<\/li>\n<li><a href=\"https:\/\/www.ntf.uni-lj.si\/igt\/employee\/tanja-urbanc\/razstave\/tipopirhi-20192020\/\">Tipopirhi<\/a>\u00a0&#8211; tipografski pirhi,<\/li>\n<li><a href=\"https:\/\/www.ntf.uni-lj.si\/igt\/employee\/nace-pusnik\/projekti\/20192020-2\/nuk\/\">NUK2ZDAJ<\/a>\u00a0&#8211; tipografski vzor\u010dniki na temo NUK2,<\/li>\n<li><a href=\"https:\/\/www.ntf.uni-lj.si\/igt\/employee\/nace-pusnik\/projekti\/20182019-2\/cv-kamnin-20182019\/\">CV kamnin<\/a>\u00a0&#8211; tipografski vzor\u010dniki na temo geologije,<\/li>\n<li><a href=\"https:\/\/www.ntf.uni-lj.si\/igt\/employee\/nace-pusnik\/projekti\/20172018-2\/tipogledi\/\">Tipogledi<\/a>\u00a0&#8211; fotografski-tipografski izdelki,<\/li>\n<li><a href=\"https:\/\/vimeo.com\/101155402\">\u010crkovna vrsta cuspis za NK Olimpija<\/a>\u00a0&#8211; video reporta\u017ea,<\/li>\n<li><a href=\"https:\/\/www.ntf.uni-lj.si\/igt\/employee\/nace-pusnik\/projekti\/20162017-3\/20162017-2\/\">tifonamka<\/a>\u00a0&#8211; fotografsko-tipografski izdelki.<\/li>\n<\/ul>\n<p>&nbsp;<\/p>\n<p>Razstava del v sodelovanju s fotografskimi predmeti:<\/p>\n<ul>\n<li><a href=\"https:\/\/www.ntf.uni-lj.si\/igt\/ntf-za-mizo\/\">NTF za mizo<\/a>.<\/li>\n<\/ul>\n","protected":false},"excerpt":{"rendered":"Vabljeni k ogledu samostojnih\u00a0razstav \u0161tudentskih projektov: 3D IME &#8211; tipografska 3D imena (2024\/2025), Codellijeva tipografija &#8211; tipografski vzor\u010dniki, NUKOTIP &#8211; tipografski vzor\u010dniki, 3D IME &#8211; tipografska 3D imena (2022\/2023), TIPO+MATIKA &#8211; tipografski vzor\u010dniki, Tipogralnica &#8211; tipografske namizne igre, Bo\u017ei\u010dno-novoletne vo\u0161\u010dilnice 2023 &#8211; tipografske vo\u0161\u010dilnice, 3D IME &#8211; 3D tipografska imena (2021\/2022), TIPOPIRH 21\/22 &#8211; tipografski &#8230; <a class=\"view-article\" href=\"https:\/\/www.ntf.uni-lj.si\/igt\/galerija\/tipografija\/\">Read more<\/a>","protected":false},"author":221,"featured_media":0,"parent":25447,"menu_order":0,"comment_status":"closed","ping_status":"closed","template":"","meta":[],"acf":[],"yoast_head":"<!-- This site is optimized with the Yoast SEO plugin v17.0 - https:\/\/yoast.com\/wordpress\/plugins\/seo\/ -->\n<meta name=\"description\" content=\"Vabljeni k ogledu samostojnih\u00a0razstav \u0161tudentskih projektov: 3D IME - tipografska 3D imena (2024\/2025), Codellijeva tipografija - tipografski vzor\u010dniki,\" \/>\n<meta name=\"robots\" content=\"index, follow, max-snippet:-1, max-image-preview:large, max-video-preview:-1\" \/>\n<link rel=\"canonical\" href=\"https:\/\/www.ntf.uni-lj.si\/igt\/galerija\/tipografija\/\" \/>\n<meta property=\"og:locale\" content=\"en_US\" \/>\n<meta property=\"og:type\" content=\"article\" \/>\n<meta property=\"og:title\" content=\"Tipografija - IGT\" \/>\n<meta property=\"og:description\" content=\"Vabljeni k ogledu samostojnih\u00a0razstav \u0161tudentskih projektov: 3D IME - tipografska 3D imena (2024\/2025), Codellijeva tipografija - tipografski vzor\u010dniki,\" \/>\n<meta property=\"og:url\" content=\"https:\/\/www.ntf.uni-lj.si\/igt\/galerija\/tipografija\/\" \/>\n<meta property=\"og:site_name\" content=\"IGT\" \/>\n<meta property=\"article:modified_time\" content=\"2025-08-04T07:27:12+00:00\" \/>\n<meta name=\"twitter:label1\" content=\"Est. reading time\" \/>\n\t<meta name=\"twitter:data1\" content=\"1 minute\" \/>\n<script type=\"application\/ld+json\" class=\"yoast-schema-graph\">{\"@context\":\"https:\/\/schema.org\",\"@graph\":[{\"@type\":\"WebSite\",\"@id\":\"https:\/\/www.ntf.uni-lj.si\/igt\/#website\",\"url\":\"https:\/\/www.ntf.uni-lj.si\/igt\/\",\"name\":\"IGT\",\"description\":\"Katedra za informacijsko in grafi\\u010dno tehnologijo\",\"potentialAction\":[{\"@type\":\"SearchAction\",\"target\":{\"@type\":\"EntryPoint\",\"urlTemplate\":\"https:\/\/www.ntf.uni-lj.si\/igt\/?s={search_term_string}\"},\"query-input\":\"required name=search_term_string\"}],\"inLanguage\":\"en-US\"},{\"@type\":\"WebPage\",\"@id\":\"https:\/\/www.ntf.uni-lj.si\/igt\/galerija\/tipografija\/#webpage\",\"url\":\"https:\/\/www.ntf.uni-lj.si\/igt\/galerija\/tipografija\/\",\"name\":\"Tipografija - IGT\",\"isPartOf\":{\"@id\":\"https:\/\/www.ntf.uni-lj.si\/igt\/#website\"},\"datePublished\":\"2021-01-19T16:02:16+00:00\",\"dateModified\":\"2025-08-04T07:27:12+00:00\",\"description\":\"Vabljeni k ogledu samostojnih\\u00a0razstav \\u0161tudentskih projektov: 3D IME - tipografska 3D imena (2024\/2025), Codellijeva tipografija - tipografski vzor\\u010dniki,\",\"breadcrumb\":{\"@id\":\"https:\/\/www.ntf.uni-lj.si\/igt\/galerija\/tipografija\/#breadcrumb\"},\"inLanguage\":\"en-US\",\"potentialAction\":[{\"@type\":\"ReadAction\",\"target\":[\"https:\/\/www.ntf.uni-lj.si\/igt\/galerija\/tipografija\/\"]}]},{\"@type\":\"BreadcrumbList\",\"@id\":\"https:\/\/www.ntf.uni-lj.si\/igt\/galerija\/tipografija\/#breadcrumb\",\"itemListElement\":[{\"@type\":\"ListItem\",\"position\":1,\"name\":\"Home\",\"item\":\"https:\/\/www.ntf.uni-lj.si\/igt\/\"},{\"@type\":\"ListItem\",\"position\":2,\"name\":\"Galerija\",\"item\":\"https:\/\/www.ntf.uni-lj.si\/igt\/galerija\/\"},{\"@type\":\"ListItem\",\"position\":3,\"name\":\"Tipografija\"}]}]}<\/script>\n<!-- \/ Yoast SEO plugin. -->","yoast_head_json":{"description":"Vabljeni k ogledu samostojnih\u00a0razstav \u0161tudentskih projektov: 3D IME - tipografska 3D imena (2024\/2025), Codellijeva tipografija - tipografski vzor\u010dniki,","robots":{"index":"index","follow":"follow","max-snippet":"max-snippet:-1","max-image-preview":"max-image-preview:large","max-video-preview":"max-video-preview:-1"},"canonical":"https:\/\/www.ntf.uni-lj.si\/igt\/galerija\/tipografija\/","og_locale":"en_US","og_type":"article","og_title":"Tipografija - IGT","og_description":"Vabljeni k ogledu samostojnih\u00a0razstav \u0161tudentskih projektov: 3D IME - tipografska 3D imena (2024\/2025), Codellijeva tipografija - tipografski vzor\u010dniki,","og_url":"https:\/\/www.ntf.uni-lj.si\/igt\/galerija\/tipografija\/","og_site_name":"IGT","article_modified_time":"2025-08-04T07:27:12+00:00","twitter_misc":{"Est. reading time":"1 minute"},"schema":{"@context":"https:\/\/schema.org","@graph":[{"@type":"WebSite","@id":"https:\/\/www.ntf.uni-lj.si\/igt\/#website","url":"https:\/\/www.ntf.uni-lj.si\/igt\/","name":"IGT","description":"Katedra za informacijsko in grafi\u010dno tehnologijo","potentialAction":[{"@type":"SearchAction","target":{"@type":"EntryPoint","urlTemplate":"https:\/\/www.ntf.uni-lj.si\/igt\/?s={search_term_string}"},"query-input":"required name=search_term_string"}],"inLanguage":"en-US"},{"@type":"WebPage","@id":"https:\/\/www.ntf.uni-lj.si\/igt\/galerija\/tipografija\/#webpage","url":"https:\/\/www.ntf.uni-lj.si\/igt\/galerija\/tipografija\/","name":"Tipografija - IGT","isPartOf":{"@id":"https:\/\/www.ntf.uni-lj.si\/igt\/#website"},"datePublished":"2021-01-19T16:02:16+00:00","dateModified":"2025-08-04T07:27:12+00:00","description":"Vabljeni k ogledu samostojnih\u00a0razstav \u0161tudentskih projektov: 3D IME - tipografska 3D imena (2024\/2025), Codellijeva tipografija - tipografski vzor\u010dniki,","breadcrumb":{"@id":"https:\/\/www.ntf.uni-lj.si\/igt\/galerija\/tipografija\/#breadcrumb"},"inLanguage":"en-US","potentialAction":[{"@type":"ReadAction","target":["https:\/\/www.ntf.uni-lj.si\/igt\/galerija\/tipografija\/"]}]},{"@type":"BreadcrumbList","@id":"https:\/\/www.ntf.uni-lj.si\/igt\/galerija\/tipografija\/#breadcrumb","itemListElement":[{"@type":"ListItem","position":1,"name":"Home","item":"https:\/\/www.ntf.uni-lj.si\/igt\/"},{"@type":"ListItem","position":2,"name":"Galerija","item":"https:\/\/www.ntf.uni-lj.si\/igt\/galerija\/"},{"@type":"ListItem","position":3,"name":"Tipografija"}]}]}},"_links":{"self":[{"href":"https:\/\/www.ntf.uni-lj.si\/igt\/wp-json\/wp\/v2\/pages\/25449"}],"collection":[{"href":"https:\/\/www.ntf.uni-lj.si\/igt\/wp-json\/wp\/v2\/pages"}],"about":[{"href":"https:\/\/www.ntf.uni-lj.si\/igt\/wp-json\/wp\/v2\/types\/page"}],"author":[{"embeddable":true,"href":"https:\/\/www.ntf.uni-lj.si\/igt\/wp-json\/wp\/v2\/users\/221"}],"replies":[{"embeddable":true,"href":"https:\/\/www.ntf.uni-lj.si\/igt\/wp-json\/wp\/v2\/comments?post=25449"}],"version-history":[{"count":44,"href":"https:\/\/www.ntf.uni-lj.si\/igt\/wp-json\/wp\/v2\/pages\/25449\/revisions"}],"predecessor-version":[{"id":37992,"href":"https:\/\/www.ntf.uni-lj.si\/igt\/wp-json\/wp\/v2\/pages\/25449\/revisions\/37992"}],"up":[{"embeddable":true,"href":"https:\/\/www.ntf.uni-lj.si\/igt\/wp-json\/wp\/v2\/pages\/25447"}],"wp:attachment":[{"href":"https:\/\/www.ntf.uni-lj.si\/igt\/wp-json\/wp\/v2\/media?parent=25449"}],"curies":[{"name":"wp","href":"https:\/\/api.w.org\/{rel}","templated":true}]}}