{"id":25460,"date":"2021-01-19T17:26:15","date_gmt":"2021-01-19T16:26:15","guid":{"rendered":"http:\/\/www.ntf.uni-lj.si\/igt\/?page_id=25460"},"modified":"2023-11-21T08:40:26","modified_gmt":"2023-11-21T07:40:26","slug":"graficno-oblikovanje","status":"publish","type":"page","link":"https:\/\/www.ntf.uni-lj.si\/igt\/galerija\/graficno-oblikovanje\/","title":{"rendered":"Grafi\u010dno oblikovanje"},"content":{"rendered":"<p>Vabljeni k ogledu posameznih razstav projektov:<\/p>\n<ul>\n<li><a href=\"https:\/\/www.ntf.uni-lj.si\/igt\/news\/strbunk\/\">\u0160trbunk<\/a> &#8211; razstava,<\/li>\n<li><a href=\"https:\/\/www.ntf.uni-lj.si\/igt\/employee\/nace-pusnik\/projekti\/a1\/\">1ntegranej\u0161n<\/a> &#8211; oblikovanje promocijskega materiala za A1 VAJB,<\/li>\n<li><a href=\"https:\/\/www.ntf.uni-lj.si\/igt\/employee\/nace-pusnik\/projekti\/tipografski-zemljevid-sveta-2\/\">Tipografski zemljevid sveta 2<\/a>,<\/li>\n<li><a href=\"https:\/\/www.ntf.uni-lj.si\/igt\/employee\/nace-pusnik\/projekti\/mitnica\/\">Mitnica<\/a> &#8211; oblikovanje celostne grafi\u010dne podobe,<\/li>\n<li><a href=\"https:\/\/www.ntf.uni-lj.si\/igt\/employee\/nace-pusnik\/projekti\/2021-2022\/sd-hospic\/\">Slovensko dru\u0161tvo Hospic<\/a> &#8211; oblikovanje z vsebino, ki osve\u0161\u010da,<\/li>\n<li><a href=\"https:\/\/www.ntf.uni-lj.si\/igt\/employee\/nace-pusnik\/projekti\/2021-2022\/psg\/\">Posvetovanje slovenskih geologov<\/a> &#8211; oblikovanje celostne grafi\u010dne podobe,<\/li>\n<li><a href=\"https:\/\/www.ntf.uni-lj.si\/igt\/employee\/nace-pusnik\/projekti\/20202021-2\/7-dnevni-okvir\/\">7-dnevni okvir<\/a> &#8211; grafi\u010dna predstavitev tedna,<\/li>\n<li><a href=\"https:\/\/www.ntf.uni-lj.si\/igt\/employee\/nace-pusnik\/projekti\/20202021-2\/iah-central-europe-group\/\">IAH Central Europe Group<\/a> &#8211; oblikovanje celostne grafi\u010dne podobe,<\/li>\n<li><a href=\"https:\/\/www.ntf.uni-lj.si\/igt\/employee\/nace-pusnik\/projekti\/20202021-2\/alpine-workshop\/\">Alpine Workshop<\/a> &#8211; oblikovanje celostne grafi\u010dne podobe,<\/li>\n<li><a href=\"https:\/\/www.ntf.uni-lj.si\/igt\/employee\/nace-pusnik\/projekti\/20192020-2\/gwg\/\">GWG ikonografija<\/a> &#8211; oblikovanje ikon,<\/li>\n<li><a href=\"https:\/\/www.ntf.uni-lj.si\/igt\/employee\/nace-pusnik\/projekti\/20192020-2\/cutting-edge\/\">Cutting Edge<\/a> &#8211; oblikovanje celostne grafi\u010dne podobe,<\/li>\n<li><a href=\"https:\/\/www.ntf.uni-lj.si\/igt\/employee\/nace-pusnik\/projekti\/20182019-2\/zveza-slovenskih-drustev-na-hrvaskem-20182019\/\">Zveza slovenskih dru\u0161tev na Hrva\u0161kem<\/a> &#8211; oblikovanje logotipa,<\/li>\n<li><a href=\"https:\/\/www.ntf.uni-lj.si\/igt\/employee\/nace-pusnik\/projekti\/20182019-2\/lola-in-red-20182019\/\">Lola in red<\/a>\u00a0in <a href=\"https:\/\/www.ntf.uni-lj.si\/igt\/employee\/nace-pusnik\/projekti\/20182019-2\/konvergence\/\">Konvergence<\/a> &#8211; oblikovanje celostne grafi\u010dne podobe ter razstava,<\/li>\n<li><a href=\"https:\/\/www.ntf.uni-lj.si\/igt\/employee\/nace-pusnik\/projekti\/20172018-2\/cankar-ne-jezi-se-20172018\/\">Cankar ne jezi se<\/a> &#8211; oblikovanje dru\u017eabnih iger.<\/li>\n<\/ul>\n<ul>\n<li><a href=\"https:\/\/www.ntf.uni-lj.si\/igt\/employee\/urska-vrabic\/razstave\/pametna-embalaza-embalaza-2-20192020\/\">Pametna embala\u017ea<\/a> &#8211; oblikovanje embala\u017ee,<\/li>\n<li><a href=\"https:\/\/www.ntf.uni-lj.si\/igt\/employee\/urska-vrabic\/razstave\/igrive-komunikacije-virtualna-razstava\/\">Igrive\u00a0komunikacije<\/a> &#8211; embala\u017ea za dru\u017eabne igre.<\/li>\n<\/ul>\n<ul>\n<li><a href=\"https:\/\/www.ntf.uni-lj.si\/igt\/employee\/urska-vrabic\/razstave\/prezih\/\">Pre\u017eih<\/a> &#8211; dodelava grafi\u010dnih izdelkov<\/li>\n<\/ul>\n<ul>\n<li><a href=\"https:\/\/www.ntf.uni-lj.si\/igt\/employee\/rasa-urbas\/projekti\/gwg-ikonografija\/\">GWG ikonografija<\/a> &#8211; tehni\u010dne zahteve grafi\u010dnega oblikovanja,<\/li>\n<li><a href=\"https:\/\/www.ntf.uni-lj.si\/igt\/employee\/rasa-urbas\/projekti\/gwg-video-tutoriali\/\">GWG video tutoriali<\/a> &#8211; tehni\u010dne zahteve grafi\u010dnega oblikovanja.<\/li>\n<\/ul>\n","protected":false},"excerpt":{"rendered":"Vabljeni k ogledu posameznih razstav projektov: \u0160trbunk &#8211; razstava, 1ntegranej\u0161n &#8211; oblikovanje promocijskega materiala za A1 VAJB, Tipografski zemljevid sveta 2, Mitnica &#8211; oblikovanje celostne grafi\u010dne podobe, Slovensko dru\u0161tvo Hospic &#8211; oblikovanje z vsebino, ki osve\u0161\u010da, Posvetovanje slovenskih geologov &#8211; oblikovanje celostne grafi\u010dne podobe, 7-dnevni okvir &#8211; grafi\u010dna predstavitev tedna, IAH Central Europe Group &#8211; &#8230; <a class=\"view-article\" href=\"https:\/\/www.ntf.uni-lj.si\/igt\/galerija\/graficno-oblikovanje\/\">Read more<\/a>","protected":false},"author":221,"featured_media":0,"parent":25447,"menu_order":0,"comment_status":"closed","ping_status":"closed","template":"","meta":[],"acf":[],"yoast_head":"<!-- This site is optimized with the Yoast SEO plugin v17.0 - https:\/\/yoast.com\/wordpress\/plugins\/seo\/ -->\n<meta name=\"description\" content=\"Vabljeni k ogledu posameznih razstav projektov: \u0160trbunk - razstava, 1ntegranej\u0161n - oblikovanje promocijskega materiala za A1 VAJB, Tipografski zemljevid\" \/>\n<meta name=\"robots\" content=\"index, follow, max-snippet:-1, max-image-preview:large, max-video-preview:-1\" \/>\n<link rel=\"canonical\" href=\"https:\/\/www.ntf.uni-lj.si\/igt\/galerija\/graficno-oblikovanje\/\" \/>\n<meta property=\"og:locale\" content=\"en_US\" \/>\n<meta property=\"og:type\" content=\"article\" \/>\n<meta property=\"og:title\" content=\"Grafi\u010dno oblikovanje - IGT\" \/>\n<meta property=\"og:description\" content=\"Vabljeni k ogledu posameznih razstav projektov: \u0160trbunk - razstava, 1ntegranej\u0161n - oblikovanje promocijskega materiala za A1 VAJB, Tipografski zemljevid\" \/>\n<meta property=\"og:url\" content=\"https:\/\/www.ntf.uni-lj.si\/igt\/galerija\/graficno-oblikovanje\/\" \/>\n<meta property=\"og:site_name\" content=\"IGT\" \/>\n<meta property=\"article:modified_time\" content=\"2023-11-21T07:40:26+00:00\" \/>\n<meta name=\"twitter:label1\" content=\"Est. reading time\" \/>\n\t<meta name=\"twitter:data1\" content=\"1 minute\" \/>\n<script type=\"application\/ld+json\" class=\"yoast-schema-graph\">{\"@context\":\"https:\/\/schema.org\",\"@graph\":[{\"@type\":\"WebSite\",\"@id\":\"https:\/\/www.ntf.uni-lj.si\/igt\/#website\",\"url\":\"https:\/\/www.ntf.uni-lj.si\/igt\/\",\"name\":\"IGT\",\"description\":\"Katedra za informacijsko in grafi\\u010dno tehnologijo\",\"potentialAction\":[{\"@type\":\"SearchAction\",\"target\":{\"@type\":\"EntryPoint\",\"urlTemplate\":\"https:\/\/www.ntf.uni-lj.si\/igt\/?s={search_term_string}\"},\"query-input\":\"required name=search_term_string\"}],\"inLanguage\":\"en-US\"},{\"@type\":\"WebPage\",\"@id\":\"https:\/\/www.ntf.uni-lj.si\/igt\/galerija\/graficno-oblikovanje\/#webpage\",\"url\":\"https:\/\/www.ntf.uni-lj.si\/igt\/galerija\/graficno-oblikovanje\/\",\"name\":\"Grafi\\u010dno oblikovanje - IGT\",\"isPartOf\":{\"@id\":\"https:\/\/www.ntf.uni-lj.si\/igt\/#website\"},\"datePublished\":\"2021-01-19T16:26:15+00:00\",\"dateModified\":\"2023-11-21T07:40:26+00:00\",\"description\":\"Vabljeni k ogledu posameznih razstav projektov: \\u0160trbunk - razstava, 1ntegranej\\u0161n - oblikovanje promocijskega materiala za A1 VAJB, Tipografski zemljevid\",\"breadcrumb\":{\"@id\":\"https:\/\/www.ntf.uni-lj.si\/igt\/galerija\/graficno-oblikovanje\/#breadcrumb\"},\"inLanguage\":\"en-US\",\"potentialAction\":[{\"@type\":\"ReadAction\",\"target\":[\"https:\/\/www.ntf.uni-lj.si\/igt\/galerija\/graficno-oblikovanje\/\"]}]},{\"@type\":\"BreadcrumbList\",\"@id\":\"https:\/\/www.ntf.uni-lj.si\/igt\/galerija\/graficno-oblikovanje\/#breadcrumb\",\"itemListElement\":[{\"@type\":\"ListItem\",\"position\":1,\"name\":\"Home\",\"item\":\"https:\/\/www.ntf.uni-lj.si\/igt\/\"},{\"@type\":\"ListItem\",\"position\":2,\"name\":\"Galerija\",\"item\":\"https:\/\/www.ntf.uni-lj.si\/igt\/galerija\/\"},{\"@type\":\"ListItem\",\"position\":3,\"name\":\"Grafi\\u010dno oblikovanje\"}]}]}<\/script>\n<!-- \/ Yoast SEO plugin. -->","yoast_head_json":{"description":"Vabljeni k ogledu posameznih razstav projektov: \u0160trbunk - razstava, 1ntegranej\u0161n - oblikovanje promocijskega materiala za A1 VAJB, Tipografski zemljevid","robots":{"index":"index","follow":"follow","max-snippet":"max-snippet:-1","max-image-preview":"max-image-preview:large","max-video-preview":"max-video-preview:-1"},"canonical":"https:\/\/www.ntf.uni-lj.si\/igt\/galerija\/graficno-oblikovanje\/","og_locale":"en_US","og_type":"article","og_title":"Grafi\u010dno oblikovanje - IGT","og_description":"Vabljeni k ogledu posameznih razstav projektov: \u0160trbunk - razstava, 1ntegranej\u0161n - oblikovanje promocijskega materiala za A1 VAJB, Tipografski zemljevid","og_url":"https:\/\/www.ntf.uni-lj.si\/igt\/galerija\/graficno-oblikovanje\/","og_site_name":"IGT","article_modified_time":"2023-11-21T07:40:26+00:00","twitter_misc":{"Est. reading time":"1 minute"},"schema":{"@context":"https:\/\/schema.org","@graph":[{"@type":"WebSite","@id":"https:\/\/www.ntf.uni-lj.si\/igt\/#website","url":"https:\/\/www.ntf.uni-lj.si\/igt\/","name":"IGT","description":"Katedra za informacijsko in grafi\u010dno tehnologijo","potentialAction":[{"@type":"SearchAction","target":{"@type":"EntryPoint","urlTemplate":"https:\/\/www.ntf.uni-lj.si\/igt\/?s={search_term_string}"},"query-input":"required name=search_term_string"}],"inLanguage":"en-US"},{"@type":"WebPage","@id":"https:\/\/www.ntf.uni-lj.si\/igt\/galerija\/graficno-oblikovanje\/#webpage","url":"https:\/\/www.ntf.uni-lj.si\/igt\/galerija\/graficno-oblikovanje\/","name":"Grafi\u010dno oblikovanje - IGT","isPartOf":{"@id":"https:\/\/www.ntf.uni-lj.si\/igt\/#website"},"datePublished":"2021-01-19T16:26:15+00:00","dateModified":"2023-11-21T07:40:26+00:00","description":"Vabljeni k ogledu posameznih razstav projektov: \u0160trbunk - razstava, 1ntegranej\u0161n - oblikovanje promocijskega materiala za A1 VAJB, Tipografski zemljevid","breadcrumb":{"@id":"https:\/\/www.ntf.uni-lj.si\/igt\/galerija\/graficno-oblikovanje\/#breadcrumb"},"inLanguage":"en-US","potentialAction":[{"@type":"ReadAction","target":["https:\/\/www.ntf.uni-lj.si\/igt\/galerija\/graficno-oblikovanje\/"]}]},{"@type":"BreadcrumbList","@id":"https:\/\/www.ntf.uni-lj.si\/igt\/galerija\/graficno-oblikovanje\/#breadcrumb","itemListElement":[{"@type":"ListItem","position":1,"name":"Home","item":"https:\/\/www.ntf.uni-lj.si\/igt\/"},{"@type":"ListItem","position":2,"name":"Galerija","item":"https:\/\/www.ntf.uni-lj.si\/igt\/galerija\/"},{"@type":"ListItem","position":3,"name":"Grafi\u010dno oblikovanje"}]}]}},"_links":{"self":[{"href":"https:\/\/www.ntf.uni-lj.si\/igt\/wp-json\/wp\/v2\/pages\/25460"}],"collection":[{"href":"https:\/\/www.ntf.uni-lj.si\/igt\/wp-json\/wp\/v2\/pages"}],"about":[{"href":"https:\/\/www.ntf.uni-lj.si\/igt\/wp-json\/wp\/v2\/types\/page"}],"author":[{"embeddable":true,"href":"https:\/\/www.ntf.uni-lj.si\/igt\/wp-json\/wp\/v2\/users\/221"}],"replies":[{"embeddable":true,"href":"https:\/\/www.ntf.uni-lj.si\/igt\/wp-json\/wp\/v2\/comments?post=25460"}],"version-history":[{"count":22,"href":"https:\/\/www.ntf.uni-lj.si\/igt\/wp-json\/wp\/v2\/pages\/25460\/revisions"}],"predecessor-version":[{"id":35390,"href":"https:\/\/www.ntf.uni-lj.si\/igt\/wp-json\/wp\/v2\/pages\/25460\/revisions\/35390"}],"up":[{"embeddable":true,"href":"https:\/\/www.ntf.uni-lj.si\/igt\/wp-json\/wp\/v2\/pages\/25447"}],"wp:attachment":[{"href":"https:\/\/www.ntf.uni-lj.si\/igt\/wp-json\/wp\/v2\/media?parent=25460"}],"curies":[{"name":"wp","href":"https:\/\/api.w.org\/{rel}","templated":true}]}}