{"id":25621,"date":"2021-01-20T16:23:20","date_gmt":"2021-01-20T15:23:20","guid":{"rendered":"http:\/\/www.ntf.uni-lj.si\/igt\/?page_id=25621"},"modified":"2021-07-20T17:49:44","modified_gmt":"2021-07-20T15:49:44","slug":"embalaza","status":"publish","type":"page","link":"https:\/\/www.ntf.uni-lj.si\/igt\/galerija\/embalaza\/","title":{"rendered":"Embala\u017ea"},"content":{"rendered":"<p>\u0160tudenti so pri predmetih s podro\u010dja embala\u017ee izdelali naslednje izdelke:<\/p>\n<ul>\n<li><a href=\"https:\/\/www.ntf.uni-lj.si\/igt\/employee\/urska-vrabic\/razstave\/horizontale-oblikovanje-embalaze-2021\/\">Horizontale<\/a> &#8211; oblikovanje embala\u017ee,<\/li>\n<li><a href=\"https:\/\/www.ntf.uni-lj.si\/igt\/employee\/urska-vrabic\/razstave\/aktivna-embalaza\/\">Aktivna embala\u017ea<\/a> &#8211; oblikovanje embala\u017ee,<\/li>\n<li><a href=\"https:\/\/www.ntf.uni-lj.si\/igt\/employee\/urska-vrabic\/razstave\/pametna-embalaza-embalaza-2-20192020\/\">Pametna embala\u017ea<\/a> &#8211; oblikovanje embala\u017ee,<\/li>\n<li><a href=\"https:\/\/www.ntf.uni-lj.si\/oto\/event\/plecnik-kot-navdih-plecnikova-hisa-29-5-2019-29-9-2019\/\">Ple\u010dnik kot navdih<\/a> &#8211; oblikovanje ekolo\u0161ke embala\u017ee za nakit,<\/li>\n<li><a href=\"https:\/\/www.ntf.uni-lj.si\/igt\/employee\/urska-vrabic\/razstave\/igrive-komunikacije-virtualna-razstava\/\">Igrive\u00a0komunikacije<\/a> &#8211; embala\u017ea za dru\u017eabne igre,<\/li>\n<li>\u010cebelarstvo Jau\u0161ovec\u00a0&#8211; embala\u017ea za med &#8211; razstava <a href=\"https:\/\/vimeo.com\/343599213\">Spekter<\/a>.<\/li>\n<\/ul>\n","protected":false},"excerpt":{"rendered":"\u0160tudenti so pri predmetih s podro\u010dja embala\u017ee izdelali naslednje izdelke: Horizontale &#8211; oblikovanje embala\u017ee, Aktivna embala\u017ea &#8211; oblikovanje embala\u017ee, Pametna embala\u017ea &#8211; oblikovanje embala\u017ee, Ple\u010dnik kot navdih &#8211; oblikovanje ekolo\u0161ke embala\u017ee za nakit, Igrive\u00a0komunikacije &#8211; embala\u017ea za dru\u017eabne igre, \u010cebelarstvo Jau\u0161ovec\u00a0&#8211; embala\u017ea za med &#8211; razstava Spekter.","protected":false},"author":221,"featured_media":0,"parent":25447,"menu_order":0,"comment_status":"closed","ping_status":"closed","template":"","meta":[],"acf":[],"yoast_head":"<!-- This site is optimized with the Yoast SEO plugin v17.0 - https:\/\/yoast.com\/wordpress\/plugins\/seo\/ -->\n<meta name=\"description\" content=\"\u0160tudenti so pri predmetih s podro\u010dja embala\u017ee izdelali naslednje izdelke: Horizontale - oblikovanje embala\u017ee, Aktivna embala\u017ea - oblikovanje embala\u017ee,\" \/>\n<meta name=\"robots\" content=\"index, follow, max-snippet:-1, max-image-preview:large, max-video-preview:-1\" \/>\n<link rel=\"canonical\" href=\"https:\/\/www.ntf.uni-lj.si\/igt\/galerija\/embalaza\/\" \/>\n<meta property=\"og:locale\" content=\"en_US\" \/>\n<meta property=\"og:type\" content=\"article\" \/>\n<meta property=\"og:title\" content=\"Embala\u017ea - IGT\" \/>\n<meta property=\"og:description\" content=\"\u0160tudenti so pri predmetih s podro\u010dja embala\u017ee izdelali naslednje izdelke: Horizontale - oblikovanje embala\u017ee, Aktivna embala\u017ea - oblikovanje embala\u017ee,\" \/>\n<meta property=\"og:url\" content=\"https:\/\/www.ntf.uni-lj.si\/igt\/galerija\/embalaza\/\" \/>\n<meta property=\"og:site_name\" content=\"IGT\" \/>\n<meta property=\"article:modified_time\" content=\"2021-07-20T15:49:44+00:00\" \/>\n<script type=\"application\/ld+json\" class=\"yoast-schema-graph\">{\"@context\":\"https:\/\/schema.org\",\"@graph\":[{\"@type\":\"WebSite\",\"@id\":\"https:\/\/www.ntf.uni-lj.si\/igt\/#website\",\"url\":\"https:\/\/www.ntf.uni-lj.si\/igt\/\",\"name\":\"IGT\",\"description\":\"Katedra za informacijsko in grafi\\u010dno tehnologijo\",\"potentialAction\":[{\"@type\":\"SearchAction\",\"target\":{\"@type\":\"EntryPoint\",\"urlTemplate\":\"https:\/\/www.ntf.uni-lj.si\/igt\/?s={search_term_string}\"},\"query-input\":\"required name=search_term_string\"}],\"inLanguage\":\"en-US\"},{\"@type\":\"WebPage\",\"@id\":\"https:\/\/www.ntf.uni-lj.si\/igt\/galerija\/embalaza\/#webpage\",\"url\":\"https:\/\/www.ntf.uni-lj.si\/igt\/galerija\/embalaza\/\",\"name\":\"Embala\\u017ea - IGT\",\"isPartOf\":{\"@id\":\"https:\/\/www.ntf.uni-lj.si\/igt\/#website\"},\"datePublished\":\"2021-01-20T15:23:20+00:00\",\"dateModified\":\"2021-07-20T15:49:44+00:00\",\"description\":\"\\u0160tudenti so pri predmetih s podro\\u010dja embala\\u017ee izdelali naslednje izdelke: Horizontale - oblikovanje embala\\u017ee, Aktivna embala\\u017ea - oblikovanje embala\\u017ee,\",\"breadcrumb\":{\"@id\":\"https:\/\/www.ntf.uni-lj.si\/igt\/galerija\/embalaza\/#breadcrumb\"},\"inLanguage\":\"en-US\",\"potentialAction\":[{\"@type\":\"ReadAction\",\"target\":[\"https:\/\/www.ntf.uni-lj.si\/igt\/galerija\/embalaza\/\"]}]},{\"@type\":\"BreadcrumbList\",\"@id\":\"https:\/\/www.ntf.uni-lj.si\/igt\/galerija\/embalaza\/#breadcrumb\",\"itemListElement\":[{\"@type\":\"ListItem\",\"position\":1,\"name\":\"Home\",\"item\":\"https:\/\/www.ntf.uni-lj.si\/igt\/\"},{\"@type\":\"ListItem\",\"position\":2,\"name\":\"Galerija\",\"item\":\"https:\/\/www.ntf.uni-lj.si\/igt\/galerija\/\"},{\"@type\":\"ListItem\",\"position\":3,\"name\":\"Embala\\u017ea\"}]}]}<\/script>\n<!-- \/ Yoast SEO plugin. -->","yoast_head_json":{"description":"\u0160tudenti so pri predmetih s podro\u010dja embala\u017ee izdelali naslednje izdelke: Horizontale - oblikovanje embala\u017ee, Aktivna embala\u017ea - oblikovanje embala\u017ee,","robots":{"index":"index","follow":"follow","max-snippet":"max-snippet:-1","max-image-preview":"max-image-preview:large","max-video-preview":"max-video-preview:-1"},"canonical":"https:\/\/www.ntf.uni-lj.si\/igt\/galerija\/embalaza\/","og_locale":"en_US","og_type":"article","og_title":"Embala\u017ea - IGT","og_description":"\u0160tudenti so pri predmetih s podro\u010dja embala\u017ee izdelali naslednje izdelke: Horizontale - oblikovanje embala\u017ee, Aktivna embala\u017ea - oblikovanje embala\u017ee,","og_url":"https:\/\/www.ntf.uni-lj.si\/igt\/galerija\/embalaza\/","og_site_name":"IGT","article_modified_time":"2021-07-20T15:49:44+00:00","schema":{"@context":"https:\/\/schema.org","@graph":[{"@type":"WebSite","@id":"https:\/\/www.ntf.uni-lj.si\/igt\/#website","url":"https:\/\/www.ntf.uni-lj.si\/igt\/","name":"IGT","description":"Katedra za informacijsko in grafi\u010dno tehnologijo","potentialAction":[{"@type":"SearchAction","target":{"@type":"EntryPoint","urlTemplate":"https:\/\/www.ntf.uni-lj.si\/igt\/?s={search_term_string}"},"query-input":"required name=search_term_string"}],"inLanguage":"en-US"},{"@type":"WebPage","@id":"https:\/\/www.ntf.uni-lj.si\/igt\/galerija\/embalaza\/#webpage","url":"https:\/\/www.ntf.uni-lj.si\/igt\/galerija\/embalaza\/","name":"Embala\u017ea - IGT","isPartOf":{"@id":"https:\/\/www.ntf.uni-lj.si\/igt\/#website"},"datePublished":"2021-01-20T15:23:20+00:00","dateModified":"2021-07-20T15:49:44+00:00","description":"\u0160tudenti so pri predmetih s podro\u010dja embala\u017ee izdelali naslednje izdelke: Horizontale - oblikovanje embala\u017ee, Aktivna embala\u017ea - oblikovanje embala\u017ee,","breadcrumb":{"@id":"https:\/\/www.ntf.uni-lj.si\/igt\/galerija\/embalaza\/#breadcrumb"},"inLanguage":"en-US","potentialAction":[{"@type":"ReadAction","target":["https:\/\/www.ntf.uni-lj.si\/igt\/galerija\/embalaza\/"]}]},{"@type":"BreadcrumbList","@id":"https:\/\/www.ntf.uni-lj.si\/igt\/galerija\/embalaza\/#breadcrumb","itemListElement":[{"@type":"ListItem","position":1,"name":"Home","item":"https:\/\/www.ntf.uni-lj.si\/igt\/"},{"@type":"ListItem","position":2,"name":"Galerija","item":"https:\/\/www.ntf.uni-lj.si\/igt\/galerija\/"},{"@type":"ListItem","position":3,"name":"Embala\u017ea"}]}]}},"_links":{"self":[{"href":"https:\/\/www.ntf.uni-lj.si\/igt\/wp-json\/wp\/v2\/pages\/25621"}],"collection":[{"href":"https:\/\/www.ntf.uni-lj.si\/igt\/wp-json\/wp\/v2\/pages"}],"about":[{"href":"https:\/\/www.ntf.uni-lj.si\/igt\/wp-json\/wp\/v2\/types\/page"}],"author":[{"embeddable":true,"href":"https:\/\/www.ntf.uni-lj.si\/igt\/wp-json\/wp\/v2\/users\/221"}],"replies":[{"embeddable":true,"href":"https:\/\/www.ntf.uni-lj.si\/igt\/wp-json\/wp\/v2\/comments?post=25621"}],"version-history":[{"count":8,"href":"https:\/\/www.ntf.uni-lj.si\/igt\/wp-json\/wp\/v2\/pages\/25621\/revisions"}],"predecessor-version":[{"id":28422,"href":"https:\/\/www.ntf.uni-lj.si\/igt\/wp-json\/wp\/v2\/pages\/25621\/revisions\/28422"}],"up":[{"embeddable":true,"href":"https:\/\/www.ntf.uni-lj.si\/igt\/wp-json\/wp\/v2\/pages\/25447"}],"wp:attachment":[{"href":"https:\/\/www.ntf.uni-lj.si\/igt\/wp-json\/wp\/v2\/media?parent=25621"}],"curies":[{"name":"wp","href":"https:\/\/api.w.org\/{rel}","templated":true}]}}