{"id":25626,"date":"2021-01-20T17:10:16","date_gmt":"2021-01-20T16:10:16","guid":{"rendered":"http:\/\/www.ntf.uni-lj.si\/igt\/?page_id=25626"},"modified":"2025-07-10T14:45:24","modified_gmt":"2025-07-10T12:45:24","slug":"oglasevanje","status":"publish","type":"page","link":"https:\/\/www.ntf.uni-lj.si\/igt\/galerija\/oglasevanje\/","title":{"rendered":"Ogla\u0161evanje"},"content":{"rendered":"<p>\u0160tudenti so v sklopu \u0161tudijskega procesa izdelali ogla\u0161evalske kampanje za naslednje naro\u010dnike:<\/p>\n<ul>\n<li>Prehodi za pe\u0161\u010de v Trnovem in Sr\u010dna UL &#8211; dogodek <a href=\"https:\/\/www.ntf.uni-lj.si\/igt\/news\/na-kratko-prosim\/\">Na kratko, prosim.<\/a>,<\/li>\n<li>PGD Ljubljana &#8211; Vi\u010d in Modna revija \u0161tudentov KOTO &#8211; dogodek <a href=\"https:\/\/www.ntf.uni-lj.si\/igt\/news\/pic-pavza\/\">Pi\u010d pavza<\/a>,<\/li>\n<li>E-\u0161portna zveza Slovenije &#8211; <a href=\"https:\/\/www.instagram.com\/dizkusije\/\">razstava dizkusije<\/a> in <a href=\"https:\/\/vimeo.com\/679931196\">video kon\u010dnega dogodka<\/a>,<\/li>\n<li>WoodzSocial v sodelovanju z La Popsi &#8211; razstava <a href=\"https:\/\/www.instagram.com\/dizkusije\/\">dizkusije<\/a>,<\/li>\n<li>Slovenska turisti\u010dna organizacija &#8211; razstava <a href=\"https:\/\/www.artsteps.com\/view\/5ff48d96e0fa6f1bfcafd293\">Se vidimo? Se sli\u0161imo?<\/a>,<\/li>\n<li>Epicoro Games\u00a0&#8211; razstava <a href=\"https:\/\/www.artsteps.com\/view\/5ff48d96e0fa6f1bfcafd293\">Se vidimo? Se sli\u0161imo?<\/a>,<\/li>\n<li>Semenarna Ljubljana &#8211; razstava\u00a0<a href=\"https:\/\/www.artsteps.com\/view\/5ed88d9fc3e3773b591af5c5\">exhiBITIonLINE<\/a>,<\/li>\n<li>Citypark &#8211; razstava\u00a0<a href=\"https:\/\/www.artsteps.com\/view\/5ed88d9fc3e3773b591af5c5\">exhiBITIonLINE<\/a>,<\/li>\n<li>MOS Celjski sejem &#8211; razstava <a href=\"https:\/\/vimeo.com\/387492236\">PI\u010c<\/a>,<\/li>\n<li>Espresso d.o.o. &#8211; razstava <a href=\"https:\/\/vimeo.com\/387492236\">PI\u010c<\/a>,<\/li>\n<li>Petrol,<\/li>\n<li>PikaZoo,<\/li>\n<li>Gorenje (AV Studio)\u00a0&#8211; razstava <a href=\"https:\/\/vimeo.com\/343599213\">Spekter<\/a>,<\/li>\n<li>MUVIT6X60 (dva projekta) &#8211; razstava <a href=\"https:\/\/vimeo.com\/221220008\">kon\u010dna.pdf<\/a>,<\/li>\n<li>Ko\u0161arkarska\u00a0zveza Slovenije &#8211; razstava <a href=\"https:\/\/vimeo.com\/276102050\">23.59<\/a>,<\/li>\n<li>Huawei &#8211; razstava <a href=\"https:\/\/vimeo.com\/276102050\">23.59<\/a>,<\/li>\n<li>Union &#8211; razstava <a href=\"https:\/\/vimeo.com\/221220008\">kon\u010dna.pdf<\/a>,<\/li>\n<li>Grounded &#8211; razstava <a href=\"https:\/\/vimeo.com\/170917779\">Brif na brif<\/a>,<\/li>\n<li>Magnifico &#8211; razstava <a href=\"https:\/\/vimeo.com\/170917779\">Brif na brif<\/a>,.<\/li>\n<\/ul>\n<p>Ve\u010d o projektih in nastalih izdelkih na <a href=\"https:\/\/ahtik.si\/oglasevanje\">povezavi<\/a>.<\/p>\n<p><a href=\"https:\/\/www.ntf.uni-lj.si\/igt\/wp-content\/uploads\/sites\/8\/2021\/01\/oglasevanje_huawei.png\"><img loading=\"lazy\" class=\"alignnone wp-image-25632 size-large\" src=\"https:\/\/www.ntf.uni-lj.si\/igt\/wp-content\/uploads\/sites\/8\/2021\/01\/oglasevanje_huawei-1024x702.png\" alt=\"\" width=\"1024\" height=\"702\" srcset=\"https:\/\/www.ntf.uni-lj.si\/igt\/wp-content\/uploads\/sites\/8\/2021\/01\/oglasevanje_huawei-1024x702.png 1024w, https:\/\/www.ntf.uni-lj.si\/igt\/wp-content\/uploads\/sites\/8\/2021\/01\/oglasevanje_huawei-300x206.png 300w, https:\/\/www.ntf.uni-lj.si\/igt\/wp-content\/uploads\/sites\/8\/2021\/01\/oglasevanje_huawei-768x527.png 768w, https:\/\/www.ntf.uni-lj.si\/igt\/wp-content\/uploads\/sites\/8\/2021\/01\/oglasevanje_huawei-190x130.png 190w, https:\/\/www.ntf.uni-lj.si\/igt\/wp-content\/uploads\/sites\/8\/2021\/01\/oglasevanje_huawei.png 2010w\" sizes=\"(max-width: 1024px) 100vw, 1024px\" \/><\/a><\/p>\n<p><a href=\"https:\/\/www.ntf.uni-lj.si\/igt\/wp-content\/uploads\/sites\/8\/2021\/01\/oglasevanje_kzs.png\"><img loading=\"lazy\" width=\"2012\" height=\"1066\" class=\"aligncenter size-full wp-image-25633\" src=\"https:\/\/www.ntf.uni-lj.si\/igt\/wp-content\/uploads\/sites\/8\/2021\/01\/oglasevanje_kzs.png\" alt=\"\" srcset=\"https:\/\/www.ntf.uni-lj.si\/igt\/wp-content\/uploads\/sites\/8\/2021\/01\/oglasevanje_kzs.png 2012w, https:\/\/www.ntf.uni-lj.si\/igt\/wp-content\/uploads\/sites\/8\/2021\/01\/oglasevanje_kzs-300x159.png 300w, https:\/\/www.ntf.uni-lj.si\/igt\/wp-content\/uploads\/sites\/8\/2021\/01\/oglasevanje_kzs-768x407.png 768w, https:\/\/www.ntf.uni-lj.si\/igt\/wp-content\/uploads\/sites\/8\/2021\/01\/oglasevanje_kzs-1024x543.png 1024w\" sizes=\"(max-width: 2012px) 100vw, 2012px\" \/><\/a><\/p>\n<p><a href=\"https:\/\/www.ntf.uni-lj.si\/igt\/wp-content\/uploads\/sites\/8\/2021\/01\/oglasevanje_magnifico.png\"><img loading=\"lazy\" width=\"2012\" height=\"1368\" class=\"aligncenter size-full wp-image-25634\" src=\"https:\/\/www.ntf.uni-lj.si\/igt\/wp-content\/uploads\/sites\/8\/2021\/01\/oglasevanje_magnifico.png\" alt=\"\" srcset=\"https:\/\/www.ntf.uni-lj.si\/igt\/wp-content\/uploads\/sites\/8\/2021\/01\/oglasevanje_magnifico.png 2012w, https:\/\/www.ntf.uni-lj.si\/igt\/wp-content\/uploads\/sites\/8\/2021\/01\/oglasevanje_magnifico-300x204.png 300w, https:\/\/www.ntf.uni-lj.si\/igt\/wp-content\/uploads\/sites\/8\/2021\/01\/oglasevanje_magnifico-768x522.png 768w, https:\/\/www.ntf.uni-lj.si\/igt\/wp-content\/uploads\/sites\/8\/2021\/01\/oglasevanje_magnifico-1024x696.png 1024w, https:\/\/www.ntf.uni-lj.si\/igt\/wp-content\/uploads\/sites\/8\/2021\/01\/oglasevanje_magnifico-190x130.png 190w\" sizes=\"(max-width: 2012px) 100vw, 2012px\" \/><\/a><\/p>\n","protected":false},"excerpt":{"rendered":"\u0160tudenti so v sklopu \u0161tudijskega procesa izdelali ogla\u0161evalske kampanje za naslednje naro\u010dnike: Prehodi za pe\u0161\u010de v Trnovem in Sr\u010dna UL &#8211; dogodek Na kratko, prosim., PGD Ljubljana &#8211; Vi\u010d in Modna revija \u0161tudentov KOTO &#8211; dogodek Pi\u010d pavza, E-\u0161portna zveza Slovenije &#8211; razstava dizkusije in video kon\u010dnega dogodka, WoodzSocial v sodelovanju z La Popsi &#8211; &#8230; <a class=\"view-article\" href=\"https:\/\/www.ntf.uni-lj.si\/igt\/galerija\/oglasevanje\/\">Read more<\/a>","protected":false},"author":221,"featured_media":0,"parent":25447,"menu_order":0,"comment_status":"closed","ping_status":"closed","template":"","meta":[],"acf":[],"yoast_head":"<!-- This site is optimized with the Yoast SEO plugin v17.0 - https:\/\/yoast.com\/wordpress\/plugins\/seo\/ -->\n<meta name=\"description\" content=\"\u0160tudenti so v sklopu \u0161tudijskega procesa izdelali ogla\u0161evalske kampanje za naslednje naro\u010dnike: Prehodi za pe\u0161\u010de v Trnovem in Sr\u010dna UL - dogodek Na\" \/>\n<meta name=\"robots\" content=\"index, follow, max-snippet:-1, max-image-preview:large, max-video-preview:-1\" \/>\n<link rel=\"canonical\" href=\"https:\/\/www.ntf.uni-lj.si\/igt\/galerija\/oglasevanje\/\" \/>\n<meta property=\"og:locale\" content=\"en_US\" \/>\n<meta property=\"og:type\" content=\"article\" \/>\n<meta property=\"og:title\" content=\"Ogla\u0161evanje - IGT\" \/>\n<meta property=\"og:description\" content=\"\u0160tudenti so v sklopu \u0161tudijskega procesa izdelali ogla\u0161evalske kampanje za naslednje naro\u010dnike: Prehodi za pe\u0161\u010de v Trnovem in Sr\u010dna UL - dogodek Na\" \/>\n<meta property=\"og:url\" content=\"https:\/\/www.ntf.uni-lj.si\/igt\/galerija\/oglasevanje\/\" \/>\n<meta property=\"og:site_name\" content=\"IGT\" \/>\n<meta property=\"article:modified_time\" content=\"2025-07-10T12:45:24+00:00\" \/>\n<meta property=\"og:image\" content=\"https:\/\/www.ntf.uni-lj.si\/igt\/wp-content\/uploads\/sites\/8\/2021\/01\/oglasevanje_huawei-1024x702.png\" \/>\n<meta name=\"twitter:label1\" content=\"Est. reading time\" \/>\n\t<meta name=\"twitter:data1\" content=\"2 minutes\" \/>\n<script type=\"application\/ld+json\" class=\"yoast-schema-graph\">{\"@context\":\"https:\/\/schema.org\",\"@graph\":[{\"@type\":\"WebSite\",\"@id\":\"https:\/\/www.ntf.uni-lj.si\/igt\/#website\",\"url\":\"https:\/\/www.ntf.uni-lj.si\/igt\/\",\"name\":\"IGT\",\"description\":\"Katedra za informacijsko in grafi\\u010dno tehnologijo\",\"potentialAction\":[{\"@type\":\"SearchAction\",\"target\":{\"@type\":\"EntryPoint\",\"urlTemplate\":\"https:\/\/www.ntf.uni-lj.si\/igt\/?s={search_term_string}\"},\"query-input\":\"required name=search_term_string\"}],\"inLanguage\":\"en-US\"},{\"@type\":\"ImageObject\",\"@id\":\"https:\/\/www.ntf.uni-lj.si\/igt\/galerija\/oglasevanje\/#primaryimage\",\"inLanguage\":\"en-US\",\"url\":\"https:\/\/www.ntf.uni-lj.si\/igt\/wp-content\/uploads\/sites\/8\/2021\/01\/oglasevanje_huawei.png\",\"contentUrl\":\"https:\/\/www.ntf.uni-lj.si\/igt\/wp-content\/uploads\/sites\/8\/2021\/01\/oglasevanje_huawei.png\",\"width\":2010,\"height\":1378},{\"@type\":\"WebPage\",\"@id\":\"https:\/\/www.ntf.uni-lj.si\/igt\/galerija\/oglasevanje\/#webpage\",\"url\":\"https:\/\/www.ntf.uni-lj.si\/igt\/galerija\/oglasevanje\/\",\"name\":\"Ogla\\u0161evanje - IGT\",\"isPartOf\":{\"@id\":\"https:\/\/www.ntf.uni-lj.si\/igt\/#website\"},\"primaryImageOfPage\":{\"@id\":\"https:\/\/www.ntf.uni-lj.si\/igt\/galerija\/oglasevanje\/#primaryimage\"},\"datePublished\":\"2021-01-20T16:10:16+00:00\",\"dateModified\":\"2025-07-10T12:45:24+00:00\",\"description\":\"\\u0160tudenti so v sklopu \\u0161tudijskega procesa izdelali ogla\\u0161evalske kampanje za naslednje naro\\u010dnike: Prehodi za pe\\u0161\\u010de v Trnovem in Sr\\u010dna UL - dogodek Na\",\"breadcrumb\":{\"@id\":\"https:\/\/www.ntf.uni-lj.si\/igt\/galerija\/oglasevanje\/#breadcrumb\"},\"inLanguage\":\"en-US\",\"potentialAction\":[{\"@type\":\"ReadAction\",\"target\":[\"https:\/\/www.ntf.uni-lj.si\/igt\/galerija\/oglasevanje\/\"]}]},{\"@type\":\"BreadcrumbList\",\"@id\":\"https:\/\/www.ntf.uni-lj.si\/igt\/galerija\/oglasevanje\/#breadcrumb\",\"itemListElement\":[{\"@type\":\"ListItem\",\"position\":1,\"name\":\"Home\",\"item\":\"https:\/\/www.ntf.uni-lj.si\/igt\/\"},{\"@type\":\"ListItem\",\"position\":2,\"name\":\"Galerija\",\"item\":\"https:\/\/www.ntf.uni-lj.si\/igt\/galerija\/\"},{\"@type\":\"ListItem\",\"position\":3,\"name\":\"Ogla\\u0161evanje\"}]}]}<\/script>\n<!-- \/ Yoast SEO plugin. -->","yoast_head_json":{"description":"\u0160tudenti so v sklopu \u0161tudijskega procesa izdelali ogla\u0161evalske kampanje za naslednje naro\u010dnike: Prehodi za pe\u0161\u010de v Trnovem in Sr\u010dna UL - dogodek Na","robots":{"index":"index","follow":"follow","max-snippet":"max-snippet:-1","max-image-preview":"max-image-preview:large","max-video-preview":"max-video-preview:-1"},"canonical":"https:\/\/www.ntf.uni-lj.si\/igt\/galerija\/oglasevanje\/","og_locale":"en_US","og_type":"article","og_title":"Ogla\u0161evanje - IGT","og_description":"\u0160tudenti so v sklopu \u0161tudijskega procesa izdelali ogla\u0161evalske kampanje za naslednje naro\u010dnike: Prehodi za pe\u0161\u010de v Trnovem in Sr\u010dna UL - dogodek Na","og_url":"https:\/\/www.ntf.uni-lj.si\/igt\/galerija\/oglasevanje\/","og_site_name":"IGT","article_modified_time":"2025-07-10T12:45:24+00:00","og_image":[{"url":"https:\/\/www.ntf.uni-lj.si\/igt\/wp-content\/uploads\/sites\/8\/2021\/01\/oglasevanje_huawei-1024x702.png"}],"twitter_misc":{"Est. reading time":"2 minutes"},"schema":{"@context":"https:\/\/schema.org","@graph":[{"@type":"WebSite","@id":"https:\/\/www.ntf.uni-lj.si\/igt\/#website","url":"https:\/\/www.ntf.uni-lj.si\/igt\/","name":"IGT","description":"Katedra za informacijsko in grafi\u010dno tehnologijo","potentialAction":[{"@type":"SearchAction","target":{"@type":"EntryPoint","urlTemplate":"https:\/\/www.ntf.uni-lj.si\/igt\/?s={search_term_string}"},"query-input":"required name=search_term_string"}],"inLanguage":"en-US"},{"@type":"ImageObject","@id":"https:\/\/www.ntf.uni-lj.si\/igt\/galerija\/oglasevanje\/#primaryimage","inLanguage":"en-US","url":"https:\/\/www.ntf.uni-lj.si\/igt\/wp-content\/uploads\/sites\/8\/2021\/01\/oglasevanje_huawei.png","contentUrl":"https:\/\/www.ntf.uni-lj.si\/igt\/wp-content\/uploads\/sites\/8\/2021\/01\/oglasevanje_huawei.png","width":2010,"height":1378},{"@type":"WebPage","@id":"https:\/\/www.ntf.uni-lj.si\/igt\/galerija\/oglasevanje\/#webpage","url":"https:\/\/www.ntf.uni-lj.si\/igt\/galerija\/oglasevanje\/","name":"Ogla\u0161evanje - IGT","isPartOf":{"@id":"https:\/\/www.ntf.uni-lj.si\/igt\/#website"},"primaryImageOfPage":{"@id":"https:\/\/www.ntf.uni-lj.si\/igt\/galerija\/oglasevanje\/#primaryimage"},"datePublished":"2021-01-20T16:10:16+00:00","dateModified":"2025-07-10T12:45:24+00:00","description":"\u0160tudenti so v sklopu \u0161tudijskega procesa izdelali ogla\u0161evalske kampanje za naslednje naro\u010dnike: Prehodi za pe\u0161\u010de v Trnovem in Sr\u010dna UL - dogodek Na","breadcrumb":{"@id":"https:\/\/www.ntf.uni-lj.si\/igt\/galerija\/oglasevanje\/#breadcrumb"},"inLanguage":"en-US","potentialAction":[{"@type":"ReadAction","target":["https:\/\/www.ntf.uni-lj.si\/igt\/galerija\/oglasevanje\/"]}]},{"@type":"BreadcrumbList","@id":"https:\/\/www.ntf.uni-lj.si\/igt\/galerija\/oglasevanje\/#breadcrumb","itemListElement":[{"@type":"ListItem","position":1,"name":"Home","item":"https:\/\/www.ntf.uni-lj.si\/igt\/"},{"@type":"ListItem","position":2,"name":"Galerija","item":"https:\/\/www.ntf.uni-lj.si\/igt\/galerija\/"},{"@type":"ListItem","position":3,"name":"Ogla\u0161evanje"}]}]}},"_links":{"self":[{"href":"https:\/\/www.ntf.uni-lj.si\/igt\/wp-json\/wp\/v2\/pages\/25626"}],"collection":[{"href":"https:\/\/www.ntf.uni-lj.si\/igt\/wp-json\/wp\/v2\/pages"}],"about":[{"href":"https:\/\/www.ntf.uni-lj.si\/igt\/wp-json\/wp\/v2\/types\/page"}],"author":[{"embeddable":true,"href":"https:\/\/www.ntf.uni-lj.si\/igt\/wp-json\/wp\/v2\/users\/221"}],"replies":[{"embeddable":true,"href":"https:\/\/www.ntf.uni-lj.si\/igt\/wp-json\/wp\/v2\/comments?post=25626"}],"version-history":[{"count":20,"href":"https:\/\/www.ntf.uni-lj.si\/igt\/wp-json\/wp\/v2\/pages\/25626\/revisions"}],"predecessor-version":[{"id":37940,"href":"https:\/\/www.ntf.uni-lj.si\/igt\/wp-json\/wp\/v2\/pages\/25626\/revisions\/37940"}],"up":[{"embeddable":true,"href":"https:\/\/www.ntf.uni-lj.si\/igt\/wp-json\/wp\/v2\/pages\/25447"}],"wp:attachment":[{"href":"https:\/\/www.ntf.uni-lj.si\/igt\/wp-json\/wp\/v2\/media?parent=25626"}],"curies":[{"name":"wp","href":"https:\/\/api.w.org\/{rel}","templated":true}]}}