{"id":25637,"date":"2021-01-20T17:24:55","date_gmt":"2021-01-20T16:24:55","guid":{"rendered":"http:\/\/www.ntf.uni-lj.si\/igt\/?page_id=25637"},"modified":"2024-06-07T09:35:54","modified_gmt":"2024-06-07T07:35:54","slug":"uporabniski-vmesniki","status":"publish","type":"page","link":"https:\/\/www.ntf.uni-lj.si\/igt\/galerija\/uporabniski-vmesniki\/","title":{"rendered":"Uporabni\u0161ki vmesniki"},"content":{"rendered":"<ul>\n<li><a href=\"https:\/\/www.ntf.uni-lj.si\/igt\/employee\/primoz-weingerl\/uv\/razstava-izdelkov-nastalih-pri-predmetu-strukture-in-prenos-podatkov-nacrtovanje-uporabniskih-vmesnikov\/\">Na\u010drtovanje uporabni\u0161ki vmesnikov<\/a><\/li>\n<li><a href=\"https:\/\/www.ntf.uni-lj.si\/igt\/employee\/primoz-weingerl\/uv\/razstava-izdelkov-nastalih-pri-predmetu-uporabniski-vmesniki\/\">Uporabni\u0161ki vmesniki<\/a><\/li>\n<\/ul>\n","protected":false},"excerpt":{"rendered":"Na\u010drtovanje uporabni\u0161ki vmesnikov Uporabni\u0161ki vmesniki","protected":false},"author":221,"featured_media":0,"parent":25447,"menu_order":0,"comment_status":"closed","ping_status":"closed","template":"","meta":[],"acf":[],"yoast_head":"<!-- This site is optimized with the Yoast SEO plugin v17.0 - https:\/\/yoast.com\/wordpress\/plugins\/seo\/ -->\n<meta name=\"description\" content=\"Na\u010drtovanje uporabni\u0161ki vmesnikov  Uporabni\u0161ki vmesniki\" \/>\n<meta name=\"robots\" content=\"index, follow, max-snippet:-1, max-image-preview:large, max-video-preview:-1\" \/>\n<link rel=\"canonical\" href=\"https:\/\/www.ntf.uni-lj.si\/igt\/galerija\/uporabniski-vmesniki\/\" \/>\n<meta property=\"og:locale\" content=\"en_US\" \/>\n<meta property=\"og:type\" content=\"article\" \/>\n<meta property=\"og:title\" content=\"Uporabni\u0161ki vmesniki - IGT\" \/>\n<meta property=\"og:description\" content=\"Na\u010drtovanje uporabni\u0161ki vmesnikov  Uporabni\u0161ki vmesniki\" \/>\n<meta property=\"og:url\" content=\"https:\/\/www.ntf.uni-lj.si\/igt\/galerija\/uporabniski-vmesniki\/\" \/>\n<meta property=\"og:site_name\" content=\"IGT\" \/>\n<meta property=\"article:modified_time\" content=\"2024-06-07T07:35:54+00:00\" \/>\n<script type=\"application\/ld+json\" class=\"yoast-schema-graph\">{\"@context\":\"https:\/\/schema.org\",\"@graph\":[{\"@type\":\"WebSite\",\"@id\":\"https:\/\/www.ntf.uni-lj.si\/igt\/#website\",\"url\":\"https:\/\/www.ntf.uni-lj.si\/igt\/\",\"name\":\"IGT\",\"description\":\"Katedra za informacijsko in grafi\\u010dno tehnologijo\",\"potentialAction\":[{\"@type\":\"SearchAction\",\"target\":{\"@type\":\"EntryPoint\",\"urlTemplate\":\"https:\/\/www.ntf.uni-lj.si\/igt\/?s={search_term_string}\"},\"query-input\":\"required name=search_term_string\"}],\"inLanguage\":\"en-US\"},{\"@type\":\"WebPage\",\"@id\":\"https:\/\/www.ntf.uni-lj.si\/igt\/galerija\/uporabniski-vmesniki\/#webpage\",\"url\":\"https:\/\/www.ntf.uni-lj.si\/igt\/galerija\/uporabniski-vmesniki\/\",\"name\":\"Uporabni\\u0161ki vmesniki - IGT\",\"isPartOf\":{\"@id\":\"https:\/\/www.ntf.uni-lj.si\/igt\/#website\"},\"datePublished\":\"2021-01-20T16:24:55+00:00\",\"dateModified\":\"2024-06-07T07:35:54+00:00\",\"description\":\"Na\\u010drtovanje uporabni\\u0161ki vmesnikov Uporabni\\u0161ki vmesniki\",\"breadcrumb\":{\"@id\":\"https:\/\/www.ntf.uni-lj.si\/igt\/galerija\/uporabniski-vmesniki\/#breadcrumb\"},\"inLanguage\":\"en-US\",\"potentialAction\":[{\"@type\":\"ReadAction\",\"target\":[\"https:\/\/www.ntf.uni-lj.si\/igt\/galerija\/uporabniski-vmesniki\/\"]}]},{\"@type\":\"BreadcrumbList\",\"@id\":\"https:\/\/www.ntf.uni-lj.si\/igt\/galerija\/uporabniski-vmesniki\/#breadcrumb\",\"itemListElement\":[{\"@type\":\"ListItem\",\"position\":1,\"name\":\"Home\",\"item\":\"https:\/\/www.ntf.uni-lj.si\/igt\/\"},{\"@type\":\"ListItem\",\"position\":2,\"name\":\"Galerija\",\"item\":\"https:\/\/www.ntf.uni-lj.si\/igt\/galerija\/\"},{\"@type\":\"ListItem\",\"position\":3,\"name\":\"Uporabni\\u0161ki vmesniki\"}]}]}<\/script>\n<!-- \/ Yoast SEO plugin. -->","yoast_head_json":{"description":"Na\u010drtovanje uporabni\u0161ki vmesnikov  Uporabni\u0161ki vmesniki","robots":{"index":"index","follow":"follow","max-snippet":"max-snippet:-1","max-image-preview":"max-image-preview:large","max-video-preview":"max-video-preview:-1"},"canonical":"https:\/\/www.ntf.uni-lj.si\/igt\/galerija\/uporabniski-vmesniki\/","og_locale":"en_US","og_type":"article","og_title":"Uporabni\u0161ki vmesniki - IGT","og_description":"Na\u010drtovanje uporabni\u0161ki vmesnikov  Uporabni\u0161ki vmesniki","og_url":"https:\/\/www.ntf.uni-lj.si\/igt\/galerija\/uporabniski-vmesniki\/","og_site_name":"IGT","article_modified_time":"2024-06-07T07:35:54+00:00","schema":{"@context":"https:\/\/schema.org","@graph":[{"@type":"WebSite","@id":"https:\/\/www.ntf.uni-lj.si\/igt\/#website","url":"https:\/\/www.ntf.uni-lj.si\/igt\/","name":"IGT","description":"Katedra za informacijsko in grafi\u010dno tehnologijo","potentialAction":[{"@type":"SearchAction","target":{"@type":"EntryPoint","urlTemplate":"https:\/\/www.ntf.uni-lj.si\/igt\/?s={search_term_string}"},"query-input":"required name=search_term_string"}],"inLanguage":"en-US"},{"@type":"WebPage","@id":"https:\/\/www.ntf.uni-lj.si\/igt\/galerija\/uporabniski-vmesniki\/#webpage","url":"https:\/\/www.ntf.uni-lj.si\/igt\/galerija\/uporabniski-vmesniki\/","name":"Uporabni\u0161ki vmesniki - IGT","isPartOf":{"@id":"https:\/\/www.ntf.uni-lj.si\/igt\/#website"},"datePublished":"2021-01-20T16:24:55+00:00","dateModified":"2024-06-07T07:35:54+00:00","description":"Na\u010drtovanje uporabni\u0161ki vmesnikov Uporabni\u0161ki vmesniki","breadcrumb":{"@id":"https:\/\/www.ntf.uni-lj.si\/igt\/galerija\/uporabniski-vmesniki\/#breadcrumb"},"inLanguage":"en-US","potentialAction":[{"@type":"ReadAction","target":["https:\/\/www.ntf.uni-lj.si\/igt\/galerija\/uporabniski-vmesniki\/"]}]},{"@type":"BreadcrumbList","@id":"https:\/\/www.ntf.uni-lj.si\/igt\/galerija\/uporabniski-vmesniki\/#breadcrumb","itemListElement":[{"@type":"ListItem","position":1,"name":"Home","item":"https:\/\/www.ntf.uni-lj.si\/igt\/"},{"@type":"ListItem","position":2,"name":"Galerija","item":"https:\/\/www.ntf.uni-lj.si\/igt\/galerija\/"},{"@type":"ListItem","position":3,"name":"Uporabni\u0161ki vmesniki"}]}]}},"_links":{"self":[{"href":"https:\/\/www.ntf.uni-lj.si\/igt\/wp-json\/wp\/v2\/pages\/25637"}],"collection":[{"href":"https:\/\/www.ntf.uni-lj.si\/igt\/wp-json\/wp\/v2\/pages"}],"about":[{"href":"https:\/\/www.ntf.uni-lj.si\/igt\/wp-json\/wp\/v2\/types\/page"}],"author":[{"embeddable":true,"href":"https:\/\/www.ntf.uni-lj.si\/igt\/wp-json\/wp\/v2\/users\/221"}],"replies":[{"embeddable":true,"href":"https:\/\/www.ntf.uni-lj.si\/igt\/wp-json\/wp\/v2\/comments?post=25637"}],"version-history":[{"count":8,"href":"https:\/\/www.ntf.uni-lj.si\/igt\/wp-json\/wp\/v2\/pages\/25637\/revisions"}],"predecessor-version":[{"id":36033,"href":"https:\/\/www.ntf.uni-lj.si\/igt\/wp-json\/wp\/v2\/pages\/25637\/revisions\/36033"}],"up":[{"embeddable":true,"href":"https:\/\/www.ntf.uni-lj.si\/igt\/wp-json\/wp\/v2\/pages\/25447"}],"wp:attachment":[{"href":"https:\/\/www.ntf.uni-lj.si\/igt\/wp-json\/wp\/v2\/media?parent=25637"}],"curies":[{"name":"wp","href":"https:\/\/api.w.org\/{rel}","templated":true}]}}