{"id":25639,"date":"2021-01-20T17:56:21","date_gmt":"2021-01-20T16:56:21","guid":{"rendered":"http:\/\/www.ntf.uni-lj.si\/igt\/?page_id=25639"},"modified":"2022-05-24T09:51:54","modified_gmt":"2022-05-24T07:51:54","slug":"3d","status":"publish","type":"page","link":"https:\/\/www.ntf.uni-lj.si\/igt\/galerija\/3d\/","title":{"rendered":"3D modeliranje in tisk"},"content":{"rendered":"<p>Nekateri projekti s podro\u010dja 3D modeliranja in 3D tiska:<\/p>\n<ul>\n<li><a href=\"https:\/\/www.ntf.uni-lj.si\/igt\/employee\/odtisi-gozdnih-zivali\/\">Odtisi gozdnih \u017eivali<\/a> &#8211; 3D skeniranje, modeliranje in tisk,<\/li>\n<li><a href=\"https:\/\/www.ntf.uni-lj.si\/igt\/employee\/3d-kipi-formaviva\/\">3D kipi FormaViva<\/a> &#8211; fotogrametrija, modeliranje in tisk,<\/li>\n<li><a href=\"https:\/\/www.ntf.uni-lj.si\/igt\/employee\/plecnik-rekonstrukcija\/\">Ple\u010dnik in sveto<\/a> &#8211; 3D rekonstrukcija Ple\u010dnikove makete,<\/li>\n<li><a href=\"https:\/\/www.ntf.uni-lj.si\/igt\/employee\/maketa-gradu-sneznik\/\">Grad Sne\u017enik<\/a> &#8211; maketa gradu in okolice.<\/li>\n<\/ul>\n<p>Nekateri projekti s podro\u010dja 3D digitalnega oblikovanja:<\/p>\n<ul>\n<li><a href=\"https:\/\/www.ntf.uni-lj.si\/igt\/news\/3d-digitalno-oblikovanje-in-rekonstrukcija-anticnega-mesta-petoviona-sipk\/\">Petoviona<\/a> &#8211; 3D rekonstrukcija,<\/li>\n<li><a href=\"https:\/\/www.ntf.uni-lj.si\/igt\/news\/3d-rekonstrukcija-panorame\/\">3D rekonstrukcija Panorame<\/a>,<\/li>\n<li><a href=\"https:\/\/www.ntf.uni-lj.si\/igt\/employee\/helena-gabrijelcic\/osnove-3d-modeliranja\/3d-oblikovanje-interierja-virtualna-razstava\/\">3D oblikovanje interierja<\/a> &#8211; razstava \u0161tudentskih del.<\/li>\n<\/ul>\n<p>3D strukture lahko upodabljamo tudi s klasi\u010dnimi\u00a0tehnikami tiska. Ve\u010d o tem na strani <a href=\"http:\/\/www.ntf.uni-lj.si\/igt\/galerija\/tisk\/\">Tisk<\/a> in povezavah:<\/p>\n<ul>\n<li><a href=\"https:\/\/www.youtube.com\/watch?v=Di-nYoHPjlE\">Med izvirnikom in kopijo &#8211; kaj &#8220;vidimo&#8221; s prsti?<\/a> &#8211; kaplji\u010dni UV tisk.<\/li>\n<\/ul>\n","protected":false},"excerpt":{"rendered":"Nekateri projekti s podro\u010dja 3D modeliranja in 3D tiska: Odtisi gozdnih \u017eivali &#8211; 3D skeniranje, modeliranje in tisk, 3D kipi FormaViva &#8211; fotogrametrija, modeliranje in tisk, Ple\u010dnik in sveto &#8211; 3D rekonstrukcija Ple\u010dnikove makete, Grad Sne\u017enik &#8211; maketa gradu in okolice. Nekateri projekti s podro\u010dja 3D digitalnega oblikovanja: Petoviona &#8211; 3D rekonstrukcija, 3D rekonstrukcija Panorame, &#8230; <a class=\"view-article\" href=\"https:\/\/www.ntf.uni-lj.si\/igt\/galerija\/3d\/\">Read more<\/a>","protected":false},"author":221,"featured_media":0,"parent":25447,"menu_order":0,"comment_status":"closed","ping_status":"closed","template":"","meta":[],"acf":[],"yoast_head":"<!-- This site is optimized with the Yoast SEO plugin v17.0 - https:\/\/yoast.com\/wordpress\/plugins\/seo\/ -->\n<meta name=\"description\" content=\"Nekateri projekti s podro\u010dja 3D modeliranja in 3D tiska: Odtisi gozdnih \u017eivali - 3D skeniranje, modeliranje in tisk, 3D kipi FormaViva - fotogrametrija,\" \/>\n<meta name=\"robots\" content=\"index, follow, max-snippet:-1, max-image-preview:large, max-video-preview:-1\" \/>\n<link rel=\"canonical\" href=\"https:\/\/www.ntf.uni-lj.si\/igt\/galerija\/3d\/\" \/>\n<meta property=\"og:locale\" content=\"en_US\" \/>\n<meta property=\"og:type\" content=\"article\" \/>\n<meta property=\"og:title\" content=\"3D modeliranje in tisk - IGT\" \/>\n<meta property=\"og:description\" content=\"Nekateri projekti s podro\u010dja 3D modeliranja in 3D tiska: Odtisi gozdnih \u017eivali - 3D skeniranje, modeliranje in tisk, 3D kipi FormaViva - fotogrametrija,\" \/>\n<meta property=\"og:url\" content=\"https:\/\/www.ntf.uni-lj.si\/igt\/galerija\/3d\/\" \/>\n<meta property=\"og:site_name\" content=\"IGT\" \/>\n<meta property=\"article:modified_time\" content=\"2022-05-24T07:51:54+00:00\" \/>\n<script type=\"application\/ld+json\" class=\"yoast-schema-graph\">{\"@context\":\"https:\/\/schema.org\",\"@graph\":[{\"@type\":\"WebSite\",\"@id\":\"https:\/\/www.ntf.uni-lj.si\/igt\/#website\",\"url\":\"https:\/\/www.ntf.uni-lj.si\/igt\/\",\"name\":\"IGT\",\"description\":\"Katedra za informacijsko in grafi\\u010dno tehnologijo\",\"potentialAction\":[{\"@type\":\"SearchAction\",\"target\":{\"@type\":\"EntryPoint\",\"urlTemplate\":\"https:\/\/www.ntf.uni-lj.si\/igt\/?s={search_term_string}\"},\"query-input\":\"required name=search_term_string\"}],\"inLanguage\":\"en-US\"},{\"@type\":\"WebPage\",\"@id\":\"https:\/\/www.ntf.uni-lj.si\/igt\/galerija\/3d\/#webpage\",\"url\":\"https:\/\/www.ntf.uni-lj.si\/igt\/galerija\/3d\/\",\"name\":\"3D modeliranje in tisk - IGT\",\"isPartOf\":{\"@id\":\"https:\/\/www.ntf.uni-lj.si\/igt\/#website\"},\"datePublished\":\"2021-01-20T16:56:21+00:00\",\"dateModified\":\"2022-05-24T07:51:54+00:00\",\"description\":\"Nekateri projekti s podro\\u010dja 3D modeliranja in 3D tiska: Odtisi gozdnih \\u017eivali - 3D skeniranje, modeliranje in tisk, 3D kipi FormaViva - fotogrametrija,\",\"breadcrumb\":{\"@id\":\"https:\/\/www.ntf.uni-lj.si\/igt\/galerija\/3d\/#breadcrumb\"},\"inLanguage\":\"en-US\",\"potentialAction\":[{\"@type\":\"ReadAction\",\"target\":[\"https:\/\/www.ntf.uni-lj.si\/igt\/galerija\/3d\/\"]}]},{\"@type\":\"BreadcrumbList\",\"@id\":\"https:\/\/www.ntf.uni-lj.si\/igt\/galerija\/3d\/#breadcrumb\",\"itemListElement\":[{\"@type\":\"ListItem\",\"position\":1,\"name\":\"Home\",\"item\":\"https:\/\/www.ntf.uni-lj.si\/igt\/\"},{\"@type\":\"ListItem\",\"position\":2,\"name\":\"Galerija\",\"item\":\"https:\/\/www.ntf.uni-lj.si\/igt\/galerija\/\"},{\"@type\":\"ListItem\",\"position\":3,\"name\":\"3D modeliranje in tisk\"}]}]}<\/script>\n<!-- \/ Yoast SEO plugin. -->","yoast_head_json":{"description":"Nekateri projekti s podro\u010dja 3D modeliranja in 3D tiska: Odtisi gozdnih \u017eivali - 3D skeniranje, modeliranje in tisk, 3D kipi FormaViva - fotogrametrija,","robots":{"index":"index","follow":"follow","max-snippet":"max-snippet:-1","max-image-preview":"max-image-preview:large","max-video-preview":"max-video-preview:-1"},"canonical":"https:\/\/www.ntf.uni-lj.si\/igt\/galerija\/3d\/","og_locale":"en_US","og_type":"article","og_title":"3D modeliranje in tisk - IGT","og_description":"Nekateri projekti s podro\u010dja 3D modeliranja in 3D tiska: Odtisi gozdnih \u017eivali - 3D skeniranje, modeliranje in tisk, 3D kipi FormaViva - fotogrametrija,","og_url":"https:\/\/www.ntf.uni-lj.si\/igt\/galerija\/3d\/","og_site_name":"IGT","article_modified_time":"2022-05-24T07:51:54+00:00","schema":{"@context":"https:\/\/schema.org","@graph":[{"@type":"WebSite","@id":"https:\/\/www.ntf.uni-lj.si\/igt\/#website","url":"https:\/\/www.ntf.uni-lj.si\/igt\/","name":"IGT","description":"Katedra za informacijsko in grafi\u010dno tehnologijo","potentialAction":[{"@type":"SearchAction","target":{"@type":"EntryPoint","urlTemplate":"https:\/\/www.ntf.uni-lj.si\/igt\/?s={search_term_string}"},"query-input":"required name=search_term_string"}],"inLanguage":"en-US"},{"@type":"WebPage","@id":"https:\/\/www.ntf.uni-lj.si\/igt\/galerija\/3d\/#webpage","url":"https:\/\/www.ntf.uni-lj.si\/igt\/galerija\/3d\/","name":"3D modeliranje in tisk - IGT","isPartOf":{"@id":"https:\/\/www.ntf.uni-lj.si\/igt\/#website"},"datePublished":"2021-01-20T16:56:21+00:00","dateModified":"2022-05-24T07:51:54+00:00","description":"Nekateri projekti s podro\u010dja 3D modeliranja in 3D tiska: Odtisi gozdnih \u017eivali - 3D skeniranje, modeliranje in tisk, 3D kipi FormaViva - fotogrametrija,","breadcrumb":{"@id":"https:\/\/www.ntf.uni-lj.si\/igt\/galerija\/3d\/#breadcrumb"},"inLanguage":"en-US","potentialAction":[{"@type":"ReadAction","target":["https:\/\/www.ntf.uni-lj.si\/igt\/galerija\/3d\/"]}]},{"@type":"BreadcrumbList","@id":"https:\/\/www.ntf.uni-lj.si\/igt\/galerija\/3d\/#breadcrumb","itemListElement":[{"@type":"ListItem","position":1,"name":"Home","item":"https:\/\/www.ntf.uni-lj.si\/igt\/"},{"@type":"ListItem","position":2,"name":"Galerija","item":"https:\/\/www.ntf.uni-lj.si\/igt\/galerija\/"},{"@type":"ListItem","position":3,"name":"3D modeliranje in tisk"}]}]}},"_links":{"self":[{"href":"https:\/\/www.ntf.uni-lj.si\/igt\/wp-json\/wp\/v2\/pages\/25639"}],"collection":[{"href":"https:\/\/www.ntf.uni-lj.si\/igt\/wp-json\/wp\/v2\/pages"}],"about":[{"href":"https:\/\/www.ntf.uni-lj.si\/igt\/wp-json\/wp\/v2\/types\/page"}],"author":[{"embeddable":true,"href":"https:\/\/www.ntf.uni-lj.si\/igt\/wp-json\/wp\/v2\/users\/221"}],"replies":[{"embeddable":true,"href":"https:\/\/www.ntf.uni-lj.si\/igt\/wp-json\/wp\/v2\/comments?post=25639"}],"version-history":[{"count":18,"href":"https:\/\/www.ntf.uni-lj.si\/igt\/wp-json\/wp\/v2\/pages\/25639\/revisions"}],"predecessor-version":[{"id":31169,"href":"https:\/\/www.ntf.uni-lj.si\/igt\/wp-json\/wp\/v2\/pages\/25639\/revisions\/31169"}],"up":[{"embeddable":true,"href":"https:\/\/www.ntf.uni-lj.si\/igt\/wp-json\/wp\/v2\/pages\/25447"}],"wp:attachment":[{"href":"https:\/\/www.ntf.uni-lj.si\/igt\/wp-json\/wp\/v2\/media?parent=25639"}],"curies":[{"name":"wp","href":"https:\/\/api.w.org\/{rel}","templated":true}]}}