{"id":25731,"date":"2021-01-20T18:48:15","date_gmt":"2021-01-20T17:48:15","guid":{"rendered":"http:\/\/www.ntf.uni-lj.si\/igt\/?page_id=25731"},"modified":"2026-02-25T21:23:17","modified_gmt":"2026-02-25T20:23:17","slug":"video-animacija","status":"publish","type":"page","link":"https:\/\/www.ntf.uni-lj.si\/igt\/galerija\/video-animacija\/","title":{"rendered":"Video in animacija"},"content":{"rendered":"<p>Ve\u010d videev si lahko ogledate na na\u0161em <a href=\"https:\/\/vimeo.com\/showcase\/1540112\">Vimeo profilu<\/a>.<\/p>\n<h4><strong>DARS<\/strong><\/h4>\n<p>V sklopu projekta\u00a0<em>Varno re\u0161evanje ponesre\u010denih ob dogodkih na cestah v upravljanju DARS<\/em>\u00a0so bili izdelani <a href=\"https:\/\/www.ntf.uni-lj.si\/igt\/employee\/helena-gabrijelcic\/graficna-priprava-2\/dars-videi\/\">\u0161tirje video filmi<\/a> z namenom ozave\u0161\u010danje in izobra\u017eevanja javnosti.<\/p>\n<h4><strong>SD Hosipic<\/strong><\/h4>\n<p>Videe, ki so jih \u0161tudenti ustvarili pri predmetu Grafi\u010dna priprava 2 (Video) v \u0161tudijskem letu 2020\/2021, si lahko ogledate na <a href=\"https:\/\/www.ntf.uni-lj.si\/igt\/employee\/helena-gabrijelcic\/graficna-priprava-2\/sd-hospic-videi\/\">tej strani<\/a>.<\/p>\n<h4><strong>Nabor nekaterih video vsebin<\/strong><\/h4>\n","protected":false},"excerpt":{"rendered":"Ve\u010d videev si lahko ogledate na na\u0161em Vimeo profilu. DARS V sklopu projekta\u00a0Varno re\u0161evanje ponesre\u010denih ob dogodkih na cestah v upravljanju DARS\u00a0so bili izdelani \u0161tirje video filmi z namenom ozave\u0161\u010danje in izobra\u017eevanja javnosti. SD Hosipic Videe, ki so jih \u0161tudenti ustvarili pri predmetu Grafi\u010dna priprava 2 (Video) v \u0161tudijskem letu 2020\/2021, si lahko ogledate na &#8230; <a class=\"view-article\" href=\"https:\/\/www.ntf.uni-lj.si\/igt\/galerija\/video-animacija\/\">Read more<\/a>","protected":false},"author":221,"featured_media":0,"parent":25447,"menu_order":0,"comment_status":"closed","ping_status":"closed","template":"","meta":[],"acf":[],"yoast_head":"<!-- This site is optimized with the Yoast SEO plugin v17.0 - https:\/\/yoast.com\/wordpress\/plugins\/seo\/ -->\n<meta name=\"description\" content=\"Ve\u010d videev si lahko ogledate na na\u0161em Vimeo profilu. DARS V sklopu projekta\u00a0Varno re\u0161evanje ponesre\u010denih ob dogodkih na cestah v upravljanju DARS\u00a0so bili\" \/>\n<meta name=\"robots\" content=\"index, follow, max-snippet:-1, max-image-preview:large, max-video-preview:-1\" \/>\n<link rel=\"canonical\" href=\"https:\/\/www.ntf.uni-lj.si\/igt\/galerija\/video-animacija\/\" \/>\n<meta property=\"og:locale\" content=\"en_US\" \/>\n<meta property=\"og:type\" content=\"article\" \/>\n<meta property=\"og:title\" content=\"Video in animacija - IGT\" \/>\n<meta property=\"og:description\" content=\"Ve\u010d videev si lahko ogledate na na\u0161em Vimeo profilu. DARS V sklopu projekta\u00a0Varno re\u0161evanje ponesre\u010denih ob dogodkih na cestah v upravljanju DARS\u00a0so bili\" \/>\n<meta property=\"og:url\" content=\"https:\/\/www.ntf.uni-lj.si\/igt\/galerija\/video-animacija\/\" \/>\n<meta property=\"og:site_name\" content=\"IGT\" \/>\n<meta property=\"article:modified_time\" content=\"2026-02-25T20:23:17+00:00\" \/>\n<meta name=\"twitter:label1\" content=\"Est. reading time\" \/>\n\t<meta name=\"twitter:data1\" content=\"1 minute\" \/>\n<script type=\"application\/ld+json\" class=\"yoast-schema-graph\">{\"@context\":\"https:\/\/schema.org\",\"@graph\":[{\"@type\":\"WebSite\",\"@id\":\"https:\/\/www.ntf.uni-lj.si\/igt\/#website\",\"url\":\"https:\/\/www.ntf.uni-lj.si\/igt\/\",\"name\":\"IGT\",\"description\":\"Katedra za informacijsko in grafi\\u010dno tehnologijo\",\"potentialAction\":[{\"@type\":\"SearchAction\",\"target\":{\"@type\":\"EntryPoint\",\"urlTemplate\":\"https:\/\/www.ntf.uni-lj.si\/igt\/?s={search_term_string}\"},\"query-input\":\"required name=search_term_string\"}],\"inLanguage\":\"en-US\"},{\"@type\":\"WebPage\",\"@id\":\"https:\/\/www.ntf.uni-lj.si\/igt\/galerija\/video-animacija\/#webpage\",\"url\":\"https:\/\/www.ntf.uni-lj.si\/igt\/galerija\/video-animacija\/\",\"name\":\"Video in animacija - IGT\",\"isPartOf\":{\"@id\":\"https:\/\/www.ntf.uni-lj.si\/igt\/#website\"},\"datePublished\":\"2021-01-20T17:48:15+00:00\",\"dateModified\":\"2026-02-25T20:23:17+00:00\",\"description\":\"Ve\\u010d videev si lahko ogledate na na\\u0161em Vimeo profilu. DARS V sklopu projekta\\u00a0Varno re\\u0161evanje ponesre\\u010denih ob dogodkih na cestah v upravljanju DARS\\u00a0so bili\",\"breadcrumb\":{\"@id\":\"https:\/\/www.ntf.uni-lj.si\/igt\/galerija\/video-animacija\/#breadcrumb\"},\"inLanguage\":\"en-US\",\"potentialAction\":[{\"@type\":\"ReadAction\",\"target\":[\"https:\/\/www.ntf.uni-lj.si\/igt\/galerija\/video-animacija\/\"]}]},{\"@type\":\"BreadcrumbList\",\"@id\":\"https:\/\/www.ntf.uni-lj.si\/igt\/galerija\/video-animacija\/#breadcrumb\",\"itemListElement\":[{\"@type\":\"ListItem\",\"position\":1,\"name\":\"Home\",\"item\":\"https:\/\/www.ntf.uni-lj.si\/igt\/\"},{\"@type\":\"ListItem\",\"position\":2,\"name\":\"Galerija\",\"item\":\"https:\/\/www.ntf.uni-lj.si\/igt\/galerija\/\"},{\"@type\":\"ListItem\",\"position\":3,\"name\":\"Video in animacija\"}]}]}<\/script>\n<!-- \/ Yoast SEO plugin. -->","yoast_head_json":{"description":"Ve\u010d videev si lahko ogledate na na\u0161em Vimeo profilu. DARS V sklopu projekta\u00a0Varno re\u0161evanje ponesre\u010denih ob dogodkih na cestah v upravljanju DARS\u00a0so bili","robots":{"index":"index","follow":"follow","max-snippet":"max-snippet:-1","max-image-preview":"max-image-preview:large","max-video-preview":"max-video-preview:-1"},"canonical":"https:\/\/www.ntf.uni-lj.si\/igt\/galerija\/video-animacija\/","og_locale":"en_US","og_type":"article","og_title":"Video in animacija - IGT","og_description":"Ve\u010d videev si lahko ogledate na na\u0161em Vimeo profilu. DARS V sklopu projekta\u00a0Varno re\u0161evanje ponesre\u010denih ob dogodkih na cestah v upravljanju DARS\u00a0so bili","og_url":"https:\/\/www.ntf.uni-lj.si\/igt\/galerija\/video-animacija\/","og_site_name":"IGT","article_modified_time":"2026-02-25T20:23:17+00:00","twitter_misc":{"Est. reading time":"1 minute"},"schema":{"@context":"https:\/\/schema.org","@graph":[{"@type":"WebSite","@id":"https:\/\/www.ntf.uni-lj.si\/igt\/#website","url":"https:\/\/www.ntf.uni-lj.si\/igt\/","name":"IGT","description":"Katedra za informacijsko in grafi\u010dno tehnologijo","potentialAction":[{"@type":"SearchAction","target":{"@type":"EntryPoint","urlTemplate":"https:\/\/www.ntf.uni-lj.si\/igt\/?s={search_term_string}"},"query-input":"required name=search_term_string"}],"inLanguage":"en-US"},{"@type":"WebPage","@id":"https:\/\/www.ntf.uni-lj.si\/igt\/galerija\/video-animacija\/#webpage","url":"https:\/\/www.ntf.uni-lj.si\/igt\/galerija\/video-animacija\/","name":"Video in animacija - IGT","isPartOf":{"@id":"https:\/\/www.ntf.uni-lj.si\/igt\/#website"},"datePublished":"2021-01-20T17:48:15+00:00","dateModified":"2026-02-25T20:23:17+00:00","description":"Ve\u010d videev si lahko ogledate na na\u0161em Vimeo profilu. DARS V sklopu projekta\u00a0Varno re\u0161evanje ponesre\u010denih ob dogodkih na cestah v upravljanju DARS\u00a0so bili","breadcrumb":{"@id":"https:\/\/www.ntf.uni-lj.si\/igt\/galerija\/video-animacija\/#breadcrumb"},"inLanguage":"en-US","potentialAction":[{"@type":"ReadAction","target":["https:\/\/www.ntf.uni-lj.si\/igt\/galerija\/video-animacija\/"]}]},{"@type":"BreadcrumbList","@id":"https:\/\/www.ntf.uni-lj.si\/igt\/galerija\/video-animacija\/#breadcrumb","itemListElement":[{"@type":"ListItem","position":1,"name":"Home","item":"https:\/\/www.ntf.uni-lj.si\/igt\/"},{"@type":"ListItem","position":2,"name":"Galerija","item":"https:\/\/www.ntf.uni-lj.si\/igt\/galerija\/"},{"@type":"ListItem","position":3,"name":"Video in animacija"}]}]}},"_links":{"self":[{"href":"https:\/\/www.ntf.uni-lj.si\/igt\/wp-json\/wp\/v2\/pages\/25731"}],"collection":[{"href":"https:\/\/www.ntf.uni-lj.si\/igt\/wp-json\/wp\/v2\/pages"}],"about":[{"href":"https:\/\/www.ntf.uni-lj.si\/igt\/wp-json\/wp\/v2\/types\/page"}],"author":[{"embeddable":true,"href":"https:\/\/www.ntf.uni-lj.si\/igt\/wp-json\/wp\/v2\/users\/221"}],"replies":[{"embeddable":true,"href":"https:\/\/www.ntf.uni-lj.si\/igt\/wp-json\/wp\/v2\/comments?post=25731"}],"version-history":[{"count":29,"href":"https:\/\/www.ntf.uni-lj.si\/igt\/wp-json\/wp\/v2\/pages\/25731\/revisions"}],"predecessor-version":[{"id":38394,"href":"https:\/\/www.ntf.uni-lj.si\/igt\/wp-json\/wp\/v2\/pages\/25731\/revisions\/38394"}],"up":[{"embeddable":true,"href":"https:\/\/www.ntf.uni-lj.si\/igt\/wp-json\/wp\/v2\/pages\/25447"}],"wp:attachment":[{"href":"https:\/\/www.ntf.uni-lj.si\/igt\/wp-json\/wp\/v2\/media?parent=25731"}],"curies":[{"name":"wp","href":"https:\/\/api.w.org\/{rel}","templated":true}]}}