{"id":26216,"date":"2021-01-23T12:50:13","date_gmt":"2021-01-23T11:50:13","guid":{"rendered":"http:\/\/www.ntf.uni-lj.si\/igt\/?page_id=26216"},"modified":"2025-08-04T09:27:51","modified_gmt":"2025-08-04T07:27:51","slug":"typography","status":"publish","type":"page","link":"https:\/\/www.ntf.uni-lj.si\/igt\/en\/gallery\/typography\/","title":{"rendered":"Typography"},"content":{"rendered":"<p>You are invited to view the\u00a0exhibitions of student projects:<\/p>\n<ul>\n<li><a href=\"https:\/\/www.ntf.uni-lj.si\/igt\/employee\/ana-mendizza\/razstave-studentskih-izdelkov\/3d-imena-2024-2025\/\">3D IME<\/a> &#8211; 3D typographic names 24\/25,<\/li>\n<li><a href=\"https:\/\/www.ntf.uni-lj.si\/igt\/employee\/tanja-medved\/razstave\/codellijeva-tipografija\/\">Codellijeva tipografija<\/a> &#8211; typographic solutions,<\/li>\n<li><a href=\"https:\/\/www.ntf.uni-lj.si\/igt\/employee\/tanja-medved\/razstave\/nukotip\/\">NUKOTIP<\/a> &#8211; typographic solutions,<\/li>\n<li><a href=\"https:\/\/www.ntf.uni-lj.si\/igt\/employee\/tanja-medved\/razstave\/3d-ime-2022-2023\/\">3D IME<\/a> &#8211; 3D typographic names 22\/23,<\/li>\n<li><a href=\"https:\/\/www.ntf.uni-lj.si\/igt\/employee\/tanja-medved\/razstave\/tipomatika\/\">TIPO+MATIKA<\/a> &#8211; typographic solutions,<\/li>\n<li><a href=\"https:\/\/www.ntf.uni-lj.si\/igt\/news\/tipogralnica-2\/\">Tipogralnica<\/a> &#8211; tipographic board games,<\/li>\n<li><a href=\"https:\/\/www.ntf.uni-lj.si\/igt\/notification\/studentska-razstava-bozicno-novoletnih-voscilnic-2023\/\">Bo\u017ei\u010dno-novoletne vo\u0161\u010dilnice 2023<\/a> &#8211; tipographic greeting cards,<\/li>\n<li><a href=\"https:\/\/www.ntf.uni-lj.si\/igt\/employee\/tanja-medved\/razstave\/3d-ime-2021-2022\/\">3D IME<\/a> &#8211; 3D typographic names 21\/22,<\/li>\n<li><a href=\"https:\/\/www.ntf.uni-lj.si\/igt\/employee\/tanja-medved\/razstave\/tipopirh-21-22\/\">TIPOPIRH 21\/22<\/a> &#8211; typographic easter eggs,<\/li>\n<li><a href=\"https:\/\/www.ntf.uni-lj.si\/igt\/employee\/tanja-medved\/razstave\/tipresionizem-2021-2022\/\">Tipresionizem<\/a> &#8211; tipographic solutions,<\/li>\n<li><a href=\"https:\/\/www.ntf.uni-lj.si\/igt\/ntf-za-mizo\/\">NTF za mizo<\/a> &#8211; \u00a0photographic-typographic posters,<\/li>\n<li><a href=\"https:\/\/www.ntf.uni-lj.si\/igt\/en\/employee\/nace-pusnik-2\/projects\/2021-2022\/typography-world-map\/\">Typography World Map<\/a> &#8211; tipographic solutions,<\/li>\n<li><a href=\"https:\/\/www.ntf.uni-lj.si\/igt\/notification\/studentska-razstava-bozicno-novoletnih-voscilnic-2022\/\">Greeting cards<\/a> &#8211; tipographic solutions,<\/li>\n<li><a href=\"https:\/\/www.ntf.uni-lj.si\/igt\/employee\/tanja-urbanc\/razstave\/3d-ime\/\">3D IME<\/a> &#8211; 3D typographic names,<\/li>\n<li><a href=\"https:\/\/www.ntf.uni-lj.si\/igt\/employee\/tanja-urbanc\/razstave\/tipopirh-2021\/\">TIPOPIRH 20\/21<\/a> &#8211; typographic easter eggs,<\/li>\n<li><a href=\"https:\/\/www.ntf.uni-lj.si\/igt\/employee\/nace-pusnik\/projekti\/20202021-2\/ustvarjanje-1115\/\">Ustvarjanje 11\/15<\/a> &#8211; typographic solutions,<\/li>\n<li><a href=\"https:\/\/www.ntf.uni-lj.si\/igt\/employee\/tanja-urbanc\/razstave\/tipojedina-20202021\/\">Tipojedina<\/a>\u00a0&#8211; typographic posters (theme Food),<\/li>\n<li><a href=\"https:\/\/www.ntf.uni-lj.si\/igt\/notification\/studentska-razstava-bozicno-novoletnih-voscilnic\/\">Bo\u017ei\u010dno-novoletne vo\u0161\u010dilnice<\/a>\u00a0&#8211; tipographic greeting cards,<\/li>\n<li><a href=\"https:\/\/www.ntf.uni-lj.si\/igt\/employee\/nace-pusnik\/projekti\/20192020-2\/typecooker\/\">TypeCooker<\/a>\u00a0&#8211; typographic posters,<\/li>\n<li><a href=\"https:\/\/www.ntf.uni-lj.si\/igt\/employee\/tanja-urbanc\/razstave\/3d-tipo\/\">3D TIPO<\/a>\u00a0&#8211; 3D typographic names,<\/li>\n<li><a href=\"https:\/\/www.ntf.uni-lj.si\/igt\/employee\/tanja-urbanc\/razstave\/olimptipo\/\">olimpTipo<\/a>\u00a0&#8211; typographic posters (theme Olimpic games 2020),<\/li>\n<li><a href=\"https:\/\/www.ntf.uni-lj.si\/igt\/employee\/tanja-urbanc\/razstave\/tipopirhi-20192020\/\">Tipopirhi<\/a>\u00a0&#8211; typographic easter eggs,<\/li>\n<li><a href=\"https:\/\/www.ntf.uni-lj.si\/igt\/employee\/nace-pusnik\/projekti\/20192020-2\/nuk\/\">NUK2ZDAJ<\/a>\u00a0&#8211; typographic posters (theme\u00a0NUK2),<\/li>\n<li><a href=\"https:\/\/www.ntf.uni-lj.si\/igt\/employee\/nace-pusnik\/projekti\/20182019-2\/cv-kamnin-20182019\/\">CV kamnin<\/a>\u00a0&#8211; typographic posters (theme Geology),<\/li>\n<li><a href=\"https:\/\/www.ntf.uni-lj.si\/igt\/employee\/nace-pusnik\/projekti\/20172018-2\/tipogledi\/\">Tipogledi<\/a>\u00a0&#8211;\u00a0photographic-typographic posters,<\/li>\n<li><a href=\"https:\/\/vimeo.com\/101155402\">\u010crkovna vrsta cuspis za NK Olimpija<\/a>\u00a0&#8211; video,<\/li>\n<li><a href=\"https:\/\/www.ntf.uni-lj.si\/igt\/employee\/nace-pusnik\/projekti\/20162017-3\/20162017-2\/\">tifonamka<\/a>\u00a0&#8211; photographic-typographic posters.<\/li>\n<\/ul>\n<p>&nbsp;<\/p>\n<p>&nbsp;<\/p>\n<p>Exhibitions in collaboration with photographic subjects:<\/p>\n<ul>\n<li><a href=\"https:\/\/www.ntf.uni-lj.si\/igt\/ntf-za-mizo\/\">NTF za mizo<\/a>.<\/li>\n<\/ul>\n","protected":false},"excerpt":{"rendered":"You are invited to view the\u00a0exhibitions of student projects: 3D IME &#8211; 3D typographic names 24\/25, Codellijeva tipografija &#8211; typographic solutions, NUKOTIP &#8211; typographic solutions, 3D IME &#8211; 3D typographic names 22\/23, TIPO+MATIKA &#8211; typographic solutions, Tipogralnica &#8211; tipographic board games, Bo\u017ei\u010dno-novoletne vo\u0161\u010dilnice 2023 &#8211; tipographic greeting cards, 3D IME &#8211; 3D typographic names 21\/22, &#8230; <a class=\"view-article\" href=\"https:\/\/www.ntf.uni-lj.si\/igt\/en\/gallery\/typography\/\">Read more<\/a>","protected":false},"author":221,"featured_media":0,"parent":25521,"menu_order":0,"comment_status":"closed","ping_status":"closed","template":"","meta":[],"acf":[],"yoast_head":"<!-- This site is optimized with the Yoast SEO plugin v17.0 - https:\/\/yoast.com\/wordpress\/plugins\/seo\/ -->\n<meta name=\"description\" content=\"You are invited to view the\u00a0exhibitions of student projects: 3D IME - 3D typographic names 24\/25, Codellijeva tipografija - typographic solutions, NUKOTIP\" \/>\n<meta name=\"robots\" content=\"index, follow, max-snippet:-1, max-image-preview:large, max-video-preview:-1\" \/>\n<link rel=\"canonical\" href=\"https:\/\/www.ntf.uni-lj.si\/igt\/en\/gallery\/typography\/\" \/>\n<meta property=\"og:locale\" content=\"en_US\" \/>\n<meta property=\"og:type\" content=\"article\" \/>\n<meta property=\"og:title\" content=\"Typography - IGT\" \/>\n<meta property=\"og:description\" content=\"You are invited to view the\u00a0exhibitions of student projects: 3D IME - 3D typographic names 24\/25, Codellijeva tipografija - typographic solutions, NUKOTIP\" \/>\n<meta property=\"og:url\" content=\"https:\/\/www.ntf.uni-lj.si\/igt\/en\/gallery\/typography\/\" \/>\n<meta property=\"og:site_name\" content=\"IGT\" \/>\n<meta property=\"article:modified_time\" content=\"2025-08-04T07:27:51+00:00\" \/>\n<meta name=\"twitter:label1\" content=\"Est. reading time\" \/>\n\t<meta name=\"twitter:data1\" content=\"1 minute\" \/>\n<script type=\"application\/ld+json\" class=\"yoast-schema-graph\">{\"@context\":\"https:\/\/schema.org\",\"@graph\":[{\"@type\":\"WebSite\",\"@id\":\"https:\/\/www.ntf.uni-lj.si\/igt\/#website\",\"url\":\"https:\/\/www.ntf.uni-lj.si\/igt\/\",\"name\":\"IGT\",\"description\":\"Katedra za informacijsko in grafi\\u010dno tehnologijo\",\"potentialAction\":[{\"@type\":\"SearchAction\",\"target\":{\"@type\":\"EntryPoint\",\"urlTemplate\":\"https:\/\/www.ntf.uni-lj.si\/igt\/?s={search_term_string}\"},\"query-input\":\"required name=search_term_string\"}],\"inLanguage\":\"en-US\"},{\"@type\":\"WebPage\",\"@id\":\"https:\/\/www.ntf.uni-lj.si\/igt\/en\/gallery\/typography\/#webpage\",\"url\":\"https:\/\/www.ntf.uni-lj.si\/igt\/en\/gallery\/typography\/\",\"name\":\"Typography - IGT\",\"isPartOf\":{\"@id\":\"https:\/\/www.ntf.uni-lj.si\/igt\/#website\"},\"datePublished\":\"2021-01-23T11:50:13+00:00\",\"dateModified\":\"2025-08-04T07:27:51+00:00\",\"description\":\"You are invited to view the\\u00a0exhibitions of student projects: 3D IME - 3D typographic names 24\/25, Codellijeva tipografija - typographic solutions, NUKOTIP\",\"breadcrumb\":{\"@id\":\"https:\/\/www.ntf.uni-lj.si\/igt\/en\/gallery\/typography\/#breadcrumb\"},\"inLanguage\":\"en-US\",\"potentialAction\":[{\"@type\":\"ReadAction\",\"target\":[\"https:\/\/www.ntf.uni-lj.si\/igt\/en\/gallery\/typography\/\"]}]},{\"@type\":\"BreadcrumbList\",\"@id\":\"https:\/\/www.ntf.uni-lj.si\/igt\/en\/gallery\/typography\/#breadcrumb\",\"itemListElement\":[{\"@type\":\"ListItem\",\"position\":1,\"name\":\"Home\",\"item\":\"https:\/\/www.ntf.uni-lj.si\/igt\/\"},{\"@type\":\"ListItem\",\"position\":2,\"name\":\"Gallery\",\"item\":\"https:\/\/www.ntf.uni-lj.si\/igt\/en\/gallery\/\"},{\"@type\":\"ListItem\",\"position\":3,\"name\":\"Typography\"}]}]}<\/script>\n<!-- \/ Yoast SEO plugin. -->","yoast_head_json":{"description":"You are invited to view the\u00a0exhibitions of student projects: 3D IME - 3D typographic names 24\/25, Codellijeva tipografija - typographic solutions, NUKOTIP","robots":{"index":"index","follow":"follow","max-snippet":"max-snippet:-1","max-image-preview":"max-image-preview:large","max-video-preview":"max-video-preview:-1"},"canonical":"https:\/\/www.ntf.uni-lj.si\/igt\/en\/gallery\/typography\/","og_locale":"en_US","og_type":"article","og_title":"Typography - IGT","og_description":"You are invited to view the\u00a0exhibitions of student projects: 3D IME - 3D typographic names 24\/25, Codellijeva tipografija - typographic solutions, NUKOTIP","og_url":"https:\/\/www.ntf.uni-lj.si\/igt\/en\/gallery\/typography\/","og_site_name":"IGT","article_modified_time":"2025-08-04T07:27:51+00:00","twitter_misc":{"Est. reading time":"1 minute"},"schema":{"@context":"https:\/\/schema.org","@graph":[{"@type":"WebSite","@id":"https:\/\/www.ntf.uni-lj.si\/igt\/#website","url":"https:\/\/www.ntf.uni-lj.si\/igt\/","name":"IGT","description":"Katedra za informacijsko in grafi\u010dno tehnologijo","potentialAction":[{"@type":"SearchAction","target":{"@type":"EntryPoint","urlTemplate":"https:\/\/www.ntf.uni-lj.si\/igt\/?s={search_term_string}"},"query-input":"required name=search_term_string"}],"inLanguage":"en-US"},{"@type":"WebPage","@id":"https:\/\/www.ntf.uni-lj.si\/igt\/en\/gallery\/typography\/#webpage","url":"https:\/\/www.ntf.uni-lj.si\/igt\/en\/gallery\/typography\/","name":"Typography - IGT","isPartOf":{"@id":"https:\/\/www.ntf.uni-lj.si\/igt\/#website"},"datePublished":"2021-01-23T11:50:13+00:00","dateModified":"2025-08-04T07:27:51+00:00","description":"You are invited to view the\u00a0exhibitions of student projects: 3D IME - 3D typographic names 24\/25, Codellijeva tipografija - typographic solutions, NUKOTIP","breadcrumb":{"@id":"https:\/\/www.ntf.uni-lj.si\/igt\/en\/gallery\/typography\/#breadcrumb"},"inLanguage":"en-US","potentialAction":[{"@type":"ReadAction","target":["https:\/\/www.ntf.uni-lj.si\/igt\/en\/gallery\/typography\/"]}]},{"@type":"BreadcrumbList","@id":"https:\/\/www.ntf.uni-lj.si\/igt\/en\/gallery\/typography\/#breadcrumb","itemListElement":[{"@type":"ListItem","position":1,"name":"Home","item":"https:\/\/www.ntf.uni-lj.si\/igt\/"},{"@type":"ListItem","position":2,"name":"Gallery","item":"https:\/\/www.ntf.uni-lj.si\/igt\/en\/gallery\/"},{"@type":"ListItem","position":3,"name":"Typography"}]}]}},"_links":{"self":[{"href":"https:\/\/www.ntf.uni-lj.si\/igt\/wp-json\/wp\/v2\/pages\/26216"}],"collection":[{"href":"https:\/\/www.ntf.uni-lj.si\/igt\/wp-json\/wp\/v2\/pages"}],"about":[{"href":"https:\/\/www.ntf.uni-lj.si\/igt\/wp-json\/wp\/v2\/types\/page"}],"author":[{"embeddable":true,"href":"https:\/\/www.ntf.uni-lj.si\/igt\/wp-json\/wp\/v2\/users\/221"}],"replies":[{"embeddable":true,"href":"https:\/\/www.ntf.uni-lj.si\/igt\/wp-json\/wp\/v2\/comments?post=26216"}],"version-history":[{"count":20,"href":"https:\/\/www.ntf.uni-lj.si\/igt\/wp-json\/wp\/v2\/pages\/26216\/revisions"}],"predecessor-version":[{"id":37993,"href":"https:\/\/www.ntf.uni-lj.si\/igt\/wp-json\/wp\/v2\/pages\/26216\/revisions\/37993"}],"up":[{"embeddable":true,"href":"https:\/\/www.ntf.uni-lj.si\/igt\/wp-json\/wp\/v2\/pages\/25521"}],"wp:attachment":[{"href":"https:\/\/www.ntf.uni-lj.si\/igt\/wp-json\/wp\/v2\/media?parent=26216"}],"curies":[{"name":"wp","href":"https:\/\/api.w.org\/{rel}","templated":true}]}}