{"id":26867,"date":"2021-02-16T14:30:07","date_gmt":"2021-02-16T13:30:07","guid":{"rendered":"http:\/\/www.ntf.uni-lj.si\/igt\/?page_id=26867"},"modified":"2023-02-24T12:47:35","modified_gmt":"2023-02-24T11:47:35","slug":"fotografija","status":"publish","type":"page","link":"https:\/\/www.ntf.uni-lj.si\/igt\/galerija\/fotografija\/","title":{"rendered":"Fotografija"},"content":{"rendered":"<p>Predmet Studijska fotografija je obvezni predmet na 1. stopnji visoko\u0161olskega in univerzitetnega \u0161tudija. Predmet Temelji fotografije je namenjen razvoju novih uporabnih fotografskih ve\u0161\u010din., medtem ko predmet Umetni\u0161ka fotografija razvoju avtorskih fotografskih projektov. Predmeta izvajamo na magistrskem \u0161tudiju Grafi\u010dne in interaktivne komunikacije.<\/p>\n<p>Nekaj fotografij je postavljenih na ogled v galeriji spodaj, ve\u010d samostojnih projektov pa si lahko ogledate preko povezav:<\/p>\n<ul>\n<li><a href=\"https:\/\/www.ntf.uni-lj.si\/igt\/employee\/veronika-stampfl\/razstave\/akt\/\">Akt<\/a> &#8211; razstava fotografij pri predmetu Studijska fotografija,<\/li>\n<li><a href=\"https:\/\/www.ntf.uni-lj.si\/igt\/employee\/jure-ahtik\/spletna-ucilnica\/temelji-fotografije\/tf-razstava\/\">Temelji fotografije<\/a>,<\/li>\n<li><a href=\"https:\/\/www.ntf.uni-lj.si\/igt\/employee\/jure-ahtik\/spletna-ucilnica\/umetniska-fotografija\/uf-razstava\/\">Umetni\u0161ka fotografija<\/a>.<\/li>\n<\/ul>\n<p>Razstava del v sodelovanju s tipografskimi predmeti:<\/p>\n<ul>\n<li><a href=\"https:\/\/www.ntf.uni-lj.si\/igt\/ntf-za-mizo\/\">NTF za mizo<\/a> &#8211; fotografsko-tipografski plakati.<\/li>\n<\/ul>\n","protected":false},"excerpt":{"rendered":"Predmet Studijska fotografija je obvezni predmet na 1. stopnji visoko\u0161olskega in univerzitetnega \u0161tudija. Predmet Temelji fotografije je namenjen razvoju novih uporabnih fotografskih ve\u0161\u010din., medtem ko predmet Umetni\u0161ka fotografija razvoju avtorskih fotografskih projektov. Predmeta izvajamo na magistrskem \u0161tudiju Grafi\u010dne in interaktivne komunikacije. Nekaj fotografij je postavljenih na ogled v galeriji spodaj, ve\u010d samostojnih projektov pa si &#8230; <a class=\"view-article\" href=\"https:\/\/www.ntf.uni-lj.si\/igt\/galerija\/fotografija\/\">Read more<\/a>","protected":false},"author":221,"featured_media":0,"parent":25447,"menu_order":0,"comment_status":"closed","ping_status":"closed","template":"","meta":[],"acf":[],"yoast_head":"<!-- This site is optimized with the Yoast SEO plugin v17.0 - https:\/\/yoast.com\/wordpress\/plugins\/seo\/ -->\n<meta name=\"description\" content=\"Predmet Studijska fotografija je obvezni predmet na 1. stopnji visoko\u0161olskega in univerzitetnega \u0161tudija. Predmet Temelji fotografije je namenjen razvoju\" \/>\n<meta name=\"robots\" content=\"index, follow, max-snippet:-1, max-image-preview:large, max-video-preview:-1\" \/>\n<link rel=\"canonical\" href=\"https:\/\/www.ntf.uni-lj.si\/igt\/galerija\/fotografija\/\" \/>\n<meta property=\"og:locale\" content=\"en_US\" \/>\n<meta property=\"og:type\" content=\"article\" \/>\n<meta property=\"og:title\" content=\"Fotografija - IGT\" \/>\n<meta property=\"og:description\" content=\"Predmet Studijska fotografija je obvezni predmet na 1. stopnji visoko\u0161olskega in univerzitetnega \u0161tudija. Predmet Temelji fotografije je namenjen razvoju\" \/>\n<meta property=\"og:url\" content=\"https:\/\/www.ntf.uni-lj.si\/igt\/galerija\/fotografija\/\" \/>\n<meta property=\"og:site_name\" content=\"IGT\" \/>\n<meta property=\"article:modified_time\" content=\"2023-02-24T11:47:35+00:00\" \/>\n<script type=\"application\/ld+json\" class=\"yoast-schema-graph\">{\"@context\":\"https:\/\/schema.org\",\"@graph\":[{\"@type\":\"WebSite\",\"@id\":\"https:\/\/www.ntf.uni-lj.si\/igt\/#website\",\"url\":\"https:\/\/www.ntf.uni-lj.si\/igt\/\",\"name\":\"IGT\",\"description\":\"Katedra za informacijsko in grafi\\u010dno tehnologijo\",\"potentialAction\":[{\"@type\":\"SearchAction\",\"target\":{\"@type\":\"EntryPoint\",\"urlTemplate\":\"https:\/\/www.ntf.uni-lj.si\/igt\/?s={search_term_string}\"},\"query-input\":\"required name=search_term_string\"}],\"inLanguage\":\"en-US\"},{\"@type\":\"WebPage\",\"@id\":\"https:\/\/www.ntf.uni-lj.si\/igt\/galerija\/fotografija\/#webpage\",\"url\":\"https:\/\/www.ntf.uni-lj.si\/igt\/galerija\/fotografija\/\",\"name\":\"Fotografija - IGT\",\"isPartOf\":{\"@id\":\"https:\/\/www.ntf.uni-lj.si\/igt\/#website\"},\"datePublished\":\"2021-02-16T13:30:07+00:00\",\"dateModified\":\"2023-02-24T11:47:35+00:00\",\"description\":\"Predmet Studijska fotografija je obvezni predmet na 1. stopnji visoko\\u0161olskega in univerzitetnega \\u0161tudija. Predmet Temelji fotografije je namenjen razvoju\",\"breadcrumb\":{\"@id\":\"https:\/\/www.ntf.uni-lj.si\/igt\/galerija\/fotografija\/#breadcrumb\"},\"inLanguage\":\"en-US\",\"potentialAction\":[{\"@type\":\"ReadAction\",\"target\":[\"https:\/\/www.ntf.uni-lj.si\/igt\/galerija\/fotografija\/\"]}]},{\"@type\":\"BreadcrumbList\",\"@id\":\"https:\/\/www.ntf.uni-lj.si\/igt\/galerija\/fotografija\/#breadcrumb\",\"itemListElement\":[{\"@type\":\"ListItem\",\"position\":1,\"name\":\"Home\",\"item\":\"https:\/\/www.ntf.uni-lj.si\/igt\/\"},{\"@type\":\"ListItem\",\"position\":2,\"name\":\"Galerija\",\"item\":\"https:\/\/www.ntf.uni-lj.si\/igt\/galerija\/\"},{\"@type\":\"ListItem\",\"position\":3,\"name\":\"Fotografija\"}]}]}<\/script>\n<!-- \/ Yoast SEO plugin. -->","yoast_head_json":{"description":"Predmet Studijska fotografija je obvezni predmet na 1. stopnji visoko\u0161olskega in univerzitetnega \u0161tudija. Predmet Temelji fotografije je namenjen razvoju","robots":{"index":"index","follow":"follow","max-snippet":"max-snippet:-1","max-image-preview":"max-image-preview:large","max-video-preview":"max-video-preview:-1"},"canonical":"https:\/\/www.ntf.uni-lj.si\/igt\/galerija\/fotografija\/","og_locale":"en_US","og_type":"article","og_title":"Fotografija - IGT","og_description":"Predmet Studijska fotografija je obvezni predmet na 1. stopnji visoko\u0161olskega in univerzitetnega \u0161tudija. Predmet Temelji fotografije je namenjen razvoju","og_url":"https:\/\/www.ntf.uni-lj.si\/igt\/galerija\/fotografija\/","og_site_name":"IGT","article_modified_time":"2023-02-24T11:47:35+00:00","schema":{"@context":"https:\/\/schema.org","@graph":[{"@type":"WebSite","@id":"https:\/\/www.ntf.uni-lj.si\/igt\/#website","url":"https:\/\/www.ntf.uni-lj.si\/igt\/","name":"IGT","description":"Katedra za informacijsko in grafi\u010dno tehnologijo","potentialAction":[{"@type":"SearchAction","target":{"@type":"EntryPoint","urlTemplate":"https:\/\/www.ntf.uni-lj.si\/igt\/?s={search_term_string}"},"query-input":"required name=search_term_string"}],"inLanguage":"en-US"},{"@type":"WebPage","@id":"https:\/\/www.ntf.uni-lj.si\/igt\/galerija\/fotografija\/#webpage","url":"https:\/\/www.ntf.uni-lj.si\/igt\/galerija\/fotografija\/","name":"Fotografija - IGT","isPartOf":{"@id":"https:\/\/www.ntf.uni-lj.si\/igt\/#website"},"datePublished":"2021-02-16T13:30:07+00:00","dateModified":"2023-02-24T11:47:35+00:00","description":"Predmet Studijska fotografija je obvezni predmet na 1. stopnji visoko\u0161olskega in univerzitetnega \u0161tudija. Predmet Temelji fotografije je namenjen razvoju","breadcrumb":{"@id":"https:\/\/www.ntf.uni-lj.si\/igt\/galerija\/fotografija\/#breadcrumb"},"inLanguage":"en-US","potentialAction":[{"@type":"ReadAction","target":["https:\/\/www.ntf.uni-lj.si\/igt\/galerija\/fotografija\/"]}]},{"@type":"BreadcrumbList","@id":"https:\/\/www.ntf.uni-lj.si\/igt\/galerija\/fotografija\/#breadcrumb","itemListElement":[{"@type":"ListItem","position":1,"name":"Home","item":"https:\/\/www.ntf.uni-lj.si\/igt\/"},{"@type":"ListItem","position":2,"name":"Galerija","item":"https:\/\/www.ntf.uni-lj.si\/igt\/galerija\/"},{"@type":"ListItem","position":3,"name":"Fotografija"}]}]}},"_links":{"self":[{"href":"https:\/\/www.ntf.uni-lj.si\/igt\/wp-json\/wp\/v2\/pages\/26867"}],"collection":[{"href":"https:\/\/www.ntf.uni-lj.si\/igt\/wp-json\/wp\/v2\/pages"}],"about":[{"href":"https:\/\/www.ntf.uni-lj.si\/igt\/wp-json\/wp\/v2\/types\/page"}],"author":[{"embeddable":true,"href":"https:\/\/www.ntf.uni-lj.si\/igt\/wp-json\/wp\/v2\/users\/221"}],"replies":[{"embeddable":true,"href":"https:\/\/www.ntf.uni-lj.si\/igt\/wp-json\/wp\/v2\/comments?post=26867"}],"version-history":[{"count":8,"href":"https:\/\/www.ntf.uni-lj.si\/igt\/wp-json\/wp\/v2\/pages\/26867\/revisions"}],"predecessor-version":[{"id":33586,"href":"https:\/\/www.ntf.uni-lj.si\/igt\/wp-json\/wp\/v2\/pages\/26867\/revisions\/33586"}],"up":[{"embeddable":true,"href":"https:\/\/www.ntf.uni-lj.si\/igt\/wp-json\/wp\/v2\/pages\/25447"}],"wp:attachment":[{"href":"https:\/\/www.ntf.uni-lj.si\/igt\/wp-json\/wp\/v2\/media?parent=26867"}],"curies":[{"name":"wp","href":"https:\/\/api.w.org\/{rel}","templated":true}]}}