{"id":27204,"date":"2021-03-05T11:25:17","date_gmt":"2021-03-05T10:25:17","guid":{"rendered":"http:\/\/www.ntf.uni-lj.si\/igt\/?page_id=27204"},"modified":"2026-03-19T10:47:16","modified_gmt":"2026-03-19T09:47:16","slug":"izkusnje-studentov","status":"publish","type":"page","link":"https:\/\/www.ntf.uni-lj.si\/igt\/izkusnje-studentov\/","title":{"rendered":"Izku\u0161nje \u0161tudentov"},"content":{"rendered":"<p><em>&#8220;Ta praksa mi je bila res nekaj najbolj\u0161ega v mojem \u017eivljenju, odkrila sem svojo pot, kaj \u017eelim postati v prihodnosti. To je bil velik korak zame. Veliko sem se nau\u010dila, izpolnila svoje znanje in spoznala veliko novih ljudi, s katerimi bomo absolutno \u0161e sodelovali.&#8221;<\/em> &#8211; Lucija<\/p>\n<p><em>&#8220;Nau\u010dila sem se veliko novih stvari za katere sem prepri\u010dana, da mi bodo pri\u0161le prav. Pridobila sem veliko izku\u0161enj za delo v programu Adobe Photoshop. Usposabljanje mi je dalo vpogled v to \u010desa sem sposobna in kje moram svoje znanje \u0161e nadgraditi.&#8221;<\/em> &#8211; Neja<\/p>\n<p><em>&#8220;Prakti\u010dno usposabljanje mi je omogo\u010dilo, da sem se seznanila z delom s strankami in se nekoliko globje spoznala kot oblikovalka. Nau\u010dila sem se veliko prakti\u010dnih stvari, najbolj pa mi je bilo v\u0161e\u010d, da sem imela prilo\u017enost re\u0161evati resni\u010dne oblikovalske projekte.&#8221; &#8211; <\/em>Milena<\/p>\n<p><em>&#8220;Pridobila sem veliko novih ve\u0161\u010din, nadgradila svoje znanje, sodelovala na veliko razli\u010dnih projektih, predvsem pa imela krasno ekipo z vidika pomo\u010di, mentorstva ter prijateljstva.&#8221;<\/em> &#8211; Tia<\/p>\n<p><em>&#8220;Zelo zadovoljen, saj sem pridobil veliko koli\u010dino novega znanja in izku\u0161enj. Bil sem vklju\u010den v realne projekte, kar je bilo sploh odli\u010dno. Zelo dobri medsebojni odnosi.&#8221;<\/em> &#8211; Urh<\/p>\n<p><em>&#8220;S prakso sem zelo zadovoljna, veliko novega sem se nau\u010dila in nadgradila svoje znanje ter pridobila veliko novih delovnih izku\u0161enj. Delala sem v odli\u010dnem okolju in sodelovala s prav tako odli\u010dnimi sodelavci, ki so mi vedno prisko\u010dili na pomo\u010d.&#8221; <\/em>&#8211; Katja<em><br \/>\n<\/em><\/p>\n<p><em>&#8220;Med delom sem nadgradil svoje znanje uporabe programov za pripravo vsebin za splet in za tisk. Nau\u010dil sem se veliko novih na\u010dinov oblikovanja, ki so mi bili do sedaj tuji, kot so npr. uporabljanje dolo\u010denih bli\u017enjic in orodij. \u0160e posebej mi je pri prakti\u010dnem usposabljanju pomagalo znanje o PDF-jih in izva\u017eanju datotek za dolo\u010den medij.&#8221;<\/em> &#8211; Matej<\/p>\n<p><em>&#8220;Raznoliki projekti ter dobro sodelovanje z mentorjem je prineslo zelo dobre rezultate in delovne izku\u0161nje.&#8221;<\/em> &#8211; Valentin<\/p>\n<p><em>&#8220;Dobil sem veliko novih znanj in izku\u0161enj. Pogovarjali pa smo se tudi o mo\u017enosti zaposlitve po kon\u010danem \u0161tudiju, tako, da sem s prakso zelo zadovoljen.<\/em> &#8211; An\u017ee<\/p>\n<p><em>&#8220;Zelo pozitivna izku\u0161nja. Delala sem v super podjetju z zelo pozitivno ekipo. Nau\u010dila sem se veliko o ogla\u0161evanju, oblikovanju in delu s strankami, pa tudi o sebi. Sedaj vem, da sem sposobna re\u0161iti naloge, ki mi na za\u010detku predstavljajo izziv.&#8221;<\/em> &#8211; Alessandra<\/p>\n<p><em>&#8220;Sprva sem se malce lovil, vendar sem se kar hitro nau\u010dil delati v novem programu. Sprva sem samo popravljal obstoje\u010de spletne strani, nato pa vedno bolj zahtevne naloge; vse od izdelave spletnih strani za podjetje do izdelave strani za dejanske stranke. Zaposleni so bili prijazni in mi pomagali \u010de kaj nisem znal. Na splo\u0161no je bilo super in z veseljem bi \u0161e kdaj ponovil.&#8221;<\/em> &#8211; Klemen<\/p>\n<p><em>&#8220;S prakti\u010dnim usposabljanjem v podjetju sem dobila ogromno znanja in izku\u0161enj na UX\/UI podro\u010dju, poleg tega pa sem dobila tudi celoten vpogled v delovanje podjetja, kjer sem sodelovala s celotno ekipo (marketing, prodaja, development team), kot tudi s strankami podjetja.&#8221;<\/em> &#8211; Lina<\/p>\n<p><em>&#8220;Moje mnenje o prakti\u010dnem usposabljanju je pozitivno, saj sem se nau\u010dil veliko novega, predvsem o delovanju spletnih trgovin ter postavitvi spletnih mest.&#8221;<\/em> &#8211; Tim<\/p>\n<p><em>&#8220;Skozi celotno prakti\u010dno usposabljanje sem se veliko nau\u010dila, predvsem sem pridobila veliko koristnih informacij. V podjetju moram \u0161e posebej pohvaliti zaposlene, ker so mi posvetili ogromno \u010dasa in mi pri vsaki nejasnosti dolo\u010dene teme razlo\u017eili, pojasnili, prav tako skritizirali, da sem izdelke natan\u010dno pregledala in dopolnila, predenj so bili poslani v tisk.&#8221;<\/em> &#8211; Iris<\/p>\n<p><em>&#8220;O prakti\u010dnem usposabljanju imam pozitivno mnenje, saj sem pridobila nova znanja, izbolj\u0161ala \u010das priprave in sodelovala pri projektih, katere lahko sedaj vklju\u010dim v svoj portfolio.&#8221;<\/em> &#8211; Katarina<\/p>\n<p><em>&#8220;Z izku\u0161njo opravljanja prakse sem izjemno zadovoljna, okolje je bilo zelo inovativno, vsi zaposleni so bili vedno na razpolago za pomo\u010d, zelo pogosto sem dobivala feedback za delo, ki sem ga opravljala, naloge, ki sem ji dobivala pa so se mi zdele zelo zanimive&#8221;<\/em> &#8211; Maja<\/p>\n<p><em>&#8220;Super podjetje, ki mi je omogo\u010dilo u\u010denja v super okolju z dobro podporo. Z zadanimi nalogami in mnenji <\/em><em>ostalih zaposlenih sem spoznala sebe, se nau\u010dila veliko novega.&#8221; <\/em>&#8211; Anja<em><br \/>\n<\/em><\/p>\n<p><em>&#8220;Od prakti\u010dnega usposabljanja sem veliko odnesla. Nau\u010dila sem se ogromno novih, uporabnih stvari in podro\u010dje dela mi je zelo ustrezalo.&#8221; &#8211; Nika<\/em><\/p>\n<p><em>&#8220;Prakti\u010dno usposabljanje prinese veliko novega znanja, v mojem primeru pa tudi to, da sem se v dolo\u010denih problemih morala znajti sama in problem re\u0161iti s pomo\u010djo interneta ali zunanjo pomo\u010djo.&#8221; <\/em>&#8211; Laura<\/p>\n<p><em>&#8220;Prakti\u010dno uposabljanje je bilo v mojem primeru poskusno obdobje v novi zaposlitvi. Pridobila sem veliko izku\u0161enj, kakor tudi veliko odgovornost v zelo kratkem \u010dasu. Vsekakor zelo koristno obdobje.&#8221;<\/em> &#8211; Nina<\/p>\n","protected":false},"excerpt":{"rendered":"&#8220;Ta praksa mi je bila res nekaj najbolj\u0161ega v mojem \u017eivljenju, odkrila sem svojo pot, kaj \u017eelim postati v prihodnosti. To je bil velik korak zame. Veliko sem se nau\u010dila, izpolnila svoje znanje in spoznala veliko novih ljudi, s katerimi bomo absolutno \u0161e sodelovali.&#8221; &#8211; Lucija &#8220;Nau\u010dila sem se veliko novih stvari za katere sem &#8230; <a class=\"view-article\" href=\"https:\/\/www.ntf.uni-lj.si\/igt\/izkusnje-studentov\/\">Read more<\/a>","protected":false},"author":51,"featured_media":0,"parent":0,"menu_order":0,"comment_status":"closed","ping_status":"closed","template":"","meta":[],"acf":[],"yoast_head":"<!-- This site is optimized with the Yoast SEO plugin v17.0 - https:\/\/yoast.com\/wordpress\/plugins\/seo\/ -->\n<meta name=\"description\" content=\"&quot;Ta praksa mi je bila res nekaj najbolj\u0161ega v mojem \u017eivljenju, odkrila sem svojo pot, kaj \u017eelim postati v prihodnosti. To je bil velik korak zame. Veliko\" \/>\n<meta name=\"robots\" content=\"index, follow, max-snippet:-1, max-image-preview:large, max-video-preview:-1\" \/>\n<link rel=\"canonical\" href=\"https:\/\/www.ntf.uni-lj.si\/igt\/izkusnje-studentov\/\" \/>\n<meta property=\"og:locale\" content=\"en_US\" \/>\n<meta property=\"og:type\" content=\"article\" \/>\n<meta property=\"og:title\" content=\"Izku\u0161nje \u0161tudentov - IGT\" \/>\n<meta property=\"og:description\" content=\"&quot;Ta praksa mi je bila res nekaj najbolj\u0161ega v mojem \u017eivljenju, odkrila sem svojo pot, kaj \u017eelim postati v prihodnosti. To je bil velik korak zame. Veliko\" \/>\n<meta property=\"og:url\" content=\"https:\/\/www.ntf.uni-lj.si\/igt\/izkusnje-studentov\/\" \/>\n<meta property=\"og:site_name\" content=\"IGT\" \/>\n<meta property=\"article:modified_time\" content=\"2026-03-19T09:47:16+00:00\" \/>\n<meta name=\"twitter:label1\" content=\"Est. reading time\" \/>\n\t<meta name=\"twitter:data1\" content=\"3 minutes\" \/>\n<script type=\"application\/ld+json\" class=\"yoast-schema-graph\">{\"@context\":\"https:\/\/schema.org\",\"@graph\":[{\"@type\":\"WebSite\",\"@id\":\"https:\/\/www.ntf.uni-lj.si\/igt\/#website\",\"url\":\"https:\/\/www.ntf.uni-lj.si\/igt\/\",\"name\":\"IGT\",\"description\":\"Katedra za informacijsko in grafi\\u010dno tehnologijo\",\"potentialAction\":[{\"@type\":\"SearchAction\",\"target\":{\"@type\":\"EntryPoint\",\"urlTemplate\":\"https:\/\/www.ntf.uni-lj.si\/igt\/?s={search_term_string}\"},\"query-input\":\"required name=search_term_string\"}],\"inLanguage\":\"en-US\"},{\"@type\":\"WebPage\",\"@id\":\"https:\/\/www.ntf.uni-lj.si\/igt\/izkusnje-studentov\/#webpage\",\"url\":\"https:\/\/www.ntf.uni-lj.si\/igt\/izkusnje-studentov\/\",\"name\":\"Izku\\u0161nje \\u0161tudentov - IGT\",\"isPartOf\":{\"@id\":\"https:\/\/www.ntf.uni-lj.si\/igt\/#website\"},\"datePublished\":\"2021-03-05T10:25:17+00:00\",\"dateModified\":\"2026-03-19T09:47:16+00:00\",\"description\":\"\\\"Ta praksa mi je bila res nekaj najbolj\\u0161ega v mojem \\u017eivljenju, odkrila sem svojo pot, kaj \\u017eelim postati v prihodnosti. To je bil velik korak zame. Veliko\",\"breadcrumb\":{\"@id\":\"https:\/\/www.ntf.uni-lj.si\/igt\/izkusnje-studentov\/#breadcrumb\"},\"inLanguage\":\"en-US\",\"potentialAction\":[{\"@type\":\"ReadAction\",\"target\":[\"https:\/\/www.ntf.uni-lj.si\/igt\/izkusnje-studentov\/\"]}]},{\"@type\":\"BreadcrumbList\",\"@id\":\"https:\/\/www.ntf.uni-lj.si\/igt\/izkusnje-studentov\/#breadcrumb\",\"itemListElement\":[{\"@type\":\"ListItem\",\"position\":1,\"name\":\"Home\",\"item\":\"https:\/\/www.ntf.uni-lj.si\/igt\/\"},{\"@type\":\"ListItem\",\"position\":2,\"name\":\"Izku\\u0161nje \\u0161tudentov\"}]}]}<\/script>\n<!-- \/ Yoast SEO plugin. -->","yoast_head_json":{"description":"\"Ta praksa mi je bila res nekaj najbolj\u0161ega v mojem \u017eivljenju, odkrila sem svojo pot, kaj \u017eelim postati v prihodnosti. To je bil velik korak zame. Veliko","robots":{"index":"index","follow":"follow","max-snippet":"max-snippet:-1","max-image-preview":"max-image-preview:large","max-video-preview":"max-video-preview:-1"},"canonical":"https:\/\/www.ntf.uni-lj.si\/igt\/izkusnje-studentov\/","og_locale":"en_US","og_type":"article","og_title":"Izku\u0161nje \u0161tudentov - IGT","og_description":"\"Ta praksa mi je bila res nekaj najbolj\u0161ega v mojem \u017eivljenju, odkrila sem svojo pot, kaj \u017eelim postati v prihodnosti. To je bil velik korak zame. Veliko","og_url":"https:\/\/www.ntf.uni-lj.si\/igt\/izkusnje-studentov\/","og_site_name":"IGT","article_modified_time":"2026-03-19T09:47:16+00:00","twitter_misc":{"Est. reading time":"3 minutes"},"schema":{"@context":"https:\/\/schema.org","@graph":[{"@type":"WebSite","@id":"https:\/\/www.ntf.uni-lj.si\/igt\/#website","url":"https:\/\/www.ntf.uni-lj.si\/igt\/","name":"IGT","description":"Katedra za informacijsko in grafi\u010dno tehnologijo","potentialAction":[{"@type":"SearchAction","target":{"@type":"EntryPoint","urlTemplate":"https:\/\/www.ntf.uni-lj.si\/igt\/?s={search_term_string}"},"query-input":"required name=search_term_string"}],"inLanguage":"en-US"},{"@type":"WebPage","@id":"https:\/\/www.ntf.uni-lj.si\/igt\/izkusnje-studentov\/#webpage","url":"https:\/\/www.ntf.uni-lj.si\/igt\/izkusnje-studentov\/","name":"Izku\u0161nje \u0161tudentov - IGT","isPartOf":{"@id":"https:\/\/www.ntf.uni-lj.si\/igt\/#website"},"datePublished":"2021-03-05T10:25:17+00:00","dateModified":"2026-03-19T09:47:16+00:00","description":"\"Ta praksa mi je bila res nekaj najbolj\u0161ega v mojem \u017eivljenju, odkrila sem svojo pot, kaj \u017eelim postati v prihodnosti. To je bil velik korak zame. Veliko","breadcrumb":{"@id":"https:\/\/www.ntf.uni-lj.si\/igt\/izkusnje-studentov\/#breadcrumb"},"inLanguage":"en-US","potentialAction":[{"@type":"ReadAction","target":["https:\/\/www.ntf.uni-lj.si\/igt\/izkusnje-studentov\/"]}]},{"@type":"BreadcrumbList","@id":"https:\/\/www.ntf.uni-lj.si\/igt\/izkusnje-studentov\/#breadcrumb","itemListElement":[{"@type":"ListItem","position":1,"name":"Home","item":"https:\/\/www.ntf.uni-lj.si\/igt\/"},{"@type":"ListItem","position":2,"name":"Izku\u0161nje \u0161tudentov"}]}]}},"_links":{"self":[{"href":"https:\/\/www.ntf.uni-lj.si\/igt\/wp-json\/wp\/v2\/pages\/27204"}],"collection":[{"href":"https:\/\/www.ntf.uni-lj.si\/igt\/wp-json\/wp\/v2\/pages"}],"about":[{"href":"https:\/\/www.ntf.uni-lj.si\/igt\/wp-json\/wp\/v2\/types\/page"}],"author":[{"embeddable":true,"href":"https:\/\/www.ntf.uni-lj.si\/igt\/wp-json\/wp\/v2\/users\/51"}],"replies":[{"embeddable":true,"href":"https:\/\/www.ntf.uni-lj.si\/igt\/wp-json\/wp\/v2\/comments?post=27204"}],"version-history":[{"count":13,"href":"https:\/\/www.ntf.uni-lj.si\/igt\/wp-json\/wp\/v2\/pages\/27204\/revisions"}],"predecessor-version":[{"id":38427,"href":"https:\/\/www.ntf.uni-lj.si\/igt\/wp-json\/wp\/v2\/pages\/27204\/revisions\/38427"}],"wp:attachment":[{"href":"https:\/\/www.ntf.uni-lj.si\/igt\/wp-json\/wp\/v2\/media?parent=27204"}],"curies":[{"name":"wp","href":"https:\/\/api.w.org\/{rel}","templated":true}]}}