{"id":31615,"date":"2022-08-19T14:56:58","date_gmt":"2022-08-19T12:56:58","guid":{"rendered":"https:\/\/www.ntf.uni-lj.si\/igt\/?page_id=31615"},"modified":"2026-04-21T10:42:14","modified_gmt":"2026-04-21T08:42:14","slug":"gik","status":"publish","type":"page","link":"https:\/\/www.ntf.uni-lj.si\/igt\/referat\/prakticno-usposabljanje\/gik\/","title":{"rendered":"Prakti\u010dno usposabljanje &#8211; GIK"},"content":{"rendered":"<p>Prakti\u010dno usposabljanje \u0161tudentov programa <strong>Grafi\u010dne in interaktivne komunikacije<\/strong> se izvaja kot izbirni predmet v <strong>4. ali 6. semestru<\/strong> \u0161tudija v obsegu <strong>4 delovnih tednov (160 delovnih ur) <\/strong>in je ovrednoteno s<strong> 4 ECTS.\u00a0<\/strong><\/p>\n<p>\u0160tudenti se lahko usposabljajo v manj\u0161ih in ve\u010djih podjetjih: oblikovalski studiji, ogla\u0161evalske agencije, medijske in televizijske hi\u0161e, podjetja z oblikovalsko usmerjenimi oddelki, grafi\u010dna tehnolo\u0161ka podjetja, papirno-pridelovalna industrija, embala\u017ena podjetja, tiskarstvo, projektantska in arhitekturna podjetja, podjetja s podro\u010dja 3D tehnologij kot tudi v izobra\u017eevalnih ustanovah, raziskovalnih in\u0161titutih s podro\u010dja grafi\u010dne dejavnosti in dr\u017eavni upravi.<\/p>\n","protected":false},"excerpt":{"rendered":"Prakti\u010dno usposabljanje \u0161tudentov programa Grafi\u010dne in interaktivne komunikacije se izvaja kot izbirni predmet v 4. ali 6. semestru \u0161tudija v obsegu 4 delovnih tednov (160 delovnih ur) in je ovrednoteno s 4 ECTS.\u00a0 \u0160tudenti se lahko usposabljajo v manj\u0161ih in ve\u010djih podjetjih: oblikovalski studiji, ogla\u0161evalske agencije, medijske in televizijske hi\u0161e, podjetja z oblikovalsko usmerjenimi oddelki, &#8230; <a class=\"view-article\" href=\"https:\/\/www.ntf.uni-lj.si\/igt\/referat\/prakticno-usposabljanje\/gik\/\">Read more<\/a>","protected":false},"author":51,"featured_media":0,"parent":345,"menu_order":80,"comment_status":"closed","ping_status":"closed","template":"","meta":[],"acf":[],"yoast_head":"<!-- This site is optimized with the Yoast SEO plugin v17.0 - https:\/\/yoast.com\/wordpress\/plugins\/seo\/ -->\n<meta name=\"description\" content=\"Prakti\u010dno usposabljanje \u0161tudentov programa Grafi\u010dne in interaktivne komunikacije se izvaja kot izbirni predmet v 4. ali 6. semestru \u0161tudija v obsegu 4\" \/>\n<meta name=\"robots\" content=\"index, follow, max-snippet:-1, max-image-preview:large, max-video-preview:-1\" \/>\n<link rel=\"canonical\" href=\"https:\/\/www.ntf.uni-lj.si\/igt\/referat\/prakticno-usposabljanje\/gik\/\" \/>\n<meta property=\"og:locale\" content=\"en_US\" \/>\n<meta property=\"og:type\" content=\"article\" \/>\n<meta property=\"og:title\" content=\"Prakti\u010dno usposabljanje - GIK - IGT\" \/>\n<meta property=\"og:description\" content=\"Prakti\u010dno usposabljanje \u0161tudentov programa Grafi\u010dne in interaktivne komunikacije se izvaja kot izbirni predmet v 4. ali 6. semestru \u0161tudija v obsegu 4\" \/>\n<meta property=\"og:url\" content=\"https:\/\/www.ntf.uni-lj.si\/igt\/referat\/prakticno-usposabljanje\/gik\/\" \/>\n<meta property=\"og:site_name\" content=\"IGT\" \/>\n<meta property=\"article:modified_time\" content=\"2026-04-21T08:42:14+00:00\" \/>\n<script type=\"application\/ld+json\" class=\"yoast-schema-graph\">{\"@context\":\"https:\/\/schema.org\",\"@graph\":[{\"@type\":\"WebSite\",\"@id\":\"https:\/\/www.ntf.uni-lj.si\/igt\/#website\",\"url\":\"https:\/\/www.ntf.uni-lj.si\/igt\/\",\"name\":\"IGT\",\"description\":\"Katedra za informacijsko in grafi\\u010dno tehnologijo\",\"potentialAction\":[{\"@type\":\"SearchAction\",\"target\":{\"@type\":\"EntryPoint\",\"urlTemplate\":\"https:\/\/www.ntf.uni-lj.si\/igt\/?s={search_term_string}\"},\"query-input\":\"required name=search_term_string\"}],\"inLanguage\":\"en-US\"},{\"@type\":\"WebPage\",\"@id\":\"https:\/\/www.ntf.uni-lj.si\/igt\/referat\/prakticno-usposabljanje\/gik\/#webpage\",\"url\":\"https:\/\/www.ntf.uni-lj.si\/igt\/referat\/prakticno-usposabljanje\/gik\/\",\"name\":\"Prakti\\u010dno usposabljanje - GIK - IGT\",\"isPartOf\":{\"@id\":\"https:\/\/www.ntf.uni-lj.si\/igt\/#website\"},\"datePublished\":\"2022-08-19T12:56:58+00:00\",\"dateModified\":\"2026-04-21T08:42:14+00:00\",\"description\":\"Prakti\\u010dno usposabljanje \\u0161tudentov programa Grafi\\u010dne in interaktivne komunikacije se izvaja kot izbirni predmet v 4. ali 6. semestru \\u0161tudija v obsegu 4\",\"breadcrumb\":{\"@id\":\"https:\/\/www.ntf.uni-lj.si\/igt\/referat\/prakticno-usposabljanje\/gik\/#breadcrumb\"},\"inLanguage\":\"en-US\",\"potentialAction\":[{\"@type\":\"ReadAction\",\"target\":[\"https:\/\/www.ntf.uni-lj.si\/igt\/referat\/prakticno-usposabljanje\/gik\/\"]}]},{\"@type\":\"BreadcrumbList\",\"@id\":\"https:\/\/www.ntf.uni-lj.si\/igt\/referat\/prakticno-usposabljanje\/gik\/#breadcrumb\",\"itemListElement\":[{\"@type\":\"ListItem\",\"position\":1,\"name\":\"Home\",\"item\":\"https:\/\/www.ntf.uni-lj.si\/igt\/\"},{\"@type\":\"ListItem\",\"position\":2,\"name\":\"Referat\",\"item\":\"https:\/\/www.ntf.uni-lj.si\/igt\/referat\/\"},{\"@type\":\"ListItem\",\"position\":3,\"name\":\"Prakti\\u010dno usposabljanje\",\"item\":\"https:\/\/www.ntf.uni-lj.si\/igt\/referat\/prakticno-usposabljanje\/\"},{\"@type\":\"ListItem\",\"position\":4,\"name\":\"Prakti\\u010dno usposabljanje - GIK\"}]}]}<\/script>\n<!-- \/ Yoast SEO plugin. -->","yoast_head_json":{"description":"Prakti\u010dno usposabljanje \u0161tudentov programa Grafi\u010dne in interaktivne komunikacije se izvaja kot izbirni predmet v 4. ali 6. semestru \u0161tudija v obsegu 4","robots":{"index":"index","follow":"follow","max-snippet":"max-snippet:-1","max-image-preview":"max-image-preview:large","max-video-preview":"max-video-preview:-1"},"canonical":"https:\/\/www.ntf.uni-lj.si\/igt\/referat\/prakticno-usposabljanje\/gik\/","og_locale":"en_US","og_type":"article","og_title":"Prakti\u010dno usposabljanje - GIK - IGT","og_description":"Prakti\u010dno usposabljanje \u0161tudentov programa Grafi\u010dne in interaktivne komunikacije se izvaja kot izbirni predmet v 4. ali 6. semestru \u0161tudija v obsegu 4","og_url":"https:\/\/www.ntf.uni-lj.si\/igt\/referat\/prakticno-usposabljanje\/gik\/","og_site_name":"IGT","article_modified_time":"2026-04-21T08:42:14+00:00","schema":{"@context":"https:\/\/schema.org","@graph":[{"@type":"WebSite","@id":"https:\/\/www.ntf.uni-lj.si\/igt\/#website","url":"https:\/\/www.ntf.uni-lj.si\/igt\/","name":"IGT","description":"Katedra za informacijsko in grafi\u010dno tehnologijo","potentialAction":[{"@type":"SearchAction","target":{"@type":"EntryPoint","urlTemplate":"https:\/\/www.ntf.uni-lj.si\/igt\/?s={search_term_string}"},"query-input":"required name=search_term_string"}],"inLanguage":"en-US"},{"@type":"WebPage","@id":"https:\/\/www.ntf.uni-lj.si\/igt\/referat\/prakticno-usposabljanje\/gik\/#webpage","url":"https:\/\/www.ntf.uni-lj.si\/igt\/referat\/prakticno-usposabljanje\/gik\/","name":"Prakti\u010dno usposabljanje - GIK - IGT","isPartOf":{"@id":"https:\/\/www.ntf.uni-lj.si\/igt\/#website"},"datePublished":"2022-08-19T12:56:58+00:00","dateModified":"2026-04-21T08:42:14+00:00","description":"Prakti\u010dno usposabljanje \u0161tudentov programa Grafi\u010dne in interaktivne komunikacije se izvaja kot izbirni predmet v 4. ali 6. semestru \u0161tudija v obsegu 4","breadcrumb":{"@id":"https:\/\/www.ntf.uni-lj.si\/igt\/referat\/prakticno-usposabljanje\/gik\/#breadcrumb"},"inLanguage":"en-US","potentialAction":[{"@type":"ReadAction","target":["https:\/\/www.ntf.uni-lj.si\/igt\/referat\/prakticno-usposabljanje\/gik\/"]}]},{"@type":"BreadcrumbList","@id":"https:\/\/www.ntf.uni-lj.si\/igt\/referat\/prakticno-usposabljanje\/gik\/#breadcrumb","itemListElement":[{"@type":"ListItem","position":1,"name":"Home","item":"https:\/\/www.ntf.uni-lj.si\/igt\/"},{"@type":"ListItem","position":2,"name":"Referat","item":"https:\/\/www.ntf.uni-lj.si\/igt\/referat\/"},{"@type":"ListItem","position":3,"name":"Prakti\u010dno usposabljanje","item":"https:\/\/www.ntf.uni-lj.si\/igt\/referat\/prakticno-usposabljanje\/"},{"@type":"ListItem","position":4,"name":"Prakti\u010dno usposabljanje - GIK"}]}]}},"_links":{"self":[{"href":"https:\/\/www.ntf.uni-lj.si\/igt\/wp-json\/wp\/v2\/pages\/31615"}],"collection":[{"href":"https:\/\/www.ntf.uni-lj.si\/igt\/wp-json\/wp\/v2\/pages"}],"about":[{"href":"https:\/\/www.ntf.uni-lj.si\/igt\/wp-json\/wp\/v2\/types\/page"}],"author":[{"embeddable":true,"href":"https:\/\/www.ntf.uni-lj.si\/igt\/wp-json\/wp\/v2\/users\/51"}],"replies":[{"embeddable":true,"href":"https:\/\/www.ntf.uni-lj.si\/igt\/wp-json\/wp\/v2\/comments?post=31615"}],"version-history":[{"count":9,"href":"https:\/\/www.ntf.uni-lj.si\/igt\/wp-json\/wp\/v2\/pages\/31615\/revisions"}],"predecessor-version":[{"id":38486,"href":"https:\/\/www.ntf.uni-lj.si\/igt\/wp-json\/wp\/v2\/pages\/31615\/revisions\/38486"}],"up":[{"embeddable":true,"href":"https:\/\/www.ntf.uni-lj.si\/igt\/wp-json\/wp\/v2\/pages\/345"}],"wp:attachment":[{"href":"https:\/\/www.ntf.uni-lj.si\/igt\/wp-json\/wp\/v2\/media?parent=31615"}],"curies":[{"name":"wp","href":"https:\/\/api.w.org\/{rel}","templated":true}]}}