{"id":38386,"date":"2026-02-25T09:37:12","date_gmt":"2026-02-25T08:37:12","guid":{"rendered":"https:\/\/www.ntf.uni-lj.si\/igt\/?page_id=38386"},"modified":"2026-02-25T10:21:59","modified_gmt":"2026-02-25T09:21:59","slug":"recentre-open-call","status":"publish","type":"page","link":"https:\/\/www.ntf.uni-lj.si\/igt\/o-nas\/raziskovalno-delo\/raziskovalni-projekti\/recentre\/recentre-open-call\/","title":{"rendered":"RECENTRE: open call"},"content":{"rendered":"<p><a href=\"https:\/\/www.ntf.uni-lj.si\/igt\/wp-content\/uploads\/sites\/8\/2026\/02\/kopija_izdelka_decorator_bauhalps_symcraft_1.jpg\"><img src=\"https:\/\/www.ntf.uni-lj.si\/igt\/wp-content\/uploads\/sites\/8\/2026\/02\/kopija_izdelka_decorator_bauhalps_symcraft_1.jpg\" \/><\/a><\/p>\n<div data-olk-copy-source=\"MessageBody\"><b>Podjetjem v celotni Alpski regiji omogo\u010damo, da na\u010drtujejo in uresni\u010dujejo ambiciozne zelene, digitalne ter \u010dloveku osredinjene projekte preobrazbe v okviru Industrije 5.0.<\/b><\/div>\n<p>&nbsp;<\/p>\n<div>S prijavo in sodelovanjem pri pripravi projektnega osnutka udele\u017eenci pridobijo neposredno strokovno podporo, dostop do preverjenih metodologij ter mo\u017enost vklju\u010ditve v namenske finan\u010dne instrumente za Industrijo 5.0. To je edinstvena prilo\u017enost, da se inovativne ideje preobrazbe pretvorijo v konkretne, izvedljive na\u010drte, podprte s strokovnim znanjem in sofinanciranjem EU.<\/div>\n<div><\/div>\n<p>&nbsp;<\/p>\n<div><b>Ciljna skupina<\/b><\/div>\n<div>Mala in srednje velika podjetja (MSP) ter podjetja iz podro\u010dij mehatronike, avtomobilske industrije in bioekonomije v Alpski regiji, ki \u017eelijo dvigniti svojo konkuren\u010dnost in trajnostni razvoj na vi\u0161jo raven.<\/div>\n<div><\/div>\n<p>&nbsp;<\/p>\n<div><b>Ste strokovnjak, ne pa MSP?<\/b><\/div>\n<div>\u010ce ste strokovnjak na enem od navedenih podro\u010dij in prihajate iz upravi\u010dene regije, delite to prilo\u017enost z ustreznim MSP ter skupaj oddajte prijavo, s katero boste lahko svojo strokovnost vklju\u010dili v njihov projekt preobrazbe.<\/div>\n<div><\/div>\n<p>&nbsp;<\/p>\n<div><b>Zakaj sodelovati?<\/b><\/div>\n<div>S pristopom k projektu\u00a0RECENTRE\u00a0bo va\u0161e podjetje z izpolnitvijo\u00a0<b><a id=\"OWAcaba55b9-0bfa-e3cb-088b-a554a817c1e7\" title=\"https:\/\/docs.google.com\/forms\/d\/e\/1FAIpQLSdOZJDZYYZjkg7VMl28gjhqOILHw_KGqMOc1p0oYHDZmjD5Mw\/viewform?usp=preview\" href=\"https:\/\/docs.google.com\/forms\/d\/e\/1FAIpQLSdOZJDZYYZjkg7VMl28gjhqOILHw_KGqMOc1p0oYHDZmjD5Mw\/viewform?usp=preview\" target=\"_blank\" rel=\"noopener noreferrer\" data-auth=\"NotApplicable\" data-linkindex=\"0\">interesa na obrazcu:<\/a><\/b><\/div>\n<ul>\n<li>pridobilo strokovno podporo pri prepoznavanju in dolo\u010danju prioritet svojih preobrazbenih potreb,<\/li>\n<li>razvilo prilagojen na\u010drt prehoda za trajnostno, digitalno in \u010dloveku osredinjeno rast,<\/li>\n<li>imelo dostop do podpornih in svetovalnih storitev v vrednosti do\u00a010.000 \u20ac\u00a0(odvisno od pogojev posamezne regije).<\/li>\n<\/ul>\n<p>&nbsp;<\/p>\n<table>\n<tbody>\n<tr>\n<td>\n<div><img src=\"https:\/\/www.tp-lj.si\/uploads\/1_5.jpg?1768382669867\" data-imagetype=\"External\" data-olk-copy-source=\"MessageBody\" \/><\/div>\n<\/td>\n<td>\n<div><strong>Izraz interesa<\/strong><\/div>\n<div>MSP-ji in srednje velika podjetja oddajo svoje osnovne kontaktne podatke ter informacije o upravi\u010denosti prek obrazca\u00a0<i>Izraz interesa<\/i>, ki je na voljo na tej spletni strani. Oddaja projektne ideje na tej stopnji ni obvezna, saj jo je mo\u017eno razviti tudi kasneje skupaj z regionalnim partnerjem RECENTRE.<\/div>\n<div><\/div>\n<\/td>\n<\/tr>\n<tr>\n<td>\n<div><img src=\"https:\/\/www.tp-lj.si\/uploads\/2_5.jpg?1768382687692\" data-imagetype=\"External\" \/><\/div>\n<\/td>\n<td>\n<div><strong>Individualno sre\u010danje<\/strong><\/div>\n<div>Regionalni partner RECENTRE stopi v stik s podjetjem in dogovori spletno ali osebno sre\u010danje, na katerem skupaj razvijeta podroben na\u010drt prehoda, prilagojen potrebam in idejam podjetja.<\/div>\n<div><\/div>\n<\/td>\n<\/tr>\n<tr>\n<td>\n<div><img src=\"https:\/\/www.tp-lj.si\/uploads\/3_3.jpg?1768382699093\" data-imagetype=\"External\" \/><\/div>\n<\/td>\n<td>\n<div><strong>Oddaja in evalvacija na\u010drta prehoda<\/strong><\/div>\n<div>Razviti na\u010drti prehoda se oddajo in ocenijo glede na vnaprej dolo\u010dena merila.<\/div>\n<div><\/div>\n<\/td>\n<\/tr>\n<tr>\n<td>\n<div><img src=\"https:\/\/www.tp-lj.si\/uploads\/4_4.jpg?1768382710792\" data-imagetype=\"External\" \/><\/div>\n<\/td>\n<td>\n<div><strong>Izbor<\/strong><\/div>\n<div>Mednarodni svetovalni odbor in ekipa RECENTRE pregledajo ter izberejo 50 najbolj obetavnih na\u010drtov prehoda (pet na\u010drtov na posamezno regijo).<\/div>\n<div><\/div>\n<\/td>\n<\/tr>\n<tr>\n<td>\n<div><img src=\"https:\/\/www.tp-lj.si\/uploads\/5_4.jpg?1768382720568\" data-imagetype=\"External\" \/><\/div>\n<\/td>\n<td>\n<div><strong>Finan\u010dna podpora<\/strong><\/div>\n<div>Izbrana podjetja prejmejo sredstva za financiranje podrobnega svetovanja v vrednosti do 10.000 \u20ac, namenjenega strukturni in finan\u010dni uresni\u010ditvi njihovega preobrazbenega projekta.<\/div>\n<div><\/div>\n<\/td>\n<\/tr>\n<tr>\n<td>\n<div><img src=\"https:\/\/www.tp-lj.si\/uploads\/6_4.jpg?1768382729203\" data-imagetype=\"External\" \/><\/div>\n<\/td>\n<td>\n<div><strong>Kon\u010dno poro\u010danje<\/strong><\/div>\n<div>MSP-ji oddajo kon\u010dno poro\u010dilo, v katerem predstavijo potek svetovalnega procesa, dose\u017eene rezultate ter uporabo dodeljenih sredstev.<\/div>\n<div><\/div>\n<\/td>\n<\/tr>\n<\/tbody>\n<\/table>\n<div data-olk-copy-source=\"MessageBody\"><\/div>\n<p>&nbsp;<\/p>\n<div data-olk-copy-source=\"MessageBody\">Razvoj \u2013 vendar izklju\u010duje strojno opremo, programsko opremo in splo\u0161ne obratovalne stro\u0161ke. Za podrobnej\u0161e informacije nas kontaktirajte.<\/div>\n<div><\/div>\n<p>&nbsp;<\/p>\n<div><b>Ve\u010d splo\u0161nih informacij in odgovore na najpogostej\u0161a vpra\u0161anja si lahko ogledate na na\u0161i spletni strani\u00a0<a href=\"https:\/\/sites.google.com\/view\/recentrecalltoaction\/join-recentre\">TUKAJ<\/a>\u00a0.<\/b><\/div>\n<p>&nbsp;<\/p>\n<div><b>Kontakt<\/b><\/div>\n<div><\/div>\n<div>Za ve\u010d informacij sta vam na voljo tudi:\u00a0<a href=\"mailto:Joze.Guna@ntf.uni-lj.si\">Jo\u017ee Guna<\/a>\u00a0ali\u00a0<a href=\"mailto:susanah.hribar@ntf.uni-lj.si\">Susanah Hribar<\/a><\/div>\n<div><\/div>\n","protected":false},"excerpt":{"rendered":"Podjetjem v celotni Alpski regiji omogo\u010damo, da na\u010drtujejo in uresni\u010dujejo ambiciozne zelene, digitalne ter \u010dloveku osredinjene projekte preobrazbe v okviru Industrije 5.0. &nbsp; S prijavo in sodelovanjem pri pripravi projektnega osnutka udele\u017eenci pridobijo neposredno strokovno podporo, dostop do preverjenih metodologij ter mo\u017enost vklju\u010ditve v namenske finan\u010dne instrumente za Industrijo 5.0. To je edinstvena prilo\u017enost, da &#8230; <a class=\"view-article\" href=\"https:\/\/www.ntf.uni-lj.si\/igt\/o-nas\/raziskovalno-delo\/raziskovalni-projekti\/recentre\/recentre-open-call\/\">Read more<\/a>","protected":false},"author":21,"featured_media":0,"parent":36886,"menu_order":0,"comment_status":"closed","ping_status":"closed","template":"","meta":[],"acf":[],"yoast_head":"<!-- This site is optimized with the Yoast SEO plugin v17.0 - https:\/\/yoast.com\/wordpress\/plugins\/seo\/ -->\n<meta name=\"description\" content=\"Podjetjem v celotni Alpski regiji omogo\u010damo, da na\u010drtujejo in uresni\u010dujejo ambiciozne zelene, digitalne ter \u010dloveku osredinjene projekte preobrazbe v\" \/>\n<meta name=\"robots\" content=\"index, follow, max-snippet:-1, max-image-preview:large, max-video-preview:-1\" \/>\n<link rel=\"canonical\" href=\"https:\/\/www.ntf.uni-lj.si\/igt\/o-nas\/raziskovalno-delo\/raziskovalni-projekti\/recentre\/recentre-open-call\/\" \/>\n<meta property=\"og:locale\" content=\"en_US\" \/>\n<meta property=\"og:type\" content=\"article\" \/>\n<meta property=\"og:title\" content=\"RECENTRE: open call - IGT\" \/>\n<meta property=\"og:description\" content=\"Podjetjem v celotni Alpski regiji omogo\u010damo, da na\u010drtujejo in uresni\u010dujejo ambiciozne zelene, digitalne ter \u010dloveku osredinjene projekte preobrazbe v\" \/>\n<meta property=\"og:url\" content=\"https:\/\/www.ntf.uni-lj.si\/igt\/o-nas\/raziskovalno-delo\/raziskovalni-projekti\/recentre\/recentre-open-call\/\" \/>\n<meta property=\"og:site_name\" content=\"IGT\" \/>\n<meta property=\"article:modified_time\" content=\"2026-02-25T09:21:59+00:00\" \/>\n<meta property=\"og:image\" content=\"https:\/\/www.ntf.uni-lj.si\/igt\/wp-content\/uploads\/sites\/8\/2026\/02\/kopija_izdelka_decorator_bauhalps_symcraft_1.jpg\" \/>\n<meta name=\"twitter:label1\" content=\"Est. reading time\" \/>\n\t<meta name=\"twitter:data1\" content=\"2 minutes\" \/>\n<script type=\"application\/ld+json\" class=\"yoast-schema-graph\">{\"@context\":\"https:\/\/schema.org\",\"@graph\":[{\"@type\":\"WebSite\",\"@id\":\"https:\/\/www.ntf.uni-lj.si\/igt\/#website\",\"url\":\"https:\/\/www.ntf.uni-lj.si\/igt\/\",\"name\":\"IGT\",\"description\":\"Katedra za informacijsko in grafi\\u010dno tehnologijo\",\"potentialAction\":[{\"@type\":\"SearchAction\",\"target\":{\"@type\":\"EntryPoint\",\"urlTemplate\":\"https:\/\/www.ntf.uni-lj.si\/igt\/?s={search_term_string}\"},\"query-input\":\"required name=search_term_string\"}],\"inLanguage\":\"en-US\"},{\"@type\":\"ImageObject\",\"@id\":\"https:\/\/www.ntf.uni-lj.si\/igt\/o-nas\/raziskovalno-delo\/raziskovalni-projekti\/recentre\/recentre-open-call\/#primaryimage\",\"inLanguage\":\"en-US\",\"url\":\"https:\/\/www.ntf.uni-lj.si\/igt\/wp-content\/uploads\/sites\/8\/2026\/02\/kopija_izdelka_decorator_bauhalps_symcraft_1.jpg\",\"contentUrl\":\"https:\/\/www.ntf.uni-lj.si\/igt\/wp-content\/uploads\/sites\/8\/2026\/02\/kopija_izdelka_decorator_bauhalps_symcraft_1.jpg\",\"width\":800,\"height\":480},{\"@type\":\"WebPage\",\"@id\":\"https:\/\/www.ntf.uni-lj.si\/igt\/o-nas\/raziskovalno-delo\/raziskovalni-projekti\/recentre\/recentre-open-call\/#webpage\",\"url\":\"https:\/\/www.ntf.uni-lj.si\/igt\/o-nas\/raziskovalno-delo\/raziskovalni-projekti\/recentre\/recentre-open-call\/\",\"name\":\"RECENTRE: open call - IGT\",\"isPartOf\":{\"@id\":\"https:\/\/www.ntf.uni-lj.si\/igt\/#website\"},\"primaryImageOfPage\":{\"@id\":\"https:\/\/www.ntf.uni-lj.si\/igt\/o-nas\/raziskovalno-delo\/raziskovalni-projekti\/recentre\/recentre-open-call\/#primaryimage\"},\"datePublished\":\"2026-02-25T08:37:12+00:00\",\"dateModified\":\"2026-02-25T09:21:59+00:00\",\"description\":\"Podjetjem v celotni Alpski regiji omogo\\u010damo, da na\\u010drtujejo in uresni\\u010dujejo ambiciozne zelene, digitalne ter \\u010dloveku osredinjene projekte preobrazbe v\",\"breadcrumb\":{\"@id\":\"https:\/\/www.ntf.uni-lj.si\/igt\/o-nas\/raziskovalno-delo\/raziskovalni-projekti\/recentre\/recentre-open-call\/#breadcrumb\"},\"inLanguage\":\"en-US\",\"potentialAction\":[{\"@type\":\"ReadAction\",\"target\":[\"https:\/\/www.ntf.uni-lj.si\/igt\/o-nas\/raziskovalno-delo\/raziskovalni-projekti\/recentre\/recentre-open-call\/\"]}]},{\"@type\":\"BreadcrumbList\",\"@id\":\"https:\/\/www.ntf.uni-lj.si\/igt\/o-nas\/raziskovalno-delo\/raziskovalni-projekti\/recentre\/recentre-open-call\/#breadcrumb\",\"itemListElement\":[{\"@type\":\"ListItem\",\"position\":1,\"name\":\"Home\",\"item\":\"https:\/\/www.ntf.uni-lj.si\/igt\/\"},{\"@type\":\"ListItem\",\"position\":2,\"name\":\"O nas\",\"item\":\"https:\/\/www.ntf.uni-lj.si\/igt\/o-nas\/\"},{\"@type\":\"ListItem\",\"position\":3,\"name\":\"Raziskovalno delo\",\"item\":\"https:\/\/www.ntf.uni-lj.si\/igt\/o-nas\/raziskovalno-delo\/\"},{\"@type\":\"ListItem\",\"position\":4,\"name\":\"Raziskovalni projekti\",\"item\":\"https:\/\/www.ntf.uni-lj.si\/igt\/o-nas\/raziskovalno-delo\/raziskovalni-projekti\/\"},{\"@type\":\"ListItem\",\"position\":5,\"name\":\"RECENTRE\",\"item\":\"https:\/\/www.ntf.uni-lj.si\/igt\/o-nas\/raziskovalno-delo\/raziskovalni-projekti\/recentre\/\"},{\"@type\":\"ListItem\",\"position\":6,\"name\":\"RECENTRE: open call\"}]}]}<\/script>\n<!-- \/ Yoast SEO plugin. -->","yoast_head_json":{"description":"Podjetjem v celotni Alpski regiji omogo\u010damo, da na\u010drtujejo in uresni\u010dujejo ambiciozne zelene, digitalne ter \u010dloveku osredinjene projekte preobrazbe v","robots":{"index":"index","follow":"follow","max-snippet":"max-snippet:-1","max-image-preview":"max-image-preview:large","max-video-preview":"max-video-preview:-1"},"canonical":"https:\/\/www.ntf.uni-lj.si\/igt\/o-nas\/raziskovalno-delo\/raziskovalni-projekti\/recentre\/recentre-open-call\/","og_locale":"en_US","og_type":"article","og_title":"RECENTRE: open call - IGT","og_description":"Podjetjem v celotni Alpski regiji omogo\u010damo, da na\u010drtujejo in uresni\u010dujejo ambiciozne zelene, digitalne ter \u010dloveku osredinjene projekte preobrazbe v","og_url":"https:\/\/www.ntf.uni-lj.si\/igt\/o-nas\/raziskovalno-delo\/raziskovalni-projekti\/recentre\/recentre-open-call\/","og_site_name":"IGT","article_modified_time":"2026-02-25T09:21:59+00:00","og_image":[{"url":"https:\/\/www.ntf.uni-lj.si\/igt\/wp-content\/uploads\/sites\/8\/2026\/02\/kopija_izdelka_decorator_bauhalps_symcraft_1.jpg"}],"twitter_misc":{"Est. reading time":"2 minutes"},"schema":{"@context":"https:\/\/schema.org","@graph":[{"@type":"WebSite","@id":"https:\/\/www.ntf.uni-lj.si\/igt\/#website","url":"https:\/\/www.ntf.uni-lj.si\/igt\/","name":"IGT","description":"Katedra za informacijsko in grafi\u010dno tehnologijo","potentialAction":[{"@type":"SearchAction","target":{"@type":"EntryPoint","urlTemplate":"https:\/\/www.ntf.uni-lj.si\/igt\/?s={search_term_string}"},"query-input":"required name=search_term_string"}],"inLanguage":"en-US"},{"@type":"ImageObject","@id":"https:\/\/www.ntf.uni-lj.si\/igt\/o-nas\/raziskovalno-delo\/raziskovalni-projekti\/recentre\/recentre-open-call\/#primaryimage","inLanguage":"en-US","url":"https:\/\/www.ntf.uni-lj.si\/igt\/wp-content\/uploads\/sites\/8\/2026\/02\/kopija_izdelka_decorator_bauhalps_symcraft_1.jpg","contentUrl":"https:\/\/www.ntf.uni-lj.si\/igt\/wp-content\/uploads\/sites\/8\/2026\/02\/kopija_izdelka_decorator_bauhalps_symcraft_1.jpg","width":800,"height":480},{"@type":"WebPage","@id":"https:\/\/www.ntf.uni-lj.si\/igt\/o-nas\/raziskovalno-delo\/raziskovalni-projekti\/recentre\/recentre-open-call\/#webpage","url":"https:\/\/www.ntf.uni-lj.si\/igt\/o-nas\/raziskovalno-delo\/raziskovalni-projekti\/recentre\/recentre-open-call\/","name":"RECENTRE: open call - IGT","isPartOf":{"@id":"https:\/\/www.ntf.uni-lj.si\/igt\/#website"},"primaryImageOfPage":{"@id":"https:\/\/www.ntf.uni-lj.si\/igt\/o-nas\/raziskovalno-delo\/raziskovalni-projekti\/recentre\/recentre-open-call\/#primaryimage"},"datePublished":"2026-02-25T08:37:12+00:00","dateModified":"2026-02-25T09:21:59+00:00","description":"Podjetjem v celotni Alpski regiji omogo\u010damo, da na\u010drtujejo in uresni\u010dujejo ambiciozne zelene, digitalne ter \u010dloveku osredinjene projekte preobrazbe v","breadcrumb":{"@id":"https:\/\/www.ntf.uni-lj.si\/igt\/o-nas\/raziskovalno-delo\/raziskovalni-projekti\/recentre\/recentre-open-call\/#breadcrumb"},"inLanguage":"en-US","potentialAction":[{"@type":"ReadAction","target":["https:\/\/www.ntf.uni-lj.si\/igt\/o-nas\/raziskovalno-delo\/raziskovalni-projekti\/recentre\/recentre-open-call\/"]}]},{"@type":"BreadcrumbList","@id":"https:\/\/www.ntf.uni-lj.si\/igt\/o-nas\/raziskovalno-delo\/raziskovalni-projekti\/recentre\/recentre-open-call\/#breadcrumb","itemListElement":[{"@type":"ListItem","position":1,"name":"Home","item":"https:\/\/www.ntf.uni-lj.si\/igt\/"},{"@type":"ListItem","position":2,"name":"O nas","item":"https:\/\/www.ntf.uni-lj.si\/igt\/o-nas\/"},{"@type":"ListItem","position":3,"name":"Raziskovalno delo","item":"https:\/\/www.ntf.uni-lj.si\/igt\/o-nas\/raziskovalno-delo\/"},{"@type":"ListItem","position":4,"name":"Raziskovalni projekti","item":"https:\/\/www.ntf.uni-lj.si\/igt\/o-nas\/raziskovalno-delo\/raziskovalni-projekti\/"},{"@type":"ListItem","position":5,"name":"RECENTRE","item":"https:\/\/www.ntf.uni-lj.si\/igt\/o-nas\/raziskovalno-delo\/raziskovalni-projekti\/recentre\/"},{"@type":"ListItem","position":6,"name":"RECENTRE: open call"}]}]}},"_links":{"self":[{"href":"https:\/\/www.ntf.uni-lj.si\/igt\/wp-json\/wp\/v2\/pages\/38386"}],"collection":[{"href":"https:\/\/www.ntf.uni-lj.si\/igt\/wp-json\/wp\/v2\/pages"}],"about":[{"href":"https:\/\/www.ntf.uni-lj.si\/igt\/wp-json\/wp\/v2\/types\/page"}],"author":[{"embeddable":true,"href":"https:\/\/www.ntf.uni-lj.si\/igt\/wp-json\/wp\/v2\/users\/21"}],"replies":[{"embeddable":true,"href":"https:\/\/www.ntf.uni-lj.si\/igt\/wp-json\/wp\/v2\/comments?post=38386"}],"version-history":[{"count":4,"href":"https:\/\/www.ntf.uni-lj.si\/igt\/wp-json\/wp\/v2\/pages\/38386\/revisions"}],"predecessor-version":[{"id":38391,"href":"https:\/\/www.ntf.uni-lj.si\/igt\/wp-json\/wp\/v2\/pages\/38386\/revisions\/38391"}],"up":[{"embeddable":true,"href":"https:\/\/www.ntf.uni-lj.si\/igt\/wp-json\/wp\/v2\/pages\/36886"}],"wp:attachment":[{"href":"https:\/\/www.ntf.uni-lj.si\/igt\/wp-json\/wp\/v2\/media?parent=38386"}],"curies":[{"name":"wp","href":"https:\/\/api.w.org\/{rel}","templated":true}]}}