{"id":4050,"date":"2015-03-25T14:45:04","date_gmt":"2015-03-25T14:45:04","guid":{"rendered":"http:\/\/www.ntf.uni-lj.si\/toi\/?page_id=569"},"modified":"2019-02-09T19:07:27","modified_gmt":"2019-02-09T18:07:27","slug":"ostale-informacije","status":"publish","type":"page","link":"https:\/\/www.ntf.uni-lj.si\/igt\/studij\/3-stopnja\/tekstilstvo-grafika-in-tekstilno-oblikovanje-dr\/ostale-informacije\/","title":{"rendered":"Na\u010din izvajanja in ocenjevanja"},"content":{"rendered":"<p>Doktorski \u0161tudijski program TGTO se izvaja kot redni \u0161tudij.<\/p>\n<p>V skladu s Statutom Univerze v Ljubljani se uspeh na izpitu ocenjuje z ocenami od 1 do 10, pri \u010demer za pozitivno oceno \u0161teje ocena od 6 do 10. Po programu bodo izpiti pisni in ustni, ocenjuje pa se tudi priprava in ustna predstavitev seminarjev.<\/p>\n","protected":false},"excerpt":{"rendered":"Doktorski \u0161tudijski program TGTO se izvaja kot redni \u0161tudij. V skladu s Statutom Univerze v Ljubljani se uspeh na izpitu ocenjuje z ocenami od 1 do 10, pri \u010demer za pozitivno oceno \u0161teje ocena od 6 do 10. Po programu bodo izpiti pisni in ustni, ocenjuje pa se tudi priprava in ustna predstavitev seminarjev.","protected":false},"author":22,"featured_media":0,"parent":551,"menu_order":30,"comment_status":"closed","ping_status":"closed","template":"","meta":[],"acf":[],"yoast_head":"<!-- This site is optimized with the Yoast SEO plugin v17.0 - https:\/\/yoast.com\/wordpress\/plugins\/seo\/ -->\n<meta name=\"description\" content=\"Doktorski \u0161tudijski program TGTO se izvaja kot redni \u0161tudij. V skladu s Statutom Univerze v Ljubljani se uspeh na izpitu ocenjuje z ocenami od 1 do 10,\" \/>\n<meta name=\"robots\" content=\"index, follow, max-snippet:-1, max-image-preview:large, max-video-preview:-1\" \/>\n<link rel=\"canonical\" href=\"https:\/\/www.ntf.uni-lj.si\/igt\/studij\/3-stopnja\/tekstilstvo-grafika-in-tekstilno-oblikovanje-dr\/ostale-informacije\/\" \/>\n<meta property=\"og:locale\" content=\"en_US\" \/>\n<meta property=\"og:type\" content=\"article\" \/>\n<meta property=\"og:title\" content=\"Na\u010din izvajanja in ocenjevanja - IGT\" \/>\n<meta property=\"og:description\" content=\"Doktorski \u0161tudijski program TGTO se izvaja kot redni \u0161tudij. V skladu s Statutom Univerze v Ljubljani se uspeh na izpitu ocenjuje z ocenami od 1 do 10,\" \/>\n<meta property=\"og:url\" content=\"https:\/\/www.ntf.uni-lj.si\/igt\/studij\/3-stopnja\/tekstilstvo-grafika-in-tekstilno-oblikovanje-dr\/ostale-informacije\/\" \/>\n<meta property=\"og:site_name\" content=\"IGT\" \/>\n<meta property=\"article:modified_time\" content=\"2019-02-09T18:07:27+00:00\" \/>\n<script type=\"application\/ld+json\" class=\"yoast-schema-graph\">{\"@context\":\"https:\/\/schema.org\",\"@graph\":[{\"@type\":\"WebSite\",\"@id\":\"https:\/\/www.ntf.uni-lj.si\/igt\/#website\",\"url\":\"https:\/\/www.ntf.uni-lj.si\/igt\/\",\"name\":\"IGT\",\"description\":\"Katedra za informacijsko in grafi\\u010dno tehnologijo\",\"potentialAction\":[{\"@type\":\"SearchAction\",\"target\":{\"@type\":\"EntryPoint\",\"urlTemplate\":\"https:\/\/www.ntf.uni-lj.si\/igt\/?s={search_term_string}\"},\"query-input\":\"required name=search_term_string\"}],\"inLanguage\":\"en-US\"},{\"@type\":\"WebPage\",\"@id\":\"https:\/\/www.ntf.uni-lj.si\/igt\/studij\/3-stopnja\/tekstilstvo-grafika-in-tekstilno-oblikovanje-dr\/ostale-informacije\/#webpage\",\"url\":\"https:\/\/www.ntf.uni-lj.si\/igt\/studij\/3-stopnja\/tekstilstvo-grafika-in-tekstilno-oblikovanje-dr\/ostale-informacije\/\",\"name\":\"Na\\u010din izvajanja in ocenjevanja - IGT\",\"isPartOf\":{\"@id\":\"https:\/\/www.ntf.uni-lj.si\/igt\/#website\"},\"datePublished\":\"2015-03-25T14:45:04+00:00\",\"dateModified\":\"2019-02-09T18:07:27+00:00\",\"description\":\"Doktorski \\u0161tudijski program TGTO se izvaja kot redni \\u0161tudij. V skladu s Statutom Univerze v Ljubljani se uspeh na izpitu ocenjuje z ocenami od 1 do 10,\",\"breadcrumb\":{\"@id\":\"https:\/\/www.ntf.uni-lj.si\/igt\/studij\/3-stopnja\/tekstilstvo-grafika-in-tekstilno-oblikovanje-dr\/ostale-informacije\/#breadcrumb\"},\"inLanguage\":\"en-US\",\"potentialAction\":[{\"@type\":\"ReadAction\",\"target\":[\"https:\/\/www.ntf.uni-lj.si\/igt\/studij\/3-stopnja\/tekstilstvo-grafika-in-tekstilno-oblikovanje-dr\/ostale-informacije\/\"]}]},{\"@type\":\"BreadcrumbList\",\"@id\":\"https:\/\/www.ntf.uni-lj.si\/igt\/studij\/3-stopnja\/tekstilstvo-grafika-in-tekstilno-oblikovanje-dr\/ostale-informacije\/#breadcrumb\",\"itemListElement\":[{\"@type\":\"ListItem\",\"position\":1,\"name\":\"Home\",\"item\":\"https:\/\/www.ntf.uni-lj.si\/igt\/\"},{\"@type\":\"ListItem\",\"position\":2,\"name\":\"\\u0160tudij\",\"item\":\"https:\/\/www.ntf.uni-lj.si\/igt\/studij\/\"},{\"@type\":\"ListItem\",\"position\":3,\"name\":\"3. stopnja\",\"item\":\"https:\/\/www.ntf.uni-lj.si\/igt\/studij\/3-stopnja\/\"},{\"@type\":\"ListItem\",\"position\":4,\"name\":\"Tekstilstvo, grafika in tekstilno oblikovanje (DR)\",\"item\":\"https:\/\/www.ntf.uni-lj.si\/igt\/studij\/3-stopnja\/tekstilstvo-grafika-in-tekstilno-oblikovanje-dr\/\"},{\"@type\":\"ListItem\",\"position\":5,\"name\":\"Na\\u010din izvajanja in ocenjevanja\"}]}]}<\/script>\n<!-- \/ Yoast SEO plugin. -->","yoast_head_json":{"description":"Doktorski \u0161tudijski program TGTO se izvaja kot redni \u0161tudij. V skladu s Statutom Univerze v Ljubljani se uspeh na izpitu ocenjuje z ocenami od 1 do 10,","robots":{"index":"index","follow":"follow","max-snippet":"max-snippet:-1","max-image-preview":"max-image-preview:large","max-video-preview":"max-video-preview:-1"},"canonical":"https:\/\/www.ntf.uni-lj.si\/igt\/studij\/3-stopnja\/tekstilstvo-grafika-in-tekstilno-oblikovanje-dr\/ostale-informacije\/","og_locale":"en_US","og_type":"article","og_title":"Na\u010din izvajanja in ocenjevanja - IGT","og_description":"Doktorski \u0161tudijski program TGTO se izvaja kot redni \u0161tudij. V skladu s Statutom Univerze v Ljubljani se uspeh na izpitu ocenjuje z ocenami od 1 do 10,","og_url":"https:\/\/www.ntf.uni-lj.si\/igt\/studij\/3-stopnja\/tekstilstvo-grafika-in-tekstilno-oblikovanje-dr\/ostale-informacije\/","og_site_name":"IGT","article_modified_time":"2019-02-09T18:07:27+00:00","schema":{"@context":"https:\/\/schema.org","@graph":[{"@type":"WebSite","@id":"https:\/\/www.ntf.uni-lj.si\/igt\/#website","url":"https:\/\/www.ntf.uni-lj.si\/igt\/","name":"IGT","description":"Katedra za informacijsko in grafi\u010dno tehnologijo","potentialAction":[{"@type":"SearchAction","target":{"@type":"EntryPoint","urlTemplate":"https:\/\/www.ntf.uni-lj.si\/igt\/?s={search_term_string}"},"query-input":"required name=search_term_string"}],"inLanguage":"en-US"},{"@type":"WebPage","@id":"https:\/\/www.ntf.uni-lj.si\/igt\/studij\/3-stopnja\/tekstilstvo-grafika-in-tekstilno-oblikovanje-dr\/ostale-informacije\/#webpage","url":"https:\/\/www.ntf.uni-lj.si\/igt\/studij\/3-stopnja\/tekstilstvo-grafika-in-tekstilno-oblikovanje-dr\/ostale-informacije\/","name":"Na\u010din izvajanja in ocenjevanja - IGT","isPartOf":{"@id":"https:\/\/www.ntf.uni-lj.si\/igt\/#website"},"datePublished":"2015-03-25T14:45:04+00:00","dateModified":"2019-02-09T18:07:27+00:00","description":"Doktorski \u0161tudijski program TGTO se izvaja kot redni \u0161tudij. V skladu s Statutom Univerze v Ljubljani se uspeh na izpitu ocenjuje z ocenami od 1 do 10,","breadcrumb":{"@id":"https:\/\/www.ntf.uni-lj.si\/igt\/studij\/3-stopnja\/tekstilstvo-grafika-in-tekstilno-oblikovanje-dr\/ostale-informacije\/#breadcrumb"},"inLanguage":"en-US","potentialAction":[{"@type":"ReadAction","target":["https:\/\/www.ntf.uni-lj.si\/igt\/studij\/3-stopnja\/tekstilstvo-grafika-in-tekstilno-oblikovanje-dr\/ostale-informacije\/"]}]},{"@type":"BreadcrumbList","@id":"https:\/\/www.ntf.uni-lj.si\/igt\/studij\/3-stopnja\/tekstilstvo-grafika-in-tekstilno-oblikovanje-dr\/ostale-informacije\/#breadcrumb","itemListElement":[{"@type":"ListItem","position":1,"name":"Home","item":"https:\/\/www.ntf.uni-lj.si\/igt\/"},{"@type":"ListItem","position":2,"name":"\u0160tudij","item":"https:\/\/www.ntf.uni-lj.si\/igt\/studij\/"},{"@type":"ListItem","position":3,"name":"3. stopnja","item":"https:\/\/www.ntf.uni-lj.si\/igt\/studij\/3-stopnja\/"},{"@type":"ListItem","position":4,"name":"Tekstilstvo, grafika in tekstilno oblikovanje (DR)","item":"https:\/\/www.ntf.uni-lj.si\/igt\/studij\/3-stopnja\/tekstilstvo-grafika-in-tekstilno-oblikovanje-dr\/"},{"@type":"ListItem","position":5,"name":"Na\u010din izvajanja in ocenjevanja"}]}]}},"_links":{"self":[{"href":"https:\/\/www.ntf.uni-lj.si\/igt\/wp-json\/wp\/v2\/pages\/4050"}],"collection":[{"href":"https:\/\/www.ntf.uni-lj.si\/igt\/wp-json\/wp\/v2\/pages"}],"about":[{"href":"https:\/\/www.ntf.uni-lj.si\/igt\/wp-json\/wp\/v2\/types\/page"}],"author":[{"embeddable":true,"href":"https:\/\/www.ntf.uni-lj.si\/igt\/wp-json\/wp\/v2\/users\/22"}],"replies":[{"embeddable":true,"href":"https:\/\/www.ntf.uni-lj.si\/igt\/wp-json\/wp\/v2\/comments?post=4050"}],"version-history":[{"count":5,"href":"https:\/\/www.ntf.uni-lj.si\/igt\/wp-json\/wp\/v2\/pages\/4050\/revisions"}],"predecessor-version":[{"id":19604,"href":"https:\/\/www.ntf.uni-lj.si\/igt\/wp-json\/wp\/v2\/pages\/4050\/revisions\/19604"}],"up":[{"embeddable":true,"href":"https:\/\/www.ntf.uni-lj.si\/igt\/wp-json\/wp\/v2\/pages\/551"}],"wp:attachment":[{"href":"https:\/\/www.ntf.uni-lj.si\/igt\/wp-json\/wp\/v2\/media?parent=4050"}],"curies":[{"name":"wp","href":"https:\/\/api.w.org\/{rel}","templated":true}]}}