{"id":6146,"date":"2015-07-08T18:53:32","date_gmt":"2015-07-08T16:53:32","guid":{"rendered":"http:\/\/www.ntf.uni-lj.si\/igt\/?page_id=6146"},"modified":"2024-03-14T09:46:33","modified_gmt":"2024-03-14T08:46:33","slug":"vizitka","status":"publish","type":"page","link":"https:\/\/www.ntf.uni-lj.si\/igt\/o-nas\/katedra-igt\/vizitka\/","title":{"rendered":"Vizitka"},"content":{"rendered":"<h4><strong>UNIVERZA V LJUBLJANI<\/strong><br \/>\n<strong>NARAVOSLOVNOTEHNI\u0160KA FAKULTETA<\/strong><br \/>\n<strong>ODDELEK ZA TEKSTILSTVO, GRAFIKO IN OBLIKOVANJE<\/strong><\/h4>\n<h4><strong>KATEDRA ZA INFORMACIJSKO IN GRAFI\u010cNO TEHNOLOGIJO<\/strong><\/h4>\n<p>Sne\u017eni\u0161ka ulica 5<br \/>\nSI-1000 Ljubljana<\/p>\n<p>Tel: 01\/20 03 200<br \/>\nFaks: 01\/20 03 270<br \/>\nE-po\u0161ta: <a href=\"mailto:igt@ntf.uni-lj.si\">igt@ntf.uni-lj.si<\/a><\/p>\n<p>Dav\u010dna \u0161tevilka: SI24405388<br \/>\nMati\u010dna \u0161tevilka: 1627074<br \/>\n\u0160ifra dejavnosti: 85.422<br \/>\nPodra\u010dun pri UJP: 01100-6030708186<\/p>\n<div style=\"height:15px; width:100%;\"><\/div>\n<h4><strong>VODSTVO KATEDRE<\/strong><\/h4>\n<p><strong>prof. dr. Ra\u0161a Urbas<\/strong><br \/>\n<em>predstojnica IGT<\/em><br \/>\nTel: 01\/20 03 283<br \/>\nE-po\u0161ta: <a href=\"mailto:rasa.urbas@ntf.uni-lj.si\">rasa.urbas@ntf.uni-lj.si<\/a><\/p>\n<div class=\"col-sm-10 no-padding no-padding\">\n<p><strong>doc. dr. Ur\u0161ka Vrabi\u010d Brodnjak<\/strong><br \/>\n<em>namestnica predstojnice KIGT<\/em><br \/>\nTel: 01\/20 03 282<br \/>\nE-po\u0161ta: <a href=\"mailto:urska.vrabic@ntf.uni-lj.si\">urska.vrabic@ntf.uni-lj.si<\/a><\/p>\n<\/div>\n<div class=\"col-sm-10 no-padding no-padding\">\n<p><strong>doc. dr. Sabina Bra\u010dko<\/strong><br \/>\n<em>namestnica predstojnice KIGT<\/em><br \/>\nTel: 01\/20 03 238<br \/>\nE-po\u0161ta: <a href=\"mailto:sabina.bracko@ntf.uni-lj.si\">sabina.bracko@ntf.uni-lj.si<\/a><\/p>\n<\/div>\n<div style=\"height:15px; width:100%;\"><\/div>\n","protected":false},"excerpt":{"rendered":"UNIVERZA V LJUBLJANI NARAVOSLOVNOTEHNI\u0160KA FAKULTETA ODDELEK ZA TEKSTILSTVO, GRAFIKO IN OBLIKOVANJE KATEDRA ZA INFORMACIJSKO IN GRAFI\u010cNO TEHNOLOGIJO Sne\u017eni\u0161ka ulica 5 SI-1000 Ljubljana Tel: 01\/20 03 200 Faks: 01\/20 03 270 E-po\u0161ta: igt@ntf.uni-lj.si Dav\u010dna \u0161tevilka: SI24405388 Mati\u010dna \u0161tevilka: 1627074 \u0160ifra dejavnosti: 85.422 Podra\u010dun pri UJP: 01100-6030708186 VODSTVO KATEDRE prof. dr. Ra\u0161a Urbas predstojnica IGT Tel: 01\/20 &#8230; <a class=\"view-article\" href=\"https:\/\/www.ntf.uni-lj.si\/igt\/o-nas\/katedra-igt\/vizitka\/\">Read more<\/a>","protected":false},"author":22,"featured_media":0,"parent":1299,"menu_order":20,"comment_status":"closed","ping_status":"closed","template":"","meta":[],"acf":[],"yoast_head":"<!-- This site is optimized with the Yoast SEO plugin v17.0 - https:\/\/yoast.com\/wordpress\/plugins\/seo\/ -->\n<meta name=\"description\" content=\"UNIVERZA V LJUBLJANI NARAVOSLOVNOTEHNI\u0160KA FAKULTETA ODDELEK ZA TEKSTILSTVO, GRAFIKO IN OBLIKOVANJE KATEDRA ZA INFORMACIJSKO IN GRAFI\u010cNO TEHNOLOGIJO\" \/>\n<meta name=\"robots\" content=\"index, follow, max-snippet:-1, max-image-preview:large, max-video-preview:-1\" \/>\n<link rel=\"canonical\" href=\"https:\/\/www.ntf.uni-lj.si\/igt\/o-nas\/katedra-igt\/vizitka\/\" \/>\n<meta property=\"og:locale\" content=\"en_US\" \/>\n<meta property=\"og:type\" content=\"article\" \/>\n<meta property=\"og:title\" content=\"Vizitka - IGT\" \/>\n<meta property=\"og:description\" content=\"UNIVERZA V LJUBLJANI NARAVOSLOVNOTEHNI\u0160KA FAKULTETA ODDELEK ZA TEKSTILSTVO, GRAFIKO IN OBLIKOVANJE KATEDRA ZA INFORMACIJSKO IN GRAFI\u010cNO TEHNOLOGIJO\" \/>\n<meta property=\"og:url\" content=\"https:\/\/www.ntf.uni-lj.si\/igt\/o-nas\/katedra-igt\/vizitka\/\" \/>\n<meta property=\"og:site_name\" content=\"IGT\" \/>\n<meta property=\"article:modified_time\" content=\"2024-03-14T08:46:33+00:00\" \/>\n<meta name=\"twitter:label1\" content=\"Est. reading time\" \/>\n\t<meta name=\"twitter:data1\" content=\"1 minute\" \/>\n<script type=\"application\/ld+json\" class=\"yoast-schema-graph\">{\"@context\":\"https:\/\/schema.org\",\"@graph\":[{\"@type\":\"WebSite\",\"@id\":\"https:\/\/www.ntf.uni-lj.si\/igt\/#website\",\"url\":\"https:\/\/www.ntf.uni-lj.si\/igt\/\",\"name\":\"IGT\",\"description\":\"Katedra za informacijsko in grafi\\u010dno tehnologijo\",\"potentialAction\":[{\"@type\":\"SearchAction\",\"target\":{\"@type\":\"EntryPoint\",\"urlTemplate\":\"https:\/\/www.ntf.uni-lj.si\/igt\/?s={search_term_string}\"},\"query-input\":\"required name=search_term_string\"}],\"inLanguage\":\"en-US\"},{\"@type\":\"WebPage\",\"@id\":\"https:\/\/www.ntf.uni-lj.si\/igt\/o-nas\/katedra-igt\/vizitka\/#webpage\",\"url\":\"https:\/\/www.ntf.uni-lj.si\/igt\/o-nas\/katedra-igt\/vizitka\/\",\"name\":\"Vizitka - IGT\",\"isPartOf\":{\"@id\":\"https:\/\/www.ntf.uni-lj.si\/igt\/#website\"},\"datePublished\":\"2015-07-08T16:53:32+00:00\",\"dateModified\":\"2024-03-14T08:46:33+00:00\",\"description\":\"UNIVERZA V LJUBLJANI NARAVOSLOVNOTEHNI\\u0160KA FAKULTETA ODDELEK ZA TEKSTILSTVO, GRAFIKO IN OBLIKOVANJE KATEDRA ZA INFORMACIJSKO IN GRAFI\\u010cNO TEHNOLOGIJO\",\"breadcrumb\":{\"@id\":\"https:\/\/www.ntf.uni-lj.si\/igt\/o-nas\/katedra-igt\/vizitka\/#breadcrumb\"},\"inLanguage\":\"en-US\",\"potentialAction\":[{\"@type\":\"ReadAction\",\"target\":[\"https:\/\/www.ntf.uni-lj.si\/igt\/o-nas\/katedra-igt\/vizitka\/\"]}]},{\"@type\":\"BreadcrumbList\",\"@id\":\"https:\/\/www.ntf.uni-lj.si\/igt\/o-nas\/katedra-igt\/vizitka\/#breadcrumb\",\"itemListElement\":[{\"@type\":\"ListItem\",\"position\":1,\"name\":\"Home\",\"item\":\"https:\/\/www.ntf.uni-lj.si\/igt\/\"},{\"@type\":\"ListItem\",\"position\":2,\"name\":\"O nas\",\"item\":\"https:\/\/www.ntf.uni-lj.si\/igt\/o-nas\/\"},{\"@type\":\"ListItem\",\"position\":3,\"name\":\"Katedra IGT\",\"item\":\"https:\/\/www.ntf.uni-lj.si\/igt\/o-nas\/katedra-igt\/\"},{\"@type\":\"ListItem\",\"position\":4,\"name\":\"Vizitka\"}]}]}<\/script>\n<!-- \/ Yoast SEO plugin. -->","yoast_head_json":{"description":"UNIVERZA V LJUBLJANI NARAVOSLOVNOTEHNI\u0160KA FAKULTETA ODDELEK ZA TEKSTILSTVO, GRAFIKO IN OBLIKOVANJE KATEDRA ZA INFORMACIJSKO IN GRAFI\u010cNO TEHNOLOGIJO","robots":{"index":"index","follow":"follow","max-snippet":"max-snippet:-1","max-image-preview":"max-image-preview:large","max-video-preview":"max-video-preview:-1"},"canonical":"https:\/\/www.ntf.uni-lj.si\/igt\/o-nas\/katedra-igt\/vizitka\/","og_locale":"en_US","og_type":"article","og_title":"Vizitka - IGT","og_description":"UNIVERZA V LJUBLJANI NARAVOSLOVNOTEHNI\u0160KA FAKULTETA ODDELEK ZA TEKSTILSTVO, GRAFIKO IN OBLIKOVANJE KATEDRA ZA INFORMACIJSKO IN GRAFI\u010cNO TEHNOLOGIJO","og_url":"https:\/\/www.ntf.uni-lj.si\/igt\/o-nas\/katedra-igt\/vizitka\/","og_site_name":"IGT","article_modified_time":"2024-03-14T08:46:33+00:00","twitter_misc":{"Est. reading time":"1 minute"},"schema":{"@context":"https:\/\/schema.org","@graph":[{"@type":"WebSite","@id":"https:\/\/www.ntf.uni-lj.si\/igt\/#website","url":"https:\/\/www.ntf.uni-lj.si\/igt\/","name":"IGT","description":"Katedra za informacijsko in grafi\u010dno tehnologijo","potentialAction":[{"@type":"SearchAction","target":{"@type":"EntryPoint","urlTemplate":"https:\/\/www.ntf.uni-lj.si\/igt\/?s={search_term_string}"},"query-input":"required name=search_term_string"}],"inLanguage":"en-US"},{"@type":"WebPage","@id":"https:\/\/www.ntf.uni-lj.si\/igt\/o-nas\/katedra-igt\/vizitka\/#webpage","url":"https:\/\/www.ntf.uni-lj.si\/igt\/o-nas\/katedra-igt\/vizitka\/","name":"Vizitka - IGT","isPartOf":{"@id":"https:\/\/www.ntf.uni-lj.si\/igt\/#website"},"datePublished":"2015-07-08T16:53:32+00:00","dateModified":"2024-03-14T08:46:33+00:00","description":"UNIVERZA V LJUBLJANI NARAVOSLOVNOTEHNI\u0160KA FAKULTETA ODDELEK ZA TEKSTILSTVO, GRAFIKO IN OBLIKOVANJE KATEDRA ZA INFORMACIJSKO IN GRAFI\u010cNO TEHNOLOGIJO","breadcrumb":{"@id":"https:\/\/www.ntf.uni-lj.si\/igt\/o-nas\/katedra-igt\/vizitka\/#breadcrumb"},"inLanguage":"en-US","potentialAction":[{"@type":"ReadAction","target":["https:\/\/www.ntf.uni-lj.si\/igt\/o-nas\/katedra-igt\/vizitka\/"]}]},{"@type":"BreadcrumbList","@id":"https:\/\/www.ntf.uni-lj.si\/igt\/o-nas\/katedra-igt\/vizitka\/#breadcrumb","itemListElement":[{"@type":"ListItem","position":1,"name":"Home","item":"https:\/\/www.ntf.uni-lj.si\/igt\/"},{"@type":"ListItem","position":2,"name":"O nas","item":"https:\/\/www.ntf.uni-lj.si\/igt\/o-nas\/"},{"@type":"ListItem","position":3,"name":"Katedra IGT","item":"https:\/\/www.ntf.uni-lj.si\/igt\/o-nas\/katedra-igt\/"},{"@type":"ListItem","position":4,"name":"Vizitka"}]}]}},"_links":{"self":[{"href":"https:\/\/www.ntf.uni-lj.si\/igt\/wp-json\/wp\/v2\/pages\/6146"}],"collection":[{"href":"https:\/\/www.ntf.uni-lj.si\/igt\/wp-json\/wp\/v2\/pages"}],"about":[{"href":"https:\/\/www.ntf.uni-lj.si\/igt\/wp-json\/wp\/v2\/types\/page"}],"author":[{"embeddable":true,"href":"https:\/\/www.ntf.uni-lj.si\/igt\/wp-json\/wp\/v2\/users\/22"}],"replies":[{"embeddable":true,"href":"https:\/\/www.ntf.uni-lj.si\/igt\/wp-json\/wp\/v2\/comments?post=6146"}],"version-history":[{"count":25,"href":"https:\/\/www.ntf.uni-lj.si\/igt\/wp-json\/wp\/v2\/pages\/6146\/revisions"}],"predecessor-version":[{"id":35665,"href":"https:\/\/www.ntf.uni-lj.si\/igt\/wp-json\/wp\/v2\/pages\/6146\/revisions\/35665"}],"up":[{"embeddable":true,"href":"https:\/\/www.ntf.uni-lj.si\/igt\/wp-json\/wp\/v2\/pages\/1299"}],"wp:attachment":[{"href":"https:\/\/www.ntf.uni-lj.si\/igt\/wp-json\/wp\/v2\/media?parent=6146"}],"curies":[{"name":"wp","href":"https:\/\/api.w.org\/{rel}","templated":true}]}}