{"id":13955,"date":"2020-01-23T13:25:46","date_gmt":"2020-01-23T12:25:46","guid":{"rendered":"http:\/\/www.ntf.uni-lj.si\/ntf\/?page_id=13955"},"modified":"2026-02-03T14:49:38","modified_gmt":"2026-02-03T13:49:38","slug":"vpis","status":"publish","type":"page","link":"https:\/\/www.ntf.uni-lj.si\/ntf\/vpis\/","title":{"rendered":"Vpis"},"content":{"rendered":"<p>Na <strong>Naravoslovnotehni\u0161ki fakulteti<\/strong> lahko izbirate med \u0161tudiji \u0161estih razli\u010dnih smeri.<\/p>\n<p>Kljub raznolikosti \u0161tudijskih programov, pa jim je skupen <strong>prakti\u010den pristop<\/strong> k u\u010dnemu procesu, ki poteka v <strong>manj\u0161ih skupinah<\/strong>, mo\u017enost <strong>mednarodnih izmenjav<\/strong>, vklju\u010devanje v \u0161tevilne <strong>projekte<\/strong> v \u010dasu \u0161tudija, <strong>sodelovanje z gospodarstvom<\/strong> ter nenazadnje <strong>dobre zaposlitvene mo\u017enosti<\/strong>.<\/p>\n<p>Na Naravoslovnotehni\u0161ki fakulteti lahko pridobi\u0161\u00a0<strong>znanja in kompetence<\/strong>, saj izvajamo \u0161tudijske programe na vseh omenjenih smereh \u0161tudija na prvi, drugi in tretji stopnji.<\/p>\n<p><strong>Pogoje za vpis na posamezne UN programe<\/strong> za \u0161tudijsko leto 2026\/27, ki se izvajajo na Naravoslovnotehni\u0161ki fakulteti, najdete na<span style=\"color: #000000\"> <a style=\"color: #000000\" href=\"https:\/\/www.ntf.uni-lj.si\/ntf\/news\/18488\/?preview=true\">tej strani<\/a>.<\/span><\/p>\n<p><strong>Navodila Ministrstva<\/strong> za visoko \u0161olstvo, znanost in inovacije so objavljena <a href=\"https:\/\/www.gov.si\/zbirke\/storitve\/vpis-v-visokosolski-studij\/\">tukaj<\/a>.<\/p>\n<p><strong>Razpis za vpis<\/strong> na \u0161tudijske programe prve stopnje je <strong>objavljen<\/strong> na <a href=\"https:\/\/www.gov.si\/zbirke\/javne-objave\/razpis-za-vpis-v-dodiplomske-in-enovite-magistrske-studijske-programe-v-studijskem-letu-2026-2027\/\">tej strani<\/a>.<\/p>\n<p><strong>Prijava na \u0161tudij se izpolni elektronsko na <a href=\"https:\/\/www.gov.si\/zbirke\/storitve\/vpis-v-visokosolski-studij\/\">tej strani<\/a>.<\/strong><\/p>\n<p>Zbrane klju\u010dne informacije najdete v dokumentu na dnu spletne strani.<\/p>\n<h2><em><span style=\"color: #000000\"><b>Vpis na prvo stopnjo:<\/b><\/span><\/em><\/h2>\n<ul>\n<li>\n<h3><span style=\"color: #000000\"><em><b>Prijavni roki za slovenske dr\u017eavljane in dr\u017eavljane dr\u017eav \u010dlanic EU ter Slovence v zamejstvu in po svetu (vpis v prvi letnik)<\/b><\/em><\/span><\/h3>\n<\/li>\n<\/ul>\n<p><span style=\"color: #000000\"><strong>Informativni dnevi<\/strong> bodo potekali <strong>13. in 14. februarja 2026.<\/strong> Ve\u010d informacij si lahko preberete na <span style=\"color: #ff0000\"><a style=\"color: #ff0000\" href=\"https:\/\/www.ntf.uni-lj.si\/ntf\/news\/informativni-dnevi-2026-na-naravoslovnotehniski-fakulteti-ul\/\">tej strani<\/a><\/span>. Dodatne informacije bodo objavljene tudi na strani <a style=\"color: #000000\" href=\"https:\/\/www.uni-lj.si\/studij\/prijavno-sprejemni-postopki\/dodipl\/\"><span style=\"color: #ff0000\">Visoko\u0161olske prijavno-vpisne slu\u017ebe<\/span>.<\/a><\/span><\/p>\n<p><span style=\"color: #000000\"><strong><em>Prvi prijavni rok<\/em><\/strong> bo potekal <strong>od 18. februarja do 18. marca 2026<\/strong><strong>.<\/strong><\/span><\/p>\n<p><span style=\"color: #000000\"><strong><em>Drugi prijavni rok<\/em><\/strong> bo potekal od <strong>20. do 27. avgusta 2026<\/strong> (prosta mesta bodo objavljena 19. avgusta 2026 na spletni strani <a href=\"https:\/\/www.uni-lj.si\/studij\/dodiplomski-in-enoviti-magistrski-studij\/razpis-za-vpis\">Visoko\u0161olske prijavno-vpisne slu\u017ebe UL<\/a>)<\/span><\/p>\n<ul>\n<li>\n<h3><span style=\"color: #000000\"><em><strong>Prijavni rok za \u0161tudijske programe prve stopnje za tuje dr\u017eavljane iz dr\u017eav ne\u010dlanic EU (vpis v prvi letnik)<\/strong><\/em><\/span><\/h3>\n<\/li>\n<\/ul>\n<p>Ve\u010d informacij o vpisu najdete na strani<span style=\"color: #ff0000\"> <a style=\"color: #ff0000\" href=\"https:\/\/www.uni-lj.si\/studij\/prijavno-sprejemni-postopki\/dodipl\/\">Visoko\u0161olske prijavno-vpisne slu\u017ebe<\/a><\/span><\/p>\n<p>Dodatne informacije najdete tudi na strani <a href=\"https:\/\/studyinslovenia.si\/\">Study in Slovenia<\/a>. Na njihovi spletni strani je tudi informacija o <a href=\"https:\/\/www.uni-lj.si\/en\/news\/meet-us-online\">informativnih dnevih za tujce<\/a>.<\/p>\n<p><strong>Intervju za kandidate iz dr\u017eav z vi\u0161jim migracijskim tveganjem<\/strong><br \/>\nIntervju o primernosti za vpis v \u0161tudijski program glede na vpisne pogoje morajo opraviti kandidati, ki so dr\u017eavljani dr\u017eav z vi\u0161jim migracijskim tveganjem in pri prehodu zunanjih meja Evropske unije potrebujejo vizume. Kandidati bodo podrobnej\u0161e informacije o izvedbi intervjuja prejeli iz strani visoko\u0161olskih zavodov po preteku roka za prijavo.<\/p>\n<p><span style=\"color: #000000\"><strong><em>Prvi prijavni rok<\/em><\/strong> bo potekal <strong>od 18. februarja do 18. marca 2026<\/strong><strong>.<\/strong><\/span><\/p>\n<p><span style=\"color: #000000\"><strong><em>Drugi prijavni rok <\/em><\/strong>bo potekal <strong>2. in 3. septembra 2026.<\/strong><\/span><\/p>\n<p>V drugem prijavnem roku 2. in 3. septembra 2026 se na \u0161e prosta vpisna mesta lahko prijavijo le kandidati\/-ke, ki imajo sklep o priznavanju tujega srednje\u0161olskega izobra\u017eevanja, izdan v prvem prijavnem roku na Univerzi v Ljubljani in niso vpisani v \u0161tudijski program po zaklju\u010denem izbirnem postopku v tem \u0161tudijskem letu.<\/p>\n<p>Poleg teh se lahko prijavijo kandidati\/-ke:<\/p>\n<p>\u2022 z odlo\u010dbo o priznavanju tujega srednje\u0161olskega izobra\u017eevanja, izdano do leta 2005,<br \/>\n\u2022 z mednarodno maturo in evropsko maturo,<br \/>\n\u2022 s kon\u010dano srednjo \u0161olo v SFRJ pred 25. 6. 1991,<br \/>\n\u2022 z odlo\u010dbo o priznavanju tujega srednje\u0161olskega izobra\u017eevanja, izdano pri drugih univerzah in samostojnih visoko\u0161olskih zavodih v Sloveniji s trajno veljavo.<\/p>\n<ul>\n<li>\n<h3><strong><span style=\"color: #000000\"><em>Leto plus<\/em><\/span><\/strong><\/h3>\n<\/li>\n<\/ul>\n<p style=\"padding-left: 40px\">Univerza v Ljubljani v okviru Leta plus \u0161tudentom prve in druge stopnje \u0161tudija nudi intenzivno u\u010denje sloven\u0161\u010dine. Pred vpisom v Leto plus mora biti \u0161tudent obvezno vpisan v enega od \u0161tudijskih programov Univerze v Ljubljani.<br \/>\nVe\u010d informacij si lahko preberete na <a href=\"https:\/\/www.uni-lj.si\/studij\/dodiplomski-in-enoviti-magistrski-studij\/leto-plus\">spletni strani Univerze v Ljubljani<\/a>.<\/p>\n<ul>\n<li>\n<h3><span style=\"color: #000000\"><em><strong>Prijava za vpis v vi\u0161ji letnik (po merilih za prehode oz. po pogojih za hitrej\u0161e napredovanje)<\/strong><\/em><\/span><\/h3>\n<\/li>\n<\/ul>\n<p>Prijavni rok bo odprt od 1. do 8. septembra 2026.<br \/>\n\u0160tudenti, ki se prijavljajo na programe, kjer se preverjajo posebne nadarjenosti, sposobnosti in spretnosti, morajo prijavo oddati od 18. februarja do 18. marca 2026. Prijavni rok je odprt za vse kandidate.<br \/>\nKandidati, ki se prijavljajo za vpis v vi\u0161ji letnik, morajo izpolnjevati tudi pogoje za vpis v prvi letnik \u0161tudijskega programa, kamor se \u017eelijo vpisati. Letnik, v katerega se kandidat vpi\u0161e, dolo\u010di visoko\u0161olski zavod, ne glede na letnik, ki ga je kandidat izbral v prijavi za vpis.<\/p>\n<ul>\n<li>\n<h3><span style=\"color: #000000\"><em><strong>Vzporedni \u0161tudij<\/strong><\/em><\/span><\/h3>\n<\/li>\n<\/ul>\n<p>Prijavni rok bo odprt od 1. do 8. septembra 2026. \u0160tudenti, ki se prijavljajo na programe, kjer se preverjajo posebne nadarjenosti, sposobnosti in spretnosti, morajo prijavo oddati od 18. februarja do 18. marca 2026. Prijavijo se lahko dr\u017eavljani RS in dr\u017eavljani dr\u017eav \u010dlanic EU ter Slovenci brez slovenskega dr\u017eavljanstva.<\/p>\n<h2><em><span style=\"color: #000000\"><strong>Vpis na drugo in tretjo stopnjo:<\/strong><\/span><\/em><\/h2>\n<p>Razpis bo objavljen predvidoma v mesecu marcu 2026.<\/p>\n<p><span style=\"color: #ff0000\"><span style=\"color: #000000\"><b>Prijavni rok za \u0161tudijske programe druge in tretje stopnje<\/b> bo potekal <strong>do 1.9.2026<\/strong><\/span><\/span><strong>.<\/strong> Prijavo na izbrani \u0161tudijski program morate oddati tudi, \u010de ob vnosu prijave \u0161e niste zaklju\u010dili \u0161tudija. Potrdilo o zaklju\u010dku \u0161tudija morate nalo\u017eiti v eV\u0160 (slednje velja samo za \u0161tudente, ki \u0161tudija niste zaklju\u010dili na NTF).<\/p>\n<p><strong>Prijava na \u0161tudij se izpolni elektronsko na <a href=\"https:\/\/www.gov.si\/zbirke\/storitve\/vpis-v-visokosolski-studij\/\">tej strani<\/a>.<\/strong><\/p>\n<p>&nbsp;<\/p>\n","protected":false},"excerpt":{"rendered":"Na Naravoslovnotehni\u0161ki fakulteti lahko izbirate med \u0161tudiji \u0161estih razli\u010dnih smeri. Kljub raznolikosti \u0161tudijskih programov, pa jim je skupen prakti\u010den pristop k u\u010dnemu procesu, ki poteka v manj\u0161ih skupinah, mo\u017enost mednarodnih izmenjav, vklju\u010devanje v \u0161tevilne projekte v \u010dasu \u0161tudija, sodelovanje z gospodarstvom ter nenazadnje dobre zaposlitvene mo\u017enosti. Na Naravoslovnotehni\u0161ki fakulteti lahko pridobi\u0161\u00a0znanja in kompetence, saj izvajamo &#8230; <a class=\"view-article\" href=\"https:\/\/www.ntf.uni-lj.si\/ntf\/vpis\/\">Read more<\/a>","protected":false},"author":221,"featured_media":0,"parent":0,"menu_order":429,"comment_status":"closed","ping_status":"closed","template":"","meta":[],"acf":[],"yoast_head":"<!-- This site is optimized with the Yoast SEO plugin v17.0 - https:\/\/yoast.com\/wordpress\/plugins\/seo\/ -->\n<meta name=\"robots\" content=\"index, follow, max-snippet:-1, max-image-preview:large, max-video-preview:-1\" \/>\n<link rel=\"canonical\" href=\"https:\/\/www.ntf.uni-lj.si\/ntf\/vpis\/\" \/>\n<meta property=\"og:locale\" content=\"en_US\" \/>\n<meta property=\"og:type\" content=\"article\" \/>\n<meta property=\"og:title\" content=\"Vpis - NTF\" \/>\n<meta property=\"og:description\" content=\"Na Naravoslovnotehni\u0161ki fakulteti lahko izbirate med \u0161tudiji \u0161estih razli\u010dnih smeri. Kljub raznolikosti \u0161tudijskih programov, pa jim je skupen prakti\u010den pristop k u\u010dnemu procesu, ki poteka v manj\u0161ih skupinah, mo\u017enost mednarodnih izmenjav, vklju\u010devanje v \u0161tevilne projekte v \u010dasu \u0161tudija, sodelovanje z gospodarstvom ter nenazadnje dobre zaposlitvene mo\u017enosti. Na Naravoslovnotehni\u0161ki fakulteti lahko pridobi\u0161\u00a0znanja in kompetence, saj izvajamo ... Read more\" \/>\n<meta property=\"og:url\" content=\"https:\/\/www.ntf.uni-lj.si\/ntf\/vpis\/\" \/>\n<meta property=\"og:site_name\" content=\"NTF\" \/>\n<meta property=\"article:modified_time\" content=\"2026-02-03T13:49:38+00:00\" \/>\n<meta name=\"twitter:label1\" content=\"Est. reading time\" \/>\n\t<meta name=\"twitter:data1\" content=\"3 minutes\" \/>\n<script type=\"application\/ld+json\" class=\"yoast-schema-graph\">{\"@context\":\"https:\/\/schema.org\",\"@graph\":[{\"@type\":\"WebSite\",\"@id\":\"https:\/\/www.ntf.uni-lj.si\/ntf\/#website\",\"url\":\"https:\/\/www.ntf.uni-lj.si\/ntf\/\",\"name\":\"NTF\",\"description\":\"Naravoslovnotehni\\u0161ka fakulteta\",\"potentialAction\":[{\"@type\":\"SearchAction\",\"target\":{\"@type\":\"EntryPoint\",\"urlTemplate\":\"https:\/\/www.ntf.uni-lj.si\/ntf\/?s={search_term_string}\"},\"query-input\":\"required name=search_term_string\"}],\"inLanguage\":\"en-US\"},{\"@type\":\"WebPage\",\"@id\":\"https:\/\/www.ntf.uni-lj.si\/ntf\/vpis\/#webpage\",\"url\":\"https:\/\/www.ntf.uni-lj.si\/ntf\/vpis\/\",\"name\":\"Vpis - NTF\",\"isPartOf\":{\"@id\":\"https:\/\/www.ntf.uni-lj.si\/ntf\/#website\"},\"datePublished\":\"2020-01-23T12:25:46+00:00\",\"dateModified\":\"2026-02-03T13:49:38+00:00\",\"breadcrumb\":{\"@id\":\"https:\/\/www.ntf.uni-lj.si\/ntf\/vpis\/#breadcrumb\"},\"inLanguage\":\"en-US\",\"potentialAction\":[{\"@type\":\"ReadAction\",\"target\":[\"https:\/\/www.ntf.uni-lj.si\/ntf\/vpis\/\"]}]},{\"@type\":\"BreadcrumbList\",\"@id\":\"https:\/\/www.ntf.uni-lj.si\/ntf\/vpis\/#breadcrumb\",\"itemListElement\":[{\"@type\":\"ListItem\",\"position\":1,\"name\":\"Domov\",\"item\":\"https:\/\/www.ntf.uni-lj.si\/ntf\/\"},{\"@type\":\"ListItem\",\"position\":2,\"name\":\"Vpis\"}]}]}<\/script>\n<!-- \/ Yoast SEO plugin. -->","yoast_head_json":{"robots":{"index":"index","follow":"follow","max-snippet":"max-snippet:-1","max-image-preview":"max-image-preview:large","max-video-preview":"max-video-preview:-1"},"canonical":"https:\/\/www.ntf.uni-lj.si\/ntf\/vpis\/","og_locale":"en_US","og_type":"article","og_title":"Vpis - NTF","og_description":"Na Naravoslovnotehni\u0161ki fakulteti lahko izbirate med \u0161tudiji \u0161estih razli\u010dnih smeri. Kljub raznolikosti \u0161tudijskih programov, pa jim je skupen prakti\u010den pristop k u\u010dnemu procesu, ki poteka v manj\u0161ih skupinah, mo\u017enost mednarodnih izmenjav, vklju\u010devanje v \u0161tevilne projekte v \u010dasu \u0161tudija, sodelovanje z gospodarstvom ter nenazadnje dobre zaposlitvene mo\u017enosti. Na Naravoslovnotehni\u0161ki fakulteti lahko pridobi\u0161\u00a0znanja in kompetence, saj izvajamo ... Read more","og_url":"https:\/\/www.ntf.uni-lj.si\/ntf\/vpis\/","og_site_name":"NTF","article_modified_time":"2026-02-03T13:49:38+00:00","twitter_misc":{"Est. reading time":"3 minutes"},"schema":{"@context":"https:\/\/schema.org","@graph":[{"@type":"WebSite","@id":"https:\/\/www.ntf.uni-lj.si\/ntf\/#website","url":"https:\/\/www.ntf.uni-lj.si\/ntf\/","name":"NTF","description":"Naravoslovnotehni\u0161ka fakulteta","potentialAction":[{"@type":"SearchAction","target":{"@type":"EntryPoint","urlTemplate":"https:\/\/www.ntf.uni-lj.si\/ntf\/?s={search_term_string}"},"query-input":"required name=search_term_string"}],"inLanguage":"en-US"},{"@type":"WebPage","@id":"https:\/\/www.ntf.uni-lj.si\/ntf\/vpis\/#webpage","url":"https:\/\/www.ntf.uni-lj.si\/ntf\/vpis\/","name":"Vpis - NTF","isPartOf":{"@id":"https:\/\/www.ntf.uni-lj.si\/ntf\/#website"},"datePublished":"2020-01-23T12:25:46+00:00","dateModified":"2026-02-03T13:49:38+00:00","breadcrumb":{"@id":"https:\/\/www.ntf.uni-lj.si\/ntf\/vpis\/#breadcrumb"},"inLanguage":"en-US","potentialAction":[{"@type":"ReadAction","target":["https:\/\/www.ntf.uni-lj.si\/ntf\/vpis\/"]}]},{"@type":"BreadcrumbList","@id":"https:\/\/www.ntf.uni-lj.si\/ntf\/vpis\/#breadcrumb","itemListElement":[{"@type":"ListItem","position":1,"name":"Domov","item":"https:\/\/www.ntf.uni-lj.si\/ntf\/"},{"@type":"ListItem","position":2,"name":"Vpis"}]}]}},"_links":{"self":[{"href":"https:\/\/www.ntf.uni-lj.si\/ntf\/wp-json\/wp\/v2\/pages\/13955"}],"collection":[{"href":"https:\/\/www.ntf.uni-lj.si\/ntf\/wp-json\/wp\/v2\/pages"}],"about":[{"href":"https:\/\/www.ntf.uni-lj.si\/ntf\/wp-json\/wp\/v2\/types\/page"}],"author":[{"embeddable":true,"href":"https:\/\/www.ntf.uni-lj.si\/ntf\/wp-json\/wp\/v2\/users\/221"}],"replies":[{"embeddable":true,"href":"https:\/\/www.ntf.uni-lj.si\/ntf\/wp-json\/wp\/v2\/comments?post=13955"}],"version-history":[{"count":163,"href":"https:\/\/www.ntf.uni-lj.si\/ntf\/wp-json\/wp\/v2\/pages\/13955\/revisions"}],"predecessor-version":[{"id":32344,"href":"https:\/\/www.ntf.uni-lj.si\/ntf\/wp-json\/wp\/v2\/pages\/13955\/revisions\/32344"}],"wp:attachment":[{"href":"https:\/\/www.ntf.uni-lj.si\/ntf\/wp-json\/wp\/v2\/media?parent=13955"}],"curies":[{"name":"wp","href":"https:\/\/api.w.org\/{rel}","templated":true}]}}