{"id":16515,"date":"2020-11-12T08:47:47","date_gmt":"2020-11-12T07:47:47","guid":{"rendered":"http:\/\/www.ntf.uni-lj.si\/ntf\/?page_id=16515"},"modified":"2024-06-06T12:36:05","modified_gmt":"2024-06-06T10:36:05","slug":"izobrazevalne-delavnice-moodle-teams-zoom","status":"publish","type":"page","link":"https:\/\/www.ntf.uni-lj.si\/ntf\/o-fakulteti\/strokovne-sluzbe\/sluzba-za-informatiko\/izobrazevalne-delavnice-moodle-teams-zoom\/","title":{"rendered":"Izobra\u017eevalne delavnice"},"content":{"rendered":"<p>UL pripravlja mnogo spletnih izobra\u017eevanj in delavnic. Seznami so na straneh<\/p>\n<p><a href=\"http:\/\/www.inovup.si\/\">Inovativno u\u010denje in pou\u010devanje v visokem \u0161olstvu<\/a><a href=\"https:\/\/www.ntf.uni-lj.si\/ntf\/wp-content\/uploads\/sites\/2\/2020\/11\/INOVUP.jpg\"><img loading=\"lazy\" width=\"93\" height=\"60\" class=\"size-full wp-image-17132 alignnone\" src=\"https:\/\/www.ntf.uni-lj.si\/ntf\/wp-content\/uploads\/sites\/2\/2020\/11\/INOVUP.jpg\" alt=\"\" \/><\/a><\/p>\n<p><a href=\"https:\/\/digitalna.uni-lj.si\/\">Center Digitalna Univerza<\/a>\u00a0<a href=\"https:\/\/www.ntf.uni-lj.si\/ntf\/wp-content\/uploads\/sites\/2\/2020\/11\/digitalna-ul.jpg\"><img loading=\"lazy\" width=\"132\" height=\"87\" class=\"size-full wp-image-17133 alignnone\" src=\"https:\/\/www.ntf.uni-lj.si\/ntf\/wp-content\/uploads\/sites\/2\/2020\/11\/digitalna-ul.jpg\" alt=\"\" \/><\/a><\/p>\n<p>&nbsp;<\/p>\n<p>Posebej za NTF v sodelovanju s <a href=\"https:\/\/digitalna.uni-lj.si\/\">Centrom Digitalna UL<\/a> nudimo razli\u010dne delavnice uporabe digitalnih orodij za izvajanje on-line izobra\u017eevanja, spletnih storitev&#8230;<\/p>\n<p><strong>NTF skupino za izobra\u017eevalne delavnice sestavljamo:<\/strong><\/p>\n<ul>\n<li>Andrej U\u010dakar<\/li>\n<li>Petra \u017dvab Ro\u017ei\u010d<\/li>\n<li>Ur\u0161ka Stankovi\u0107 Elesini<\/li>\n<li>Bojana Boh Podgornik<\/li>\n<li>Danica Dolni\u010dar<\/li>\n<li>Matej Fister<\/li>\n<\/ul>\n<p>Vpra\u0161anja glede te\u010dajev, pomo\u010di pri uporabi aplikacij Teams, Zoom, Office&#8230; po\u0161ljite na <a href=\"mailto:helpdesk-moodle@ntf.uni-lj.si\">helpdesk-moodle@ntf.uni-lj.si<\/a>\u00a0 Odgovore na va\u0161a vpra\u0161anja pripravljamo v sodelovanju s <a href=\"https:\/\/digitalna.uni-lj.si\/\">Centrom Digitalna UL<\/a>.<\/p>\n<p><strong>Posnetki delavnic, gradiva, primeri uporabe<\/strong> so zbrani v posebni u\u010dilnici in dostopni vsem na: <a href=\"https:\/\/ucilnica-ntf.uni-lj.si\/course\/view.php?id=913&amp;section=1\">https:\/\/ucilnica-ntf.uni-lj.si\/course\/view.php?id=913&amp;section=1<\/a><br \/>\nkamor se prijavite s svojim up. imenom in geslom, kot ju uporabljate za vse univerzitetne storitve.<\/p>\n<p>Zaradi avtorskih pravic so videoposnetki za\u0161\u010diteni z geslom:\u00a0<strong>\u00a0moodle4<\/strong><\/p>\n","protected":false},"excerpt":{"rendered":"UL pripravlja mnogo spletnih izobra\u017eevanj in delavnic. Seznami so na straneh Inovativno u\u010denje in pou\u010devanje v visokem \u0161olstvu Center Digitalna Univerza\u00a0 &nbsp; Posebej za NTF v sodelovanju s Centrom Digitalna UL nudimo razli\u010dne delavnice uporabe digitalnih orodij za izvajanje on-line izobra\u017eevanja, spletnih storitev&#8230; NTF skupino za izobra\u017eevalne delavnice sestavljamo: Andrej U\u010dakar Petra \u017dvab Ro\u017ei\u010d Ur\u0161ka &#8230; <a class=\"view-article\" href=\"https:\/\/www.ntf.uni-lj.si\/ntf\/o-fakulteti\/strokovne-sluzbe\/sluzba-za-informatiko\/izobrazevalne-delavnice-moodle-teams-zoom\/\">Read more<\/a>","protected":false},"author":37,"featured_media":0,"parent":8246,"menu_order":147,"comment_status":"closed","ping_status":"closed","template":"","meta":[],"acf":[],"yoast_head":"<!-- This site is optimized with the Yoast SEO plugin v17.0 - https:\/\/yoast.com\/wordpress\/plugins\/seo\/ -->\n<meta name=\"robots\" content=\"index, follow, max-snippet:-1, max-image-preview:large, max-video-preview:-1\" \/>\n<link rel=\"canonical\" href=\"https:\/\/www.ntf.uni-lj.si\/ntf\/o-fakulteti\/strokovne-sluzbe\/sluzba-za-informatiko\/izobrazevalne-delavnice-moodle-teams-zoom\/\" \/>\n<meta property=\"og:locale\" content=\"en_US\" \/>\n<meta property=\"og:type\" content=\"article\" \/>\n<meta property=\"og:title\" content=\"Izobra\u017eevalne delavnice - NTF\" \/>\n<meta property=\"og:description\" content=\"UL pripravlja mnogo spletnih izobra\u017eevanj in delavnic. Seznami so na straneh Inovativno u\u010denje in pou\u010devanje v visokem \u0161olstvu Center Digitalna Univerza\u00a0 &nbsp; Posebej za NTF v sodelovanju s Centrom Digitalna UL nudimo razli\u010dne delavnice uporabe digitalnih orodij za izvajanje on-line izobra\u017eevanja, spletnih storitev&#8230; NTF skupino za izobra\u017eevalne delavnice sestavljamo: Andrej U\u010dakar Petra \u017dvab Ro\u017ei\u010d Ur\u0161ka ... Read more\" \/>\n<meta property=\"og:url\" content=\"https:\/\/www.ntf.uni-lj.si\/ntf\/o-fakulteti\/strokovne-sluzbe\/sluzba-za-informatiko\/izobrazevalne-delavnice-moodle-teams-zoom\/\" \/>\n<meta property=\"og:site_name\" content=\"NTF\" \/>\n<meta property=\"article:modified_time\" content=\"2024-06-06T10:36:05+00:00\" \/>\n<meta property=\"og:image\" content=\"https:\/\/www.ntf.uni-lj.si\/ntf\/wp-content\/uploads\/sites\/2\/2020\/11\/INOVUP.jpg\" \/>\n<meta name=\"twitter:label1\" content=\"Est. reading time\" \/>\n\t<meta name=\"twitter:data1\" content=\"1 minute\" \/>\n<script type=\"application\/ld+json\" class=\"yoast-schema-graph\">{\"@context\":\"https:\/\/schema.org\",\"@graph\":[{\"@type\":\"WebSite\",\"@id\":\"https:\/\/www.ntf.uni-lj.si\/ntf\/#website\",\"url\":\"https:\/\/www.ntf.uni-lj.si\/ntf\/\",\"name\":\"NTF\",\"description\":\"Naravoslovnotehni\\u0161ka fakulteta\",\"potentialAction\":[{\"@type\":\"SearchAction\",\"target\":{\"@type\":\"EntryPoint\",\"urlTemplate\":\"https:\/\/www.ntf.uni-lj.si\/ntf\/?s={search_term_string}\"},\"query-input\":\"required name=search_term_string\"}],\"inLanguage\":\"en-US\"},{\"@type\":\"ImageObject\",\"@id\":\"https:\/\/www.ntf.uni-lj.si\/ntf\/o-fakulteti\/strokovne-sluzbe\/sluzba-za-informatiko\/izobrazevalne-delavnice-moodle-teams-zoom\/#primaryimage\",\"inLanguage\":\"en-US\",\"url\":\"https:\/\/www.ntf.uni-lj.si\/ntf\/wp-content\/uploads\/sites\/2\/2020\/11\/INOVUP.jpg\",\"contentUrl\":\"https:\/\/www.ntf.uni-lj.si\/ntf\/wp-content\/uploads\/sites\/2\/2020\/11\/INOVUP.jpg\",\"width\":93,\"height\":60},{\"@type\":\"WebPage\",\"@id\":\"https:\/\/www.ntf.uni-lj.si\/ntf\/o-fakulteti\/strokovne-sluzbe\/sluzba-za-informatiko\/izobrazevalne-delavnice-moodle-teams-zoom\/#webpage\",\"url\":\"https:\/\/www.ntf.uni-lj.si\/ntf\/o-fakulteti\/strokovne-sluzbe\/sluzba-za-informatiko\/izobrazevalne-delavnice-moodle-teams-zoom\/\",\"name\":\"Izobra\\u017eevalne delavnice - NTF\",\"isPartOf\":{\"@id\":\"https:\/\/www.ntf.uni-lj.si\/ntf\/#website\"},\"primaryImageOfPage\":{\"@id\":\"https:\/\/www.ntf.uni-lj.si\/ntf\/o-fakulteti\/strokovne-sluzbe\/sluzba-za-informatiko\/izobrazevalne-delavnice-moodle-teams-zoom\/#primaryimage\"},\"datePublished\":\"2020-11-12T07:47:47+00:00\",\"dateModified\":\"2024-06-06T10:36:05+00:00\",\"breadcrumb\":{\"@id\":\"https:\/\/www.ntf.uni-lj.si\/ntf\/o-fakulteti\/strokovne-sluzbe\/sluzba-za-informatiko\/izobrazevalne-delavnice-moodle-teams-zoom\/#breadcrumb\"},\"inLanguage\":\"en-US\",\"potentialAction\":[{\"@type\":\"ReadAction\",\"target\":[\"https:\/\/www.ntf.uni-lj.si\/ntf\/o-fakulteti\/strokovne-sluzbe\/sluzba-za-informatiko\/izobrazevalne-delavnice-moodle-teams-zoom\/\"]}]},{\"@type\":\"BreadcrumbList\",\"@id\":\"https:\/\/www.ntf.uni-lj.si\/ntf\/o-fakulteti\/strokovne-sluzbe\/sluzba-za-informatiko\/izobrazevalne-delavnice-moodle-teams-zoom\/#breadcrumb\",\"itemListElement\":[{\"@type\":\"ListItem\",\"position\":1,\"name\":\"Domov\",\"item\":\"https:\/\/www.ntf.uni-lj.si\/ntf\/\"},{\"@type\":\"ListItem\",\"position\":2,\"name\":\"O fakulteti\",\"item\":\"https:\/\/www.ntf.uni-lj.si\/ntf\/o-fakulteti\/\"},{\"@type\":\"ListItem\",\"position\":3,\"name\":\"Strokovne slu\\u017ebe\",\"item\":\"https:\/\/www.ntf.uni-lj.si\/ntf\/o-fakulteti\/strokovne-sluzbe\/\"},{\"@type\":\"ListItem\",\"position\":4,\"name\":\"Slu\\u017eba za informatiko\",\"item\":\"https:\/\/www.ntf.uni-lj.si\/ntf\/o-fakulteti\/strokovne-sluzbe\/sluzba-za-informatiko\/\"},{\"@type\":\"ListItem\",\"position\":5,\"name\":\"Izobra\\u017eevalne delavnice\"}]}]}<\/script>\n<!-- \/ Yoast SEO plugin. -->","yoast_head_json":{"robots":{"index":"index","follow":"follow","max-snippet":"max-snippet:-1","max-image-preview":"max-image-preview:large","max-video-preview":"max-video-preview:-1"},"canonical":"https:\/\/www.ntf.uni-lj.si\/ntf\/o-fakulteti\/strokovne-sluzbe\/sluzba-za-informatiko\/izobrazevalne-delavnice-moodle-teams-zoom\/","og_locale":"en_US","og_type":"article","og_title":"Izobra\u017eevalne delavnice - NTF","og_description":"UL pripravlja mnogo spletnih izobra\u017eevanj in delavnic. Seznami so na straneh Inovativno u\u010denje in pou\u010devanje v visokem \u0161olstvu Center Digitalna Univerza\u00a0 &nbsp; Posebej za NTF v sodelovanju s Centrom Digitalna UL nudimo razli\u010dne delavnice uporabe digitalnih orodij za izvajanje on-line izobra\u017eevanja, spletnih storitev&#8230; NTF skupino za izobra\u017eevalne delavnice sestavljamo: Andrej U\u010dakar Petra \u017dvab Ro\u017ei\u010d Ur\u0161ka ... Read more","og_url":"https:\/\/www.ntf.uni-lj.si\/ntf\/o-fakulteti\/strokovne-sluzbe\/sluzba-za-informatiko\/izobrazevalne-delavnice-moodle-teams-zoom\/","og_site_name":"NTF","article_modified_time":"2024-06-06T10:36:05+00:00","og_image":[{"url":"https:\/\/www.ntf.uni-lj.si\/ntf\/wp-content\/uploads\/sites\/2\/2020\/11\/INOVUP.jpg"}],"twitter_misc":{"Est. reading time":"1 minute"},"schema":{"@context":"https:\/\/schema.org","@graph":[{"@type":"WebSite","@id":"https:\/\/www.ntf.uni-lj.si\/ntf\/#website","url":"https:\/\/www.ntf.uni-lj.si\/ntf\/","name":"NTF","description":"Naravoslovnotehni\u0161ka fakulteta","potentialAction":[{"@type":"SearchAction","target":{"@type":"EntryPoint","urlTemplate":"https:\/\/www.ntf.uni-lj.si\/ntf\/?s={search_term_string}"},"query-input":"required name=search_term_string"}],"inLanguage":"en-US"},{"@type":"ImageObject","@id":"https:\/\/www.ntf.uni-lj.si\/ntf\/o-fakulteti\/strokovne-sluzbe\/sluzba-za-informatiko\/izobrazevalne-delavnice-moodle-teams-zoom\/#primaryimage","inLanguage":"en-US","url":"https:\/\/www.ntf.uni-lj.si\/ntf\/wp-content\/uploads\/sites\/2\/2020\/11\/INOVUP.jpg","contentUrl":"https:\/\/www.ntf.uni-lj.si\/ntf\/wp-content\/uploads\/sites\/2\/2020\/11\/INOVUP.jpg","width":93,"height":60},{"@type":"WebPage","@id":"https:\/\/www.ntf.uni-lj.si\/ntf\/o-fakulteti\/strokovne-sluzbe\/sluzba-za-informatiko\/izobrazevalne-delavnice-moodle-teams-zoom\/#webpage","url":"https:\/\/www.ntf.uni-lj.si\/ntf\/o-fakulteti\/strokovne-sluzbe\/sluzba-za-informatiko\/izobrazevalne-delavnice-moodle-teams-zoom\/","name":"Izobra\u017eevalne delavnice - NTF","isPartOf":{"@id":"https:\/\/www.ntf.uni-lj.si\/ntf\/#website"},"primaryImageOfPage":{"@id":"https:\/\/www.ntf.uni-lj.si\/ntf\/o-fakulteti\/strokovne-sluzbe\/sluzba-za-informatiko\/izobrazevalne-delavnice-moodle-teams-zoom\/#primaryimage"},"datePublished":"2020-11-12T07:47:47+00:00","dateModified":"2024-06-06T10:36:05+00:00","breadcrumb":{"@id":"https:\/\/www.ntf.uni-lj.si\/ntf\/o-fakulteti\/strokovne-sluzbe\/sluzba-za-informatiko\/izobrazevalne-delavnice-moodle-teams-zoom\/#breadcrumb"},"inLanguage":"en-US","potentialAction":[{"@type":"ReadAction","target":["https:\/\/www.ntf.uni-lj.si\/ntf\/o-fakulteti\/strokovne-sluzbe\/sluzba-za-informatiko\/izobrazevalne-delavnice-moodle-teams-zoom\/"]}]},{"@type":"BreadcrumbList","@id":"https:\/\/www.ntf.uni-lj.si\/ntf\/o-fakulteti\/strokovne-sluzbe\/sluzba-za-informatiko\/izobrazevalne-delavnice-moodle-teams-zoom\/#breadcrumb","itemListElement":[{"@type":"ListItem","position":1,"name":"Domov","item":"https:\/\/www.ntf.uni-lj.si\/ntf\/"},{"@type":"ListItem","position":2,"name":"O fakulteti","item":"https:\/\/www.ntf.uni-lj.si\/ntf\/o-fakulteti\/"},{"@type":"ListItem","position":3,"name":"Strokovne slu\u017ebe","item":"https:\/\/www.ntf.uni-lj.si\/ntf\/o-fakulteti\/strokovne-sluzbe\/"},{"@type":"ListItem","position":4,"name":"Slu\u017eba za informatiko","item":"https:\/\/www.ntf.uni-lj.si\/ntf\/o-fakulteti\/strokovne-sluzbe\/sluzba-za-informatiko\/"},{"@type":"ListItem","position":5,"name":"Izobra\u017eevalne delavnice"}]}]}},"_links":{"self":[{"href":"https:\/\/www.ntf.uni-lj.si\/ntf\/wp-json\/wp\/v2\/pages\/16515"}],"collection":[{"href":"https:\/\/www.ntf.uni-lj.si\/ntf\/wp-json\/wp\/v2\/pages"}],"about":[{"href":"https:\/\/www.ntf.uni-lj.si\/ntf\/wp-json\/wp\/v2\/types\/page"}],"author":[{"embeddable":true,"href":"https:\/\/www.ntf.uni-lj.si\/ntf\/wp-json\/wp\/v2\/users\/37"}],"replies":[{"embeddable":true,"href":"https:\/\/www.ntf.uni-lj.si\/ntf\/wp-json\/wp\/v2\/comments?post=16515"}],"version-history":[{"count":67,"href":"https:\/\/www.ntf.uni-lj.si\/ntf\/wp-json\/wp\/v2\/pages\/16515\/revisions"}],"predecessor-version":[{"id":27250,"href":"https:\/\/www.ntf.uni-lj.si\/ntf\/wp-json\/wp\/v2\/pages\/16515\/revisions\/27250"}],"up":[{"embeddable":true,"href":"https:\/\/www.ntf.uni-lj.si\/ntf\/wp-json\/wp\/v2\/pages\/8246"}],"wp:attachment":[{"href":"https:\/\/www.ntf.uni-lj.si\/ntf\/wp-json\/wp\/v2\/media?parent=16515"}],"curies":[{"name":"wp","href":"https:\/\/api.w.org\/{rel}","templated":true}]}}