{"id":17449,"date":"2021-02-15T08:55:20","date_gmt":"2021-02-15T07:55:20","guid":{"rendered":"http:\/\/www.ntf.uni-lj.si\/ntf\/?page_id=17449"},"modified":"2025-10-13T12:32:50","modified_gmt":"2025-10-13T10:32:50","slug":"studijski-koledar","status":"publish","type":"page","link":"https:\/\/www.ntf.uni-lj.si\/ntf\/studij\/studijski-koledar\/","title":{"rendered":"\u0160tudijski koledar"},"content":{"rendered":"<h2>\u0160TUDIJSKI KOLEDAR ZA \u0160TUDIJSKO LETO 2025\/26<\/h2>\n<p>Pouk se pri\u010dne v torek 1.10.2025.<\/p>\n<div style=\"height:10px; width:100%;\"><\/div>\n<h3>1. semester<\/h3>\n<table class=\"table\" border=\"0\" width=\"100%\" cellspacing=\"0\" cellpadding=\"0\">\n<tbody>\n<tr class=\"bg1\">\n<td><\/td>\n<td><strong>Od vklju\u010dno<\/strong><\/td>\n<td><strong>Do vklju\u010dno<\/strong><\/td>\n<\/tr>\n<tr>\n<td>Organizirano pedago\u0161ko delo<\/td>\n<td>sreda, 1. 10. 2025<\/td>\n<td>petek, 16. 1. 2026<\/td>\n<\/tr>\n<tr>\n<td>Zimsko izpitno obdobje<\/td>\n<td>ponedeljek, 19. 1. 2026<\/td>\n<td>petek, 13. 2. 2026<\/td>\n<\/tr>\n<\/tbody>\n<\/table>\n<p>Med zimskim semestrom bodo, poleg sobot, nedelj in praznikov, pouka prosti dnevi \u0161e ponedeljek 29.12.2025, torek 30.12.2025 in sreda 31.12.2025.<\/p>\n<p>Teden univerze v Ljubljani je predviden od 8.12.2025. do 12.12. 2025 (pouk poteka po urniku).<\/p>\n<div style=\"height:10px; width:100%;\"><\/div>\n<h3>2. semester<\/h3>\n<table class=\"table\" border=\"0\" width=\"100%\" cellspacing=\"0\" cellpadding=\"0\">\n<tbody>\n<tr class=\"bg1\">\n<td><\/td>\n<td><strong>Od vklju\u010dno<\/strong><\/td>\n<td><strong>Do vklju\u010dno<\/strong><\/td>\n<\/tr>\n<tr>\n<td>Organizirano pedago\u0161ko delo<\/td>\n<td>ponedeljek, 16. 2. 2026<\/td>\n<td>petek, 5.6. 2026<\/td>\n<\/tr>\n<tr>\n<td>Poletno izpitno obdobje<\/td>\n<td>ponedeljek, 8. 6. 2026<\/td>\n<td>petek, 3.7. 2026<\/td>\n<\/tr>\n<tr>\n<td>Jesensko izpitno obdobje<\/td>\n<td>ponedeljek, 17. 8. 2026<\/td>\n<td>petek, 11. 9. 2026<\/td>\n<\/tr>\n<\/tbody>\n<\/table>\n<p>Med poletnim semestrom bodo poleg sobot, nedelj in praznikov, pouka prosti dnevi \u0161e torek 28.4.2026, sreda 29.4.2026 in \u010detrtek 30.4.2026.<\/p>\n<p>V terminih \u00bbpouka prosti dnevi\u00ab je za zaposlene NTF na\u010drtovan kolektivni dopust, zato bodo stavbe zaprte.<br \/>\nPo 4. \u010dlenu \u0160tudijskega reda NTF, naj bi bilo razpisanih 5 izpitnih rokov v posameznem \u0161tudijskem letu, da ni potrebno preverjati prekrivanj rokov. Priporo\u010damo, da se poleg treh izpitnih obdobij, omogo\u010di \u0161tudentom opravljanje izpitov tudi izven teh obdobij, vendar zaradi izvedbe vpisnega in prito\u017ebenega postopka ne po 11.9.2026, razen \u010de izvedba pedago\u0161kega procesa (terenske vaje) ne narekuje druga\u010de. Prosimo, da do konca meseca oktobra 2025 vnesete izpitne roke v VIS.<\/p>\n","protected":false},"excerpt":{"rendered":"\u0160TUDIJSKI KOLEDAR ZA \u0160TUDIJSKO LETO 2025\/26 Pouk se pri\u010dne v torek 1.10.2025. 1. semester Od vklju\u010dno Do vklju\u010dno Organizirano pedago\u0161ko delo sreda, 1. 10. 2025 petek, 16. 1. 2026 Zimsko izpitno obdobje ponedeljek, 19. 1. 2026 petek, 13. 2. 2026 Med zimskim semestrom bodo, poleg sobot, nedelj in praznikov, pouka prosti dnevi \u0161e ponedeljek 29.12.2025, &#8230; <a class=\"view-article\" href=\"https:\/\/www.ntf.uni-lj.si\/ntf\/studij\/studijski-koledar\/\">Read more<\/a>","protected":false},"author":37,"featured_media":0,"parent":2224,"menu_order":365,"comment_status":"closed","ping_status":"closed","template":"","meta":[],"acf":[],"yoast_head":"<!-- This site is optimized with the Yoast SEO plugin v17.0 - https:\/\/yoast.com\/wordpress\/plugins\/seo\/ -->\n<meta name=\"robots\" content=\"index, follow, max-snippet:-1, max-image-preview:large, max-video-preview:-1\" \/>\n<link rel=\"canonical\" href=\"https:\/\/www.ntf.uni-lj.si\/ntf\/studij\/studijski-koledar\/\" \/>\n<meta property=\"og:locale\" content=\"en_US\" \/>\n<meta property=\"og:type\" content=\"article\" \/>\n<meta property=\"og:title\" content=\"\u0160tudijski koledar - NTF\" \/>\n<meta property=\"og:description\" content=\"\u0160TUDIJSKI KOLEDAR ZA \u0160TUDIJSKO LETO 2025\/26 Pouk se pri\u010dne v torek 1.10.2025. 1. semester Od vklju\u010dno Do vklju\u010dno Organizirano pedago\u0161ko delo sreda, 1. 10. 2025 petek, 16. 1. 2026 Zimsko izpitno obdobje ponedeljek, 19. 1. 2026 petek, 13. 2. 2026 Med zimskim semestrom bodo, poleg sobot, nedelj in praznikov, pouka prosti dnevi \u0161e ponedeljek 29.12.2025, ... Read more\" \/>\n<meta property=\"og:url\" content=\"https:\/\/www.ntf.uni-lj.si\/ntf\/studij\/studijski-koledar\/\" \/>\n<meta property=\"og:site_name\" content=\"NTF\" \/>\n<meta property=\"article:modified_time\" content=\"2025-10-13T10:32:50+00:00\" \/>\n<meta name=\"twitter:label1\" content=\"Est. reading time\" \/>\n\t<meta name=\"twitter:data1\" content=\"1 minute\" \/>\n<script type=\"application\/ld+json\" class=\"yoast-schema-graph\">{\"@context\":\"https:\/\/schema.org\",\"@graph\":[{\"@type\":\"WebSite\",\"@id\":\"https:\/\/www.ntf.uni-lj.si\/ntf\/#website\",\"url\":\"https:\/\/www.ntf.uni-lj.si\/ntf\/\",\"name\":\"NTF\",\"description\":\"Naravoslovnotehni\\u0161ka fakulteta\",\"potentialAction\":[{\"@type\":\"SearchAction\",\"target\":{\"@type\":\"EntryPoint\",\"urlTemplate\":\"https:\/\/www.ntf.uni-lj.si\/ntf\/?s={search_term_string}\"},\"query-input\":\"required name=search_term_string\"}],\"inLanguage\":\"en-US\"},{\"@type\":\"WebPage\",\"@id\":\"https:\/\/www.ntf.uni-lj.si\/ntf\/studij\/studijski-koledar\/#webpage\",\"url\":\"https:\/\/www.ntf.uni-lj.si\/ntf\/studij\/studijski-koledar\/\",\"name\":\"\\u0160tudijski koledar - NTF\",\"isPartOf\":{\"@id\":\"https:\/\/www.ntf.uni-lj.si\/ntf\/#website\"},\"datePublished\":\"2021-02-15T07:55:20+00:00\",\"dateModified\":\"2025-10-13T10:32:50+00:00\",\"breadcrumb\":{\"@id\":\"https:\/\/www.ntf.uni-lj.si\/ntf\/studij\/studijski-koledar\/#breadcrumb\"},\"inLanguage\":\"en-US\",\"potentialAction\":[{\"@type\":\"ReadAction\",\"target\":[\"https:\/\/www.ntf.uni-lj.si\/ntf\/studij\/studijski-koledar\/\"]}]},{\"@type\":\"BreadcrumbList\",\"@id\":\"https:\/\/www.ntf.uni-lj.si\/ntf\/studij\/studijski-koledar\/#breadcrumb\",\"itemListElement\":[{\"@type\":\"ListItem\",\"position\":1,\"name\":\"Domov\",\"item\":\"https:\/\/www.ntf.uni-lj.si\/ntf\/\"},{\"@type\":\"ListItem\",\"position\":2,\"name\":\"\\u0160tudij\",\"item\":\"https:\/\/www.ntf.uni-lj.si\/ntf\/studij\/\"},{\"@type\":\"ListItem\",\"position\":3,\"name\":\"\\u0160tudijski koledar\"}]}]}<\/script>\n<!-- \/ Yoast SEO plugin. -->","yoast_head_json":{"robots":{"index":"index","follow":"follow","max-snippet":"max-snippet:-1","max-image-preview":"max-image-preview:large","max-video-preview":"max-video-preview:-1"},"canonical":"https:\/\/www.ntf.uni-lj.si\/ntf\/studij\/studijski-koledar\/","og_locale":"en_US","og_type":"article","og_title":"\u0160tudijski koledar - NTF","og_description":"\u0160TUDIJSKI KOLEDAR ZA \u0160TUDIJSKO LETO 2025\/26 Pouk se pri\u010dne v torek 1.10.2025. 1. semester Od vklju\u010dno Do vklju\u010dno Organizirano pedago\u0161ko delo sreda, 1. 10. 2025 petek, 16. 1. 2026 Zimsko izpitno obdobje ponedeljek, 19. 1. 2026 petek, 13. 2. 2026 Med zimskim semestrom bodo, poleg sobot, nedelj in praznikov, pouka prosti dnevi \u0161e ponedeljek 29.12.2025, ... Read more","og_url":"https:\/\/www.ntf.uni-lj.si\/ntf\/studij\/studijski-koledar\/","og_site_name":"NTF","article_modified_time":"2025-10-13T10:32:50+00:00","twitter_misc":{"Est. reading time":"1 minute"},"schema":{"@context":"https:\/\/schema.org","@graph":[{"@type":"WebSite","@id":"https:\/\/www.ntf.uni-lj.si\/ntf\/#website","url":"https:\/\/www.ntf.uni-lj.si\/ntf\/","name":"NTF","description":"Naravoslovnotehni\u0161ka fakulteta","potentialAction":[{"@type":"SearchAction","target":{"@type":"EntryPoint","urlTemplate":"https:\/\/www.ntf.uni-lj.si\/ntf\/?s={search_term_string}"},"query-input":"required name=search_term_string"}],"inLanguage":"en-US"},{"@type":"WebPage","@id":"https:\/\/www.ntf.uni-lj.si\/ntf\/studij\/studijski-koledar\/#webpage","url":"https:\/\/www.ntf.uni-lj.si\/ntf\/studij\/studijski-koledar\/","name":"\u0160tudijski koledar - NTF","isPartOf":{"@id":"https:\/\/www.ntf.uni-lj.si\/ntf\/#website"},"datePublished":"2021-02-15T07:55:20+00:00","dateModified":"2025-10-13T10:32:50+00:00","breadcrumb":{"@id":"https:\/\/www.ntf.uni-lj.si\/ntf\/studij\/studijski-koledar\/#breadcrumb"},"inLanguage":"en-US","potentialAction":[{"@type":"ReadAction","target":["https:\/\/www.ntf.uni-lj.si\/ntf\/studij\/studijski-koledar\/"]}]},{"@type":"BreadcrumbList","@id":"https:\/\/www.ntf.uni-lj.si\/ntf\/studij\/studijski-koledar\/#breadcrumb","itemListElement":[{"@type":"ListItem","position":1,"name":"Domov","item":"https:\/\/www.ntf.uni-lj.si\/ntf\/"},{"@type":"ListItem","position":2,"name":"\u0160tudij","item":"https:\/\/www.ntf.uni-lj.si\/ntf\/studij\/"},{"@type":"ListItem","position":3,"name":"\u0160tudijski koledar"}]}]}},"_links":{"self":[{"href":"https:\/\/www.ntf.uni-lj.si\/ntf\/wp-json\/wp\/v2\/pages\/17449"}],"collection":[{"href":"https:\/\/www.ntf.uni-lj.si\/ntf\/wp-json\/wp\/v2\/pages"}],"about":[{"href":"https:\/\/www.ntf.uni-lj.si\/ntf\/wp-json\/wp\/v2\/types\/page"}],"author":[{"embeddable":true,"href":"https:\/\/www.ntf.uni-lj.si\/ntf\/wp-json\/wp\/v2\/users\/37"}],"replies":[{"embeddable":true,"href":"https:\/\/www.ntf.uni-lj.si\/ntf\/wp-json\/wp\/v2\/comments?post=17449"}],"version-history":[{"count":27,"href":"https:\/\/www.ntf.uni-lj.si\/ntf\/wp-json\/wp\/v2\/pages\/17449\/revisions"}],"predecessor-version":[{"id":31345,"href":"https:\/\/www.ntf.uni-lj.si\/ntf\/wp-json\/wp\/v2\/pages\/17449\/revisions\/31345"}],"up":[{"embeddable":true,"href":"https:\/\/www.ntf.uni-lj.si\/ntf\/wp-json\/wp\/v2\/pages\/2224"}],"wp:attachment":[{"href":"https:\/\/www.ntf.uni-lj.si\/ntf\/wp-json\/wp\/v2\/media?parent=17449"}],"curies":[{"name":"wp","href":"https:\/\/api.w.org\/{rel}","templated":true}]}}