{"id":1945,"date":"2015-05-20T12:51:22","date_gmt":"2015-05-20T12:51:22","guid":{"rendered":"http:\/\/www.ntf.uni-lj.si\/ntf\/?page_id=1945"},"modified":"2023-03-06T08:51:16","modified_gmt":"2023-03-06T07:51:16","slug":"oddelek-za-tekstilstvo-grafiko-in-oblikovanje","status":"publish","type":"page","link":"https:\/\/www.ntf.uni-lj.si\/ntf\/o-fakulteti\/oddelki\/oddelek-za-tekstilstvo-grafiko-in-oblikovanje\/","title":{"rendered":"Oddelek za tekstilstvo, grafiko in oblikovanje (OTGO)"},"content":{"rendered":"<h4>UNIVERZA V LJUBLJANI<br \/>\nNARAVOSLOVNOTEHNI\u0160KA FAKULTETA<\/h4>\n<p><strong>ODDELEK ZA TEKSTILSTVO, GRAFIKO IN OBLIKOVANJE<\/strong><br \/>\nSne\u017eni\u0161ka ulica 5<br \/>\nSI-1000 Ljubljana<\/p>\n<p>Tel: 01\/20 03 200<br \/>\nFaks: 01\/20 03 270<br \/>\nE-po\u0161ta: <a href=\"mailto:info@ntf.uni-lj.si\">info@ntf.uni-lj.si<\/a><\/p>\n<p>&nbsp;<\/p>\n<h4>DRUGI PODATKI:<\/h4>\n<p>Dav\u010dna \u0161tevilka: SI24405388<br \/>\nMati\u010dna \u0161tevilka: 1627074<br \/>\n\u0160ifra dejavnosti: 85.422<br \/>\nPodra\u010dun pri UJP: 01100-6030708186<\/p>\n<p>&nbsp;<\/p>\n<h4>VODSTVO ODDELKA:<\/h4>\n<div class=\"col-sm-10 no-padding no-padding\">\n<strong>dr. Jure Ahtik<\/strong><br \/>\n<em>predstojnik OTGO<\/em><br \/>\nTel: 01\/20 03 286<br \/>\nE-po\u0161ta: <a href=\"mailto:jure.ahtik@ntf.uni-lj.si\">jure.ahtik@ntf.uni-lj.si<\/a><\/p>\n<div style=\"height:10px; width:100%;\"><\/div>\n<\/div>\n<div class=\"col-sm-10 no-padding no-padding\"><strong>dr.\u00a0Marija Gorjanc<\/strong><br \/>\n<em>namestnica predstojnika OTGO<\/em><br \/>\nTel: 01\/20 03 256<br \/>\nE-po\u0161ta: <a href=\"mailto:marija.gorjanc@ntf.uni-lj.si\">marija.gorjanc@ntf.uni-lj.si<\/a><\/div>\n<div class=\"clearfix\"><\/div>\n<p>&nbsp;<\/p>\n<h4>TAJNI\u0160TVO<\/h4>\n<div class=\"col-sm-10 no-padding no-padding\">\n<strong>Marko Er\u017een<\/strong><br \/>\nTel: 01\/20 03 212<br \/>\nFaks: 01\/20 03 270<br \/>\nE-po\u0161ta: <a href=\"mailto:marko.erzen@ntf.uni-lj.si\">marko.erzen@ntf.uni-lj.si<\/a>\n<\/div>\n<div class=\"clearfix\"><\/div>\n<div style=\"height:30px; width:100%;\"><\/div>\n<p>Na Oddelku za tekstilstvo, grafiko in oblikovanje (OTGO) delujejo tri katedre:<\/p>\n","protected":false},"excerpt":{"rendered":"UNIVERZA V LJUBLJANI NARAVOSLOVNOTEHNI\u0160KA FAKULTETA ODDELEK ZA TEKSTILSTVO, GRAFIKO IN OBLIKOVANJE Sne\u017eni\u0161ka ulica 5 SI-1000 Ljubljana Tel: 01\/20 03 200 Faks: 01\/20 03 270 E-po\u0161ta: info@ntf.uni-lj.si &nbsp; DRUGI PODATKI: Dav\u010dna \u0161tevilka: SI24405388 Mati\u010dna \u0161tevilka: 1627074 \u0160ifra dejavnosti: 85.422 Podra\u010dun pri UJP: 01100-6030708186 &nbsp; VODSTVO ODDELKA: &nbsp; TAJNI\u0160TVO Na Oddelku za tekstilstvo, grafiko in oblikovanje (OTGO) &#8230; <a class=\"view-article\" href=\"https:\/\/www.ntf.uni-lj.si\/ntf\/o-fakulteti\/oddelki\/oddelek-za-tekstilstvo-grafiko-in-oblikovanje\/\">Read more<\/a>","protected":false},"author":15,"featured_media":0,"parent":1918,"menu_order":112,"comment_status":"closed","ping_status":"closed","template":"","meta":[],"acf":[],"yoast_head":"<!-- This site is optimized with the Yoast SEO plugin v17.0 - https:\/\/yoast.com\/wordpress\/plugins\/seo\/ -->\n<meta name=\"robots\" content=\"index, follow, max-snippet:-1, max-image-preview:large, max-video-preview:-1\" \/>\n<link rel=\"canonical\" href=\"https:\/\/www.ntf.uni-lj.si\/ntf\/o-fakulteti\/oddelki\/oddelek-za-tekstilstvo-grafiko-in-oblikovanje\/\" \/>\n<meta property=\"og:locale\" content=\"en_US\" \/>\n<meta property=\"og:type\" content=\"article\" \/>\n<meta property=\"og:title\" content=\"Oddelek za tekstilstvo, grafiko in oblikovanje (OTGO) - NTF\" \/>\n<meta property=\"og:description\" content=\"UNIVERZA V LJUBLJANI NARAVOSLOVNOTEHNI\u0160KA FAKULTETA ODDELEK ZA TEKSTILSTVO, GRAFIKO IN OBLIKOVANJE Sne\u017eni\u0161ka ulica 5 SI-1000 Ljubljana Tel: 01\/20 03 200 Faks: 01\/20 03 270 E-po\u0161ta: info@ntf.uni-lj.si &nbsp; DRUGI PODATKI: Dav\u010dna \u0161tevilka: SI24405388 Mati\u010dna \u0161tevilka: 1627074 \u0160ifra dejavnosti: 85.422 Podra\u010dun pri UJP: 01100-6030708186 &nbsp; VODSTVO ODDELKA: &nbsp; TAJNI\u0160TVO Na Oddelku za tekstilstvo, grafiko in oblikovanje (OTGO) ... Read more\" \/>\n<meta property=\"og:url\" content=\"https:\/\/www.ntf.uni-lj.si\/ntf\/o-fakulteti\/oddelki\/oddelek-za-tekstilstvo-grafiko-in-oblikovanje\/\" \/>\n<meta property=\"og:site_name\" content=\"NTF\" \/>\n<meta property=\"article:modified_time\" content=\"2023-03-06T07:51:16+00:00\" \/>\n<meta name=\"twitter:label1\" content=\"Est. reading time\" \/>\n\t<meta name=\"twitter:data1\" content=\"1 minute\" \/>\n<script type=\"application\/ld+json\" class=\"yoast-schema-graph\">{\"@context\":\"https:\/\/schema.org\",\"@graph\":[{\"@type\":\"WebSite\",\"@id\":\"https:\/\/www.ntf.uni-lj.si\/ntf\/#website\",\"url\":\"https:\/\/www.ntf.uni-lj.si\/ntf\/\",\"name\":\"NTF\",\"description\":\"Naravoslovnotehni\\u0161ka fakulteta\",\"potentialAction\":[{\"@type\":\"SearchAction\",\"target\":{\"@type\":\"EntryPoint\",\"urlTemplate\":\"https:\/\/www.ntf.uni-lj.si\/ntf\/?s={search_term_string}\"},\"query-input\":\"required name=search_term_string\"}],\"inLanguage\":\"en-US\"},{\"@type\":\"WebPage\",\"@id\":\"https:\/\/www.ntf.uni-lj.si\/ntf\/o-fakulteti\/oddelki\/oddelek-za-tekstilstvo-grafiko-in-oblikovanje\/#webpage\",\"url\":\"https:\/\/www.ntf.uni-lj.si\/ntf\/o-fakulteti\/oddelki\/oddelek-za-tekstilstvo-grafiko-in-oblikovanje\/\",\"name\":\"Oddelek za tekstilstvo, grafiko in oblikovanje (OTGO) - NTF\",\"isPartOf\":{\"@id\":\"https:\/\/www.ntf.uni-lj.si\/ntf\/#website\"},\"datePublished\":\"2015-05-20T12:51:22+00:00\",\"dateModified\":\"2023-03-06T07:51:16+00:00\",\"breadcrumb\":{\"@id\":\"https:\/\/www.ntf.uni-lj.si\/ntf\/o-fakulteti\/oddelki\/oddelek-za-tekstilstvo-grafiko-in-oblikovanje\/#breadcrumb\"},\"inLanguage\":\"en-US\",\"potentialAction\":[{\"@type\":\"ReadAction\",\"target\":[\"https:\/\/www.ntf.uni-lj.si\/ntf\/o-fakulteti\/oddelki\/oddelek-za-tekstilstvo-grafiko-in-oblikovanje\/\"]}]},{\"@type\":\"BreadcrumbList\",\"@id\":\"https:\/\/www.ntf.uni-lj.si\/ntf\/o-fakulteti\/oddelki\/oddelek-za-tekstilstvo-grafiko-in-oblikovanje\/#breadcrumb\",\"itemListElement\":[{\"@type\":\"ListItem\",\"position\":1,\"name\":\"Domov\",\"item\":\"https:\/\/www.ntf.uni-lj.si\/ntf\/\"},{\"@type\":\"ListItem\",\"position\":2,\"name\":\"O fakulteti\",\"item\":\"https:\/\/www.ntf.uni-lj.si\/ntf\/o-fakulteti\/\"},{\"@type\":\"ListItem\",\"position\":3,\"name\":\"Oddelki\",\"item\":\"https:\/\/www.ntf.uni-lj.si\/ntf\/o-fakulteti\/oddelki\/\"},{\"@type\":\"ListItem\",\"position\":4,\"name\":\"Oddelek za tekstilstvo, grafiko in oblikovanje (OTGO)\"}]}]}<\/script>\n<!-- \/ Yoast SEO plugin. -->","yoast_head_json":{"robots":{"index":"index","follow":"follow","max-snippet":"max-snippet:-1","max-image-preview":"max-image-preview:large","max-video-preview":"max-video-preview:-1"},"canonical":"https:\/\/www.ntf.uni-lj.si\/ntf\/o-fakulteti\/oddelki\/oddelek-za-tekstilstvo-grafiko-in-oblikovanje\/","og_locale":"en_US","og_type":"article","og_title":"Oddelek za tekstilstvo, grafiko in oblikovanje (OTGO) - NTF","og_description":"UNIVERZA V LJUBLJANI NARAVOSLOVNOTEHNI\u0160KA FAKULTETA ODDELEK ZA TEKSTILSTVO, GRAFIKO IN OBLIKOVANJE Sne\u017eni\u0161ka ulica 5 SI-1000 Ljubljana Tel: 01\/20 03 200 Faks: 01\/20 03 270 E-po\u0161ta: info@ntf.uni-lj.si &nbsp; DRUGI PODATKI: Dav\u010dna \u0161tevilka: SI24405388 Mati\u010dna \u0161tevilka: 1627074 \u0160ifra dejavnosti: 85.422 Podra\u010dun pri UJP: 01100-6030708186 &nbsp; VODSTVO ODDELKA: &nbsp; TAJNI\u0160TVO Na Oddelku za tekstilstvo, grafiko in oblikovanje (OTGO) ... Read more","og_url":"https:\/\/www.ntf.uni-lj.si\/ntf\/o-fakulteti\/oddelki\/oddelek-za-tekstilstvo-grafiko-in-oblikovanje\/","og_site_name":"NTF","article_modified_time":"2023-03-06T07:51:16+00:00","twitter_misc":{"Est. reading time":"1 minute"},"schema":{"@context":"https:\/\/schema.org","@graph":[{"@type":"WebSite","@id":"https:\/\/www.ntf.uni-lj.si\/ntf\/#website","url":"https:\/\/www.ntf.uni-lj.si\/ntf\/","name":"NTF","description":"Naravoslovnotehni\u0161ka fakulteta","potentialAction":[{"@type":"SearchAction","target":{"@type":"EntryPoint","urlTemplate":"https:\/\/www.ntf.uni-lj.si\/ntf\/?s={search_term_string}"},"query-input":"required name=search_term_string"}],"inLanguage":"en-US"},{"@type":"WebPage","@id":"https:\/\/www.ntf.uni-lj.si\/ntf\/o-fakulteti\/oddelki\/oddelek-za-tekstilstvo-grafiko-in-oblikovanje\/#webpage","url":"https:\/\/www.ntf.uni-lj.si\/ntf\/o-fakulteti\/oddelki\/oddelek-za-tekstilstvo-grafiko-in-oblikovanje\/","name":"Oddelek za tekstilstvo, grafiko in oblikovanje (OTGO) - NTF","isPartOf":{"@id":"https:\/\/www.ntf.uni-lj.si\/ntf\/#website"},"datePublished":"2015-05-20T12:51:22+00:00","dateModified":"2023-03-06T07:51:16+00:00","breadcrumb":{"@id":"https:\/\/www.ntf.uni-lj.si\/ntf\/o-fakulteti\/oddelki\/oddelek-za-tekstilstvo-grafiko-in-oblikovanje\/#breadcrumb"},"inLanguage":"en-US","potentialAction":[{"@type":"ReadAction","target":["https:\/\/www.ntf.uni-lj.si\/ntf\/o-fakulteti\/oddelki\/oddelek-za-tekstilstvo-grafiko-in-oblikovanje\/"]}]},{"@type":"BreadcrumbList","@id":"https:\/\/www.ntf.uni-lj.si\/ntf\/o-fakulteti\/oddelki\/oddelek-za-tekstilstvo-grafiko-in-oblikovanje\/#breadcrumb","itemListElement":[{"@type":"ListItem","position":1,"name":"Domov","item":"https:\/\/www.ntf.uni-lj.si\/ntf\/"},{"@type":"ListItem","position":2,"name":"O fakulteti","item":"https:\/\/www.ntf.uni-lj.si\/ntf\/o-fakulteti\/"},{"@type":"ListItem","position":3,"name":"Oddelki","item":"https:\/\/www.ntf.uni-lj.si\/ntf\/o-fakulteti\/oddelki\/"},{"@type":"ListItem","position":4,"name":"Oddelek za tekstilstvo, grafiko in oblikovanje (OTGO)"}]}]}},"_links":{"self":[{"href":"https:\/\/www.ntf.uni-lj.si\/ntf\/wp-json\/wp\/v2\/pages\/1945"}],"collection":[{"href":"https:\/\/www.ntf.uni-lj.si\/ntf\/wp-json\/wp\/v2\/pages"}],"about":[{"href":"https:\/\/www.ntf.uni-lj.si\/ntf\/wp-json\/wp\/v2\/types\/page"}],"author":[{"embeddable":true,"href":"https:\/\/www.ntf.uni-lj.si\/ntf\/wp-json\/wp\/v2\/users\/15"}],"replies":[{"embeddable":true,"href":"https:\/\/www.ntf.uni-lj.si\/ntf\/wp-json\/wp\/v2\/comments?post=1945"}],"version-history":[{"count":31,"href":"https:\/\/www.ntf.uni-lj.si\/ntf\/wp-json\/wp\/v2\/pages\/1945\/revisions"}],"predecessor-version":[{"id":23809,"href":"https:\/\/www.ntf.uni-lj.si\/ntf\/wp-json\/wp\/v2\/pages\/1945\/revisions\/23809"}],"up":[{"embeddable":true,"href":"https:\/\/www.ntf.uni-lj.si\/ntf\/wp-json\/wp\/v2\/pages\/1918"}],"wp:attachment":[{"href":"https:\/\/www.ntf.uni-lj.si\/ntf\/wp-json\/wp\/v2\/media?parent=1945"}],"curies":[{"name":"wp","href":"https:\/\/api.w.org\/{rel}","templated":true}]}}