{"id":1951,"date":"2015-05-20T12:53:28","date_gmt":"2015-05-20T10:53:28","guid":{"rendered":"http:\/\/www.ntf.uni-lj.si\/ntf\/?page_id=1951"},"modified":"2025-12-16T08:38:07","modified_gmt":"2025-12-16T07:38:07","slug":"vizitka","status":"publish","type":"page","link":"https:\/\/www.ntf.uni-lj.si\/ntf\/vizitka\/","title":{"rendered":"Vizitka"},"content":{"rendered":"<h4><strong>UNIVERZA V LJUBLJANI<\/strong><br \/>\n<strong> NARAVOSLOVNOTEHNI\u0160KA FAKULTETA<\/strong><\/h4>\n<h4><strong>VODSTVO NTF:<\/strong><\/h4>\n<ul>\n<li>prof. dr. Andrej \u0160muc, dekan<\/li>\n<li>prof. dr. Helena Gabrijel\u010di\u010d Tomc, prodekanja za \u0161tudijske zadeve<\/li>\n<li>prof. dr. Jo\u017eef Medved, prodekan za znanstveno raziskovalno delo<\/li>\n<li>izr. prof. dr. Barbara \u010cen\u010dur Curk, prodekanja za gospodarjenje in kakovost<\/li>\n<li>doc. dr. Petja Zorec, prodekanja za umetni\u0161ko dejavnost<\/li>\n<li>Ma\u0161a Hiti, tajnik UL NTF<\/li>\n<\/ul>\n<h4><\/h4>\n<h4><strong>PREDSTOJNIKI ODDELKOV:<\/strong><\/h4>\n<ul>\n<li>izr. prof. dr. Mirijam Vrabec, Oddelek za geologijo (OG)<\/li>\n<li>doc. dr. Damjan Hann, Oddelek za geotehnologijo, rudarstvo in okolje (OGRO)<\/li>\n<li>izr. prof. dr. Iztok Nagli\u010d, Oddelek za materiale in metalurgijo (OMM)<\/li>\n<li>izr. prof. dr. Jure Ahtik, Oddelek za tekstilstvo, grafiko in oblikovanje (OTGO)<\/li>\n<\/ul>\n","protected":false},"excerpt":{"rendered":"UNIVERZA V LJUBLJANI NARAVOSLOVNOTEHNI\u0160KA FAKULTETA VODSTVO NTF: prof. dr. Andrej \u0160muc, dekan prof. dr. Helena Gabrijel\u010di\u010d Tomc, prodekanja za \u0161tudijske zadeve prof. dr. Jo\u017eef Medved, prodekan za znanstveno raziskovalno delo izr. prof. dr. Barbara \u010cen\u010dur Curk, prodekanja za gospodarjenje in kakovost doc. dr. Petja Zorec, prodekanja za umetni\u0161ko dejavnost Ma\u0161a Hiti, tajnik UL NTF PREDSTOJNIKI &#8230; <a class=\"view-article\" href=\"https:\/\/www.ntf.uni-lj.si\/ntf\/vizitka\/\">Read more<\/a>","protected":false},"author":15,"featured_media":0,"parent":0,"menu_order":19,"comment_status":"closed","ping_status":"closed","template":"","meta":[],"acf":[],"yoast_head":"<!-- This site is optimized with the Yoast SEO plugin v17.0 - https:\/\/yoast.com\/wordpress\/plugins\/seo\/ -->\n<meta name=\"robots\" content=\"index, follow, max-snippet:-1, max-image-preview:large, max-video-preview:-1\" \/>\n<link rel=\"canonical\" href=\"https:\/\/www.ntf.uni-lj.si\/ntf\/vizitka\/\" \/>\n<meta property=\"og:locale\" content=\"en_US\" \/>\n<meta property=\"og:type\" content=\"article\" \/>\n<meta property=\"og:title\" content=\"Vizitka - NTF\" \/>\n<meta property=\"og:description\" content=\"UNIVERZA V LJUBLJANI NARAVOSLOVNOTEHNI\u0160KA FAKULTETA VODSTVO NTF: prof. dr. Andrej \u0160muc, dekan prof. dr. Helena Gabrijel\u010di\u010d Tomc, prodekanja za \u0161tudijske zadeve prof. dr. Jo\u017eef Medved, prodekan za znanstveno raziskovalno delo izr. prof. dr. Barbara \u010cen\u010dur Curk, prodekanja za gospodarjenje in kakovost doc. dr. Petja Zorec, prodekanja za umetni\u0161ko dejavnost Ma\u0161a Hiti, tajnik UL NTF PREDSTOJNIKI ... Read more\" \/>\n<meta property=\"og:url\" content=\"https:\/\/www.ntf.uni-lj.si\/ntf\/vizitka\/\" \/>\n<meta property=\"og:site_name\" content=\"NTF\" \/>\n<meta property=\"article:modified_time\" content=\"2025-12-16T07:38:07+00:00\" \/>\n<meta name=\"twitter:label1\" content=\"Est. reading time\" \/>\n\t<meta name=\"twitter:data1\" content=\"1 minute\" \/>\n<script type=\"application\/ld+json\" class=\"yoast-schema-graph\">{\"@context\":\"https:\/\/schema.org\",\"@graph\":[{\"@type\":\"WebSite\",\"@id\":\"https:\/\/www.ntf.uni-lj.si\/ntf\/#website\",\"url\":\"https:\/\/www.ntf.uni-lj.si\/ntf\/\",\"name\":\"NTF\",\"description\":\"Naravoslovnotehni\\u0161ka fakulteta\",\"potentialAction\":[{\"@type\":\"SearchAction\",\"target\":{\"@type\":\"EntryPoint\",\"urlTemplate\":\"https:\/\/www.ntf.uni-lj.si\/ntf\/?s={search_term_string}\"},\"query-input\":\"required name=search_term_string\"}],\"inLanguage\":\"en-US\"},{\"@type\":\"WebPage\",\"@id\":\"https:\/\/www.ntf.uni-lj.si\/ntf\/vizitka\/#webpage\",\"url\":\"https:\/\/www.ntf.uni-lj.si\/ntf\/vizitka\/\",\"name\":\"Vizitka - NTF\",\"isPartOf\":{\"@id\":\"https:\/\/www.ntf.uni-lj.si\/ntf\/#website\"},\"datePublished\":\"2015-05-20T10:53:28+00:00\",\"dateModified\":\"2025-12-16T07:38:07+00:00\",\"breadcrumb\":{\"@id\":\"https:\/\/www.ntf.uni-lj.si\/ntf\/vizitka\/#breadcrumb\"},\"inLanguage\":\"en-US\",\"potentialAction\":[{\"@type\":\"ReadAction\",\"target\":[\"https:\/\/www.ntf.uni-lj.si\/ntf\/vizitka\/\"]}]},{\"@type\":\"BreadcrumbList\",\"@id\":\"https:\/\/www.ntf.uni-lj.si\/ntf\/vizitka\/#breadcrumb\",\"itemListElement\":[{\"@type\":\"ListItem\",\"position\":1,\"name\":\"Domov\",\"item\":\"https:\/\/www.ntf.uni-lj.si\/ntf\/\"},{\"@type\":\"ListItem\",\"position\":2,\"name\":\"Vizitka\"}]}]}<\/script>\n<!-- \/ Yoast SEO plugin. -->","yoast_head_json":{"robots":{"index":"index","follow":"follow","max-snippet":"max-snippet:-1","max-image-preview":"max-image-preview:large","max-video-preview":"max-video-preview:-1"},"canonical":"https:\/\/www.ntf.uni-lj.si\/ntf\/vizitka\/","og_locale":"en_US","og_type":"article","og_title":"Vizitka - NTF","og_description":"UNIVERZA V LJUBLJANI NARAVOSLOVNOTEHNI\u0160KA FAKULTETA VODSTVO NTF: prof. dr. Andrej \u0160muc, dekan prof. dr. Helena Gabrijel\u010di\u010d Tomc, prodekanja za \u0161tudijske zadeve prof. dr. Jo\u017eef Medved, prodekan za znanstveno raziskovalno delo izr. prof. dr. Barbara \u010cen\u010dur Curk, prodekanja za gospodarjenje in kakovost doc. dr. Petja Zorec, prodekanja za umetni\u0161ko dejavnost Ma\u0161a Hiti, tajnik UL NTF PREDSTOJNIKI ... Read more","og_url":"https:\/\/www.ntf.uni-lj.si\/ntf\/vizitka\/","og_site_name":"NTF","article_modified_time":"2025-12-16T07:38:07+00:00","twitter_misc":{"Est. reading time":"1 minute"},"schema":{"@context":"https:\/\/schema.org","@graph":[{"@type":"WebSite","@id":"https:\/\/www.ntf.uni-lj.si\/ntf\/#website","url":"https:\/\/www.ntf.uni-lj.si\/ntf\/","name":"NTF","description":"Naravoslovnotehni\u0161ka fakulteta","potentialAction":[{"@type":"SearchAction","target":{"@type":"EntryPoint","urlTemplate":"https:\/\/www.ntf.uni-lj.si\/ntf\/?s={search_term_string}"},"query-input":"required name=search_term_string"}],"inLanguage":"en-US"},{"@type":"WebPage","@id":"https:\/\/www.ntf.uni-lj.si\/ntf\/vizitka\/#webpage","url":"https:\/\/www.ntf.uni-lj.si\/ntf\/vizitka\/","name":"Vizitka - NTF","isPartOf":{"@id":"https:\/\/www.ntf.uni-lj.si\/ntf\/#website"},"datePublished":"2015-05-20T10:53:28+00:00","dateModified":"2025-12-16T07:38:07+00:00","breadcrumb":{"@id":"https:\/\/www.ntf.uni-lj.si\/ntf\/vizitka\/#breadcrumb"},"inLanguage":"en-US","potentialAction":[{"@type":"ReadAction","target":["https:\/\/www.ntf.uni-lj.si\/ntf\/vizitka\/"]}]},{"@type":"BreadcrumbList","@id":"https:\/\/www.ntf.uni-lj.si\/ntf\/vizitka\/#breadcrumb","itemListElement":[{"@type":"ListItem","position":1,"name":"Domov","item":"https:\/\/www.ntf.uni-lj.si\/ntf\/"},{"@type":"ListItem","position":2,"name":"Vizitka"}]}]}},"_links":{"self":[{"href":"https:\/\/www.ntf.uni-lj.si\/ntf\/wp-json\/wp\/v2\/pages\/1951"}],"collection":[{"href":"https:\/\/www.ntf.uni-lj.si\/ntf\/wp-json\/wp\/v2\/pages"}],"about":[{"href":"https:\/\/www.ntf.uni-lj.si\/ntf\/wp-json\/wp\/v2\/types\/page"}],"author":[{"embeddable":true,"href":"https:\/\/www.ntf.uni-lj.si\/ntf\/wp-json\/wp\/v2\/users\/15"}],"replies":[{"embeddable":true,"href":"https:\/\/www.ntf.uni-lj.si\/ntf\/wp-json\/wp\/v2\/comments?post=1951"}],"version-history":[{"count":71,"href":"https:\/\/www.ntf.uni-lj.si\/ntf\/wp-json\/wp\/v2\/pages\/1951\/revisions"}],"predecessor-version":[{"id":31957,"href":"https:\/\/www.ntf.uni-lj.si\/ntf\/wp-json\/wp\/v2\/pages\/1951\/revisions\/31957"}],"wp:attachment":[{"href":"https:\/\/www.ntf.uni-lj.si\/ntf\/wp-json\/wp\/v2\/media?parent=1951"}],"curies":[{"name":"wp","href":"https:\/\/api.w.org\/{rel}","templated":true}]}}