{"id":1954,"date":"2015-05-20T12:54:05","date_gmt":"2015-05-20T12:54:05","guid":{"rendered":"http:\/\/www.ntf.uni-lj.si\/ntf\/?page_id=1954"},"modified":"2026-01-27T12:09:45","modified_gmt":"2026-01-27T11:09:45","slug":"card","status":"publish","type":"page","link":"https:\/\/www.ntf.uni-lj.si\/ntf\/en\/about-faculty\/card\/","title":{"rendered":"Card"},"content":{"rendered":"<h4><strong>UNIVERSITY OF LJUBLJANA<\/strong><\/h4>\n<h4><strong>FACULTY OF NATURAL SCIENCES AND\u00a0ENGINEERING<\/strong><\/h4>\n<h4><strong>FACULTY MANAGEMENT:<\/strong><\/h4>\n<ul>\n<li>Prof. Dr. Andrej \u0160muc, dean<\/li>\n<li>Prof. Dr. Helena Gabrijel\u010di\u010d Tomc, vice-dean for educational affairs<\/li>\n<li>Prof. Dr. Jo\u017eef Medved<a href=\"http:\/\/www.ntf.uni-lj.si\/toi\/employee\/barbara-simoncic\/\" target=\"_blank\" rel=\"noopener noreferrer\">,<\/a> vice-dean for science and research<\/li>\n<li>Assoc. Prof. Dr. Barbara \u010cen\u010dur Curk<a href=\"https:\/\/www.ntf.uni-lj.si\/ntf\/en\/about-faculty\/employees\/\">,<\/a> vice-dean for economic affairs<\/li>\n<li>Assist. Dr. Petja Zorec, vice-dean for Arts,<\/li>\n<li>Ma\u0161a Hiti, secretary of FNSE<\/li>\n<\/ul>\n<h4><strong>DEPARTMENTS DEANS:<\/strong><\/h4>\n<ul>\n<li>Assoc. Prof. Dr. Mirijam Vrabec, Department of Geology (OG)<\/li>\n<li>Assist. Dr. Damjan Hann, Department of Geotechnology, Mining and Environment (OGRO)<\/li>\n<li>Assoc. Prof. Dr. Iztok Nagli\u010d, Department of Materials and Metallurgy (OMM)<\/li>\n<li>Assoc. Prof. Dr. Jure Ahtik, Oddelek za tekstilstvo, grafiko in oblikovanje (OTGO)<\/li>\n<\/ul>\n","protected":false},"excerpt":{"rendered":"UNIVERSITY OF LJUBLJANA FACULTY OF NATURAL SCIENCES AND\u00a0ENGINEERING FACULTY MANAGEMENT: Prof. Dr. Andrej \u0160muc, dean Prof. Dr. Helena Gabrijel\u010di\u010d Tomc, vice-dean for educational affairs Prof. Dr. Jo\u017eef Medved, vice-dean for science and research Assoc. Prof. Dr. Barbara \u010cen\u010dur Curk, vice-dean for economic affairs Assist. Dr. Petja Zorec, vice-dean for Arts, Ma\u0161a Hiti, secretary of FNSE &#8230; <a class=\"view-article\" href=\"https:\/\/www.ntf.uni-lj.si\/ntf\/en\/about-faculty\/card\/\">Read more<\/a>","protected":false},"author":15,"featured_media":0,"parent":1903,"menu_order":55,"comment_status":"closed","ping_status":"closed","template":"","meta":[],"acf":[],"yoast_head":"<!-- This site is optimized with the Yoast SEO plugin v17.0 - https:\/\/yoast.com\/wordpress\/plugins\/seo\/ -->\n<meta name=\"robots\" content=\"index, follow, max-snippet:-1, max-image-preview:large, max-video-preview:-1\" \/>\n<link rel=\"canonical\" href=\"https:\/\/www.ntf.uni-lj.si\/ntf\/en\/about-faculty\/card\/\" \/>\n<meta property=\"og:locale\" content=\"en_US\" \/>\n<meta property=\"og:type\" content=\"article\" \/>\n<meta property=\"og:title\" content=\"Card - NTF\" \/>\n<meta property=\"og:description\" content=\"UNIVERSITY OF LJUBLJANA FACULTY OF NATURAL SCIENCES AND\u00a0ENGINEERING FACULTY MANAGEMENT: Prof. Dr. Andrej \u0160muc, dean Prof. Dr. Helena Gabrijel\u010di\u010d Tomc, vice-dean for educational affairs Prof. Dr. Jo\u017eef Medved, vice-dean for science and research Assoc. Prof. Dr. Barbara \u010cen\u010dur Curk, vice-dean for economic affairs Assist. Dr. Petja Zorec, vice-dean for Arts, Ma\u0161a Hiti, secretary of FNSE ... Read more\" \/>\n<meta property=\"og:url\" content=\"https:\/\/www.ntf.uni-lj.si\/ntf\/en\/about-faculty\/card\/\" \/>\n<meta property=\"og:site_name\" content=\"NTF\" \/>\n<meta property=\"article:modified_time\" content=\"2026-01-27T11:09:45+00:00\" \/>\n<meta name=\"twitter:label1\" content=\"Est. reading time\" \/>\n\t<meta name=\"twitter:data1\" content=\"1 minute\" \/>\n<script type=\"application\/ld+json\" class=\"yoast-schema-graph\">{\"@context\":\"https:\/\/schema.org\",\"@graph\":[{\"@type\":\"WebSite\",\"@id\":\"https:\/\/www.ntf.uni-lj.si\/ntf\/#website\",\"url\":\"https:\/\/www.ntf.uni-lj.si\/ntf\/\",\"name\":\"NTF\",\"description\":\"Naravoslovnotehni\\u0161ka fakulteta\",\"potentialAction\":[{\"@type\":\"SearchAction\",\"target\":{\"@type\":\"EntryPoint\",\"urlTemplate\":\"https:\/\/www.ntf.uni-lj.si\/ntf\/?s={search_term_string}\"},\"query-input\":\"required name=search_term_string\"}],\"inLanguage\":\"en-US\"},{\"@type\":\"WebPage\",\"@id\":\"https:\/\/www.ntf.uni-lj.si\/ntf\/en\/about-faculty\/card\/#webpage\",\"url\":\"https:\/\/www.ntf.uni-lj.si\/ntf\/en\/about-faculty\/card\/\",\"name\":\"Card - NTF\",\"isPartOf\":{\"@id\":\"https:\/\/www.ntf.uni-lj.si\/ntf\/#website\"},\"datePublished\":\"2015-05-20T12:54:05+00:00\",\"dateModified\":\"2026-01-27T11:09:45+00:00\",\"breadcrumb\":{\"@id\":\"https:\/\/www.ntf.uni-lj.si\/ntf\/en\/about-faculty\/card\/#breadcrumb\"},\"inLanguage\":\"en-US\",\"potentialAction\":[{\"@type\":\"ReadAction\",\"target\":[\"https:\/\/www.ntf.uni-lj.si\/ntf\/en\/about-faculty\/card\/\"]}]},{\"@type\":\"BreadcrumbList\",\"@id\":\"https:\/\/www.ntf.uni-lj.si\/ntf\/en\/about-faculty\/card\/#breadcrumb\",\"itemListElement\":[{\"@type\":\"ListItem\",\"position\":1,\"name\":\"Domov\",\"item\":\"https:\/\/www.ntf.uni-lj.si\/ntf\/\"},{\"@type\":\"ListItem\",\"position\":2,\"name\":\"About faculty\",\"item\":\"https:\/\/www.ntf.uni-lj.si\/ntf\/en\/about-faculty\/\"},{\"@type\":\"ListItem\",\"position\":3,\"name\":\"Card\"}]}]}<\/script>\n<!-- \/ Yoast SEO plugin. -->","yoast_head_json":{"robots":{"index":"index","follow":"follow","max-snippet":"max-snippet:-1","max-image-preview":"max-image-preview:large","max-video-preview":"max-video-preview:-1"},"canonical":"https:\/\/www.ntf.uni-lj.si\/ntf\/en\/about-faculty\/card\/","og_locale":"en_US","og_type":"article","og_title":"Card - NTF","og_description":"UNIVERSITY OF LJUBLJANA FACULTY OF NATURAL SCIENCES AND\u00a0ENGINEERING FACULTY MANAGEMENT: Prof. Dr. Andrej \u0160muc, dean Prof. Dr. Helena Gabrijel\u010di\u010d Tomc, vice-dean for educational affairs Prof. Dr. Jo\u017eef Medved, vice-dean for science and research Assoc. Prof. Dr. Barbara \u010cen\u010dur Curk, vice-dean for economic affairs Assist. Dr. Petja Zorec, vice-dean for Arts, Ma\u0161a Hiti, secretary of FNSE ... Read more","og_url":"https:\/\/www.ntf.uni-lj.si\/ntf\/en\/about-faculty\/card\/","og_site_name":"NTF","article_modified_time":"2026-01-27T11:09:45+00:00","twitter_misc":{"Est. reading time":"1 minute"},"schema":{"@context":"https:\/\/schema.org","@graph":[{"@type":"WebSite","@id":"https:\/\/www.ntf.uni-lj.si\/ntf\/#website","url":"https:\/\/www.ntf.uni-lj.si\/ntf\/","name":"NTF","description":"Naravoslovnotehni\u0161ka fakulteta","potentialAction":[{"@type":"SearchAction","target":{"@type":"EntryPoint","urlTemplate":"https:\/\/www.ntf.uni-lj.si\/ntf\/?s={search_term_string}"},"query-input":"required name=search_term_string"}],"inLanguage":"en-US"},{"@type":"WebPage","@id":"https:\/\/www.ntf.uni-lj.si\/ntf\/en\/about-faculty\/card\/#webpage","url":"https:\/\/www.ntf.uni-lj.si\/ntf\/en\/about-faculty\/card\/","name":"Card - NTF","isPartOf":{"@id":"https:\/\/www.ntf.uni-lj.si\/ntf\/#website"},"datePublished":"2015-05-20T12:54:05+00:00","dateModified":"2026-01-27T11:09:45+00:00","breadcrumb":{"@id":"https:\/\/www.ntf.uni-lj.si\/ntf\/en\/about-faculty\/card\/#breadcrumb"},"inLanguage":"en-US","potentialAction":[{"@type":"ReadAction","target":["https:\/\/www.ntf.uni-lj.si\/ntf\/en\/about-faculty\/card\/"]}]},{"@type":"BreadcrumbList","@id":"https:\/\/www.ntf.uni-lj.si\/ntf\/en\/about-faculty\/card\/#breadcrumb","itemListElement":[{"@type":"ListItem","position":1,"name":"Domov","item":"https:\/\/www.ntf.uni-lj.si\/ntf\/"},{"@type":"ListItem","position":2,"name":"About faculty","item":"https:\/\/www.ntf.uni-lj.si\/ntf\/en\/about-faculty\/"},{"@type":"ListItem","position":3,"name":"Card"}]}]}},"_links":{"self":[{"href":"https:\/\/www.ntf.uni-lj.si\/ntf\/wp-json\/wp\/v2\/pages\/1954"}],"collection":[{"href":"https:\/\/www.ntf.uni-lj.si\/ntf\/wp-json\/wp\/v2\/pages"}],"about":[{"href":"https:\/\/www.ntf.uni-lj.si\/ntf\/wp-json\/wp\/v2\/types\/page"}],"author":[{"embeddable":true,"href":"https:\/\/www.ntf.uni-lj.si\/ntf\/wp-json\/wp\/v2\/users\/15"}],"replies":[{"embeddable":true,"href":"https:\/\/www.ntf.uni-lj.si\/ntf\/wp-json\/wp\/v2\/comments?post=1954"}],"version-history":[{"count":26,"href":"https:\/\/www.ntf.uni-lj.si\/ntf\/wp-json\/wp\/v2\/pages\/1954\/revisions"}],"predecessor-version":[{"id":32236,"href":"https:\/\/www.ntf.uni-lj.si\/ntf\/wp-json\/wp\/v2\/pages\/1954\/revisions\/32236"}],"up":[{"embeddable":true,"href":"https:\/\/www.ntf.uni-lj.si\/ntf\/wp-json\/wp\/v2\/pages\/1903"}],"wp:attachment":[{"href":"https:\/\/www.ntf.uni-lj.si\/ntf\/wp-json\/wp\/v2\/media?parent=1954"}],"curies":[{"name":"wp","href":"https:\/\/api.w.org\/{rel}","templated":true}]}}