{"id":1984,"date":"2015-05-20T14:01:40","date_gmt":"2015-05-20T13:01:40","guid":{"rendered":"http:\/\/www.ntf.uni-lj.si\/ntf\/?page_id=1984"},"modified":"2022-05-12T10:06:53","modified_gmt":"2022-05-12T08:06:53","slug":"kontakt","status":"publish","type":"page","link":"https:\/\/www.ntf.uni-lj.si\/ntf\/kontakt\/","title":{"rendered":"Kontakt"},"content":{"rendered":"<p>Imate vpra\u0161anje, predlog ali \u017eelite zgolj navezati kontakt? Izpolnite spodnji obrazec in odgovorili vam bomo v kratkem.<\/p>\n<p><strong>Dru\u017ebena omre\u017eja<\/strong><\/p>\n<p><a href=\"https:\/\/www.facebook.com\/ulntf\/\">Facebook<\/a><br \/>\n<a href=\"https:\/\/www.instagram.com\/ulntf\/\">Instagram<\/a><br \/>\n<a href=\"https:\/\/www.youtube.com\/channel\/UCLmE2pcSnCTePaVobFcLeHw\/playlists\/\">YouTube<\/a><\/p>\n<div role=\"form\" class=\"wpcf7\" id=\"wpcf7-f2058-o1\" lang=\"sl-SI\" dir=\"ltr\">\n<div class=\"screen-reader-response\">\n<p role=\"status\" aria-live=\"polite\" aria-atomic=\"true\">\n<ul><\/ul>\n<\/div>\n<form action=\"\/ntf\/wp-json\/wp\/v2\/pages\/1984#wpcf7-f2058-o1\" method=\"post\" class=\"wpcf7-form init\" novalidate=\"novalidate\" data-status=\"init\">\n<div style=\"display: none;\">\n<input type=\"hidden\" name=\"_wpcf7\" value=\"2058\" \/><br \/>\n<input type=\"hidden\" name=\"_wpcf7_version\" value=\"5.4.2\" \/><br \/>\n<input type=\"hidden\" name=\"_wpcf7_locale\" value=\"sl_SI\" \/><br \/>\n<input type=\"hidden\" name=\"_wpcf7_unit_tag\" value=\"wpcf7-f2058-o1\" \/><br \/>\n<input type=\"hidden\" name=\"_wpcf7_container_post\" value=\"0\" \/><br \/>\n<input type=\"hidden\" name=\"_wpcf7_posted_data_hash\" value=\"\" \/>\n<\/div>\n<div class=\"left\">\n<p>Ime Priimek: *<br \/>\n    <span class=\"wpcf7-form-control-wrap your-name\"><input type=\"text\" name=\"your-name\" value=\"\" size=\"40\" class=\"wpcf7-form-control wpcf7-text wpcf7-validates-as-required\" aria-required=\"true\" aria-invalid=\"false\" \/><\/span> <\/p>\n<p>E-po\u0161ta: *<br \/>\n    <span class=\"wpcf7-form-control-wrap your-email\"><input type=\"email\" name=\"your-email\" value=\"\" size=\"40\" class=\"wpcf7-form-control wpcf7-text wpcf7-email wpcf7-validates-as-required wpcf7-validates-as-email\" aria-required=\"true\" aria-invalid=\"false\" \/><\/span> <\/p>\n<p>Prepi\u0161i znake: * <em>To use CAPTCHA, you need <a href=\"https:\/\/wordpress.org\/plugins\/really-simple-captcha\/\">Really Simple CAPTCHA<\/a> plugin installed.<\/em> <br \/>\n<span class=\"wpcf7-form-control-wrap captcha-380\"><input type=\"text\" name=\"captcha-380\" value=\"\" size=\"40\" class=\"wpcf7-form-control wpcf7-captchar\" autocomplete=\"off\" aria-invalid=\"false\" \/><\/span>\n<\/p>\n<\/div>\n<div class=\"right\">\n<p>Sporo\u010dilo: *<br \/>\n    <span class=\"wpcf7-form-control-wrap your-message\"><textarea name=\"your-message\" cols=\"40\" rows=\"10\" class=\"wpcf7-form-control wpcf7-textarea wpcf7-validates-as-required\" aria-required=\"true\" aria-invalid=\"false\"><\/textarea><\/span> <\/p>\n<\/div>\n<div class=\"left\">\n<p class=\"submit\"><input type=\"submit\" value=\"Po\u0161lji\" class=\"wpcf7-form-control wpcf7-submit button-primary\" \/><\/p>\n<\/div>\n<div class=\"wpcf7-response-output\" aria-hidden=\"true\"><\/div>\n<\/form>\n<\/div>\n","protected":false},"excerpt":{"rendered":"Imate vpra\u0161anje, predlog ali \u017eelite zgolj navezati kontakt? Izpolnite spodnji obrazec in odgovorili vam bomo v kratkem. Dru\u017ebena omre\u017eja Facebook Instagram YouTube","protected":false},"author":15,"featured_media":0,"parent":0,"menu_order":44,"comment_status":"closed","ping_status":"closed","template":"","meta":[],"acf":[],"yoast_head":"<!-- This site is optimized with the Yoast SEO plugin v17.0 - https:\/\/yoast.com\/wordpress\/plugins\/seo\/ -->\n<meta name=\"robots\" content=\"index, follow, max-snippet:-1, max-image-preview:large, max-video-preview:-1\" \/>\n<link rel=\"canonical\" href=\"https:\/\/www.ntf.uni-lj.si\/ntf\/kontakt\/\" \/>\n<meta property=\"og:locale\" content=\"en_US\" \/>\n<meta property=\"og:type\" content=\"article\" \/>\n<meta property=\"og:title\" content=\"Kontakt - NTF\" \/>\n<meta property=\"og:description\" content=\"Imate vpra\u0161anje, predlog ali \u017eelite zgolj navezati kontakt? Izpolnite spodnji obrazec in odgovorili vam bomo v kratkem. Dru\u017ebena omre\u017eja Facebook Instagram YouTube\" \/>\n<meta property=\"og:url\" content=\"https:\/\/www.ntf.uni-lj.si\/ntf\/kontakt\/\" \/>\n<meta property=\"og:site_name\" content=\"NTF\" \/>\n<meta property=\"article:modified_time\" content=\"2022-05-12T08:06:53+00:00\" \/>\n<meta name=\"twitter:label1\" content=\"Est. reading time\" \/>\n\t<meta name=\"twitter:data1\" content=\"1 minute\" \/>\n<script type=\"application\/ld+json\" class=\"yoast-schema-graph\">{\"@context\":\"https:\/\/schema.org\",\"@graph\":[{\"@type\":\"WebSite\",\"@id\":\"https:\/\/www.ntf.uni-lj.si\/ntf\/#website\",\"url\":\"https:\/\/www.ntf.uni-lj.si\/ntf\/\",\"name\":\"NTF\",\"description\":\"Naravoslovnotehni\\u0161ka fakulteta\",\"potentialAction\":[{\"@type\":\"SearchAction\",\"target\":{\"@type\":\"EntryPoint\",\"urlTemplate\":\"https:\/\/www.ntf.uni-lj.si\/ntf\/?s={search_term_string}\"},\"query-input\":\"required name=search_term_string\"}],\"inLanguage\":\"en-US\"},{\"@type\":\"WebPage\",\"@id\":\"https:\/\/www.ntf.uni-lj.si\/ntf\/kontakt\/#webpage\",\"url\":\"https:\/\/www.ntf.uni-lj.si\/ntf\/kontakt\/\",\"name\":\"Kontakt - NTF\",\"isPartOf\":{\"@id\":\"https:\/\/www.ntf.uni-lj.si\/ntf\/#website\"},\"datePublished\":\"2015-05-20T13:01:40+00:00\",\"dateModified\":\"2022-05-12T08:06:53+00:00\",\"breadcrumb\":{\"@id\":\"https:\/\/www.ntf.uni-lj.si\/ntf\/kontakt\/#breadcrumb\"},\"inLanguage\":\"en-US\",\"potentialAction\":[{\"@type\":\"ReadAction\",\"target\":[\"https:\/\/www.ntf.uni-lj.si\/ntf\/kontakt\/\"]}]},{\"@type\":\"BreadcrumbList\",\"@id\":\"https:\/\/www.ntf.uni-lj.si\/ntf\/kontakt\/#breadcrumb\",\"itemListElement\":[{\"@type\":\"ListItem\",\"position\":1,\"name\":\"Domov\",\"item\":\"https:\/\/www.ntf.uni-lj.si\/ntf\/\"},{\"@type\":\"ListItem\",\"position\":2,\"name\":\"Kontakt\"}]}]}<\/script>\n<!-- \/ Yoast SEO plugin. -->","yoast_head_json":{"robots":{"index":"index","follow":"follow","max-snippet":"max-snippet:-1","max-image-preview":"max-image-preview:large","max-video-preview":"max-video-preview:-1"},"canonical":"https:\/\/www.ntf.uni-lj.si\/ntf\/kontakt\/","og_locale":"en_US","og_type":"article","og_title":"Kontakt - NTF","og_description":"Imate vpra\u0161anje, predlog ali \u017eelite zgolj navezati kontakt? Izpolnite spodnji obrazec in odgovorili vam bomo v kratkem. Dru\u017ebena omre\u017eja Facebook Instagram YouTube","og_url":"https:\/\/www.ntf.uni-lj.si\/ntf\/kontakt\/","og_site_name":"NTF","article_modified_time":"2022-05-12T08:06:53+00:00","twitter_misc":{"Est. reading time":"1 minute"},"schema":{"@context":"https:\/\/schema.org","@graph":[{"@type":"WebSite","@id":"https:\/\/www.ntf.uni-lj.si\/ntf\/#website","url":"https:\/\/www.ntf.uni-lj.si\/ntf\/","name":"NTF","description":"Naravoslovnotehni\u0161ka fakulteta","potentialAction":[{"@type":"SearchAction","target":{"@type":"EntryPoint","urlTemplate":"https:\/\/www.ntf.uni-lj.si\/ntf\/?s={search_term_string}"},"query-input":"required name=search_term_string"}],"inLanguage":"en-US"},{"@type":"WebPage","@id":"https:\/\/www.ntf.uni-lj.si\/ntf\/kontakt\/#webpage","url":"https:\/\/www.ntf.uni-lj.si\/ntf\/kontakt\/","name":"Kontakt - NTF","isPartOf":{"@id":"https:\/\/www.ntf.uni-lj.si\/ntf\/#website"},"datePublished":"2015-05-20T13:01:40+00:00","dateModified":"2022-05-12T08:06:53+00:00","breadcrumb":{"@id":"https:\/\/www.ntf.uni-lj.si\/ntf\/kontakt\/#breadcrumb"},"inLanguage":"en-US","potentialAction":[{"@type":"ReadAction","target":["https:\/\/www.ntf.uni-lj.si\/ntf\/kontakt\/"]}]},{"@type":"BreadcrumbList","@id":"https:\/\/www.ntf.uni-lj.si\/ntf\/kontakt\/#breadcrumb","itemListElement":[{"@type":"ListItem","position":1,"name":"Domov","item":"https:\/\/www.ntf.uni-lj.si\/ntf\/"},{"@type":"ListItem","position":2,"name":"Kontakt"}]}]}},"_links":{"self":[{"href":"https:\/\/www.ntf.uni-lj.si\/ntf\/wp-json\/wp\/v2\/pages\/1984"}],"collection":[{"href":"https:\/\/www.ntf.uni-lj.si\/ntf\/wp-json\/wp\/v2\/pages"}],"about":[{"href":"https:\/\/www.ntf.uni-lj.si\/ntf\/wp-json\/wp\/v2\/types\/page"}],"author":[{"embeddable":true,"href":"https:\/\/www.ntf.uni-lj.si\/ntf\/wp-json\/wp\/v2\/users\/15"}],"replies":[{"embeddable":true,"href":"https:\/\/www.ntf.uni-lj.si\/ntf\/wp-json\/wp\/v2\/comments?post=1984"}],"version-history":[{"count":7,"href":"https:\/\/www.ntf.uni-lj.si\/ntf\/wp-json\/wp\/v2\/pages\/1984\/revisions"}],"predecessor-version":[{"id":21297,"href":"https:\/\/www.ntf.uni-lj.si\/ntf\/wp-json\/wp\/v2\/pages\/1984\/revisions\/21297"}],"wp:attachment":[{"href":"https:\/\/www.ntf.uni-lj.si\/ntf\/wp-json\/wp\/v2\/media?parent=1984"}],"curies":[{"name":"wp","href":"https:\/\/api.w.org\/{rel}","templated":true}]}}