{"id":2015,"date":"2015-05-20T14:25:00","date_gmt":"2015-05-20T13:25:00","guid":{"rendered":"http:\/\/www.ntf.uni-lj.si\/ntf\/?page_id=2015"},"modified":"2025-01-16T08:22:33","modified_gmt":"2025-01-16T07:22:33","slug":"senate","status":"publish","type":"page","link":"https:\/\/www.ntf.uni-lj.si\/ntf\/en\/about-faculty\/bodies-of-the-faculty\/senate\/","title":{"rendered":"Senate"},"content":{"rendered":"<p><b>Senate members:<\/b><b>\u00a0<\/b><\/p>\n<ul>\n<li>asst. prof. dr. Jure Ahtik<\/li>\n<li>prof. dr. Matejka Bizjak<\/li>\n<li>prof. dr. Mihael Bren\u010di\u010d<\/li>\n<li>prof. Elena Fajt<\/li>\n<li>assoc. prof. dr. Marija Gorjanc<\/li>\n<li>asst. prof. dr. Damjan Hann<\/li>\n<li>asst. prof. dr. Simona Jarc<\/li>\n<li>asst. prof.\u00a0 dr. Tanja Nu\u0161a Ko\u010devar<\/li>\n<li>assoc. prof. dr. Jo\u017ee Kortnik<\/li>\n<li>prof. dr. Goran Kugler<\/li>\n<li>prof. dr. Jo\u017eef Medved<\/li>\n<li>prof. dr. Bo\u0161tjan Markoli<\/li>\n<li>prof. Nata\u0161a Per\u0161uh<\/li>\n<li>prof. dr. Bo\u0161tjan Ro\u017ei\u010d<\/li>\n<li>assoc. prof. dr. Brigita Tom\u0161i\u010d<\/li>\n<li>prof. dr. Ra\u0161a Urbas<\/li>\n<li>asst. prof. dr. Goran Vi\u017eintin<\/li>\n<li>prof. dr. Ur\u0161ka Vrabi\u010d Brodnjak<\/li>\n<li>prof. dr. Ur\u0161ka Stankovi\u0107 Elesini, dean<\/li>\n<li>Tina Bajec, \u0160S NTF<\/li>\n<li>\u017diva Jan\u010dar Bauman, \u0160S NTF<\/li>\n<li>Lea Lon\u010dar, \u0160S NTF<\/li>\n<li>Teja Medve\u0161\u010dek, \u0160S NTF<\/li>\n<li>Eva Pusovnik, \u0160S NTF<\/li>\n<li><\/li>\n<\/ul>\n<p><strong>Invited:<\/strong><\/p>\n<ul>\n<li>Secretary \u2013 Ma\u0161a Hiti<\/li>\n<li>Head of SKS \u2013 Helena Zalar<\/li>\n<li>prof. dr. Andrej \u0160muc<\/li>\n<li>assoc. prof. dr. Maja Von\u010dina<\/li>\n<li>prof. dr. Andrej Dem\u0161ar<\/li>\n<li>prof. Du\u0161an Kirbi\u0161<\/li>\n<li>doc. dr. Jure Ahtik, head OTGO<\/li>\n<li>assoc. prof. dr. Barbara \u010cen\u010dur Curk, head OG<\/li>\n<li>assoc. prof. dr. \u017deljko Vukeli\u0107, head OGRO<\/li>\n<li>assoc. prof.dr. Tatjana Rijavec, union representative<\/li>\n<li>prof. dr. Nastja Rogan \u0160muc<\/li>\n<li>prof. dr. Marko Vrabec<\/li>\n<li>prof. dr. Borut Kosec<\/li>\n<\/ul>\n","protected":false},"excerpt":{"rendered":"Senate members:\u00a0 asst. prof. dr. Jure Ahtik prof. dr. Matejka Bizjak prof. dr. Mihael Bren\u010di\u010d prof. Elena Fajt assoc. prof. dr. Marija Gorjanc asst. prof. dr. Damjan Hann asst. prof. dr. Simona Jarc asst. prof.\u00a0 dr. Tanja Nu\u0161a Ko\u010devar assoc. prof. dr. Jo\u017ee Kortnik prof. dr. Goran Kugler prof. dr. Jo\u017eef Medved prof. dr. Bo\u0161tjan &#8230; <a class=\"view-article\" href=\"https:\/\/www.ntf.uni-lj.si\/ntf\/en\/about-faculty\/bodies-of-the-faculty\/senate\/\">Read more<\/a>","protected":false},"author":15,"featured_media":0,"parent":2003,"menu_order":336,"comment_status":"closed","ping_status":"closed","template":"","meta":[],"acf":[],"yoast_head":"<!-- This site is optimized with the Yoast SEO plugin v17.0 - https:\/\/yoast.com\/wordpress\/plugins\/seo\/ -->\n<meta name=\"robots\" content=\"index, follow, max-snippet:-1, max-image-preview:large, max-video-preview:-1\" \/>\n<link rel=\"canonical\" href=\"https:\/\/www.ntf.uni-lj.si\/ntf\/en\/about-faculty\/bodies-of-the-faculty\/senate\/\" \/>\n<meta property=\"og:locale\" content=\"en_US\" \/>\n<meta property=\"og:type\" content=\"article\" \/>\n<meta property=\"og:title\" content=\"Senate - NTF\" \/>\n<meta property=\"og:description\" content=\"Senate members:\u00a0 asst. prof. dr. Jure Ahtik prof. dr. Matejka Bizjak prof. dr. Mihael Bren\u010di\u010d prof. Elena Fajt assoc. prof. dr. Marija Gorjanc asst. prof. dr. Damjan Hann asst. prof. dr. Simona Jarc asst. prof.\u00a0 dr. Tanja Nu\u0161a Ko\u010devar assoc. prof. dr. Jo\u017ee Kortnik prof. dr. Goran Kugler prof. dr. Jo\u017eef Medved prof. dr. Bo\u0161tjan ... Read more\" \/>\n<meta property=\"og:url\" content=\"https:\/\/www.ntf.uni-lj.si\/ntf\/en\/about-faculty\/bodies-of-the-faculty\/senate\/\" \/>\n<meta property=\"og:site_name\" content=\"NTF\" \/>\n<meta property=\"article:modified_time\" content=\"2025-01-16T07:22:33+00:00\" \/>\n<meta name=\"twitter:label1\" content=\"Est. reading time\" \/>\n\t<meta name=\"twitter:data1\" content=\"1 minute\" \/>\n<script type=\"application\/ld+json\" class=\"yoast-schema-graph\">{\"@context\":\"https:\/\/schema.org\",\"@graph\":[{\"@type\":\"WebSite\",\"@id\":\"https:\/\/www.ntf.uni-lj.si\/ntf\/#website\",\"url\":\"https:\/\/www.ntf.uni-lj.si\/ntf\/\",\"name\":\"NTF\",\"description\":\"Naravoslovnotehni\\u0161ka fakulteta\",\"potentialAction\":[{\"@type\":\"SearchAction\",\"target\":{\"@type\":\"EntryPoint\",\"urlTemplate\":\"https:\/\/www.ntf.uni-lj.si\/ntf\/?s={search_term_string}\"},\"query-input\":\"required name=search_term_string\"}],\"inLanguage\":\"en-US\"},{\"@type\":\"WebPage\",\"@id\":\"https:\/\/www.ntf.uni-lj.si\/ntf\/en\/about-faculty\/bodies-of-the-faculty\/senate\/#webpage\",\"url\":\"https:\/\/www.ntf.uni-lj.si\/ntf\/en\/about-faculty\/bodies-of-the-faculty\/senate\/\",\"name\":\"Senate - NTF\",\"isPartOf\":{\"@id\":\"https:\/\/www.ntf.uni-lj.si\/ntf\/#website\"},\"datePublished\":\"2015-05-20T13:25:00+00:00\",\"dateModified\":\"2025-01-16T07:22:33+00:00\",\"breadcrumb\":{\"@id\":\"https:\/\/www.ntf.uni-lj.si\/ntf\/en\/about-faculty\/bodies-of-the-faculty\/senate\/#breadcrumb\"},\"inLanguage\":\"en-US\",\"potentialAction\":[{\"@type\":\"ReadAction\",\"target\":[\"https:\/\/www.ntf.uni-lj.si\/ntf\/en\/about-faculty\/bodies-of-the-faculty\/senate\/\"]}]},{\"@type\":\"BreadcrumbList\",\"@id\":\"https:\/\/www.ntf.uni-lj.si\/ntf\/en\/about-faculty\/bodies-of-the-faculty\/senate\/#breadcrumb\",\"itemListElement\":[{\"@type\":\"ListItem\",\"position\":1,\"name\":\"Domov\",\"item\":\"https:\/\/www.ntf.uni-lj.si\/ntf\/\"},{\"@type\":\"ListItem\",\"position\":2,\"name\":\"About faculty\",\"item\":\"https:\/\/www.ntf.uni-lj.si\/ntf\/en\/about-faculty\/\"},{\"@type\":\"ListItem\",\"position\":3,\"name\":\"Bodies of the Faculty\",\"item\":\"https:\/\/www.ntf.uni-lj.si\/ntf\/en\/about-faculty\/bodies-of-the-faculty\/\"},{\"@type\":\"ListItem\",\"position\":4,\"name\":\"Senate\"}]}]}<\/script>\n<!-- \/ Yoast SEO plugin. -->","yoast_head_json":{"robots":{"index":"index","follow":"follow","max-snippet":"max-snippet:-1","max-image-preview":"max-image-preview:large","max-video-preview":"max-video-preview:-1"},"canonical":"https:\/\/www.ntf.uni-lj.si\/ntf\/en\/about-faculty\/bodies-of-the-faculty\/senate\/","og_locale":"en_US","og_type":"article","og_title":"Senate - NTF","og_description":"Senate members:\u00a0 asst. prof. dr. Jure Ahtik prof. dr. Matejka Bizjak prof. dr. Mihael Bren\u010di\u010d prof. Elena Fajt assoc. prof. dr. Marija Gorjanc asst. prof. dr. Damjan Hann asst. prof. dr. Simona Jarc asst. prof.\u00a0 dr. Tanja Nu\u0161a Ko\u010devar assoc. prof. dr. Jo\u017ee Kortnik prof. dr. Goran Kugler prof. dr. Jo\u017eef Medved prof. dr. Bo\u0161tjan ... Read more","og_url":"https:\/\/www.ntf.uni-lj.si\/ntf\/en\/about-faculty\/bodies-of-the-faculty\/senate\/","og_site_name":"NTF","article_modified_time":"2025-01-16T07:22:33+00:00","twitter_misc":{"Est. reading time":"1 minute"},"schema":{"@context":"https:\/\/schema.org","@graph":[{"@type":"WebSite","@id":"https:\/\/www.ntf.uni-lj.si\/ntf\/#website","url":"https:\/\/www.ntf.uni-lj.si\/ntf\/","name":"NTF","description":"Naravoslovnotehni\u0161ka fakulteta","potentialAction":[{"@type":"SearchAction","target":{"@type":"EntryPoint","urlTemplate":"https:\/\/www.ntf.uni-lj.si\/ntf\/?s={search_term_string}"},"query-input":"required name=search_term_string"}],"inLanguage":"en-US"},{"@type":"WebPage","@id":"https:\/\/www.ntf.uni-lj.si\/ntf\/en\/about-faculty\/bodies-of-the-faculty\/senate\/#webpage","url":"https:\/\/www.ntf.uni-lj.si\/ntf\/en\/about-faculty\/bodies-of-the-faculty\/senate\/","name":"Senate - NTF","isPartOf":{"@id":"https:\/\/www.ntf.uni-lj.si\/ntf\/#website"},"datePublished":"2015-05-20T13:25:00+00:00","dateModified":"2025-01-16T07:22:33+00:00","breadcrumb":{"@id":"https:\/\/www.ntf.uni-lj.si\/ntf\/en\/about-faculty\/bodies-of-the-faculty\/senate\/#breadcrumb"},"inLanguage":"en-US","potentialAction":[{"@type":"ReadAction","target":["https:\/\/www.ntf.uni-lj.si\/ntf\/en\/about-faculty\/bodies-of-the-faculty\/senate\/"]}]},{"@type":"BreadcrumbList","@id":"https:\/\/www.ntf.uni-lj.si\/ntf\/en\/about-faculty\/bodies-of-the-faculty\/senate\/#breadcrumb","itemListElement":[{"@type":"ListItem","position":1,"name":"Domov","item":"https:\/\/www.ntf.uni-lj.si\/ntf\/"},{"@type":"ListItem","position":2,"name":"About faculty","item":"https:\/\/www.ntf.uni-lj.si\/ntf\/en\/about-faculty\/"},{"@type":"ListItem","position":3,"name":"Bodies of the Faculty","item":"https:\/\/www.ntf.uni-lj.si\/ntf\/en\/about-faculty\/bodies-of-the-faculty\/"},{"@type":"ListItem","position":4,"name":"Senate"}]}]}},"_links":{"self":[{"href":"https:\/\/www.ntf.uni-lj.si\/ntf\/wp-json\/wp\/v2\/pages\/2015"}],"collection":[{"href":"https:\/\/www.ntf.uni-lj.si\/ntf\/wp-json\/wp\/v2\/pages"}],"about":[{"href":"https:\/\/www.ntf.uni-lj.si\/ntf\/wp-json\/wp\/v2\/types\/page"}],"author":[{"embeddable":true,"href":"https:\/\/www.ntf.uni-lj.si\/ntf\/wp-json\/wp\/v2\/users\/15"}],"replies":[{"embeddable":true,"href":"https:\/\/www.ntf.uni-lj.si\/ntf\/wp-json\/wp\/v2\/comments?post=2015"}],"version-history":[{"count":15,"href":"https:\/\/www.ntf.uni-lj.si\/ntf\/wp-json\/wp\/v2\/pages\/2015\/revisions"}],"predecessor-version":[{"id":29313,"href":"https:\/\/www.ntf.uni-lj.si\/ntf\/wp-json\/wp\/v2\/pages\/2015\/revisions\/29313"}],"up":[{"embeddable":true,"href":"https:\/\/www.ntf.uni-lj.si\/ntf\/wp-json\/wp\/v2\/pages\/2003"}],"wp:attachment":[{"href":"https:\/\/www.ntf.uni-lj.si\/ntf\/wp-json\/wp\/v2\/media?parent=2015"}],"curies":[{"name":"wp","href":"https:\/\/api.w.org\/{rel}","templated":true}]}}