{"id":2021,"date":"2015-05-20T14:26:39","date_gmt":"2015-05-20T13:26:39","guid":{"rendered":"http:\/\/www.ntf.uni-lj.si\/ntf\/?page_id=2021"},"modified":"2025-10-06T14:36:46","modified_gmt":"2025-10-06T12:36:46","slug":"administration-board","status":"publish","type":"page","link":"https:\/\/www.ntf.uni-lj.si\/ntf\/en\/about-faculty\/bodies-of-the-faculty\/administration-board\/","title":{"rendered":"Administration board"},"content":{"rendered":"<p>Administration board consists of:<\/p>\n<ul>\n<li>Prof. Dr. Petra Eva Forte Tav\u010der, president<\/li>\n<li>Asst. Prof. Dr. Goran Vi\u017eintin, substitute<\/li>\n<li>Marinko Kondi\u010d, staff representative<\/li>\n<li>Jure Jelenc, students representative<\/li>\n<\/ul>\n<p>Alternative Administration board consists of:<\/p>\n<ul>\n<li>Asst. Prof. Dr. Klemen Mo\u017eina<\/li>\n<li>Assoc. Prof. Dr. \u017deljko Vukeli\u0107<\/li>\n<li>Ma\u0161a Hiti, staff representative<\/li>\n<li>Svit Pa\u010dnik, students representative<\/li>\n<\/ul>\n<p>Members of board without voting rights:<\/p>\n<ul>\n<li>Prof. Dr. Andrej \u0160muc, dean<\/li>\n<li>Prof. Dr. Barbara \u010cen\u010dur Curk, vicedean<\/li>\n<li>Ma\u0161a Hiti , secretary of FNSE<\/li>\n<li>Jo\u017ee \u017darn, Head of unit in higher education \u2013 III<\/li>\n<\/ul>\n","protected":false},"excerpt":{"rendered":"Administration board consists of: Prof. Dr. Petra Eva Forte Tav\u010der, president Asst. Prof. Dr. Goran Vi\u017eintin, substitute Marinko Kondi\u010d, staff representative Jure Jelenc, students representative Alternative Administration board consists of: Asst. Prof. Dr. Klemen Mo\u017eina Assoc. Prof. Dr. \u017deljko Vukeli\u0107 Ma\u0161a Hiti, staff representative Svit Pa\u010dnik, students representative Members of board without voting rights: Prof. &#8230; <a class=\"view-article\" href=\"https:\/\/www.ntf.uni-lj.si\/ntf\/en\/about-faculty\/bodies-of-the-faculty\/administration-board\/\">Read more<\/a>","protected":false},"author":15,"featured_media":0,"parent":2003,"menu_order":411,"comment_status":"closed","ping_status":"closed","template":"","meta":[],"acf":[],"yoast_head":"<!-- This site is optimized with the Yoast SEO plugin v17.0 - https:\/\/yoast.com\/wordpress\/plugins\/seo\/ -->\n<meta name=\"robots\" content=\"index, follow, max-snippet:-1, max-image-preview:large, max-video-preview:-1\" \/>\n<link rel=\"canonical\" href=\"https:\/\/www.ntf.uni-lj.si\/ntf\/en\/about-faculty\/bodies-of-the-faculty\/administration-board\/\" \/>\n<meta property=\"og:locale\" content=\"en_US\" \/>\n<meta property=\"og:type\" content=\"article\" \/>\n<meta property=\"og:title\" content=\"Administration board - NTF\" \/>\n<meta property=\"og:description\" content=\"Administration board consists of: Prof. Dr. Petra Eva Forte Tav\u010der, president Asst. Prof. Dr. Goran Vi\u017eintin, substitute Marinko Kondi\u010d, staff representative Jure Jelenc, students representative Alternative Administration board consists of: Asst. Prof. Dr. Klemen Mo\u017eina Assoc. Prof. Dr. \u017deljko Vukeli\u0107 Ma\u0161a Hiti, staff representative Svit Pa\u010dnik, students representative Members of board without voting rights: Prof. ... Read more\" \/>\n<meta property=\"og:url\" content=\"https:\/\/www.ntf.uni-lj.si\/ntf\/en\/about-faculty\/bodies-of-the-faculty\/administration-board\/\" \/>\n<meta property=\"og:site_name\" content=\"NTF\" \/>\n<meta property=\"article:modified_time\" content=\"2025-10-06T12:36:46+00:00\" \/>\n<meta name=\"twitter:label1\" content=\"Est. reading time\" \/>\n\t<meta name=\"twitter:data1\" content=\"1 minute\" \/>\n<script type=\"application\/ld+json\" class=\"yoast-schema-graph\">{\"@context\":\"https:\/\/schema.org\",\"@graph\":[{\"@type\":\"WebSite\",\"@id\":\"https:\/\/www.ntf.uni-lj.si\/ntf\/#website\",\"url\":\"https:\/\/www.ntf.uni-lj.si\/ntf\/\",\"name\":\"NTF\",\"description\":\"Naravoslovnotehni\\u0161ka fakulteta\",\"potentialAction\":[{\"@type\":\"SearchAction\",\"target\":{\"@type\":\"EntryPoint\",\"urlTemplate\":\"https:\/\/www.ntf.uni-lj.si\/ntf\/?s={search_term_string}\"},\"query-input\":\"required name=search_term_string\"}],\"inLanguage\":\"en-US\"},{\"@type\":\"WebPage\",\"@id\":\"https:\/\/www.ntf.uni-lj.si\/ntf\/en\/about-faculty\/bodies-of-the-faculty\/administration-board\/#webpage\",\"url\":\"https:\/\/www.ntf.uni-lj.si\/ntf\/en\/about-faculty\/bodies-of-the-faculty\/administration-board\/\",\"name\":\"Administration board - NTF\",\"isPartOf\":{\"@id\":\"https:\/\/www.ntf.uni-lj.si\/ntf\/#website\"},\"datePublished\":\"2015-05-20T13:26:39+00:00\",\"dateModified\":\"2025-10-06T12:36:46+00:00\",\"breadcrumb\":{\"@id\":\"https:\/\/www.ntf.uni-lj.si\/ntf\/en\/about-faculty\/bodies-of-the-faculty\/administration-board\/#breadcrumb\"},\"inLanguage\":\"en-US\",\"potentialAction\":[{\"@type\":\"ReadAction\",\"target\":[\"https:\/\/www.ntf.uni-lj.si\/ntf\/en\/about-faculty\/bodies-of-the-faculty\/administration-board\/\"]}]},{\"@type\":\"BreadcrumbList\",\"@id\":\"https:\/\/www.ntf.uni-lj.si\/ntf\/en\/about-faculty\/bodies-of-the-faculty\/administration-board\/#breadcrumb\",\"itemListElement\":[{\"@type\":\"ListItem\",\"position\":1,\"name\":\"Domov\",\"item\":\"https:\/\/www.ntf.uni-lj.si\/ntf\/\"},{\"@type\":\"ListItem\",\"position\":2,\"name\":\"About faculty\",\"item\":\"https:\/\/www.ntf.uni-lj.si\/ntf\/en\/about-faculty\/\"},{\"@type\":\"ListItem\",\"position\":3,\"name\":\"Bodies of the Faculty\",\"item\":\"https:\/\/www.ntf.uni-lj.si\/ntf\/en\/about-faculty\/bodies-of-the-faculty\/\"},{\"@type\":\"ListItem\",\"position\":4,\"name\":\"Administration board\"}]}]}<\/script>\n<!-- \/ Yoast SEO plugin. -->","yoast_head_json":{"robots":{"index":"index","follow":"follow","max-snippet":"max-snippet:-1","max-image-preview":"max-image-preview:large","max-video-preview":"max-video-preview:-1"},"canonical":"https:\/\/www.ntf.uni-lj.si\/ntf\/en\/about-faculty\/bodies-of-the-faculty\/administration-board\/","og_locale":"en_US","og_type":"article","og_title":"Administration board - NTF","og_description":"Administration board consists of: Prof. Dr. Petra Eva Forte Tav\u010der, president Asst. Prof. Dr. Goran Vi\u017eintin, substitute Marinko Kondi\u010d, staff representative Jure Jelenc, students representative Alternative Administration board consists of: Asst. Prof. Dr. Klemen Mo\u017eina Assoc. Prof. Dr. \u017deljko Vukeli\u0107 Ma\u0161a Hiti, staff representative Svit Pa\u010dnik, students representative Members of board without voting rights: Prof. ... Read more","og_url":"https:\/\/www.ntf.uni-lj.si\/ntf\/en\/about-faculty\/bodies-of-the-faculty\/administration-board\/","og_site_name":"NTF","article_modified_time":"2025-10-06T12:36:46+00:00","twitter_misc":{"Est. reading time":"1 minute"},"schema":{"@context":"https:\/\/schema.org","@graph":[{"@type":"WebSite","@id":"https:\/\/www.ntf.uni-lj.si\/ntf\/#website","url":"https:\/\/www.ntf.uni-lj.si\/ntf\/","name":"NTF","description":"Naravoslovnotehni\u0161ka fakulteta","potentialAction":[{"@type":"SearchAction","target":{"@type":"EntryPoint","urlTemplate":"https:\/\/www.ntf.uni-lj.si\/ntf\/?s={search_term_string}"},"query-input":"required name=search_term_string"}],"inLanguage":"en-US"},{"@type":"WebPage","@id":"https:\/\/www.ntf.uni-lj.si\/ntf\/en\/about-faculty\/bodies-of-the-faculty\/administration-board\/#webpage","url":"https:\/\/www.ntf.uni-lj.si\/ntf\/en\/about-faculty\/bodies-of-the-faculty\/administration-board\/","name":"Administration board - NTF","isPartOf":{"@id":"https:\/\/www.ntf.uni-lj.si\/ntf\/#website"},"datePublished":"2015-05-20T13:26:39+00:00","dateModified":"2025-10-06T12:36:46+00:00","breadcrumb":{"@id":"https:\/\/www.ntf.uni-lj.si\/ntf\/en\/about-faculty\/bodies-of-the-faculty\/administration-board\/#breadcrumb"},"inLanguage":"en-US","potentialAction":[{"@type":"ReadAction","target":["https:\/\/www.ntf.uni-lj.si\/ntf\/en\/about-faculty\/bodies-of-the-faculty\/administration-board\/"]}]},{"@type":"BreadcrumbList","@id":"https:\/\/www.ntf.uni-lj.si\/ntf\/en\/about-faculty\/bodies-of-the-faculty\/administration-board\/#breadcrumb","itemListElement":[{"@type":"ListItem","position":1,"name":"Domov","item":"https:\/\/www.ntf.uni-lj.si\/ntf\/"},{"@type":"ListItem","position":2,"name":"About faculty","item":"https:\/\/www.ntf.uni-lj.si\/ntf\/en\/about-faculty\/"},{"@type":"ListItem","position":3,"name":"Bodies of the Faculty","item":"https:\/\/www.ntf.uni-lj.si\/ntf\/en\/about-faculty\/bodies-of-the-faculty\/"},{"@type":"ListItem","position":4,"name":"Administration board"}]}]}},"_links":{"self":[{"href":"https:\/\/www.ntf.uni-lj.si\/ntf\/wp-json\/wp\/v2\/pages\/2021"}],"collection":[{"href":"https:\/\/www.ntf.uni-lj.si\/ntf\/wp-json\/wp\/v2\/pages"}],"about":[{"href":"https:\/\/www.ntf.uni-lj.si\/ntf\/wp-json\/wp\/v2\/types\/page"}],"author":[{"embeddable":true,"href":"https:\/\/www.ntf.uni-lj.si\/ntf\/wp-json\/wp\/v2\/users\/15"}],"replies":[{"embeddable":true,"href":"https:\/\/www.ntf.uni-lj.si\/ntf\/wp-json\/wp\/v2\/comments?post=2021"}],"version-history":[{"count":13,"href":"https:\/\/www.ntf.uni-lj.si\/ntf\/wp-json\/wp\/v2\/pages\/2021\/revisions"}],"predecessor-version":[{"id":31282,"href":"https:\/\/www.ntf.uni-lj.si\/ntf\/wp-json\/wp\/v2\/pages\/2021\/revisions\/31282"}],"up":[{"embeddable":true,"href":"https:\/\/www.ntf.uni-lj.si\/ntf\/wp-json\/wp\/v2\/pages\/2003"}],"wp:attachment":[{"href":"https:\/\/www.ntf.uni-lj.si\/ntf\/wp-json\/wp\/v2\/media?parent=2021"}],"curies":[{"name":"wp","href":"https:\/\/api.w.org\/{rel}","templated":true}]}}