{"id":204,"date":"2015-04-03T06:47:32","date_gmt":"2015-04-03T04:47:32","guid":{"rendered":"http:\/\/www.ntf.uni-lj.si\/ntf\/?page_id=204"},"modified":"2026-03-16T10:54:39","modified_gmt":"2026-03-16T09:54:39","slug":"vse-o-zakljucnem-delu","status":"publish","type":"page","link":"https:\/\/www.ntf.uni-lj.si\/ntf\/studij\/referat\/referat-otgo\/1-stopnja\/vse-o-zakljucnem-delu\/","title":{"rendered":"Vse o zaklju\u010dnem delu (od prijave do oddaje)"},"content":{"rendered":"<p><span dir=\"auto\" style=\"vertical-align: inherit\"><span dir=\"auto\" style=\"vertical-align: inherit\">Na tej strani so objavljena vsa navodila za konec zaklju\u010dnega dela. Koraki si sledijo kronolo\u0161ko, vsi pa so tako pomembni za uspe\u0161en zaklju\u010dek oddaje zaklju\u010dnih del.<\/span><\/span><\/p>\n<p><span dir=\"auto\" style=\"vertical-align: inherit\"><span dir=\"auto\" style=\"vertical-align: inherit\">Vsi obrazci, ki jih potrebujete, so navedeni v besedilu, nekateri pa dodatno objavljeni na strani <\/span><\/span><a href=\"https:\/\/www.ntf.uni-lj.si\/ntf\/studij\/referat\/referat-otgo\/obrazci-in-dokumenti\/#diploma\"><span dir=\"auto\" style=\"vertical-align: inherit\"><span dir=\"auto\" style=\"vertical-align: inherit\">Obrazci in dokumenti<\/span><\/span><\/a><span dir=\"auto\" style=\"vertical-align: inherit\"><span dir=\"auto\" style=\"vertical-align: inherit\"> .<\/span><\/span><\/p>\n","protected":false},"excerpt":{"rendered":"Na tej strani so objavljena vsa navodila za konec zaklju\u010dnega dela. Koraki si sledijo kronolo\u0161ko, vsi pa so tako pomembni za uspe\u0161en zaklju\u010dek oddaje zaklju\u010dnih del. Vsi obrazci, ki jih potrebujete, so navedeni v besedilu, nekateri pa dodatno objavljeni na strani Obrazci in dokumenti .","protected":false},"author":15,"featured_media":0,"parent":192,"menu_order":412,"comment_status":"closed","ping_status":"closed","template":"","meta":[],"acf":[],"yoast_head":"<!-- This site is optimized with the Yoast SEO plugin v17.0 - https:\/\/yoast.com\/wordpress\/plugins\/seo\/ -->\n<meta name=\"robots\" content=\"index, follow, max-snippet:-1, max-image-preview:large, max-video-preview:-1\" \/>\n<link rel=\"canonical\" href=\"https:\/\/www.ntf.uni-lj.si\/ntf\/studij\/referat\/referat-otgo\/1-stopnja\/vse-o-zakljucnem-delu\/\" \/>\n<meta property=\"og:locale\" content=\"en_US\" \/>\n<meta property=\"og:type\" content=\"article\" \/>\n<meta property=\"og:title\" content=\"Vse o zaklju\u010dnem delu (od prijave do oddaje) - NTF\" \/>\n<meta property=\"og:description\" content=\"Na tej strani so objavljena vsa navodila za konec zaklju\u010dnega dela. Koraki si sledijo kronolo\u0161ko, vsi pa so tako pomembni za uspe\u0161en zaklju\u010dek oddaje zaklju\u010dnih del. Vsi obrazci, ki jih potrebujete, so navedeni v besedilu, nekateri pa dodatno objavljeni na strani Obrazci in dokumenti .\" \/>\n<meta property=\"og:url\" content=\"https:\/\/www.ntf.uni-lj.si\/ntf\/studij\/referat\/referat-otgo\/1-stopnja\/vse-o-zakljucnem-delu\/\" \/>\n<meta property=\"og:site_name\" content=\"NTF\" \/>\n<meta property=\"article:modified_time\" content=\"2026-03-16T09:54:39+00:00\" \/>\n<meta name=\"twitter:label1\" content=\"Est. reading time\" \/>\n\t<meta name=\"twitter:data1\" content=\"1 minute\" \/>\n<script type=\"application\/ld+json\" class=\"yoast-schema-graph\">{\"@context\":\"https:\/\/schema.org\",\"@graph\":[{\"@type\":\"WebSite\",\"@id\":\"https:\/\/www.ntf.uni-lj.si\/ntf\/#website\",\"url\":\"https:\/\/www.ntf.uni-lj.si\/ntf\/\",\"name\":\"NTF\",\"description\":\"Naravoslovnotehni\\u0161ka fakulteta\",\"potentialAction\":[{\"@type\":\"SearchAction\",\"target\":{\"@type\":\"EntryPoint\",\"urlTemplate\":\"https:\/\/www.ntf.uni-lj.si\/ntf\/?s={search_term_string}\"},\"query-input\":\"required name=search_term_string\"}],\"inLanguage\":\"en-US\"},{\"@type\":\"WebPage\",\"@id\":\"https:\/\/www.ntf.uni-lj.si\/ntf\/studij\/referat\/referat-otgo\/1-stopnja\/vse-o-zakljucnem-delu\/#webpage\",\"url\":\"https:\/\/www.ntf.uni-lj.si\/ntf\/studij\/referat\/referat-otgo\/1-stopnja\/vse-o-zakljucnem-delu\/\",\"name\":\"Vse o zaklju\\u010dnem delu (od prijave do oddaje) - NTF\",\"isPartOf\":{\"@id\":\"https:\/\/www.ntf.uni-lj.si\/ntf\/#website\"},\"datePublished\":\"2015-04-03T04:47:32+00:00\",\"dateModified\":\"2026-03-16T09:54:39+00:00\",\"breadcrumb\":{\"@id\":\"https:\/\/www.ntf.uni-lj.si\/ntf\/studij\/referat\/referat-otgo\/1-stopnja\/vse-o-zakljucnem-delu\/#breadcrumb\"},\"inLanguage\":\"en-US\",\"potentialAction\":[{\"@type\":\"ReadAction\",\"target\":[\"https:\/\/www.ntf.uni-lj.si\/ntf\/studij\/referat\/referat-otgo\/1-stopnja\/vse-o-zakljucnem-delu\/\"]}]},{\"@type\":\"BreadcrumbList\",\"@id\":\"https:\/\/www.ntf.uni-lj.si\/ntf\/studij\/referat\/referat-otgo\/1-stopnja\/vse-o-zakljucnem-delu\/#breadcrumb\",\"itemListElement\":[{\"@type\":\"ListItem\",\"position\":1,\"name\":\"Domov\",\"item\":\"https:\/\/www.ntf.uni-lj.si\/ntf\/\"},{\"@type\":\"ListItem\",\"position\":2,\"name\":\"\\u0160tudij\",\"item\":\"https:\/\/www.ntf.uni-lj.si\/ntf\/studij\/\"},{\"@type\":\"ListItem\",\"position\":3,\"name\":\"Referat\",\"item\":\"https:\/\/www.ntf.uni-lj.si\/ntf\/studij\/referat\/\"},{\"@type\":\"ListItem\",\"position\":4,\"name\":\"Referat OTGO\",\"item\":\"https:\/\/www.ntf.uni-lj.si\/ntf\/studij\/referat\/referat-otgo\/\"},{\"@type\":\"ListItem\",\"position\":5,\"name\":\"1. stopnja\",\"item\":\"https:\/\/www.ntf.uni-lj.si\/ntf\/studij\/referat\/referat-otgo\/1-stopnja\/\"},{\"@type\":\"ListItem\",\"position\":6,\"name\":\"Vse o zaklju\\u010dnem delu (od prijave do oddaje)\"}]}]}<\/script>\n<!-- \/ Yoast SEO plugin. -->","yoast_head_json":{"robots":{"index":"index","follow":"follow","max-snippet":"max-snippet:-1","max-image-preview":"max-image-preview:large","max-video-preview":"max-video-preview:-1"},"canonical":"https:\/\/www.ntf.uni-lj.si\/ntf\/studij\/referat\/referat-otgo\/1-stopnja\/vse-o-zakljucnem-delu\/","og_locale":"en_US","og_type":"article","og_title":"Vse o zaklju\u010dnem delu (od prijave do oddaje) - NTF","og_description":"Na tej strani so objavljena vsa navodila za konec zaklju\u010dnega dela. Koraki si sledijo kronolo\u0161ko, vsi pa so tako pomembni za uspe\u0161en zaklju\u010dek oddaje zaklju\u010dnih del. Vsi obrazci, ki jih potrebujete, so navedeni v besedilu, nekateri pa dodatno objavljeni na strani Obrazci in dokumenti .","og_url":"https:\/\/www.ntf.uni-lj.si\/ntf\/studij\/referat\/referat-otgo\/1-stopnja\/vse-o-zakljucnem-delu\/","og_site_name":"NTF","article_modified_time":"2026-03-16T09:54:39+00:00","twitter_misc":{"Est. reading time":"1 minute"},"schema":{"@context":"https:\/\/schema.org","@graph":[{"@type":"WebSite","@id":"https:\/\/www.ntf.uni-lj.si\/ntf\/#website","url":"https:\/\/www.ntf.uni-lj.si\/ntf\/","name":"NTF","description":"Naravoslovnotehni\u0161ka fakulteta","potentialAction":[{"@type":"SearchAction","target":{"@type":"EntryPoint","urlTemplate":"https:\/\/www.ntf.uni-lj.si\/ntf\/?s={search_term_string}"},"query-input":"required name=search_term_string"}],"inLanguage":"en-US"},{"@type":"WebPage","@id":"https:\/\/www.ntf.uni-lj.si\/ntf\/studij\/referat\/referat-otgo\/1-stopnja\/vse-o-zakljucnem-delu\/#webpage","url":"https:\/\/www.ntf.uni-lj.si\/ntf\/studij\/referat\/referat-otgo\/1-stopnja\/vse-o-zakljucnem-delu\/","name":"Vse o zaklju\u010dnem delu (od prijave do oddaje) - NTF","isPartOf":{"@id":"https:\/\/www.ntf.uni-lj.si\/ntf\/#website"},"datePublished":"2015-04-03T04:47:32+00:00","dateModified":"2026-03-16T09:54:39+00:00","breadcrumb":{"@id":"https:\/\/www.ntf.uni-lj.si\/ntf\/studij\/referat\/referat-otgo\/1-stopnja\/vse-o-zakljucnem-delu\/#breadcrumb"},"inLanguage":"en-US","potentialAction":[{"@type":"ReadAction","target":["https:\/\/www.ntf.uni-lj.si\/ntf\/studij\/referat\/referat-otgo\/1-stopnja\/vse-o-zakljucnem-delu\/"]}]},{"@type":"BreadcrumbList","@id":"https:\/\/www.ntf.uni-lj.si\/ntf\/studij\/referat\/referat-otgo\/1-stopnja\/vse-o-zakljucnem-delu\/#breadcrumb","itemListElement":[{"@type":"ListItem","position":1,"name":"Domov","item":"https:\/\/www.ntf.uni-lj.si\/ntf\/"},{"@type":"ListItem","position":2,"name":"\u0160tudij","item":"https:\/\/www.ntf.uni-lj.si\/ntf\/studij\/"},{"@type":"ListItem","position":3,"name":"Referat","item":"https:\/\/www.ntf.uni-lj.si\/ntf\/studij\/referat\/"},{"@type":"ListItem","position":4,"name":"Referat OTGO","item":"https:\/\/www.ntf.uni-lj.si\/ntf\/studij\/referat\/referat-otgo\/"},{"@type":"ListItem","position":5,"name":"1. stopnja","item":"https:\/\/www.ntf.uni-lj.si\/ntf\/studij\/referat\/referat-otgo\/1-stopnja\/"},{"@type":"ListItem","position":6,"name":"Vse o zaklju\u010dnem delu (od prijave do oddaje)"}]}]}},"_links":{"self":[{"href":"https:\/\/www.ntf.uni-lj.si\/ntf\/wp-json\/wp\/v2\/pages\/204"}],"collection":[{"href":"https:\/\/www.ntf.uni-lj.si\/ntf\/wp-json\/wp\/v2\/pages"}],"about":[{"href":"https:\/\/www.ntf.uni-lj.si\/ntf\/wp-json\/wp\/v2\/types\/page"}],"author":[{"embeddable":true,"href":"https:\/\/www.ntf.uni-lj.si\/ntf\/wp-json\/wp\/v2\/users\/15"}],"replies":[{"embeddable":true,"href":"https:\/\/www.ntf.uni-lj.si\/ntf\/wp-json\/wp\/v2\/comments?post=204"}],"version-history":[{"count":205,"href":"https:\/\/www.ntf.uni-lj.si\/ntf\/wp-json\/wp\/v2\/pages\/204\/revisions"}],"predecessor-version":[{"id":32739,"href":"https:\/\/www.ntf.uni-lj.si\/ntf\/wp-json\/wp\/v2\/pages\/204\/revisions\/32739"}],"up":[{"embeddable":true,"href":"https:\/\/www.ntf.uni-lj.si\/ntf\/wp-json\/wp\/v2\/pages\/192"}],"wp:attachment":[{"href":"https:\/\/www.ntf.uni-lj.si\/ntf\/wp-json\/wp\/v2\/media?parent=204"}],"curies":[{"name":"wp","href":"https:\/\/api.w.org\/{rel}","templated":true}]}}