{"id":2081,"date":"2015-05-20T14:41:32","date_gmt":"2015-05-20T13:41:32","guid":{"rendered":"http:\/\/www.ntf.uni-lj.si\/ntf\/?page_id=2081"},"modified":"2015-07-08T13:24:48","modified_gmt":"2015-07-08T11:24:48","slug":"pkp","status":"publish","type":"page","link":"https:\/\/www.ntf.uni-lj.si\/ntf\/en\/study\/projects\/pkp\/","title":{"rendered":"PKP"},"content":{"rendered":"<p><strong>Project Creative path to practical knowledge<br \/>\n<\/strong><br \/>\nSlovene human resources development and scholarship fund on 17 November 2014 announced a public tender for co-financing projects Creative path to practical konwledge.<\/p>\n<p>Faculty of Natural Sciences and Engineering performs the following projects:<br \/>\n\u2022 Mehanizem spro\u017eitve plitvih zemeljskih plazov \u2013 testno obmo\u010dje ob\u010dini Sevnica in \u0160entjur<br \/>\n\u2022 Kreativni izdelki iz digitalno tiskanega frotirja<br \/>\n\u2022 Razvoj aluminijeve zlitine in tehnologije izdelave za aplikacijo v farmaciji<br \/>\n\u2022 FLEX<br \/>\n\u2022 Kovinski materiali izdelani z energijami velikih gostot<br \/>\n\u2022 Ozna\u010devalni sistem parka Postojnska jama<br \/>\n\u2022 Optimizacija mikrostrukture aluminijevih livnih zlitin<\/p>\n<p>More information about project you can find on\u00a0<a href=\"http:\/\/www.uni-lj.si\/o_univerzi_v_ljubljani\/projekti\/po_kreativni_poti_do_prakticnega_znanja_2_razpis\/\" target=\"_blank\">http:\/\/www.uni-lj.si\/o_univerzi_v_ljubljani\/projekti\/po_kreativni_poti_do_prakticnega_znanja_2_razpis\/<br \/>\n<\/a><br \/>\n<em>The project is partly financed by the EU, of the European Social Fund. The project is implemented under the Operational Programme Human Resources Development for the period 2007-2013, 1. Development Priority &#8221; Promoting entrepreneurship and adaptability&#8221; , 1.3. Scholarship schemes, within the approved operation &#8220;Creative path to practical knowledge&#8221;<\/em><\/p>\n<p>&nbsp;<\/p>\n<p><a href=\"http:\/\/www.ntf.uni-lj.si\/ntf\/wp-content\/uploads\/sites\/2\/2015\/05\/Logotip-PKP-Ministrstvo1.jpg\"><img loading=\"lazy\" width=\"300\" height=\"49\" class=\"alignnone size-medium wp-image-3689 alignleft\" src=\"http:\/\/www.ntf.uni-lj.si\/ntf\/wp-content\/uploads\/sites\/2\/2015\/05\/Logotip-PKP-Ministrstvo1-300x49.jpg\" alt=\"Logotip-PKP Ministrstvo\" srcset=\"https:\/\/www.ntf.uni-lj.si\/ntf\/wp-content\/uploads\/sites\/2\/2015\/05\/Logotip-PKP-Ministrstvo1-300x49.jpg 300w, https:\/\/www.ntf.uni-lj.si\/ntf\/wp-content\/uploads\/sites\/2\/2015\/05\/Logotip-PKP-Ministrstvo1.jpg 796w\" sizes=\"(max-width: 300px) 100vw, 300px\" \/><\/a><a href=\"http:\/\/www.ntf.uni-lj.si\/ntf\/wp-content\/uploads\/sites\/2\/2015\/05\/LOGOTIP-ESS-ENG-1.jpg\">\u00a0<\/a>\u00a0\u00a0<a href=\"http:\/\/www.ntf.uni-lj.si\/ntf\/wp-content\/uploads\/sites\/2\/2015\/05\/LOGOTIP-ESS-ENG-11.jpg\"><img loading=\"lazy\" width=\"300\" height=\"83\" class=\"alignnone size-medium wp-image-3692\" src=\"http:\/\/www.ntf.uni-lj.si\/ntf\/wp-content\/uploads\/sites\/2\/2015\/05\/LOGOTIP-ESS-ENG-11-300x83.jpg\" alt=\"LOGOTIP-ESS-ENG (1)\" srcset=\"https:\/\/www.ntf.uni-lj.si\/ntf\/wp-content\/uploads\/sites\/2\/2015\/05\/LOGOTIP-ESS-ENG-11-300x83.jpg 300w, https:\/\/www.ntf.uni-lj.si\/ntf\/wp-content\/uploads\/sites\/2\/2015\/05\/LOGOTIP-ESS-ENG-11-1024x284.jpg 1024w, https:\/\/www.ntf.uni-lj.si\/ntf\/wp-content\/uploads\/sites\/2\/2015\/05\/LOGOTIP-ESS-ENG-11.jpg 1277w\" sizes=\"(max-width: 300px) 100vw, 300px\" \/><\/a>\u00a0\u00a0<a href=\"http:\/\/www.ntf.uni-lj.si\/ntf\/wp-content\/uploads\/sites\/2\/2015\/05\/SloHRFund_LOGO_012.jpg\"><img loading=\"lazy\" class=\"alignnone  wp-image-3693\" src=\"http:\/\/www.ntf.uni-lj.si\/ntf\/wp-content\/uploads\/sites\/2\/2015\/05\/SloHRFund_LOGO_012-300x245.jpg\" alt=\"SloHRFund_LOGO_01\" width=\"120\" height=\"98\" srcset=\"https:\/\/www.ntf.uni-lj.si\/ntf\/wp-content\/uploads\/sites\/2\/2015\/05\/SloHRFund_LOGO_012-300x245.jpg 300w, https:\/\/www.ntf.uni-lj.si\/ntf\/wp-content\/uploads\/sites\/2\/2015\/05\/SloHRFund_LOGO_012-410x330.jpg 410w, https:\/\/www.ntf.uni-lj.si\/ntf\/wp-content\/uploads\/sites\/2\/2015\/05\/SloHRFund_LOGO_012.jpg 720w\" sizes=\"(max-width: 120px) 100vw, 120px\" \/><\/a><\/p>\n<p>&nbsp;<\/p>\n","protected":false},"excerpt":{"rendered":"Project Creative path to practical knowledge Slovene human resources development and scholarship fund on 17 November 2014 announced a public tender for co-financing projects Creative path to practical konwledge. Faculty of Natural Sciences and Engineering performs the following projects: \u2022 Mehanizem spro\u017eitve plitvih zemeljskih plazov \u2013 testno obmo\u010dje ob\u010dini Sevnica in \u0160entjur \u2022 Kreativni izdelki &#8230; <a class=\"view-article\" href=\"https:\/\/www.ntf.uni-lj.si\/ntf\/en\/study\/projects\/pkp\/\">Read more<\/a>","protected":false},"author":15,"featured_media":0,"parent":2075,"menu_order":278,"comment_status":"closed","ping_status":"closed","template":"","meta":[],"acf":[],"yoast_head":"<!-- This site is optimized with the Yoast SEO plugin v17.0 - https:\/\/yoast.com\/wordpress\/plugins\/seo\/ -->\n<meta name=\"robots\" content=\"index, follow, max-snippet:-1, max-image-preview:large, max-video-preview:-1\" \/>\n<link rel=\"canonical\" href=\"https:\/\/www.ntf.uni-lj.si\/ntf\/en\/study\/projects\/pkp\/\" \/>\n<meta property=\"og:locale\" content=\"en_US\" \/>\n<meta property=\"og:type\" content=\"article\" \/>\n<meta property=\"og:title\" content=\"PKP - NTF\" \/>\n<meta property=\"og:description\" content=\"Project Creative path to practical knowledge Slovene human resources development and scholarship fund on 17 November 2014 announced a public tender for co-financing projects Creative path to practical konwledge. Faculty of Natural Sciences and Engineering performs the following projects: \u2022 Mehanizem spro\u017eitve plitvih zemeljskih plazov \u2013 testno obmo\u010dje ob\u010dini Sevnica in \u0160entjur \u2022 Kreativni izdelki ... Read more\" \/>\n<meta property=\"og:url\" content=\"https:\/\/www.ntf.uni-lj.si\/ntf\/en\/study\/projects\/pkp\/\" \/>\n<meta property=\"og:site_name\" content=\"NTF\" \/>\n<meta property=\"article:modified_time\" content=\"2015-07-08T11:24:48+00:00\" \/>\n<meta property=\"og:image\" content=\"http:\/\/www.ntf.uni-lj.si\/ntf\/wp-content\/uploads\/sites\/2\/2015\/05\/Logotip-PKP-Ministrstvo1-300x49.jpg\" \/>\n<meta name=\"twitter:label1\" content=\"Est. reading time\" \/>\n\t<meta name=\"twitter:data1\" content=\"1 minute\" \/>\n<script type=\"application\/ld+json\" class=\"yoast-schema-graph\">{\"@context\":\"https:\/\/schema.org\",\"@graph\":[{\"@type\":\"WebSite\",\"@id\":\"https:\/\/www.ntf.uni-lj.si\/ntf\/#website\",\"url\":\"https:\/\/www.ntf.uni-lj.si\/ntf\/\",\"name\":\"NTF\",\"description\":\"Naravoslovnotehni\\u0161ka fakulteta\",\"potentialAction\":[{\"@type\":\"SearchAction\",\"target\":{\"@type\":\"EntryPoint\",\"urlTemplate\":\"https:\/\/www.ntf.uni-lj.si\/ntf\/?s={search_term_string}\"},\"query-input\":\"required name=search_term_string\"}],\"inLanguage\":\"en-US\"},{\"@type\":\"ImageObject\",\"@id\":\"https:\/\/www.ntf.uni-lj.si\/ntf\/en\/study\/projects\/pkp\/#primaryimage\",\"inLanguage\":\"en-US\",\"url\":\"http:\/\/www.ntf.uni-lj.si\/ntf\/wp-content\/uploads\/sites\/2\/2015\/05\/Logotip-PKP-Ministrstvo1-300x49.jpg\",\"contentUrl\":\"http:\/\/www.ntf.uni-lj.si\/ntf\/wp-content\/uploads\/sites\/2\/2015\/05\/Logotip-PKP-Ministrstvo1-300x49.jpg\"},{\"@type\":\"WebPage\",\"@id\":\"https:\/\/www.ntf.uni-lj.si\/ntf\/en\/study\/projects\/pkp\/#webpage\",\"url\":\"https:\/\/www.ntf.uni-lj.si\/ntf\/en\/study\/projects\/pkp\/\",\"name\":\"PKP - NTF\",\"isPartOf\":{\"@id\":\"https:\/\/www.ntf.uni-lj.si\/ntf\/#website\"},\"primaryImageOfPage\":{\"@id\":\"https:\/\/www.ntf.uni-lj.si\/ntf\/en\/study\/projects\/pkp\/#primaryimage\"},\"datePublished\":\"2015-05-20T13:41:32+00:00\",\"dateModified\":\"2015-07-08T11:24:48+00:00\",\"breadcrumb\":{\"@id\":\"https:\/\/www.ntf.uni-lj.si\/ntf\/en\/study\/projects\/pkp\/#breadcrumb\"},\"inLanguage\":\"en-US\",\"potentialAction\":[{\"@type\":\"ReadAction\",\"target\":[\"https:\/\/www.ntf.uni-lj.si\/ntf\/en\/study\/projects\/pkp\/\"]}]},{\"@type\":\"BreadcrumbList\",\"@id\":\"https:\/\/www.ntf.uni-lj.si\/ntf\/en\/study\/projects\/pkp\/#breadcrumb\",\"itemListElement\":[{\"@type\":\"ListItem\",\"position\":1,\"name\":\"Domov\",\"item\":\"https:\/\/www.ntf.uni-lj.si\/ntf\/\"},{\"@type\":\"ListItem\",\"position\":2,\"name\":\"Study\",\"item\":\"https:\/\/www.ntf.uni-lj.si\/ntf\/en\/study\/\"},{\"@type\":\"ListItem\",\"position\":3,\"name\":\"Projects\",\"item\":\"https:\/\/www.ntf.uni-lj.si\/ntf\/en\/study\/projects\/\"},{\"@type\":\"ListItem\",\"position\":4,\"name\":\"PKP\"}]}]}<\/script>\n<!-- \/ Yoast SEO plugin. -->","yoast_head_json":{"robots":{"index":"index","follow":"follow","max-snippet":"max-snippet:-1","max-image-preview":"max-image-preview:large","max-video-preview":"max-video-preview:-1"},"canonical":"https:\/\/www.ntf.uni-lj.si\/ntf\/en\/study\/projects\/pkp\/","og_locale":"en_US","og_type":"article","og_title":"PKP - NTF","og_description":"Project Creative path to practical knowledge Slovene human resources development and scholarship fund on 17 November 2014 announced a public tender for co-financing projects Creative path to practical konwledge. Faculty of Natural Sciences and Engineering performs the following projects: \u2022 Mehanizem spro\u017eitve plitvih zemeljskih plazov \u2013 testno obmo\u010dje ob\u010dini Sevnica in \u0160entjur \u2022 Kreativni izdelki ... Read more","og_url":"https:\/\/www.ntf.uni-lj.si\/ntf\/en\/study\/projects\/pkp\/","og_site_name":"NTF","article_modified_time":"2015-07-08T11:24:48+00:00","og_image":[{"url":"http:\/\/www.ntf.uni-lj.si\/ntf\/wp-content\/uploads\/sites\/2\/2015\/05\/Logotip-PKP-Ministrstvo1-300x49.jpg"}],"twitter_misc":{"Est. reading time":"1 minute"},"schema":{"@context":"https:\/\/schema.org","@graph":[{"@type":"WebSite","@id":"https:\/\/www.ntf.uni-lj.si\/ntf\/#website","url":"https:\/\/www.ntf.uni-lj.si\/ntf\/","name":"NTF","description":"Naravoslovnotehni\u0161ka fakulteta","potentialAction":[{"@type":"SearchAction","target":{"@type":"EntryPoint","urlTemplate":"https:\/\/www.ntf.uni-lj.si\/ntf\/?s={search_term_string}"},"query-input":"required name=search_term_string"}],"inLanguage":"en-US"},{"@type":"ImageObject","@id":"https:\/\/www.ntf.uni-lj.si\/ntf\/en\/study\/projects\/pkp\/#primaryimage","inLanguage":"en-US","url":"http:\/\/www.ntf.uni-lj.si\/ntf\/wp-content\/uploads\/sites\/2\/2015\/05\/Logotip-PKP-Ministrstvo1-300x49.jpg","contentUrl":"http:\/\/www.ntf.uni-lj.si\/ntf\/wp-content\/uploads\/sites\/2\/2015\/05\/Logotip-PKP-Ministrstvo1-300x49.jpg"},{"@type":"WebPage","@id":"https:\/\/www.ntf.uni-lj.si\/ntf\/en\/study\/projects\/pkp\/#webpage","url":"https:\/\/www.ntf.uni-lj.si\/ntf\/en\/study\/projects\/pkp\/","name":"PKP - NTF","isPartOf":{"@id":"https:\/\/www.ntf.uni-lj.si\/ntf\/#website"},"primaryImageOfPage":{"@id":"https:\/\/www.ntf.uni-lj.si\/ntf\/en\/study\/projects\/pkp\/#primaryimage"},"datePublished":"2015-05-20T13:41:32+00:00","dateModified":"2015-07-08T11:24:48+00:00","breadcrumb":{"@id":"https:\/\/www.ntf.uni-lj.si\/ntf\/en\/study\/projects\/pkp\/#breadcrumb"},"inLanguage":"en-US","potentialAction":[{"@type":"ReadAction","target":["https:\/\/www.ntf.uni-lj.si\/ntf\/en\/study\/projects\/pkp\/"]}]},{"@type":"BreadcrumbList","@id":"https:\/\/www.ntf.uni-lj.si\/ntf\/en\/study\/projects\/pkp\/#breadcrumb","itemListElement":[{"@type":"ListItem","position":1,"name":"Domov","item":"https:\/\/www.ntf.uni-lj.si\/ntf\/"},{"@type":"ListItem","position":2,"name":"Study","item":"https:\/\/www.ntf.uni-lj.si\/ntf\/en\/study\/"},{"@type":"ListItem","position":3,"name":"Projects","item":"https:\/\/www.ntf.uni-lj.si\/ntf\/en\/study\/projects\/"},{"@type":"ListItem","position":4,"name":"PKP"}]}]}},"_links":{"self":[{"href":"https:\/\/www.ntf.uni-lj.si\/ntf\/wp-json\/wp\/v2\/pages\/2081"}],"collection":[{"href":"https:\/\/www.ntf.uni-lj.si\/ntf\/wp-json\/wp\/v2\/pages"}],"about":[{"href":"https:\/\/www.ntf.uni-lj.si\/ntf\/wp-json\/wp\/v2\/types\/page"}],"author":[{"embeddable":true,"href":"https:\/\/www.ntf.uni-lj.si\/ntf\/wp-json\/wp\/v2\/users\/15"}],"replies":[{"embeddable":true,"href":"https:\/\/www.ntf.uni-lj.si\/ntf\/wp-json\/wp\/v2\/comments?post=2081"}],"version-history":[{"count":4,"href":"https:\/\/www.ntf.uni-lj.si\/ntf\/wp-json\/wp\/v2\/pages\/2081\/revisions"}],"predecessor-version":[{"id":3695,"href":"https:\/\/www.ntf.uni-lj.si\/ntf\/wp-json\/wp\/v2\/pages\/2081\/revisions\/3695"}],"up":[{"embeddable":true,"href":"https:\/\/www.ntf.uni-lj.si\/ntf\/wp-json\/wp\/v2\/pages\/2075"}],"wp:attachment":[{"href":"https:\/\/www.ntf.uni-lj.si\/ntf\/wp-json\/wp\/v2\/media?parent=2081"}],"curies":[{"name":"wp","href":"https:\/\/api.w.org\/{rel}","templated":true}]}}