{"id":2149,"date":"2015-05-21T07:28:36","date_gmt":"2015-05-21T05:28:36","guid":{"rendered":"http:\/\/www.ntf.uni-lj.si\/ntf\/?page_id=2149"},"modified":"2026-04-16T14:56:17","modified_gmt":"2026-04-16T12:56:17","slug":"zaposlovanje","status":"publish","type":"page","link":"https:\/\/www.ntf.uni-lj.si\/ntf\/o-fakulteti\/zaposlovanje\/","title":{"rendered":"Zaposlovanje"},"content":{"rendered":"<p><strong>Raziskovalec\/1 <\/strong><strong>(m\/\u017e) na OG<\/strong><\/p>\n<p>\u0161ifra del. mesta: H017004<\/p>\n<p>tarifni razred: VII\/2<\/p>\n<p>zaposlitev za dolo\u010den \u010das s polnim delovnim \u010dasom (40 ur\/teden)<\/p>\n<p>zaposlitev predvidoma od 1.5.2026 do 31.12.2027<\/p>\n<p>Prijava: <a href=\"https:\/\/www.ntf.uni-lj.si\/ntf\/wp-content\/uploads\/sites\/2\/2026\/04\/Raziskovalec-od-01052026-do-31122027-100-OG-DC-P1-0195.doc\">Raziskovalec od 01052026 do 31122027 100% OG D\u010c<\/a><\/p>\n<p>&nbsp;<\/p>\n","protected":false},"excerpt":{"rendered":"Raziskovalec\/1 (m\/\u017e) na OG \u0161ifra del. mesta: H017004 tarifni razred: VII\/2 zaposlitev za dolo\u010den \u010das s polnim delovnim \u010dasom (40 ur\/teden) zaposlitev predvidoma od 1.5.2026 do 31.12.2027 Prijava: Raziskovalec od 01052026 do 31122027 100% OG D\u010c &nbsp;","protected":false},"author":15,"featured_media":0,"parent":1900,"menu_order":219,"comment_status":"closed","ping_status":"closed","template":"","meta":[],"acf":[],"yoast_head":"<!-- This site is optimized with the Yoast SEO plugin v17.0 - https:\/\/yoast.com\/wordpress\/plugins\/seo\/ -->\n<meta name=\"robots\" content=\"index, follow, max-snippet:-1, max-image-preview:large, max-video-preview:-1\" \/>\n<link rel=\"canonical\" href=\"https:\/\/www.ntf.uni-lj.si\/ntf\/o-fakulteti\/zaposlovanje\/\" \/>\n<meta property=\"og:locale\" content=\"en_US\" \/>\n<meta property=\"og:type\" content=\"article\" \/>\n<meta property=\"og:title\" content=\"Zaposlovanje - NTF\" \/>\n<meta property=\"og:description\" content=\"Raziskovalec\/1 (m\/\u017e) na OG \u0161ifra del. mesta: H017004 tarifni razred: VII\/2 zaposlitev za dolo\u010den \u010das s polnim delovnim \u010dasom (40 ur\/teden) zaposlitev predvidoma od 1.5.2026 do 31.12.2027 Prijava: Raziskovalec od 01052026 do 31122027 100% OG D\u010c &nbsp;\" \/>\n<meta property=\"og:url\" content=\"https:\/\/www.ntf.uni-lj.si\/ntf\/o-fakulteti\/zaposlovanje\/\" \/>\n<meta property=\"og:site_name\" content=\"NTF\" \/>\n<meta property=\"article:modified_time\" content=\"2026-04-16T12:56:17+00:00\" \/>\n<meta name=\"twitter:label1\" content=\"Est. reading time\" \/>\n\t<meta name=\"twitter:data1\" content=\"1 minute\" \/>\n<script type=\"application\/ld+json\" class=\"yoast-schema-graph\">{\"@context\":\"https:\/\/schema.org\",\"@graph\":[{\"@type\":\"WebSite\",\"@id\":\"https:\/\/www.ntf.uni-lj.si\/ntf\/#website\",\"url\":\"https:\/\/www.ntf.uni-lj.si\/ntf\/\",\"name\":\"NTF\",\"description\":\"Naravoslovnotehni\\u0161ka fakulteta\",\"potentialAction\":[{\"@type\":\"SearchAction\",\"target\":{\"@type\":\"EntryPoint\",\"urlTemplate\":\"https:\/\/www.ntf.uni-lj.si\/ntf\/?s={search_term_string}\"},\"query-input\":\"required name=search_term_string\"}],\"inLanguage\":\"en-US\"},{\"@type\":\"WebPage\",\"@id\":\"https:\/\/www.ntf.uni-lj.si\/ntf\/o-fakulteti\/zaposlovanje\/#webpage\",\"url\":\"https:\/\/www.ntf.uni-lj.si\/ntf\/o-fakulteti\/zaposlovanje\/\",\"name\":\"Zaposlovanje - NTF\",\"isPartOf\":{\"@id\":\"https:\/\/www.ntf.uni-lj.si\/ntf\/#website\"},\"datePublished\":\"2015-05-21T05:28:36+00:00\",\"dateModified\":\"2026-04-16T12:56:17+00:00\",\"breadcrumb\":{\"@id\":\"https:\/\/www.ntf.uni-lj.si\/ntf\/o-fakulteti\/zaposlovanje\/#breadcrumb\"},\"inLanguage\":\"en-US\",\"potentialAction\":[{\"@type\":\"ReadAction\",\"target\":[\"https:\/\/www.ntf.uni-lj.si\/ntf\/o-fakulteti\/zaposlovanje\/\"]}]},{\"@type\":\"BreadcrumbList\",\"@id\":\"https:\/\/www.ntf.uni-lj.si\/ntf\/o-fakulteti\/zaposlovanje\/#breadcrumb\",\"itemListElement\":[{\"@type\":\"ListItem\",\"position\":1,\"name\":\"Domov\",\"item\":\"https:\/\/www.ntf.uni-lj.si\/ntf\/\"},{\"@type\":\"ListItem\",\"position\":2,\"name\":\"O fakulteti\",\"item\":\"https:\/\/www.ntf.uni-lj.si\/ntf\/o-fakulteti\/\"},{\"@type\":\"ListItem\",\"position\":3,\"name\":\"Zaposlovanje\"}]}]}<\/script>\n<!-- \/ Yoast SEO plugin. -->","yoast_head_json":{"robots":{"index":"index","follow":"follow","max-snippet":"max-snippet:-1","max-image-preview":"max-image-preview:large","max-video-preview":"max-video-preview:-1"},"canonical":"https:\/\/www.ntf.uni-lj.si\/ntf\/o-fakulteti\/zaposlovanje\/","og_locale":"en_US","og_type":"article","og_title":"Zaposlovanje - NTF","og_description":"Raziskovalec\/1 (m\/\u017e) na OG \u0161ifra del. mesta: H017004 tarifni razred: VII\/2 zaposlitev za dolo\u010den \u010das s polnim delovnim \u010dasom (40 ur\/teden) zaposlitev predvidoma od 1.5.2026 do 31.12.2027 Prijava: Raziskovalec od 01052026 do 31122027 100% OG D\u010c &nbsp;","og_url":"https:\/\/www.ntf.uni-lj.si\/ntf\/o-fakulteti\/zaposlovanje\/","og_site_name":"NTF","article_modified_time":"2026-04-16T12:56:17+00:00","twitter_misc":{"Est. reading time":"1 minute"},"schema":{"@context":"https:\/\/schema.org","@graph":[{"@type":"WebSite","@id":"https:\/\/www.ntf.uni-lj.si\/ntf\/#website","url":"https:\/\/www.ntf.uni-lj.si\/ntf\/","name":"NTF","description":"Naravoslovnotehni\u0161ka fakulteta","potentialAction":[{"@type":"SearchAction","target":{"@type":"EntryPoint","urlTemplate":"https:\/\/www.ntf.uni-lj.si\/ntf\/?s={search_term_string}"},"query-input":"required name=search_term_string"}],"inLanguage":"en-US"},{"@type":"WebPage","@id":"https:\/\/www.ntf.uni-lj.si\/ntf\/o-fakulteti\/zaposlovanje\/#webpage","url":"https:\/\/www.ntf.uni-lj.si\/ntf\/o-fakulteti\/zaposlovanje\/","name":"Zaposlovanje - NTF","isPartOf":{"@id":"https:\/\/www.ntf.uni-lj.si\/ntf\/#website"},"datePublished":"2015-05-21T05:28:36+00:00","dateModified":"2026-04-16T12:56:17+00:00","breadcrumb":{"@id":"https:\/\/www.ntf.uni-lj.si\/ntf\/o-fakulteti\/zaposlovanje\/#breadcrumb"},"inLanguage":"en-US","potentialAction":[{"@type":"ReadAction","target":["https:\/\/www.ntf.uni-lj.si\/ntf\/o-fakulteti\/zaposlovanje\/"]}]},{"@type":"BreadcrumbList","@id":"https:\/\/www.ntf.uni-lj.si\/ntf\/o-fakulteti\/zaposlovanje\/#breadcrumb","itemListElement":[{"@type":"ListItem","position":1,"name":"Domov","item":"https:\/\/www.ntf.uni-lj.si\/ntf\/"},{"@type":"ListItem","position":2,"name":"O fakulteti","item":"https:\/\/www.ntf.uni-lj.si\/ntf\/o-fakulteti\/"},{"@type":"ListItem","position":3,"name":"Zaposlovanje"}]}]}},"_links":{"self":[{"href":"https:\/\/www.ntf.uni-lj.si\/ntf\/wp-json\/wp\/v2\/pages\/2149"}],"collection":[{"href":"https:\/\/www.ntf.uni-lj.si\/ntf\/wp-json\/wp\/v2\/pages"}],"about":[{"href":"https:\/\/www.ntf.uni-lj.si\/ntf\/wp-json\/wp\/v2\/types\/page"}],"author":[{"embeddable":true,"href":"https:\/\/www.ntf.uni-lj.si\/ntf\/wp-json\/wp\/v2\/users\/15"}],"replies":[{"embeddable":true,"href":"https:\/\/www.ntf.uni-lj.si\/ntf\/wp-json\/wp\/v2\/comments?post=2149"}],"version-history":[{"count":439,"href":"https:\/\/www.ntf.uni-lj.si\/ntf\/wp-json\/wp\/v2\/pages\/2149\/revisions"}],"predecessor-version":[{"id":33123,"href":"https:\/\/www.ntf.uni-lj.si\/ntf\/wp-json\/wp\/v2\/pages\/2149\/revisions\/33123"}],"up":[{"embeddable":true,"href":"https:\/\/www.ntf.uni-lj.si\/ntf\/wp-json\/wp\/v2\/pages\/1900"}],"wp:attachment":[{"href":"https:\/\/www.ntf.uni-lj.si\/ntf\/wp-json\/wp\/v2\/media?parent=2149"}],"curies":[{"name":"wp","href":"https:\/\/api.w.org\/{rel}","templated":true}]}}