{"id":2152,"date":"2015-05-21T07:28:58","date_gmt":"2015-05-21T06:28:58","guid":{"rendered":"http:\/\/www.ntf.uni-lj.si\/ntf\/?page_id=2152"},"modified":"2025-08-19T09:35:08","modified_gmt":"2025-08-19T07:35:08","slug":"recruitment","status":"publish","type":"page","link":"https:\/\/www.ntf.uni-lj.si\/ntf\/en\/about-faculty\/documents\/recruitment\/","title":{"rendered":"Recruitment"},"content":{"rendered":"<p><strong>PUBLIC (INTERNATIONAL) JOB ANNOUNCEMENT<\/strong><\/p>\n<p><strong>Member: <\/strong>University of Ljubljana, Faculty of Natural Sciences and Engineering, A\u0161ker\u010deva cesta 12, Ljubljana, Slovenia<\/p>\n<p><strong>Position: <\/strong><\/p>\n<p><strong>HIGHER EDUCATION TEACHER \u2013 M\/F<\/strong><\/p>\n<p><strong>at the Department of Materials and metalurgy<\/strong><\/p>\n<p>Job code: D019001<\/p>\n<p>Title: assistant professor \/associate professor \/ professor<\/p>\n<p>permanent employment, full-time (40 hrs\/week)<\/p>\n<p>Application: <a href=\"https:\/\/www.ntf.uni-lj.si\/ntf\/wp-content\/uploads\/sites\/2\/2024\/10\/Visokosolski_ucitelj-100_-NDC_OMM-01012025-ANG.pdf\">Visoko\u0161olski_u\u010ditelj 100_ ND\u010c_OMM <\/a><\/p>\n<p>Application dedline: <strong>6. December 2024<\/strong><\/p>\n<p>______________________________________________________________________________________________________________________________________<\/p>\n","protected":false},"excerpt":{"rendered":"PUBLIC (INTERNATIONAL) JOB ANNOUNCEMENT Member: University of Ljubljana, Faculty of Natural Sciences and Engineering, A\u0161ker\u010deva cesta 12, Ljubljana, Slovenia Position: HIGHER EDUCATION TEACHER \u2013 M\/F at the Department of Materials and metalurgy Job code: D019001 Title: assistant professor \/associate professor \/ professor permanent employment, full-time (40 hrs\/week) Application: Visoko\u0161olski_u\u010ditelj 100_ ND\u010c_OMM Application dedline: 6. December &#8230; <a class=\"view-article\" href=\"https:\/\/www.ntf.uni-lj.si\/ntf\/en\/about-faculty\/documents\/recruitment\/\">Read more<\/a>","protected":false},"author":15,"featured_media":0,"parent":2113,"menu_order":326,"comment_status":"closed","ping_status":"closed","template":"","meta":[],"acf":[],"yoast_head":"<!-- This site is optimized with the Yoast SEO plugin v17.0 - https:\/\/yoast.com\/wordpress\/plugins\/seo\/ -->\n<meta name=\"robots\" content=\"index, follow, max-snippet:-1, max-image-preview:large, max-video-preview:-1\" \/>\n<link rel=\"canonical\" href=\"https:\/\/www.ntf.uni-lj.si\/ntf\/en\/about-faculty\/documents\/recruitment\/\" \/>\n<meta property=\"og:locale\" content=\"en_US\" \/>\n<meta property=\"og:type\" content=\"article\" \/>\n<meta property=\"og:title\" content=\"Recruitment - NTF\" \/>\n<meta property=\"og:description\" content=\"PUBLIC (INTERNATIONAL) JOB ANNOUNCEMENT Member: University of Ljubljana, Faculty of Natural Sciences and Engineering, A\u0161ker\u010deva cesta 12, Ljubljana, Slovenia Position: HIGHER EDUCATION TEACHER \u2013 M\/F at the Department of Materials and metalurgy Job code: D019001 Title: assistant professor \/associate professor \/ professor permanent employment, full-time (40 hrs\/week) Application: Visoko\u0161olski_u\u010ditelj 100_ ND\u010c_OMM Application dedline: 6. December ... Read more\" \/>\n<meta property=\"og:url\" content=\"https:\/\/www.ntf.uni-lj.si\/ntf\/en\/about-faculty\/documents\/recruitment\/\" \/>\n<meta property=\"og:site_name\" content=\"NTF\" \/>\n<meta property=\"article:modified_time\" content=\"2025-08-19T07:35:08+00:00\" \/>\n<script type=\"application\/ld+json\" class=\"yoast-schema-graph\">{\"@context\":\"https:\/\/schema.org\",\"@graph\":[{\"@type\":\"WebSite\",\"@id\":\"https:\/\/www.ntf.uni-lj.si\/ntf\/#website\",\"url\":\"https:\/\/www.ntf.uni-lj.si\/ntf\/\",\"name\":\"NTF\",\"description\":\"Naravoslovnotehni\\u0161ka fakulteta\",\"potentialAction\":[{\"@type\":\"SearchAction\",\"target\":{\"@type\":\"EntryPoint\",\"urlTemplate\":\"https:\/\/www.ntf.uni-lj.si\/ntf\/?s={search_term_string}\"},\"query-input\":\"required name=search_term_string\"}],\"inLanguage\":\"en-US\"},{\"@type\":\"WebPage\",\"@id\":\"https:\/\/www.ntf.uni-lj.si\/ntf\/en\/about-faculty\/documents\/recruitment\/#webpage\",\"url\":\"https:\/\/www.ntf.uni-lj.si\/ntf\/en\/about-faculty\/documents\/recruitment\/\",\"name\":\"Recruitment - NTF\",\"isPartOf\":{\"@id\":\"https:\/\/www.ntf.uni-lj.si\/ntf\/#website\"},\"datePublished\":\"2015-05-21T06:28:58+00:00\",\"dateModified\":\"2025-08-19T07:35:08+00:00\",\"breadcrumb\":{\"@id\":\"https:\/\/www.ntf.uni-lj.si\/ntf\/en\/about-faculty\/documents\/recruitment\/#breadcrumb\"},\"inLanguage\":\"en-US\",\"potentialAction\":[{\"@type\":\"ReadAction\",\"target\":[\"https:\/\/www.ntf.uni-lj.si\/ntf\/en\/about-faculty\/documents\/recruitment\/\"]}]},{\"@type\":\"BreadcrumbList\",\"@id\":\"https:\/\/www.ntf.uni-lj.si\/ntf\/en\/about-faculty\/documents\/recruitment\/#breadcrumb\",\"itemListElement\":[{\"@type\":\"ListItem\",\"position\":1,\"name\":\"Domov\",\"item\":\"https:\/\/www.ntf.uni-lj.si\/ntf\/\"},{\"@type\":\"ListItem\",\"position\":2,\"name\":\"About faculty\",\"item\":\"https:\/\/www.ntf.uni-lj.si\/ntf\/en\/about-faculty\/\"},{\"@type\":\"ListItem\",\"position\":3,\"name\":\"Documents\",\"item\":\"https:\/\/www.ntf.uni-lj.si\/ntf\/en\/about-faculty\/documents\/\"},{\"@type\":\"ListItem\",\"position\":4,\"name\":\"Recruitment\"}]}]}<\/script>\n<!-- \/ Yoast SEO plugin. -->","yoast_head_json":{"robots":{"index":"index","follow":"follow","max-snippet":"max-snippet:-1","max-image-preview":"max-image-preview:large","max-video-preview":"max-video-preview:-1"},"canonical":"https:\/\/www.ntf.uni-lj.si\/ntf\/en\/about-faculty\/documents\/recruitment\/","og_locale":"en_US","og_type":"article","og_title":"Recruitment - NTF","og_description":"PUBLIC (INTERNATIONAL) JOB ANNOUNCEMENT Member: University of Ljubljana, Faculty of Natural Sciences and Engineering, A\u0161ker\u010deva cesta 12, Ljubljana, Slovenia Position: HIGHER EDUCATION TEACHER \u2013 M\/F at the Department of Materials and metalurgy Job code: D019001 Title: assistant professor \/associate professor \/ professor permanent employment, full-time (40 hrs\/week) Application: Visoko\u0161olski_u\u010ditelj 100_ ND\u010c_OMM Application dedline: 6. December ... Read more","og_url":"https:\/\/www.ntf.uni-lj.si\/ntf\/en\/about-faculty\/documents\/recruitment\/","og_site_name":"NTF","article_modified_time":"2025-08-19T07:35:08+00:00","schema":{"@context":"https:\/\/schema.org","@graph":[{"@type":"WebSite","@id":"https:\/\/www.ntf.uni-lj.si\/ntf\/#website","url":"https:\/\/www.ntf.uni-lj.si\/ntf\/","name":"NTF","description":"Naravoslovnotehni\u0161ka fakulteta","potentialAction":[{"@type":"SearchAction","target":{"@type":"EntryPoint","urlTemplate":"https:\/\/www.ntf.uni-lj.si\/ntf\/?s={search_term_string}"},"query-input":"required name=search_term_string"}],"inLanguage":"en-US"},{"@type":"WebPage","@id":"https:\/\/www.ntf.uni-lj.si\/ntf\/en\/about-faculty\/documents\/recruitment\/#webpage","url":"https:\/\/www.ntf.uni-lj.si\/ntf\/en\/about-faculty\/documents\/recruitment\/","name":"Recruitment - NTF","isPartOf":{"@id":"https:\/\/www.ntf.uni-lj.si\/ntf\/#website"},"datePublished":"2015-05-21T06:28:58+00:00","dateModified":"2025-08-19T07:35:08+00:00","breadcrumb":{"@id":"https:\/\/www.ntf.uni-lj.si\/ntf\/en\/about-faculty\/documents\/recruitment\/#breadcrumb"},"inLanguage":"en-US","potentialAction":[{"@type":"ReadAction","target":["https:\/\/www.ntf.uni-lj.si\/ntf\/en\/about-faculty\/documents\/recruitment\/"]}]},{"@type":"BreadcrumbList","@id":"https:\/\/www.ntf.uni-lj.si\/ntf\/en\/about-faculty\/documents\/recruitment\/#breadcrumb","itemListElement":[{"@type":"ListItem","position":1,"name":"Domov","item":"https:\/\/www.ntf.uni-lj.si\/ntf\/"},{"@type":"ListItem","position":2,"name":"About faculty","item":"https:\/\/www.ntf.uni-lj.si\/ntf\/en\/about-faculty\/"},{"@type":"ListItem","position":3,"name":"Documents","item":"https:\/\/www.ntf.uni-lj.si\/ntf\/en\/about-faculty\/documents\/"},{"@type":"ListItem","position":4,"name":"Recruitment"}]}]}},"_links":{"self":[{"href":"https:\/\/www.ntf.uni-lj.si\/ntf\/wp-json\/wp\/v2\/pages\/2152"}],"collection":[{"href":"https:\/\/www.ntf.uni-lj.si\/ntf\/wp-json\/wp\/v2\/pages"}],"about":[{"href":"https:\/\/www.ntf.uni-lj.si\/ntf\/wp-json\/wp\/v2\/types\/page"}],"author":[{"embeddable":true,"href":"https:\/\/www.ntf.uni-lj.si\/ntf\/wp-json\/wp\/v2\/users\/15"}],"replies":[{"embeddable":true,"href":"https:\/\/www.ntf.uni-lj.si\/ntf\/wp-json\/wp\/v2\/comments?post=2152"}],"version-history":[{"count":31,"href":"https:\/\/www.ntf.uni-lj.si\/ntf\/wp-json\/wp\/v2\/pages\/2152\/revisions"}],"predecessor-version":[{"id":30827,"href":"https:\/\/www.ntf.uni-lj.si\/ntf\/wp-json\/wp\/v2\/pages\/2152\/revisions\/30827"}],"up":[{"embeddable":true,"href":"https:\/\/www.ntf.uni-lj.si\/ntf\/wp-json\/wp\/v2\/pages\/2113"}],"wp:attachment":[{"href":"https:\/\/www.ntf.uni-lj.si\/ntf\/wp-json\/wp\/v2\/media?parent=2152"}],"curies":[{"name":"wp","href":"https:\/\/api.w.org\/{rel}","templated":true}]}}