{"id":21661,"date":"2022-06-29T13:44:51","date_gmt":"2022-06-29T11:44:51","guid":{"rendered":"https:\/\/www.ntf.uni-lj.si\/ntf\/?page_id=21661"},"modified":"2022-12-08T09:21:29","modified_gmt":"2022-12-08T08:21:29","slug":"pohvale-predlogi-pobude","status":"publish","type":"page","link":"https:\/\/www.ntf.uni-lj.si\/ntf\/o-fakulteti\/pohvale-predlogi-pobude\/","title":{"rendered":"Pohvale, predlogi, pobude"},"content":{"rendered":"<p>Va\u0161e pohvale, predlogi ali pobude so pomembne. S tem namenom je Komisija za kakovost in samoevalvacijo vzpostavila sistem zbiranja le teh. Ker se zavedamo, da bi v\u010dasih pri dolo\u010denih pobudah raj\u0161i ostali anonimni, smo pripravili tri razli\u010dne na\u010dine komuniciranja in vsak, \u0161tudent ali zaposlen na fakulteti, si lahko izbere sebi ustrezen na\u010din.<\/p>\n<p>Na voljo so vam:<\/p>\n<ul>\n<li>klasi\u010dni po\u0161tni nabiralniki na A\u0161ker\u010devi in Sne\u017eni\u0161ki<\/li>\n<li>e-po\u0161tni naslov: ppp@ntf.uni-lj.si<\/li>\n<li><a href=\"https:\/\/forms.office.com\/Pages\/ResponsePage.aspx?id=35DMpoD13EmQP4evWnUzjshwRzxNkS5Hhz7IhdiaysNUQlNZQjY1NjI4WTdHOTVHUkxLQ1AxMFpNTy4u\">anonimni obrazec<\/a><\/li>\n<\/ul>\n<p>Uvajanje novega sistema ne pomeni, da obstoje\u010de komunikacijske poti niso prave. Gre za dopolnitev obstoje\u010dih poti ter hkrati vzpodbudo, da zaposleni delijo svoje predloge, pohvale in pobude. Ne glede na na\u010din oddaje va\u0161e pohvale, predloga ali pobude vas vzpodbujamo k spo\u0161tljivemu komuniciranju.<\/p>\n<p>Upravljanje s podatki je strogo zaupno. Vse pohvale, predloge in pobude bo <strong>enkrat mese\u010dno<\/strong> skrbno in zaupno pregledala K<strong>omisija za kakovost in samoevalvacijo<\/strong> na Naravoslovnotehni\u0161ki fakulteti (KKS NTF).<\/p>\n<p>Osebne podatke, pridobljene preko navadne po\u0161te, e-po\u0161te oziroma anonimnega obrazca zbira, obdeluje in hrani KKS NTF le za \u010das izvajanja re\u0161evanja\/preverjanja vloge. Po zaklju\u010dku vloge bodo osebni podatki izbrisani. Tretjim osebam se osebnih podatkov ne bo posredovalo.<\/p>\n","protected":false},"excerpt":{"rendered":"Va\u0161e pohvale, predlogi ali pobude so pomembne. S tem namenom je Komisija za kakovost in samoevalvacijo vzpostavila sistem zbiranja le teh. Ker se zavedamo, da bi v\u010dasih pri dolo\u010denih pobudah raj\u0161i ostali anonimni, smo pripravili tri razli\u010dne na\u010dine komuniciranja in vsak, \u0161tudent ali zaposlen na fakulteti, si lahko izbere sebi ustrezen na\u010din. Na voljo so &#8230; <a class=\"view-article\" href=\"https:\/\/www.ntf.uni-lj.si\/ntf\/o-fakulteti\/pohvale-predlogi-pobude\/\">Read more<\/a>","protected":false},"author":171,"featured_media":0,"parent":1900,"menu_order":226,"comment_status":"closed","ping_status":"closed","template":"","meta":[],"acf":[],"yoast_head":"<!-- This site is optimized with the Yoast SEO plugin v17.0 - https:\/\/yoast.com\/wordpress\/plugins\/seo\/ -->\n<meta name=\"robots\" content=\"index, follow, max-snippet:-1, max-image-preview:large, max-video-preview:-1\" \/>\n<link rel=\"canonical\" href=\"https:\/\/www.ntf.uni-lj.si\/ntf\/o-fakulteti\/pohvale-predlogi-pobude\/\" \/>\n<meta property=\"og:locale\" content=\"en_US\" \/>\n<meta property=\"og:type\" content=\"article\" \/>\n<meta property=\"og:title\" content=\"Pohvale, predlogi, pobude - NTF\" \/>\n<meta property=\"og:description\" content=\"Va\u0161e pohvale, predlogi ali pobude so pomembne. S tem namenom je Komisija za kakovost in samoevalvacijo vzpostavila sistem zbiranja le teh. Ker se zavedamo, da bi v\u010dasih pri dolo\u010denih pobudah raj\u0161i ostali anonimni, smo pripravili tri razli\u010dne na\u010dine komuniciranja in vsak, \u0161tudent ali zaposlen na fakulteti, si lahko izbere sebi ustrezen na\u010din. Na voljo so ... Read more\" \/>\n<meta property=\"og:url\" content=\"https:\/\/www.ntf.uni-lj.si\/ntf\/o-fakulteti\/pohvale-predlogi-pobude\/\" \/>\n<meta property=\"og:site_name\" content=\"NTF\" \/>\n<meta property=\"article:modified_time\" content=\"2022-12-08T08:21:29+00:00\" \/>\n<meta name=\"twitter:label1\" content=\"Est. reading time\" \/>\n\t<meta name=\"twitter:data1\" content=\"1 minute\" \/>\n<script type=\"application\/ld+json\" class=\"yoast-schema-graph\">{\"@context\":\"https:\/\/schema.org\",\"@graph\":[{\"@type\":\"WebSite\",\"@id\":\"https:\/\/www.ntf.uni-lj.si\/ntf\/#website\",\"url\":\"https:\/\/www.ntf.uni-lj.si\/ntf\/\",\"name\":\"NTF\",\"description\":\"Naravoslovnotehni\\u0161ka fakulteta\",\"potentialAction\":[{\"@type\":\"SearchAction\",\"target\":{\"@type\":\"EntryPoint\",\"urlTemplate\":\"https:\/\/www.ntf.uni-lj.si\/ntf\/?s={search_term_string}\"},\"query-input\":\"required name=search_term_string\"}],\"inLanguage\":\"en-US\"},{\"@type\":\"WebPage\",\"@id\":\"https:\/\/www.ntf.uni-lj.si\/ntf\/o-fakulteti\/pohvale-predlogi-pobude\/#webpage\",\"url\":\"https:\/\/www.ntf.uni-lj.si\/ntf\/o-fakulteti\/pohvale-predlogi-pobude\/\",\"name\":\"Pohvale, predlogi, pobude - NTF\",\"isPartOf\":{\"@id\":\"https:\/\/www.ntf.uni-lj.si\/ntf\/#website\"},\"datePublished\":\"2022-06-29T11:44:51+00:00\",\"dateModified\":\"2022-12-08T08:21:29+00:00\",\"breadcrumb\":{\"@id\":\"https:\/\/www.ntf.uni-lj.si\/ntf\/o-fakulteti\/pohvale-predlogi-pobude\/#breadcrumb\"},\"inLanguage\":\"en-US\",\"potentialAction\":[{\"@type\":\"ReadAction\",\"target\":[\"https:\/\/www.ntf.uni-lj.si\/ntf\/o-fakulteti\/pohvale-predlogi-pobude\/\"]}]},{\"@type\":\"BreadcrumbList\",\"@id\":\"https:\/\/www.ntf.uni-lj.si\/ntf\/o-fakulteti\/pohvale-predlogi-pobude\/#breadcrumb\",\"itemListElement\":[{\"@type\":\"ListItem\",\"position\":1,\"name\":\"Domov\",\"item\":\"https:\/\/www.ntf.uni-lj.si\/ntf\/\"},{\"@type\":\"ListItem\",\"position\":2,\"name\":\"O fakulteti\",\"item\":\"https:\/\/www.ntf.uni-lj.si\/ntf\/o-fakulteti\/\"},{\"@type\":\"ListItem\",\"position\":3,\"name\":\"Pohvale, predlogi, pobude\"}]}]}<\/script>\n<!-- \/ Yoast SEO plugin. -->","yoast_head_json":{"robots":{"index":"index","follow":"follow","max-snippet":"max-snippet:-1","max-image-preview":"max-image-preview:large","max-video-preview":"max-video-preview:-1"},"canonical":"https:\/\/www.ntf.uni-lj.si\/ntf\/o-fakulteti\/pohvale-predlogi-pobude\/","og_locale":"en_US","og_type":"article","og_title":"Pohvale, predlogi, pobude - NTF","og_description":"Va\u0161e pohvale, predlogi ali pobude so pomembne. S tem namenom je Komisija za kakovost in samoevalvacijo vzpostavila sistem zbiranja le teh. Ker se zavedamo, da bi v\u010dasih pri dolo\u010denih pobudah raj\u0161i ostali anonimni, smo pripravili tri razli\u010dne na\u010dine komuniciranja in vsak, \u0161tudent ali zaposlen na fakulteti, si lahko izbere sebi ustrezen na\u010din. Na voljo so ... Read more","og_url":"https:\/\/www.ntf.uni-lj.si\/ntf\/o-fakulteti\/pohvale-predlogi-pobude\/","og_site_name":"NTF","article_modified_time":"2022-12-08T08:21:29+00:00","twitter_misc":{"Est. reading time":"1 minute"},"schema":{"@context":"https:\/\/schema.org","@graph":[{"@type":"WebSite","@id":"https:\/\/www.ntf.uni-lj.si\/ntf\/#website","url":"https:\/\/www.ntf.uni-lj.si\/ntf\/","name":"NTF","description":"Naravoslovnotehni\u0161ka fakulteta","potentialAction":[{"@type":"SearchAction","target":{"@type":"EntryPoint","urlTemplate":"https:\/\/www.ntf.uni-lj.si\/ntf\/?s={search_term_string}"},"query-input":"required name=search_term_string"}],"inLanguage":"en-US"},{"@type":"WebPage","@id":"https:\/\/www.ntf.uni-lj.si\/ntf\/o-fakulteti\/pohvale-predlogi-pobude\/#webpage","url":"https:\/\/www.ntf.uni-lj.si\/ntf\/o-fakulteti\/pohvale-predlogi-pobude\/","name":"Pohvale, predlogi, pobude - NTF","isPartOf":{"@id":"https:\/\/www.ntf.uni-lj.si\/ntf\/#website"},"datePublished":"2022-06-29T11:44:51+00:00","dateModified":"2022-12-08T08:21:29+00:00","breadcrumb":{"@id":"https:\/\/www.ntf.uni-lj.si\/ntf\/o-fakulteti\/pohvale-predlogi-pobude\/#breadcrumb"},"inLanguage":"en-US","potentialAction":[{"@type":"ReadAction","target":["https:\/\/www.ntf.uni-lj.si\/ntf\/o-fakulteti\/pohvale-predlogi-pobude\/"]}]},{"@type":"BreadcrumbList","@id":"https:\/\/www.ntf.uni-lj.si\/ntf\/o-fakulteti\/pohvale-predlogi-pobude\/#breadcrumb","itemListElement":[{"@type":"ListItem","position":1,"name":"Domov","item":"https:\/\/www.ntf.uni-lj.si\/ntf\/"},{"@type":"ListItem","position":2,"name":"O fakulteti","item":"https:\/\/www.ntf.uni-lj.si\/ntf\/o-fakulteti\/"},{"@type":"ListItem","position":3,"name":"Pohvale, predlogi, pobude"}]}]}},"_links":{"self":[{"href":"https:\/\/www.ntf.uni-lj.si\/ntf\/wp-json\/wp\/v2\/pages\/21661"}],"collection":[{"href":"https:\/\/www.ntf.uni-lj.si\/ntf\/wp-json\/wp\/v2\/pages"}],"about":[{"href":"https:\/\/www.ntf.uni-lj.si\/ntf\/wp-json\/wp\/v2\/types\/page"}],"author":[{"embeddable":true,"href":"https:\/\/www.ntf.uni-lj.si\/ntf\/wp-json\/wp\/v2\/users\/171"}],"replies":[{"embeddable":true,"href":"https:\/\/www.ntf.uni-lj.si\/ntf\/wp-json\/wp\/v2\/comments?post=21661"}],"version-history":[{"count":4,"href":"https:\/\/www.ntf.uni-lj.si\/ntf\/wp-json\/wp\/v2\/pages\/21661\/revisions"}],"predecessor-version":[{"id":22269,"href":"https:\/\/www.ntf.uni-lj.si\/ntf\/wp-json\/wp\/v2\/pages\/21661\/revisions\/22269"}],"up":[{"embeddable":true,"href":"https:\/\/www.ntf.uni-lj.si\/ntf\/wp-json\/wp\/v2\/pages\/1900"}],"wp:attachment":[{"href":"https:\/\/www.ntf.uni-lj.si\/ntf\/wp-json\/wp\/v2\/media?parent=21661"}],"curies":[{"name":"wp","href":"https:\/\/api.w.org\/{rel}","templated":true}]}}