{"id":21803,"date":"2022-07-15T11:07:04","date_gmt":"2022-07-15T09:07:04","guid":{"rendered":"https:\/\/www.ntf.uni-lj.si\/ntf\/?page_id=21803"},"modified":"2024-01-04T08:41:05","modified_gmt":"2024-01-04T07:41:05","slug":"info","status":"publish","type":"page","link":"https:\/\/www.ntf.uni-lj.si\/ntf\/en\/about-faculty\/info\/","title":{"rendered":"Info"},"content":{"rendered":"<h4><strong>UNIVERSITY OF LJUBLJANA<\/strong><br \/>\n<strong> FACULTY OF NATURAL SCIENCES AND ENGINEERING<\/strong><\/h4>\n<h4><strong>FNSE MANAGEMENT:<\/strong><\/h4>\n<ul>\n<li><a href=\"https:\/\/www.ntf.uni-lj.si\/igt\/employee\/urska-stankovic\/\">prof. dr. Ur\u0161ka Stankovi\u0107 Elesini<\/a>, dean\u00a0 (<a href=\"http:\/\/www.ntf.uni-lj.si\/ntf\/o-fakulteti\/predstavitev\">dean&#8217;s address<\/a>)<\/li>\n<li><a href=\"https:\/\/www.ntf.uni-lj.si\/omm\/employee\/maja-voncina\/\">assoc. prof. dr. Maja Von\u010dina<\/a>, vice dean for academic affairs<\/li>\n<li><a href=\"https:\/\/www.ntf.uni-lj.si\/og\/employee\/andrej-smuc\/\">prof. dr. Andrej \u0160muc<\/a>, vice dean for scientific research<\/li>\n<li><a href=\"https:\/\/www.ntf.uni-lj.si\/toi\/employee\/andrej-demsar\/\">prof. dr. Andrej Dem\u0161ar<\/a>, vice dean for management and quality<\/li>\n<li><a href=\"https:\/\/www.ntf.uni-lj.si\/oto\/employee\/dusan-kirbis\/\">prof. Du\u0161an Kirbi\u0161<\/a>, vice dean for artistic activity<\/li>\n<li><a href=\"http:\/\/www.ntf.uni-lj.si\/ntf\/employee\/veljko-zrimsek\/\" target=\"_blank\" rel=\"noopener noreferrer\">Veljko Zrim\u0161ek, secretary of FNSE<\/a><\/li>\n<\/ul>\n<h4><\/h4>\n<h4><strong>HEADS OF DEPARTMENTS:<\/strong><\/h4>\n<ul>\n<li>Assoc. prof. dr. Barbara \u010cen\u010dur Curk, Department of Geology (OG)<\/li>\n<li>Assoc. prof. dr. \u017deljko Vukeli\u0107, Department of Geotechnology, Mining and Environment (OGRO)<\/li>\n<li>prof. dr. Goran Kugler, Department of Materials and Metallurgy (OMM)<\/li>\n<li>Assoc. dr. Jure Ahtik, Department of Textiles, Graphics and Design (OTGO)<\/li>\n<\/ul>\n","protected":false},"excerpt":{"rendered":"UNIVERSITY OF LJUBLJANA FACULTY OF NATURAL SCIENCES AND ENGINEERING FNSE MANAGEMENT: prof. dr. Ur\u0161ka Stankovi\u0107 Elesini, dean\u00a0 (dean&#8217;s address) assoc. prof. dr. Maja Von\u010dina, vice dean for academic affairs prof. dr. Andrej \u0160muc, vice dean for scientific research prof. dr. Andrej Dem\u0161ar, vice dean for management and quality prof. Du\u0161an Kirbi\u0161, vice dean for artistic &#8230; <a class=\"view-article\" href=\"https:\/\/www.ntf.uni-lj.si\/ntf\/en\/about-faculty\/info\/\">Read more<\/a>","protected":false},"author":37,"featured_media":0,"parent":1903,"menu_order":111,"comment_status":"closed","ping_status":"closed","template":"","meta":[],"acf":[],"yoast_head":"<!-- This site is optimized with the Yoast SEO plugin v17.0 - https:\/\/yoast.com\/wordpress\/plugins\/seo\/ -->\n<meta name=\"robots\" content=\"index, follow, max-snippet:-1, max-image-preview:large, max-video-preview:-1\" \/>\n<link rel=\"canonical\" href=\"https:\/\/www.ntf.uni-lj.si\/ntf\/en\/about-faculty\/info\/\" \/>\n<meta property=\"og:locale\" content=\"en_US\" \/>\n<meta property=\"og:type\" content=\"article\" \/>\n<meta property=\"og:title\" content=\"Info - NTF\" \/>\n<meta property=\"og:description\" content=\"UNIVERSITY OF LJUBLJANA FACULTY OF NATURAL SCIENCES AND ENGINEERING FNSE MANAGEMENT: prof. dr. Ur\u0161ka Stankovi\u0107 Elesini, dean\u00a0 (dean&#8217;s address) assoc. prof. dr. Maja Von\u010dina, vice dean for academic affairs prof. dr. Andrej \u0160muc, vice dean for scientific research prof. dr. Andrej Dem\u0161ar, vice dean for management and quality prof. Du\u0161an Kirbi\u0161, vice dean for artistic ... Read more\" \/>\n<meta property=\"og:url\" content=\"https:\/\/www.ntf.uni-lj.si\/ntf\/en\/about-faculty\/info\/\" \/>\n<meta property=\"og:site_name\" content=\"NTF\" \/>\n<meta property=\"article:modified_time\" content=\"2024-01-04T07:41:05+00:00\" \/>\n<meta name=\"twitter:label1\" content=\"Est. reading time\" \/>\n\t<meta name=\"twitter:data1\" content=\"1 minute\" \/>\n<script type=\"application\/ld+json\" class=\"yoast-schema-graph\">{\"@context\":\"https:\/\/schema.org\",\"@graph\":[{\"@type\":\"WebSite\",\"@id\":\"https:\/\/www.ntf.uni-lj.si\/ntf\/#website\",\"url\":\"https:\/\/www.ntf.uni-lj.si\/ntf\/\",\"name\":\"NTF\",\"description\":\"Naravoslovnotehni\\u0161ka fakulteta\",\"potentialAction\":[{\"@type\":\"SearchAction\",\"target\":{\"@type\":\"EntryPoint\",\"urlTemplate\":\"https:\/\/www.ntf.uni-lj.si\/ntf\/?s={search_term_string}\"},\"query-input\":\"required name=search_term_string\"}],\"inLanguage\":\"en-US\"},{\"@type\":\"WebPage\",\"@id\":\"https:\/\/www.ntf.uni-lj.si\/ntf\/en\/about-faculty\/info\/#webpage\",\"url\":\"https:\/\/www.ntf.uni-lj.si\/ntf\/en\/about-faculty\/info\/\",\"name\":\"Info - NTF\",\"isPartOf\":{\"@id\":\"https:\/\/www.ntf.uni-lj.si\/ntf\/#website\"},\"datePublished\":\"2022-07-15T09:07:04+00:00\",\"dateModified\":\"2024-01-04T07:41:05+00:00\",\"breadcrumb\":{\"@id\":\"https:\/\/www.ntf.uni-lj.si\/ntf\/en\/about-faculty\/info\/#breadcrumb\"},\"inLanguage\":\"en-US\",\"potentialAction\":[{\"@type\":\"ReadAction\",\"target\":[\"https:\/\/www.ntf.uni-lj.si\/ntf\/en\/about-faculty\/info\/\"]}]},{\"@type\":\"BreadcrumbList\",\"@id\":\"https:\/\/www.ntf.uni-lj.si\/ntf\/en\/about-faculty\/info\/#breadcrumb\",\"itemListElement\":[{\"@type\":\"ListItem\",\"position\":1,\"name\":\"Domov\",\"item\":\"https:\/\/www.ntf.uni-lj.si\/ntf\/\"},{\"@type\":\"ListItem\",\"position\":2,\"name\":\"About faculty\",\"item\":\"https:\/\/www.ntf.uni-lj.si\/ntf\/en\/about-faculty\/\"},{\"@type\":\"ListItem\",\"position\":3,\"name\":\"Info\"}]}]}<\/script>\n<!-- \/ Yoast SEO plugin. -->","yoast_head_json":{"robots":{"index":"index","follow":"follow","max-snippet":"max-snippet:-1","max-image-preview":"max-image-preview:large","max-video-preview":"max-video-preview:-1"},"canonical":"https:\/\/www.ntf.uni-lj.si\/ntf\/en\/about-faculty\/info\/","og_locale":"en_US","og_type":"article","og_title":"Info - NTF","og_description":"UNIVERSITY OF LJUBLJANA FACULTY OF NATURAL SCIENCES AND ENGINEERING FNSE MANAGEMENT: prof. dr. Ur\u0161ka Stankovi\u0107 Elesini, dean\u00a0 (dean&#8217;s address) assoc. prof. dr. Maja Von\u010dina, vice dean for academic affairs prof. dr. Andrej \u0160muc, vice dean for scientific research prof. dr. Andrej Dem\u0161ar, vice dean for management and quality prof. Du\u0161an Kirbi\u0161, vice dean for artistic ... Read more","og_url":"https:\/\/www.ntf.uni-lj.si\/ntf\/en\/about-faculty\/info\/","og_site_name":"NTF","article_modified_time":"2024-01-04T07:41:05+00:00","twitter_misc":{"Est. reading time":"1 minute"},"schema":{"@context":"https:\/\/schema.org","@graph":[{"@type":"WebSite","@id":"https:\/\/www.ntf.uni-lj.si\/ntf\/#website","url":"https:\/\/www.ntf.uni-lj.si\/ntf\/","name":"NTF","description":"Naravoslovnotehni\u0161ka fakulteta","potentialAction":[{"@type":"SearchAction","target":{"@type":"EntryPoint","urlTemplate":"https:\/\/www.ntf.uni-lj.si\/ntf\/?s={search_term_string}"},"query-input":"required name=search_term_string"}],"inLanguage":"en-US"},{"@type":"WebPage","@id":"https:\/\/www.ntf.uni-lj.si\/ntf\/en\/about-faculty\/info\/#webpage","url":"https:\/\/www.ntf.uni-lj.si\/ntf\/en\/about-faculty\/info\/","name":"Info - NTF","isPartOf":{"@id":"https:\/\/www.ntf.uni-lj.si\/ntf\/#website"},"datePublished":"2022-07-15T09:07:04+00:00","dateModified":"2024-01-04T07:41:05+00:00","breadcrumb":{"@id":"https:\/\/www.ntf.uni-lj.si\/ntf\/en\/about-faculty\/info\/#breadcrumb"},"inLanguage":"en-US","potentialAction":[{"@type":"ReadAction","target":["https:\/\/www.ntf.uni-lj.si\/ntf\/en\/about-faculty\/info\/"]}]},{"@type":"BreadcrumbList","@id":"https:\/\/www.ntf.uni-lj.si\/ntf\/en\/about-faculty\/info\/#breadcrumb","itemListElement":[{"@type":"ListItem","position":1,"name":"Domov","item":"https:\/\/www.ntf.uni-lj.si\/ntf\/"},{"@type":"ListItem","position":2,"name":"About faculty","item":"https:\/\/www.ntf.uni-lj.si\/ntf\/en\/about-faculty\/"},{"@type":"ListItem","position":3,"name":"Info"}]}]}},"_links":{"self":[{"href":"https:\/\/www.ntf.uni-lj.si\/ntf\/wp-json\/wp\/v2\/pages\/21803"}],"collection":[{"href":"https:\/\/www.ntf.uni-lj.si\/ntf\/wp-json\/wp\/v2\/pages"}],"about":[{"href":"https:\/\/www.ntf.uni-lj.si\/ntf\/wp-json\/wp\/v2\/types\/page"}],"author":[{"embeddable":true,"href":"https:\/\/www.ntf.uni-lj.si\/ntf\/wp-json\/wp\/v2\/users\/37"}],"replies":[{"embeddable":true,"href":"https:\/\/www.ntf.uni-lj.si\/ntf\/wp-json\/wp\/v2\/comments?post=21803"}],"version-history":[{"count":7,"href":"https:\/\/www.ntf.uni-lj.si\/ntf\/wp-json\/wp\/v2\/pages\/21803\/revisions"}],"predecessor-version":[{"id":25822,"href":"https:\/\/www.ntf.uni-lj.si\/ntf\/wp-json\/wp\/v2\/pages\/21803\/revisions\/25822"}],"up":[{"embeddable":true,"href":"https:\/\/www.ntf.uni-lj.si\/ntf\/wp-json\/wp\/v2\/pages\/1903"}],"wp:attachment":[{"href":"https:\/\/www.ntf.uni-lj.si\/ntf\/wp-json\/wp\/v2\/media?parent=21803"}],"curies":[{"name":"wp","href":"https:\/\/api.w.org\/{rel}","templated":true}]}}