{"id":22561,"date":"2022-11-18T12:57:01","date_gmt":"2022-11-18T11:57:01","guid":{"rendered":"https:\/\/www.ntf.uni-lj.si\/ntf\/?page_id=22561"},"modified":"2025-02-07T10:33:12","modified_gmt":"2025-02-07T09:33:12","slug":"ostali-razpisi","status":"publish","type":"page","link":"https:\/\/www.ntf.uni-lj.si\/ntf\/studij\/mednarodna-izmenjava\/zaposleni\/ostali-razpisi\/","title":{"rendered":"Ostali razpisi"},"content":{"rendered":"<h2><strong>RSF, Eutopia in SMUL razpisi za zaposlene<\/strong><\/h2>\n<h4>\n<div class=\"notification\">\n<div class=\"date-wrap\">\n<div class=\"date \">\n<div class=\"num\">1<\/div>\n<div class=\"txt\">Sep<\/div>\n<\/div>\n<\/div>\n<div class=\"content\">\n<div class=\"title\"><a href=\"https:\/\/www.ntf.uni-lj.si\/ntf\/news\/odprt-razpis-razvojnega-sklada-ul-v-podporo-internacionalizaciji-na-podrocju-raziskovalne-odlicnosti-zaposleni\/\" class=\"\"><\/p>\n<h2>Odprt razpis Razvojnega sklada UL v podporo internacionalizaciji na podro\u010dju raziskovalne odli\u010dnosti-ZAPOSLENI<\/h2>\n<p><\/a><small class=\"date-author\">1. 9. 2025, at 11.23<\/small><small class=\"date-author\">, written by Alenka \u0160alej Lah<\/small><\/div>\n<div class=\"text multisite-text\">Obve\u0161\u010damo vas, da se je odprl\u00a0interni razpis Razvojnega sklada Univerze v Ljubljani za sofinanciranje aktivnosti v podporo internacionalizaciji na podro\u010dju raziskovalne odli\u010dnosti. Rok za oddajo prijave je 9. oktober 2025. V okviru tega razpisa je mo\u017eno zaprositi za sofinanciranje stro\u0161kov gostovanja individualnih raziskovalcev iz tujine do najve\u010d 5.000 EUR, za lastni dele\u017e pa do vi\u0161ine ... <a class=\"view-article\" href=\"https:\/\/www.ntf.uni-lj.si\/ntf\/news\/odprt-razpis-razvojnega-sklada-ul-v-podporo-internacionalizaciji-na-podrocju-raziskovalne-odlicnosti-zaposleni\/\">Read more<\/a><\/div>\n<\/div>\n<div class=\"clearfix\"><\/div>\n<\/div>\n<div class=\"notification\">\n<div class=\"date-wrap\">\n<div class=\"date \">\n<div class=\"num\">17<\/div>\n<div class=\"txt\">Jul<\/div>\n<\/div>\n<\/div>\n<div class=\"content\">\n<div class=\"title\"><a href=\"https:\/\/www.ntf.uni-lj.si\/ntf\/news\/razpis-erasmus-stastat-2025-2026-odprt\/\" class=\"\"><\/p>\n<h2>Razpis Erasmus+ za zaposlene STA(STAT) 2025\/2026- ODPRT<\/h2>\n<p><\/a><small class=\"date-author\">17. 7. 2025, at 12.21<\/small><small class=\"date-author\">, written by Alenka \u0160alej Lah<\/small><\/div>\n<div class=\"text multisite-text\">ODPRT je razpis za mobilnost osebja Erasmus+ STA\/STAT 2025-26 (mobilnost osebja za namen pou\u010devanja (in usposabljanja) v programskih dr\u017eavah KA131 (EU, Islandija, Norve\u0161ka, Lihten\u0161tajn, Tur\u010dija, Severna Makedonija in Srbija) in partnerskih dr\u017eavah KA171 (druge dr\u017eave sveta), z upravi\u010denim obdobjem od 1.10.2025 do 30.9.2026. Prijave za ta\u00a0razpis\u00a0se bodo zbirale od 10. 9. 2025 dalje do porabe ... <a class=\"view-article\" href=\"https:\/\/www.ntf.uni-lj.si\/ntf\/news\/razpis-erasmus-stastat-2025-2026-odprt\/\">Read more<\/a><\/div>\n<\/div>\n<div class=\"clearfix\"><\/div>\n<\/div>\n<div class=\"notification\">\n<div class=\"date-wrap\">\n<div class=\"date \">\n<div class=\"num\">3<\/div>\n<div class=\"txt\">Mar<\/div>\n<\/div>\n<\/div>\n<div class=\"content\">\n<div class=\"title\"><a href=\"https:\/\/www.ntf.uni-lj.si\/ntf\/news\/razpis-smul-za-gostujoce-slovenske-strokovnjake-iz-tujine-in-znanstvenega-obiska-studentov-v-tujini-25-odprt\/\" class=\"\"><\/p>\n<h2>Razpis SMUL za gostujo\u010de slovenske strokovnjake iz tujine in znanstvenega obiska \u0161tudentov v tujini 25- ODPRT<\/h2>\n<p><\/a><small class=\"date-author\">3. 3. 2025, at 11.42<\/small><small class=\"date-author\">, written by Alenka \u0160alej Lah<\/small><\/div>\n<div class=\"text multisite-text\">Spo\u0161tovani, obve\u0161\u010dam vas, da je Javni \u0161tipendijski, razvojni, invalidski in pre\u017eivninski sklad Republike Slovenije objavil nov razpis za podporo internacionalizaciji visokega \u0161olstva:\u00a0Javni razpis za sofinanciranje gostovanj slovenskih strokovnjakov iz tujine na slovenskih visoko\u0161olskih zavodih in raziskovalnih organizacijah ter \u0161tudijskega oziroma znanstvenega obiska \u0161tudentov v tujini (367. javni razpis). Rok prijave je do do porabe sredstev ... <a class=\"view-article\" href=\"https:\/\/www.ntf.uni-lj.si\/ntf\/news\/razpis-smul-za-gostujoce-slovenske-strokovnjake-iz-tujine-in-znanstvenega-obiska-studentov-v-tujini-25-odprt\/\">Read more<\/a><\/div>\n<\/div>\n<div class=\"clearfix\"><\/div>\n<\/div>\n<div class=\"notification\">\n<div class=\"date-wrap\">\n<div class=\"date \">\n<div class=\"num\">3<\/div>\n<div class=\"txt\">Dec<\/div>\n<\/div>\n<\/div>\n<div class=\"content\">\n<div class=\"title\"><a href=\"https:\/\/www.ntf.uni-lj.si\/ntf\/news\/vabilo-na-geolosko-predavanje-in-predstavitev-sodelovanja-z-university-of-guam\/\" class=\"\"><\/p>\n<h2>Vabilo na geolo\u0161ko predavanje in predstavitev sodelovanja z University of Guam<\/h2>\n<p><\/a><small class=\"date-author\">3. 12. 2024, at 10.11<\/small><small class=\"date-author\">, written by Alenka \u0160alej Lah<\/small><\/div>\n<div class=\"text multisite-text\">Vabimo na predavanje dr. Bla\u017ea Miklavi\u010da, prof. dr. Bo\u0161tjana Ro\u017ei\u010da in doc. dr. Petre \u017dvab Ro\u017ei\u010d z naslovom \u00bbGeologija na periferiji najglobje to\u010dke planeta\u00ab. Predavanje bo potekalo v sredo, 18.12.2024, ob 15 uri, v predavalnici 209 na Oddelku za geologijo NTF, A\u0161ker\u010deva 12 v Ljubljani. Predavanje bo tudi del sklopa niza predavanj v okviru Slovenskega ... <a class=\"view-article\" href=\"https:\/\/www.ntf.uni-lj.si\/ntf\/news\/vabilo-na-geolosko-predavanje-in-predstavitev-sodelovanja-z-university-of-guam\/\">Read more<\/a><\/div>\n<\/div>\n<div class=\"clearfix\"><\/div>\n<\/div>\n<div class=\"notification\">\n<div class=\"date-wrap\">\n<div class=\"date \">\n<div class=\"num\">27<\/div>\n<div class=\"txt\">Nov<\/div>\n<\/div>\n<\/div>\n<div class=\"content\">\n<div class=\"title\"><a href=\"https:\/\/www.ntf.uni-lj.si\/ntf\/news\/poziv-za-sodelovanje-na-razpisu-erasmus-ka171-2025\/\" class=\"\"><\/p>\n<h2>Poziv za sodelovanje na razpisu Erasmus+ KA171 2025<\/h2>\n<p><\/a><small class=\"date-author\">27. 11. 2024, at 14.44<\/small><small class=\"date-author\">, written by Alenka \u0160alej Lah<\/small><\/div>\n<div class=\"text multisite-text\">Obve\u0161\u010damo vas, da bo UL tudi v letu 2025 sodelovala na\u00a0razpisu\u00a0Erasmus+ KA171.\u00a0Razpis\u00a0za leto 2025\u00a0je bil objavljen 20. novembra. Ve\u010d o pozivu najdete na na\u0161i spletni strani, na dnu strani, pod rubriko Poziv za sodelovanje na razpisu Erasmus+ KA171 2025.<\/div>\n<\/div>\n<div class=\"clearfix\"><\/div>\n<\/div>\n<div class=\"notification\">\n<div class=\"date-wrap\">\n<div class=\"date \">\n<div class=\"num\">22<\/div>\n<div class=\"txt\">Nov<\/div>\n<\/div>\n<\/div>\n<div class=\"content\">\n<div class=\"title\"><a href=\"https:\/\/www.ntf.uni-lj.si\/ntf\/news\/zveza-eutopia-povabilo-k-predlogu-povezane-skupnosti-studentov-in-akademskega-osebja-univerz-zveze-eutopia\/\" class=\"\"><\/p>\n<h2>Zveza EUTOPIA &#8211; Povabilo k predlogu povezane skupnosti \u0161tudentov in akademskega osebja univerz Zveze EUTOPIA<\/h2>\n<p><\/a><small class=\"date-author\">22. 11. 2024, at 8.34<\/small><small class=\"date-author\">, written by Alenka \u0160alej Lah<\/small><\/div>\n<div class=\"text multisite-text\">Povabilo k predlogu povezane skupnosti \u0161tudentov in akademskega osebja univerz zveze\u00a0EUTOPIA\u00a0(s prilogama). Gre za mo\u017enost (so)financiranja nove povezane skupnost \u0161tudentov in akademskega osebja univerz Zveze\u00a0EUTOPIA\u00a0(ang.\u00a0EUTOPIA\u00a0Connected Community). Ve\u010d informacij in na\u010din prijave najdete v pripetem povabilu. Dopis CC za UL povezane skupnosti -tretji krog Priloga 2_Connected Community Process and Criteria Priloga 1_Obrazec_Letter of Commitment &nbsp; &nbsp;<\/div>\n<\/div>\n<div class=\"clearfix\"><\/div>\n<\/div>\n<div class=\"notification\">\n<div class=\"date-wrap\">\n<div class=\"date \">\n<div class=\"num\">17<\/div>\n<div class=\"txt\">May<\/div>\n<\/div>\n<\/div>\n<div class=\"content\">\n<div class=\"title\"><a href=\"https:\/\/www.ntf.uni-lj.si\/ntf\/news\/rsf-interni-razpis-za-sofinanciranje-razvojnega-sodelovanja-znotraj-zveze-eutopia-s-e-1-1-mobilnost-odprt\/\" class=\"\"><\/p>\n<h2>RAZPIS [RSF] Interni razpis za sofinanciranje razvojnega sodelovanja znotraj zveze EUTOPIA (S.E.1.1)- mobilnost- ODPRT<\/h2>\n<p><\/a><small class=\"date-author\">17. 5. 2024, at 9.06<\/small><small class=\"date-author\">, written by Alenka \u0160alej Lah<\/small><\/div>\n<div class=\"text multisite-text\">Sofinanciranje razvojnega sodelovanja znotraj Zveze EUTOPIA (2024) v okviru ukrepa RSF \u00bbRazvoj sodelovanja v transnacionalnih u\u010dnih skupnostih\u00ab (ukrep S.E.1.1) V okviru ukrepa S.E.1.1 bomo v 2024 dodatno sofinancirali spodnje aktivnosti \u010dlanice oziroma rektorata: &#8211; sofinanciranje razvojnega sodelovanja in krepitev povezovanja znotraj Zveze EUTOPIA; &#8211; pridobivanje novih strokovnih znanj, dobrih praks in kompetenc v mednarodnem okolju ... <a class=\"view-article\" href=\"https:\/\/www.ntf.uni-lj.si\/ntf\/news\/rsf-interni-razpis-za-sofinanciranje-razvojnega-sodelovanja-znotraj-zveze-eutopia-s-e-1-1-mobilnost-odprt\/\">Read more<\/a><\/div>\n<\/div>\n<div class=\"clearfix\"><\/div>\n<\/div>\n<div class=\"notification\">\n<div class=\"date-wrap\">\n<div class=\"date \">\n<div class=\"num\">5<\/div>\n<div class=\"txt\">Feb<\/div>\n<\/div>\n<\/div>\n<div class=\"content\">\n<div class=\"title\"><a href=\"https:\/\/www.ntf.uni-lj.si\/ntf\/news\/razpis-rsf-interni-razpis-povezane-skupnosti-eutopia-in-izzivi-na-podrocju-podnebnih-resitev-odprt\/\" class=\"\"><\/p>\n<h2>RAZPIS [RSF] Interni razpis Povezane skupnosti EUTOPIA in izzivi na podro\u010dju podnebnih re\u0161itev- ZAKLJU\u010cEN<\/h2>\n<p><\/a><small class=\"date-author\">5. 2. 2024, at 15.54<\/small><small class=\"date-author\">, written by Alenka \u0160alej Lah<\/small><\/div>\n<div class=\"text multisite-text\">Vabimo vas k sodelovanju na internem razpisu\u00a0Povezane skupnosti EUTOPIA in izzivi na podro\u010dju podnebnih re\u0161itev\u00a0v okviru RSF ukrepa\u00a0\u00bbRazvoj vsebine inovativnih transnacionalnih u\u010dnih skupnosti na podro\u010dju na izzivih temelje\u010dih raziskav ter inovacij znotraj partnerstva evropskih univerz EUTOPIA\u00ab (ukrep S.E.1.2). \u00a0V priponkah boste na\u0161li ve\u010d informacij o samem razpisu in pogojih sodelovanja. \u00a0Rok za prijave je odprt ... <a class=\"view-article\" href=\"https:\/\/www.ntf.uni-lj.si\/ntf\/news\/razpis-rsf-interni-razpis-povezane-skupnosti-eutopia-in-izzivi-na-podrocju-podnebnih-resitev-odprt\/\">Read more<\/a><\/div>\n<\/div>\n<div class=\"clearfix\"><\/div>\n<\/div>\n<div class=\"notification\">\n<div class=\"date-wrap\">\n<div class=\"date \">\n<div class=\"num\">22<\/div>\n<div class=\"txt\">Jan<\/div>\n<\/div>\n<\/div>\n<div class=\"content\">\n<div class=\"title\"><a href=\"https:\/\/www.ntf.uni-lj.si\/ntf\/news\/razpis-rsf-interni-razpis-za-mednarodne-poletne-sole-2024_-odprt\/\" class=\"\"><\/p>\n<h2>RAZPIS [RSF] Interni razpis za mednarodne poletne \u0161ole 2024- ZAKLJU\u010cEN<\/h2>\n<p><\/a><small class=\"date-author\">22. 1. 2024, at 14.22<\/small><small class=\"date-author\">, written by Alenka \u0160alej Lah<\/small><\/div>\n<div class=\"text multisite-text\">Zunaj je internem razpisu MEDNARODNE POLETNE \u0160OLE 2024, ki ga UL razpisuje v okviru RSF ukrepa \u00bbRazvoj in krepitev sodelovanja v okviru transnacionalnih medinstitucionalnih u\u010dnih skupnostih\u00ab (B.II.3). Rok za oddajo je\u00a020. 2. 2024. Prijavo (Priloga A) po\u0161ljite\u00a0alenka.salej@ntf.uni-lj.si, da jo podpisano s strani dekanije, po\u0161ljemo na e-naslov\u00a0rsf@uni-lj.si. Dodatne informacije: Univerzitetna slu\u017eba za mednarodno sodelovanje UL (student.office@uni-lj.si). ... <a class=\"view-article\" href=\"https:\/\/www.ntf.uni-lj.si\/ntf\/news\/razpis-rsf-interni-razpis-za-mednarodne-poletne-sole-2024_-odprt\/\">Read more<\/a><\/div>\n<\/div>\n<div class=\"clearfix\"><\/div>\n<\/div>\n<div class=\"notification\">\n<div class=\"date-wrap\">\n<div class=\"date \">\n<div class=\"num\">17<\/div>\n<div class=\"txt\">Jan<\/div>\n<\/div>\n<\/div>\n<div class=\"content\">\n<div class=\"title\"><a href=\"https:\/\/www.ntf.uni-lj.si\/ntf\/news\/razpis-za-stipendije-za-sodelovanje-na-tekmovanjih-v-tujini-za-leto-2023-aktualno-v-2024\/\" class=\"\"><\/p>\n<h2>Razpis za \u0161tipendije za sodelovanje na tekmovanjih v tujini za leto 2023 (aktualno v 2024)- ZAKLJU\u010cEN<\/h2>\n<p><\/a><small class=\"date-author\">17. 1. 2024, at 16.15<\/small><small class=\"date-author\">, written by Alenka \u0160alej Lah<\/small><\/div>\n<div class=\"text multisite-text\">Spo\u0161tovani, zunaj je\u00a0 razpis\u00a0Javnega \u0161tipendijskega, razvojnega, invalidskega in pre\u017eivninskega sklada RS za\u00a0\u0161tipendije za sodelovanje na tekmovanjih v tujini za leto 2023 (aktualno v 2024)\u00a0&#8211;\u00a0Slovenske izobra\u017eevalne, raziskovalne in strokovne ustanove lahko pridobijo sredstva za \u0161tipendiranje dijakov, \u0161tudentov in njihovih mentorjev na individualnih ali skupinskih tekmovanjih iz znanja ali raziskovanja v tujini. \u00a0Predmet javnega razpisa je dodelitev ... <a class=\"view-article\" href=\"https:\/\/www.ntf.uni-lj.si\/ntf\/news\/razpis-za-stipendije-za-sodelovanje-na-tekmovanjih-v-tujini-za-leto-2023-aktualno-v-2024\/\">Read more<\/a><\/div>\n<\/div>\n<div class=\"clearfix\"><\/div>\n<\/div>\n<p><\/strong><\/h4>\n<h3><strong>RAZPISI<\/strong><\/h3>\n<h4><strong>Zveza EUTOPIA <\/strong><\/h4>\n<p>Je u\u010dna in raziskovalna skupnost desetih evropskih univerz, ustanovljena z namenom aktivnega sodelovanja pri ustvarjanju in prenovi skupnega visoko\u0161olskega prostora. Glavni cilj zveze EUTOPIA je skozi pilotne projekte (EUTOPIA More, EUTOPIA-TRAIN, EUTOPIA-SIF, FLECSLAB) testirati inovativne modele evropskega visoko\u0161olskega sodelovanja, ki bodo podlaga za razvoj koncepta in organizacijske strukture nove evropske transnacionalne univerze.<\/p>\n<p>Zvezo sestavljajo:<\/p>\n<ul>\n<li>Univerze v Ljubljani (Slovenija)<\/li>\n<li>Univerza Vrije v Bruslju (Belgija),<\/li>\n<li>Univerza CY Cergy Pariz (Francija),<\/li>\n<li>Univerza v G\u00f6teborgu (\u0160vedska),<\/li>\n<li>Univerza Pompeu Fabra v Barceloni (\u0160panija),<\/li>\n<li>Univerza v Warwicku (Velika Britanija),<\/li>\n<li>Univerza NOVA Lizbona (Portugalska),<\/li>\n<li>Univerza Ca\u2019 Foscari (Italija),<\/li>\n<li>Tehni\u0161ka univerza Dresden (Nem\u010dija) in<\/li>\n<li>Univerza Babe\u015f-Bolyai (Romunija).<\/li>\n<\/ul>\n<h4><strong>SVETOVNA MRE\u017dA UNIVERZE V LJUBLJANI, ki jo kraj\u0161e imenujemo SMUL<\/strong><\/h4>\n<p>Je zdru\u017euje predvsem z Univerzo v Ljubljani povezane <strong>slovenske znanstvenike, profesorje in druge ugledne osebnosti, ki delujejo v akademskem, raziskovalnem in razvojnem okolju v tujini.<\/strong> Nastala je kot ena od dejavnosti za dvigovanje kakovosti \u0161tudijskih programov, utrjevanje mednarodnega sodelovanja ter ugleda Univerze v Ljubljani.<\/p>\n<p>SMUL se odziva na predloge \u010dlanov in jih obve\u0161\u010da o:<\/p>\n<ul>\n<li>dogajanju na Univerzi v Ljubljani ter o slovenskem visoko\u0161olskem in raziskovalnem prostoru;<\/li>\n<li>prostih delovnih mestih na Univerzi v Ljubljani;<\/li>\n<li>\u017eeljah po izmenjavi \u0161tudentov, u\u010diteljev in raziskovalcev;<\/li>\n<li>na\u010drtovanih izobra\u017eevalnih programih, raziskovalnih in razvojnih projektih;<\/li>\n<li>vsem, kar \u010dlane v zvezi z dejavnostjo Univerze v Ljubljani posebej zanima;<\/li>\n<li>se odziva na predloge \u010dlanov za sodelovanje na navedenih podro\u010djih<\/li>\n<\/ul>\n<p><a href=\"https:\/\/www.uni-lj.si\/studij\/smul\/prijavnica\/\"><strong>Postani \u010dlan\/ica SMUL!<\/strong><\/a><\/p>\n<h3>Preverite spodnje razpise!<\/h3>\n","protected":false},"excerpt":{"rendered":"RSF, Eutopia in SMUL razpisi za zaposlene RAZPISI Zveza EUTOPIA Je u\u010dna in raziskovalna skupnost desetih evropskih univerz, ustanovljena z namenom aktivnega sodelovanja pri ustvarjanju in prenovi skupnega visoko\u0161olskega prostora. Glavni cilj zveze EUTOPIA je skozi pilotne projekte (EUTOPIA More, EUTOPIA-TRAIN, EUTOPIA-SIF, FLECSLAB) testirati inovativne modele evropskega visoko\u0161olskega sodelovanja, ki bodo podlaga za razvoj koncepta &#8230; <a class=\"view-article\" href=\"https:\/\/www.ntf.uni-lj.si\/ntf\/news\/razpis-za-stipendije-za-sodelovanje-na-tekmovanjih-v-tujini-za-leto-2023-aktualno-v-2024\/\">Read more<\/a>","protected":false},"author":221,"featured_media":0,"parent":8331,"menu_order":103,"comment_status":"closed","ping_status":"closed","template":"","meta":[],"acf":[],"yoast_head":"<!-- This site is optimized with the Yoast SEO plugin v17.0 - https:\/\/yoast.com\/wordpress\/plugins\/seo\/ -->\n<meta name=\"robots\" content=\"index, follow, max-snippet:-1, max-image-preview:large, max-video-preview:-1\" \/>\n<link rel=\"canonical\" href=\"https:\/\/www.ntf.uni-lj.si\/ntf\/studij\/mednarodna-izmenjava\/zaposleni\/ostali-razpisi\/\" \/>\n<meta property=\"og:locale\" content=\"en_US\" \/>\n<meta property=\"og:type\" content=\"article\" \/>\n<meta property=\"og:title\" content=\"Ostali razpisi - NTF\" \/>\n<meta property=\"og:description\" content=\"RSF, Eutopia in SMUL razpisi za zaposlene RAZPISI Zveza EUTOPIA Je u\u010dna in raziskovalna skupnost desetih evropskih univerz, ustanovljena z namenom aktivnega sodelovanja pri ustvarjanju in prenovi skupnega visoko\u0161olskega prostora. Glavni cilj zveze EUTOPIA je skozi pilotne projekte (EUTOPIA More, EUTOPIA-TRAIN, EUTOPIA-SIF, FLECSLAB) testirati inovativne modele evropskega visoko\u0161olskega sodelovanja, ki bodo podlaga za razvoj koncepta ... Read more\" \/>\n<meta property=\"og:url\" content=\"https:\/\/www.ntf.uni-lj.si\/ntf\/studij\/mednarodna-izmenjava\/zaposleni\/ostali-razpisi\/\" \/>\n<meta property=\"og:site_name\" content=\"NTF\" \/>\n<meta property=\"article:modified_time\" content=\"2025-02-07T09:33:12+00:00\" \/>\n<meta name=\"twitter:label1\" content=\"Est. reading time\" \/>\n\t<meta name=\"twitter:data1\" content=\"1 minute\" \/>\n<script type=\"application\/ld+json\" class=\"yoast-schema-graph\">{\"@context\":\"https:\/\/schema.org\",\"@graph\":[{\"@type\":\"WebSite\",\"@id\":\"https:\/\/www.ntf.uni-lj.si\/ntf\/#website\",\"url\":\"https:\/\/www.ntf.uni-lj.si\/ntf\/\",\"name\":\"NTF\",\"description\":\"Naravoslovnotehni\\u0161ka fakulteta\",\"potentialAction\":[{\"@type\":\"SearchAction\",\"target\":{\"@type\":\"EntryPoint\",\"urlTemplate\":\"https:\/\/www.ntf.uni-lj.si\/ntf\/?s={search_term_string}\"},\"query-input\":\"required name=search_term_string\"}],\"inLanguage\":\"en-US\"},{\"@type\":\"WebPage\",\"@id\":\"https:\/\/www.ntf.uni-lj.si\/ntf\/studij\/mednarodna-izmenjava\/zaposleni\/ostali-razpisi\/#webpage\",\"url\":\"https:\/\/www.ntf.uni-lj.si\/ntf\/studij\/mednarodna-izmenjava\/zaposleni\/ostali-razpisi\/\",\"name\":\"Ostali razpisi - NTF\",\"isPartOf\":{\"@id\":\"https:\/\/www.ntf.uni-lj.si\/ntf\/#website\"},\"datePublished\":\"2022-11-18T11:57:01+00:00\",\"dateModified\":\"2025-02-07T09:33:12+00:00\",\"breadcrumb\":{\"@id\":\"https:\/\/www.ntf.uni-lj.si\/ntf\/studij\/mednarodna-izmenjava\/zaposleni\/ostali-razpisi\/#breadcrumb\"},\"inLanguage\":\"en-US\",\"potentialAction\":[{\"@type\":\"ReadAction\",\"target\":[\"https:\/\/www.ntf.uni-lj.si\/ntf\/studij\/mednarodna-izmenjava\/zaposleni\/ostali-razpisi\/\"]}]},{\"@type\":\"BreadcrumbList\",\"@id\":\"https:\/\/www.ntf.uni-lj.si\/ntf\/studij\/mednarodna-izmenjava\/zaposleni\/ostali-razpisi\/#breadcrumb\",\"itemListElement\":[{\"@type\":\"ListItem\",\"position\":1,\"name\":\"Domov\",\"item\":\"https:\/\/www.ntf.uni-lj.si\/ntf\/\"},{\"@type\":\"ListItem\",\"position\":2,\"name\":\"\\u0160tudij\",\"item\":\"https:\/\/www.ntf.uni-lj.si\/ntf\/studij\/\"},{\"@type\":\"ListItem\",\"position\":3,\"name\":\"Mednarodna izmenjava\",\"item\":\"https:\/\/www.ntf.uni-lj.si\/ntf\/studij\/mednarodna-izmenjava\/\"},{\"@type\":\"ListItem\",\"position\":4,\"name\":\"Zaposlen\",\"item\":\"https:\/\/www.ntf.uni-lj.si\/ntf\/studij\/mednarodna-izmenjava\/zaposleni\/\"},{\"@type\":\"ListItem\",\"position\":5,\"name\":\"Ostali razpisi\"}]}]}<\/script>\n<!-- \/ Yoast SEO plugin. -->","yoast_head_json":{"robots":{"index":"index","follow":"follow","max-snippet":"max-snippet:-1","max-image-preview":"max-image-preview:large","max-video-preview":"max-video-preview:-1"},"canonical":"https:\/\/www.ntf.uni-lj.si\/ntf\/studij\/mednarodna-izmenjava\/zaposleni\/ostali-razpisi\/","og_locale":"en_US","og_type":"article","og_title":"Ostali razpisi - NTF","og_description":"RSF, Eutopia in SMUL razpisi za zaposlene RAZPISI Zveza EUTOPIA Je u\u010dna in raziskovalna skupnost desetih evropskih univerz, ustanovljena z namenom aktivnega sodelovanja pri ustvarjanju in prenovi skupnega visoko\u0161olskega prostora. Glavni cilj zveze EUTOPIA je skozi pilotne projekte (EUTOPIA More, EUTOPIA-TRAIN, EUTOPIA-SIF, FLECSLAB) testirati inovativne modele evropskega visoko\u0161olskega sodelovanja, ki bodo podlaga za razvoj koncepta ... Read more","og_url":"https:\/\/www.ntf.uni-lj.si\/ntf\/studij\/mednarodna-izmenjava\/zaposleni\/ostali-razpisi\/","og_site_name":"NTF","article_modified_time":"2025-02-07T09:33:12+00:00","twitter_misc":{"Est. reading time":"1 minute"},"schema":{"@context":"https:\/\/schema.org","@graph":[{"@type":"WebSite","@id":"https:\/\/www.ntf.uni-lj.si\/ntf\/#website","url":"https:\/\/www.ntf.uni-lj.si\/ntf\/","name":"NTF","description":"Naravoslovnotehni\u0161ka fakulteta","potentialAction":[{"@type":"SearchAction","target":{"@type":"EntryPoint","urlTemplate":"https:\/\/www.ntf.uni-lj.si\/ntf\/?s={search_term_string}"},"query-input":"required name=search_term_string"}],"inLanguage":"en-US"},{"@type":"WebPage","@id":"https:\/\/www.ntf.uni-lj.si\/ntf\/studij\/mednarodna-izmenjava\/zaposleni\/ostali-razpisi\/#webpage","url":"https:\/\/www.ntf.uni-lj.si\/ntf\/studij\/mednarodna-izmenjava\/zaposleni\/ostali-razpisi\/","name":"Ostali razpisi - NTF","isPartOf":{"@id":"https:\/\/www.ntf.uni-lj.si\/ntf\/#website"},"datePublished":"2022-11-18T11:57:01+00:00","dateModified":"2025-02-07T09:33:12+00:00","breadcrumb":{"@id":"https:\/\/www.ntf.uni-lj.si\/ntf\/studij\/mednarodna-izmenjava\/zaposleni\/ostali-razpisi\/#breadcrumb"},"inLanguage":"en-US","potentialAction":[{"@type":"ReadAction","target":["https:\/\/www.ntf.uni-lj.si\/ntf\/studij\/mednarodna-izmenjava\/zaposleni\/ostali-razpisi\/"]}]},{"@type":"BreadcrumbList","@id":"https:\/\/www.ntf.uni-lj.si\/ntf\/studij\/mednarodna-izmenjava\/zaposleni\/ostali-razpisi\/#breadcrumb","itemListElement":[{"@type":"ListItem","position":1,"name":"Domov","item":"https:\/\/www.ntf.uni-lj.si\/ntf\/"},{"@type":"ListItem","position":2,"name":"\u0160tudij","item":"https:\/\/www.ntf.uni-lj.si\/ntf\/studij\/"},{"@type":"ListItem","position":3,"name":"Mednarodna izmenjava","item":"https:\/\/www.ntf.uni-lj.si\/ntf\/studij\/mednarodna-izmenjava\/"},{"@type":"ListItem","position":4,"name":"Zaposlen","item":"https:\/\/www.ntf.uni-lj.si\/ntf\/studij\/mednarodna-izmenjava\/zaposleni\/"},{"@type":"ListItem","position":5,"name":"Ostali razpisi"}]}]}},"_links":{"self":[{"href":"https:\/\/www.ntf.uni-lj.si\/ntf\/wp-json\/wp\/v2\/pages\/22561"}],"collection":[{"href":"https:\/\/www.ntf.uni-lj.si\/ntf\/wp-json\/wp\/v2\/pages"}],"about":[{"href":"https:\/\/www.ntf.uni-lj.si\/ntf\/wp-json\/wp\/v2\/types\/page"}],"author":[{"embeddable":true,"href":"https:\/\/www.ntf.uni-lj.si\/ntf\/wp-json\/wp\/v2\/users\/221"}],"replies":[{"embeddable":true,"href":"https:\/\/www.ntf.uni-lj.si\/ntf\/wp-json\/wp\/v2\/comments?post=22561"}],"version-history":[{"count":21,"href":"https:\/\/www.ntf.uni-lj.si\/ntf\/wp-json\/wp\/v2\/pages\/22561\/revisions"}],"predecessor-version":[{"id":29553,"href":"https:\/\/www.ntf.uni-lj.si\/ntf\/wp-json\/wp\/v2\/pages\/22561\/revisions\/29553"}],"up":[{"embeddable":true,"href":"https:\/\/www.ntf.uni-lj.si\/ntf\/wp-json\/wp\/v2\/pages\/8331"}],"wp:attachment":[{"href":"https:\/\/www.ntf.uni-lj.si\/ntf\/wp-json\/wp\/v2\/media?parent=22561"}],"curies":[{"name":"wp","href":"https:\/\/api.w.org\/{rel}","templated":true}]}}