{"id":2328,"date":"2015-05-21T08:46:01","date_gmt":"2015-05-21T07:46:01","guid":{"rendered":"http:\/\/www.ntf.uni-lj.si\/ntf\/?page_id=2328"},"modified":"2023-02-03T13:17:46","modified_gmt":"2023-02-03T12:17:46","slug":"tekstilstvo","status":"publish","type":"page","link":"https:\/\/www.ntf.uni-lj.si\/ntf\/studij\/studijski-programi\/tekstilstvo\/","title":{"rendered":"Tekstilstvo"},"content":{"rendered":"<p>Prenovili smo \u0161tudijske programe tekstilstva na <strong>prvi in drugi stopnji<\/strong>, ki se pri\u010dnejo izvajati s <strong>\u0161tudijskim letom 2023\/24<\/strong>. Vabimo k ogledu prenovljenih predmetnikov in k vpisu \u0161tudija tekstilstva:<\/p>\n<ul>\n<li><strong><a href=\"https:\/\/www.ntf.uni-lj.si\/toi\/studij\/1-stopnja-2\/tekstilno-in-oblacilno-inzenirstvo-vs\/\">Tekstilno in obla\u010dilno in\u017eenirstvo (VS)<\/a><\/strong>, veljaven s 1. 10. 2023<\/li>\n<li><strong><a href=\"https:\/\/www.ntf.uni-lj.si\/toi\/studij\/1-stopnja-2\/nacrtovanje-tekstilij-in-oblacil-un\/\">Na\u010drtovanje tekstilij in obla\u010dil (UN)<\/a><\/strong>, veljaven s 1. 10. 2023<\/li>\n<li><strong><a href=\"https:\/\/www.ntf.uni-lj.si\/toi\/studij\/2-stopnja\/nacrtovanje-tekstilij-in-oblacil-mag\/\">Na\u010drtovanje tekstilij in obla\u010dil (MAG)<\/a><\/strong><a href=\"https:\/\/www.ntf.uni-lj.si\/toi\/studij\/2-stopnja\/nacrtovanje-tekstilij-in-oblacil-mag\/\">,<\/a> veljaven s 1. 10. 2023<\/li>\n<\/ul>\n<p>Spremembe \u0161tudijskih programov sledijo smernicam in potrebam v industriji, omogo\u010dajo ve\u010djo izbirnost predmetov in \u0161ir\u0161i nabor ponujenih predmetov. Z novimi spremembami bo omogo\u010deno bolj\u0161e medpredmetno povezovanje, bolj specializirana izbira predmetnika, izbolj\u0161ano povezovanje \u0161tudentov med sabo preko skupnih projektov in vklju\u010devanje strokovnjakov iz industrije.<\/p>\n","protected":false},"excerpt":{"rendered":"Prenovili smo \u0161tudijske programe tekstilstva na prvi in drugi stopnji, ki se pri\u010dnejo izvajati s \u0161tudijskim letom 2023\/24. Vabimo k ogledu prenovljenih predmetnikov in k vpisu \u0161tudija tekstilstva: Tekstilno in obla\u010dilno in\u017eenirstvo (VS), veljaven s 1. 10. 2023 Na\u010drtovanje tekstilij in obla\u010dil (UN), veljaven s 1. 10. 2023 Na\u010drtovanje tekstilij in obla\u010dil (MAG), veljaven s &#8230; <a class=\"view-article\" href=\"https:\/\/www.ntf.uni-lj.si\/ntf\/studij\/studijski-programi\/tekstilstvo\/\">Read more<\/a>","protected":false},"author":15,"featured_media":0,"parent":2230,"menu_order":375,"comment_status":"closed","ping_status":"closed","template":"","meta":[],"acf":[],"yoast_head":"<!-- This site is optimized with the Yoast SEO plugin v17.0 - https:\/\/yoast.com\/wordpress\/plugins\/seo\/ -->\n<meta name=\"robots\" content=\"index, follow, max-snippet:-1, max-image-preview:large, max-video-preview:-1\" \/>\n<link rel=\"canonical\" href=\"https:\/\/www.ntf.uni-lj.si\/ntf\/studij\/studijski-programi\/tekstilstvo\/\" \/>\n<meta property=\"og:locale\" content=\"en_US\" \/>\n<meta property=\"og:type\" content=\"article\" \/>\n<meta property=\"og:title\" content=\"Tekstilstvo - NTF\" \/>\n<meta property=\"og:description\" content=\"Prenovili smo \u0161tudijske programe tekstilstva na prvi in drugi stopnji, ki se pri\u010dnejo izvajati s \u0161tudijskim letom 2023\/24. Vabimo k ogledu prenovljenih predmetnikov in k vpisu \u0161tudija tekstilstva: Tekstilno in obla\u010dilno in\u017eenirstvo (VS), veljaven s 1. 10. 2023 Na\u010drtovanje tekstilij in obla\u010dil (UN), veljaven s 1. 10. 2023 Na\u010drtovanje tekstilij in obla\u010dil (MAG), veljaven s ... Read more\" \/>\n<meta property=\"og:url\" content=\"https:\/\/www.ntf.uni-lj.si\/ntf\/studij\/studijski-programi\/tekstilstvo\/\" \/>\n<meta property=\"og:site_name\" content=\"NTF\" \/>\n<meta property=\"article:modified_time\" content=\"2023-02-03T12:17:46+00:00\" \/>\n<meta name=\"twitter:label1\" content=\"Est. reading time\" \/>\n\t<meta name=\"twitter:data1\" content=\"1 minute\" \/>\n<script type=\"application\/ld+json\" class=\"yoast-schema-graph\">{\"@context\":\"https:\/\/schema.org\",\"@graph\":[{\"@type\":\"WebSite\",\"@id\":\"https:\/\/www.ntf.uni-lj.si\/ntf\/#website\",\"url\":\"https:\/\/www.ntf.uni-lj.si\/ntf\/\",\"name\":\"NTF\",\"description\":\"Naravoslovnotehni\\u0161ka fakulteta\",\"potentialAction\":[{\"@type\":\"SearchAction\",\"target\":{\"@type\":\"EntryPoint\",\"urlTemplate\":\"https:\/\/www.ntf.uni-lj.si\/ntf\/?s={search_term_string}\"},\"query-input\":\"required name=search_term_string\"}],\"inLanguage\":\"en-US\"},{\"@type\":\"WebPage\",\"@id\":\"https:\/\/www.ntf.uni-lj.si\/ntf\/studij\/studijski-programi\/tekstilstvo\/#webpage\",\"url\":\"https:\/\/www.ntf.uni-lj.si\/ntf\/studij\/studijski-programi\/tekstilstvo\/\",\"name\":\"Tekstilstvo - NTF\",\"isPartOf\":{\"@id\":\"https:\/\/www.ntf.uni-lj.si\/ntf\/#website\"},\"datePublished\":\"2015-05-21T07:46:01+00:00\",\"dateModified\":\"2023-02-03T12:17:46+00:00\",\"breadcrumb\":{\"@id\":\"https:\/\/www.ntf.uni-lj.si\/ntf\/studij\/studijski-programi\/tekstilstvo\/#breadcrumb\"},\"inLanguage\":\"en-US\",\"potentialAction\":[{\"@type\":\"ReadAction\",\"target\":[\"https:\/\/www.ntf.uni-lj.si\/ntf\/studij\/studijski-programi\/tekstilstvo\/\"]}]},{\"@type\":\"BreadcrumbList\",\"@id\":\"https:\/\/www.ntf.uni-lj.si\/ntf\/studij\/studijski-programi\/tekstilstvo\/#breadcrumb\",\"itemListElement\":[{\"@type\":\"ListItem\",\"position\":1,\"name\":\"Domov\",\"item\":\"https:\/\/www.ntf.uni-lj.si\/ntf\/\"},{\"@type\":\"ListItem\",\"position\":2,\"name\":\"\\u0160tudij\",\"item\":\"https:\/\/www.ntf.uni-lj.si\/ntf\/studij\/\"},{\"@type\":\"ListItem\",\"position\":3,\"name\":\"\\u0160tudijski programi\",\"item\":\"https:\/\/www.ntf.uni-lj.si\/ntf\/studij\/studijski-programi\/\"},{\"@type\":\"ListItem\",\"position\":4,\"name\":\"Tekstilstvo\"}]}]}<\/script>\n<!-- \/ Yoast SEO plugin. -->","yoast_head_json":{"robots":{"index":"index","follow":"follow","max-snippet":"max-snippet:-1","max-image-preview":"max-image-preview:large","max-video-preview":"max-video-preview:-1"},"canonical":"https:\/\/www.ntf.uni-lj.si\/ntf\/studij\/studijski-programi\/tekstilstvo\/","og_locale":"en_US","og_type":"article","og_title":"Tekstilstvo - NTF","og_description":"Prenovili smo \u0161tudijske programe tekstilstva na prvi in drugi stopnji, ki se pri\u010dnejo izvajati s \u0161tudijskim letom 2023\/24. Vabimo k ogledu prenovljenih predmetnikov in k vpisu \u0161tudija tekstilstva: Tekstilno in obla\u010dilno in\u017eenirstvo (VS), veljaven s 1. 10. 2023 Na\u010drtovanje tekstilij in obla\u010dil (UN), veljaven s 1. 10. 2023 Na\u010drtovanje tekstilij in obla\u010dil (MAG), veljaven s ... Read more","og_url":"https:\/\/www.ntf.uni-lj.si\/ntf\/studij\/studijski-programi\/tekstilstvo\/","og_site_name":"NTF","article_modified_time":"2023-02-03T12:17:46+00:00","twitter_misc":{"Est. reading time":"1 minute"},"schema":{"@context":"https:\/\/schema.org","@graph":[{"@type":"WebSite","@id":"https:\/\/www.ntf.uni-lj.si\/ntf\/#website","url":"https:\/\/www.ntf.uni-lj.si\/ntf\/","name":"NTF","description":"Naravoslovnotehni\u0161ka fakulteta","potentialAction":[{"@type":"SearchAction","target":{"@type":"EntryPoint","urlTemplate":"https:\/\/www.ntf.uni-lj.si\/ntf\/?s={search_term_string}"},"query-input":"required name=search_term_string"}],"inLanguage":"en-US"},{"@type":"WebPage","@id":"https:\/\/www.ntf.uni-lj.si\/ntf\/studij\/studijski-programi\/tekstilstvo\/#webpage","url":"https:\/\/www.ntf.uni-lj.si\/ntf\/studij\/studijski-programi\/tekstilstvo\/","name":"Tekstilstvo - NTF","isPartOf":{"@id":"https:\/\/www.ntf.uni-lj.si\/ntf\/#website"},"datePublished":"2015-05-21T07:46:01+00:00","dateModified":"2023-02-03T12:17:46+00:00","breadcrumb":{"@id":"https:\/\/www.ntf.uni-lj.si\/ntf\/studij\/studijski-programi\/tekstilstvo\/#breadcrumb"},"inLanguage":"en-US","potentialAction":[{"@type":"ReadAction","target":["https:\/\/www.ntf.uni-lj.si\/ntf\/studij\/studijski-programi\/tekstilstvo\/"]}]},{"@type":"BreadcrumbList","@id":"https:\/\/www.ntf.uni-lj.si\/ntf\/studij\/studijski-programi\/tekstilstvo\/#breadcrumb","itemListElement":[{"@type":"ListItem","position":1,"name":"Domov","item":"https:\/\/www.ntf.uni-lj.si\/ntf\/"},{"@type":"ListItem","position":2,"name":"\u0160tudij","item":"https:\/\/www.ntf.uni-lj.si\/ntf\/studij\/"},{"@type":"ListItem","position":3,"name":"\u0160tudijski programi","item":"https:\/\/www.ntf.uni-lj.si\/ntf\/studij\/studijski-programi\/"},{"@type":"ListItem","position":4,"name":"Tekstilstvo"}]}]}},"_links":{"self":[{"href":"https:\/\/www.ntf.uni-lj.si\/ntf\/wp-json\/wp\/v2\/pages\/2328"}],"collection":[{"href":"https:\/\/www.ntf.uni-lj.si\/ntf\/wp-json\/wp\/v2\/pages"}],"about":[{"href":"https:\/\/www.ntf.uni-lj.si\/ntf\/wp-json\/wp\/v2\/types\/page"}],"author":[{"embeddable":true,"href":"https:\/\/www.ntf.uni-lj.si\/ntf\/wp-json\/wp\/v2\/users\/15"}],"replies":[{"embeddable":true,"href":"https:\/\/www.ntf.uni-lj.si\/ntf\/wp-json\/wp\/v2\/comments?post=2328"}],"version-history":[{"count":5,"href":"https:\/\/www.ntf.uni-lj.si\/ntf\/wp-json\/wp\/v2\/pages\/2328\/revisions"}],"predecessor-version":[{"id":23439,"href":"https:\/\/www.ntf.uni-lj.si\/ntf\/wp-json\/wp\/v2\/pages\/2328\/revisions\/23439"}],"up":[{"embeddable":true,"href":"https:\/\/www.ntf.uni-lj.si\/ntf\/wp-json\/wp\/v2\/pages\/2230"}],"wp:attachment":[{"href":"https:\/\/www.ntf.uni-lj.si\/ntf\/wp-json\/wp\/v2\/media?parent=2328"}],"curies":[{"name":"wp","href":"https:\/\/api.w.org\/{rel}","templated":true}]}}