{"id":24290,"date":"2023-04-25T15:59:54","date_gmt":"2023-04-25T13:59:54","guid":{"rendered":"https:\/\/www.ntf.uni-lj.si\/ntf\/?page_id=24290"},"modified":"2025-04-08T13:44:13","modified_gmt":"2025-04-08T11:44:13","slug":"katalog-informacij-javnega-znacaja","status":"publish","type":"page","link":"https:\/\/www.ntf.uni-lj.si\/ntf\/o-fakulteti\/katalog-informacij-javnega-znacaja\/","title":{"rendered":"Katalog informacij javnega zna\u010daja"},"content":{"rendered":"<header>\n<h2>1. Osnovni podatki o katalogu<\/h2>\n<\/header>\n<p><strong>Naziv zavoda:<\/strong><br \/>\nUniverza v Ljubljani, Naravoslovnotehni\u0161ka fakulteta<br \/>\nA\u0161ker\u010deva cesta 12<br \/>\nSI-1000 Ljubljana<\/p>\n<p>Tel: 01\/20 03 200<br \/>\nFaks: 01\/20 03 270<br \/>\nE-po\u0161ta: <a href=\"mailto:info@ntf.uni-lj.si\">info@ntf.uni-lj.si<\/a><br \/>\nSpletna stran: <a href=\"https:\/\/www.ntf.uni-lj.si\">www.ntf.uni-lj.si<\/a><\/p>\n<p>Dav\u010dna \u0161tevilka: SI24405388<br \/>\nMati\u010dna \u0161tevilka: 1627074<br \/>\n\u0160ifra dejavnosti: 85.422<br \/>\nPodra\u010dun pri UJP:\u00a001100-6030708186<br \/>\nSWIFT\/BIC\u00a0BSLJSI2X<\/p>\n<p><strong>Odgovorna uradna oseba:<\/strong><br \/>\n<a href=\"https:\/\/www.ntf.uni-lj.si\/igt\/employee\/urska-stankovic\/\">prof. dr. Ur\u0161ka Stankovi\u0107 Elesini, dekanja<\/a><\/p>\n<p>Datum prve objave kataloga: 25. 4. 2023<br \/>\nDatum zadnje spremembe: 8. 4. 2025<\/p>\n<p>Katalog je dostopen na spletnem naslovu: <a href=\"https:\/\/www.ntf.uni-lj.si\/ntf\/o-fakulteti\/katalog-informacij-javnega-znacaja\/\">www.ntf.uni-lj.si\/ntf\/o-fakulteti\/katalog-informacij-javnega-znacaja\/<\/a><\/p>\n<p>&nbsp;<\/p>\n<h2>2. Splo\u0161ni podatki o zavodu in o informacijah javnega zna\u010daja s katerimi razpolaga<\/h2>\n","protected":false},"excerpt":{"rendered":"1. Osnovni podatki o katalogu Naziv zavoda: Univerza v Ljubljani, Naravoslovnotehni\u0161ka fakulteta A\u0161ker\u010deva cesta 12 SI-1000 Ljubljana Tel: 01\/20 03 200 Faks: 01\/20 03 270 E-po\u0161ta: info@ntf.uni-lj.si Spletna stran: www.ntf.uni-lj.si Dav\u010dna \u0161tevilka: SI24405388 Mati\u010dna \u0161tevilka: 1627074 \u0160ifra dejavnosti: 85.422 Podra\u010dun pri UJP:\u00a001100-6030708186 SWIFT\/BIC\u00a0BSLJSI2X Odgovorna uradna oseba: prof. dr. Ur\u0161ka Stankovi\u0107 Elesini, dekanja Datum prve objave &#8230; <a class=\"view-article\" href=\"https:\/\/www.ntf.uni-lj.si\/ntf\/o-fakulteti\/katalog-informacij-javnega-znacaja\/\">Read more<\/a>","protected":false},"author":21,"featured_media":0,"parent":1900,"menu_order":171,"comment_status":"closed","ping_status":"closed","template":"","meta":[],"acf":[],"yoast_head":"<!-- This site is optimized with the Yoast SEO plugin v17.0 - https:\/\/yoast.com\/wordpress\/plugins\/seo\/ -->\n<meta name=\"robots\" content=\"index, follow, max-snippet:-1, max-image-preview:large, max-video-preview:-1\" \/>\n<link rel=\"canonical\" href=\"https:\/\/www.ntf.uni-lj.si\/ntf\/o-fakulteti\/katalog-informacij-javnega-znacaja\/\" \/>\n<meta property=\"og:locale\" content=\"en_US\" \/>\n<meta property=\"og:type\" content=\"article\" \/>\n<meta property=\"og:title\" content=\"Katalog informacij javnega zna\u010daja - NTF\" \/>\n<meta property=\"og:description\" content=\"1. Osnovni podatki o katalogu Naziv zavoda: Univerza v Ljubljani, Naravoslovnotehni\u0161ka fakulteta A\u0161ker\u010deva cesta 12 SI-1000 Ljubljana Tel: 01\/20 03 200 Faks: 01\/20 03 270 E-po\u0161ta: info@ntf.uni-lj.si Spletna stran: www.ntf.uni-lj.si Dav\u010dna \u0161tevilka: SI24405388 Mati\u010dna \u0161tevilka: 1627074 \u0160ifra dejavnosti: 85.422 Podra\u010dun pri UJP:\u00a001100-6030708186 SWIFT\/BIC\u00a0BSLJSI2X Odgovorna uradna oseba: prof. dr. Ur\u0161ka Stankovi\u0107 Elesini, dekanja Datum prve objave ... Read more\" \/>\n<meta property=\"og:url\" content=\"https:\/\/www.ntf.uni-lj.si\/ntf\/o-fakulteti\/katalog-informacij-javnega-znacaja\/\" \/>\n<meta property=\"og:site_name\" content=\"NTF\" \/>\n<meta property=\"article:modified_time\" content=\"2025-04-08T11:44:13+00:00\" \/>\n<meta property=\"og:image\" content=\"https:\/\/www.ntf.uni-lj.si\/ntf\/wp-content\/uploads\/sites\/2\/2023\/04\/Organigram1_organizcijska-enota-UL-NTF-1024x667.jpg\" \/>\n<script type=\"application\/ld+json\" class=\"yoast-schema-graph\">{\"@context\":\"https:\/\/schema.org\",\"@graph\":[{\"@type\":\"WebSite\",\"@id\":\"https:\/\/www.ntf.uni-lj.si\/ntf\/#website\",\"url\":\"https:\/\/www.ntf.uni-lj.si\/ntf\/\",\"name\":\"NTF\",\"description\":\"Naravoslovnotehni\\u0161ka fakulteta\",\"potentialAction\":[{\"@type\":\"SearchAction\",\"target\":{\"@type\":\"EntryPoint\",\"urlTemplate\":\"https:\/\/www.ntf.uni-lj.si\/ntf\/?s={search_term_string}\"},\"query-input\":\"required name=search_term_string\"}],\"inLanguage\":\"en-US\"},{\"@type\":\"WebPage\",\"@id\":\"https:\/\/www.ntf.uni-lj.si\/ntf\/o-fakulteti\/katalog-informacij-javnega-znacaja\/#webpage\",\"url\":\"https:\/\/www.ntf.uni-lj.si\/ntf\/o-fakulteti\/katalog-informacij-javnega-znacaja\/\",\"name\":\"Katalog informacij javnega zna\\u010daja - NTF\",\"isPartOf\":{\"@id\":\"https:\/\/www.ntf.uni-lj.si\/ntf\/#website\"},\"datePublished\":\"2023-04-25T13:59:54+00:00\",\"dateModified\":\"2025-04-08T11:44:13+00:00\",\"breadcrumb\":{\"@id\":\"https:\/\/www.ntf.uni-lj.si\/ntf\/o-fakulteti\/katalog-informacij-javnega-znacaja\/#breadcrumb\"},\"inLanguage\":\"en-US\",\"potentialAction\":[{\"@type\":\"ReadAction\",\"target\":[\"https:\/\/www.ntf.uni-lj.si\/ntf\/o-fakulteti\/katalog-informacij-javnega-znacaja\/\"]}]},{\"@type\":\"BreadcrumbList\",\"@id\":\"https:\/\/www.ntf.uni-lj.si\/ntf\/o-fakulteti\/katalog-informacij-javnega-znacaja\/#breadcrumb\",\"itemListElement\":[{\"@type\":\"ListItem\",\"position\":1,\"name\":\"Domov\",\"item\":\"https:\/\/www.ntf.uni-lj.si\/ntf\/\"},{\"@type\":\"ListItem\",\"position\":2,\"name\":\"O fakulteti\",\"item\":\"https:\/\/www.ntf.uni-lj.si\/ntf\/o-fakulteti\/\"},{\"@type\":\"ListItem\",\"position\":3,\"name\":\"Katalog informacij javnega zna\\u010daja\"}]}]}<\/script>\n<!-- \/ Yoast SEO plugin. -->","yoast_head_json":{"robots":{"index":"index","follow":"follow","max-snippet":"max-snippet:-1","max-image-preview":"max-image-preview:large","max-video-preview":"max-video-preview:-1"},"canonical":"https:\/\/www.ntf.uni-lj.si\/ntf\/o-fakulteti\/katalog-informacij-javnega-znacaja\/","og_locale":"en_US","og_type":"article","og_title":"Katalog informacij javnega zna\u010daja - NTF","og_description":"1. Osnovni podatki o katalogu Naziv zavoda: Univerza v Ljubljani, Naravoslovnotehni\u0161ka fakulteta A\u0161ker\u010deva cesta 12 SI-1000 Ljubljana Tel: 01\/20 03 200 Faks: 01\/20 03 270 E-po\u0161ta: info@ntf.uni-lj.si Spletna stran: www.ntf.uni-lj.si Dav\u010dna \u0161tevilka: SI24405388 Mati\u010dna \u0161tevilka: 1627074 \u0160ifra dejavnosti: 85.422 Podra\u010dun pri UJP:\u00a001100-6030708186 SWIFT\/BIC\u00a0BSLJSI2X Odgovorna uradna oseba: prof. dr. Ur\u0161ka Stankovi\u0107 Elesini, dekanja Datum prve objave ... Read more","og_url":"https:\/\/www.ntf.uni-lj.si\/ntf\/o-fakulteti\/katalog-informacij-javnega-znacaja\/","og_site_name":"NTF","article_modified_time":"2025-04-08T11:44:13+00:00","og_image":[{"url":"https:\/\/www.ntf.uni-lj.si\/ntf\/wp-content\/uploads\/sites\/2\/2023\/04\/Organigram1_organizcijska-enota-UL-NTF-1024x667.jpg"}],"schema":{"@context":"https:\/\/schema.org","@graph":[{"@type":"WebSite","@id":"https:\/\/www.ntf.uni-lj.si\/ntf\/#website","url":"https:\/\/www.ntf.uni-lj.si\/ntf\/","name":"NTF","description":"Naravoslovnotehni\u0161ka fakulteta","potentialAction":[{"@type":"SearchAction","target":{"@type":"EntryPoint","urlTemplate":"https:\/\/www.ntf.uni-lj.si\/ntf\/?s={search_term_string}"},"query-input":"required name=search_term_string"}],"inLanguage":"en-US"},{"@type":"WebPage","@id":"https:\/\/www.ntf.uni-lj.si\/ntf\/o-fakulteti\/katalog-informacij-javnega-znacaja\/#webpage","url":"https:\/\/www.ntf.uni-lj.si\/ntf\/o-fakulteti\/katalog-informacij-javnega-znacaja\/","name":"Katalog informacij javnega zna\u010daja - NTF","isPartOf":{"@id":"https:\/\/www.ntf.uni-lj.si\/ntf\/#website"},"datePublished":"2023-04-25T13:59:54+00:00","dateModified":"2025-04-08T11:44:13+00:00","breadcrumb":{"@id":"https:\/\/www.ntf.uni-lj.si\/ntf\/o-fakulteti\/katalog-informacij-javnega-znacaja\/#breadcrumb"},"inLanguage":"en-US","potentialAction":[{"@type":"ReadAction","target":["https:\/\/www.ntf.uni-lj.si\/ntf\/o-fakulteti\/katalog-informacij-javnega-znacaja\/"]}]},{"@type":"BreadcrumbList","@id":"https:\/\/www.ntf.uni-lj.si\/ntf\/o-fakulteti\/katalog-informacij-javnega-znacaja\/#breadcrumb","itemListElement":[{"@type":"ListItem","position":1,"name":"Domov","item":"https:\/\/www.ntf.uni-lj.si\/ntf\/"},{"@type":"ListItem","position":2,"name":"O fakulteti","item":"https:\/\/www.ntf.uni-lj.si\/ntf\/o-fakulteti\/"},{"@type":"ListItem","position":3,"name":"Katalog informacij javnega zna\u010daja"}]}]}},"_links":{"self":[{"href":"https:\/\/www.ntf.uni-lj.si\/ntf\/wp-json\/wp\/v2\/pages\/24290"}],"collection":[{"href":"https:\/\/www.ntf.uni-lj.si\/ntf\/wp-json\/wp\/v2\/pages"}],"about":[{"href":"https:\/\/www.ntf.uni-lj.si\/ntf\/wp-json\/wp\/v2\/types\/page"}],"author":[{"embeddable":true,"href":"https:\/\/www.ntf.uni-lj.si\/ntf\/wp-json\/wp\/v2\/users\/21"}],"replies":[{"embeddable":true,"href":"https:\/\/www.ntf.uni-lj.si\/ntf\/wp-json\/wp\/v2\/comments?post=24290"}],"version-history":[{"count":26,"href":"https:\/\/www.ntf.uni-lj.si\/ntf\/wp-json\/wp\/v2\/pages\/24290\/revisions"}],"predecessor-version":[{"id":30047,"href":"https:\/\/www.ntf.uni-lj.si\/ntf\/wp-json\/wp\/v2\/pages\/24290\/revisions\/30047"}],"up":[{"embeddable":true,"href":"https:\/\/www.ntf.uni-lj.si\/ntf\/wp-json\/wp\/v2\/pages\/1900"}],"wp:attachment":[{"href":"https:\/\/www.ntf.uni-lj.si\/ntf\/wp-json\/wp\/v2\/media?parent=24290"}],"curies":[{"name":"wp","href":"https:\/\/api.w.org\/{rel}","templated":true}]}}